{"id":899,"date":"2025-02-25T19:44:49","date_gmt":"2025-02-25T19:44:49","guid":{"rendered":"https:\/\/cesustasti.lv\/?post_type=product&#038;p=899"},"modified":"2025-05-07T10:27:57","modified_gmt":"2025-05-07T10:27:57","slug":"kristine-apkalne","status":"publish","type":"product","link":"https:\/\/cesustasti.lv\/en\/visi-stasti\/kristine-apkalne\/","title":{"rendered":"Krist\u012bne Apkalne"},"content":{"rendered":"<div class=\"wpb-content-wrapper\"><p>[vc_row][vc_column][vc_btn title=&#8221;Klaus\u012bties st\u0101stu!&#8221; color=&#8221;orange&#8221; align=&#8221;left&#8221; i_icon_fontawesome=&#8221;fa fa-solid fa-headphones-simple&#8221; css=&#8221;&#8221; add_icon=&#8221;true&#8221; link=&#8221;url:https%3A%2F%2Fcesustasti.lv%2Fwp-content%2Fuploads%2F2025%2F05%2FKristine-Apkalne-audio.mp3&#8243;][\/vc_column][\/vc_row][vc_row][vc_column]\t\t<div id=\"wd-6800c36c6a20d\" class=\"wd-text-block wd-wpb reset-last-child wd-rs-6800c36c6a20d text-left \">\n\t\t\t<p>Krist\u012bne Apkalne (1880-1925) bija iev\u0113rojama latvie\u0161u izgl\u012bt\u012bbas darbiniece, kuras v\u0101rds cie\u0161i saist\u012bts ar C\u0113su un Vidzemes re\u0123iona izgl\u012bt\u012bbas v\u0113sturi. Dzimusi 1880. gada 31. mart\u0101 B\u0113rzaunes pagasta Abrienu m\u0101j\u0101s k\u0101 saimnieka meita, vi\u0146a jau agr\u0101 jaun\u012bb\u0101 izr\u0101d\u012bja tieksmi p\u0113c zin\u0101\u0161an\u0101m. P\u0113c pirmm\u0101c\u012bbas vec\u0101ku m\u0101j\u0101s un Liezeres draudzes skol\u0101, Krist\u012bne izgl\u012bt\u012bbu turpin\u0101ja Ludmilas Tailovas priv\u0101taj\u0101 \u0123imn\u0101zij\u0101 R\u012bg\u0101, ieg\u016bstot labu pamatu savam n\u0101kamajam darbam.<\/p>\n<p>Savu pedago\u0123isko karjeru Krist\u012bne Apkalne uzs\u0101ka 1900. gad\u0101 Cesvain\u0113, kur vi\u0146a nodibin\u0101ja un vad\u012bja II \u0161\u0137iras meite\u0146u skolu, kas bija pirm\u0101 t\u0101da tipa skola lauku apvid\u016b. \u0160\u012b skola k\u013cuva par savdab\u012bgu \u0123imeniskas kop\u012bbas paraugmodeli, kur priek\u0161niece un skolnieces dz\u012bvoja k\u0101 viena \u0123imene. Jau \u0161eit s\u0101ka izveidoties un nobriest Krist\u012bnes Apkalnes iedzimtais pedago\u0123iskais talants.<br \/>\n1907. gada august\u0101 Krist\u012bne Apkalne p\u0101rc\u0113l\u0101s uz C\u0113s\u012bm, kur nodibin\u0101ja priv\u0101tu pilnties\u012bgu sievie\u0161u \u0123imn\u0101ziju, kas ieguva pla\u0161u atzin\u012bbu. \u0122imn\u0101zija tika izvietota speci\u0101li \u0161im nol\u016bkam izb\u016bv\u0113t\u0101 \u0113k\u0101 Raunas iel\u0101 7. C\u0113su sabiedr\u012bba akt\u012bvi atbalst\u012bja \u0161o iniciat\u012bvu, ziedojot l\u012bdzek\u013cus \u0123imn\u0101zijas invent\u0101ram un m\u0101c\u012bbu l\u012bdzek\u013ciem. Ar\u012b pati Krist\u012bne Apkalne pielika visas p\u016bles, lai nodro\u0161in\u0101tu \u0123imn\u0101zijai modernu materi\u0101lo b\u0101zi ar jaun\u0101m skolas m\u0113bel\u0113m un pietiekamu m\u0101c\u012bbu l\u012bdzek\u013cu kl\u0101stu.<\/p>\n<p>Krist\u012bnes Apkalnes vad\u012bt\u0101 \u0123imn\u0101zija darboj\u0101s latvisk\u0101 gar\u0101, un taj\u0101 vald\u012bja sirsn\u012bga r\u016bp\u012bba un m\u012blest\u012bbas pilna stingr\u012bba. T\u0101 sniedza vispus\u012bgu izgl\u012bt\u012bbu daudz\u0101m Vidzemes jaunav\u0101m, no kur\u0101m v\u0113l\u0101k daudzi simti k\u013cuva par skolot\u0101j\u0101m Latvijas pamatskol\u0101s. Visas Apkalnes \u0123imn\u0101zijas absolventes raksturoja \u012bpa\u0161a gar\u012bg\u0101 skaidr\u012bba un pien\u0101kumu apzi\u0146a \u2013 mantojums no savas skolas un t\u0101s iedvesmojo\u0161\u0101s priek\u0161nieces.<\/p>\n<p>Pirm\u0101 pasaules kara laik\u0101, kad skolu iek\u0101rta s\u0101ka brukt l\u012bdz ar cit\u0101m sabiedr\u012bbas instit\u016bcij\u0101m, Krist\u012bne Apkalne 1916. gad\u0101 atst\u0101ja \u0123imn\u0101zijas priek\u0161nieces amatu, juzdama, ka savu misiju skolas lauk\u0101 ir paveikusi. P\u0113c Latvijas valsts nodibin\u0101\u0161anas, 1919. gad\u0101, vi\u0146a uzs\u0101ka darbu Latvijas Republikas Izgl\u012bt\u012bbas ministrij\u0101, s\u0101kum\u0101 k\u0101 re\u0123istratore, bet no 1920. gada \u2013 k\u0101 Skolu departamenta vidusskolas noda\u013cas darbvede.<\/p>\n<p>Krist\u012bnes Apkalnes dz\u012bve tra\u0123iski apr\u0101v\u0101s 1925. gada 26. august\u0101, kad vi\u0146a g\u0101ja boj\u0101 nelaimes gad\u012bjum\u0101 R\u012bg\u0101, iekr\u012btot pagrab\u0101 un p\u0101rsitot galvu. Vi\u0146a tika apbed\u012bta C\u0113su Lejas kapos. 1929. gada 12. maij\u0101 pateic\u012bg\u0101s biju\u0161\u0101s audz\u0113knes uzst\u0101d\u012bja vi\u0146ai pieminekli ar norv\u0113\u0123u rakstnieka Ibsena v\u0101rdiem: \u201cPaldies tev par tavu m\u016b\u017eu, par sirsn\u012bbu b\u0113rndien\u0101s.\u201d<\/p>\n<p><em>Avots: <a href=\"https:\/\/garamantas.lv\/lv\/person\/1550678\">https:\/\/garamantas.lv<\/a><\/em><\/p>\n\t\t<\/div>\n\t\t[\/vc_column][\/vc_row]<\/p>\n<\/div>","protected":false},"excerpt":{"rendered":"<p>Krist\u012bnes Apkalnes \u0123imn\u0101zija k\u013cuva par noz\u012bm\u012bgu izgl\u012bt\u012bbas centru, kas kop\u0101 ar K. Millera vad\u012bto z\u0113nu re\u0101lskolu veicin\u0101ja C\u0113su k\u0101 izgl\u012bt\u012bbas pils\u0113tas att\u012bst\u012bbu. Interesanti, ka vi\u0146as \u0123imn\u0101zijas audz\u0113knes, \u010detrus gadus p\u0113c vi\u0146as n\u0101ves, organiz\u0113ja l\u012bdzek\u013cu v\u0101k\u0161anu un pieminek\u013ca uzst\u0101d\u012b\u0161anu.<\/p>\n<h3><strong>Fakti<\/strong><\/h3>\n<ul>\n<li>1880. gada 31. marts: Krist\u012bne Apkalne piedzimst B\u0113rzaunes pagasta Abrienu m\u0101j\u0101s.<\/li>\n<li>1900. gads: P\u0113c Tailovas sievie\u0161u \u0123imn\u0101zijas beig\u0161anas R\u012bg\u0101 atver un s\u0101k vad\u012bt II \u0161\u0137iras meite\u0146u skolu Cesvain\u0113.<\/li>\n<li>1907. gada augusts: Atver priv\u0101tu pilnties\u012bgu sievie\u0161u \u0123imn\u0101ziju C\u0113s\u012bs, Raunas iel\u0101 7 un ir t\u0101s vad\u012bt\u0101ja.<\/li>\n<li>1916. gads: Atst\u0101j \u0123imn\u0101zijas vad\u012bt\u0101jas amatu.<\/li>\n<li>1916.-1918. gads: Dz\u012bvo pie br\u0101\u013ca, C\u0113su draudzes m\u0101c\u012bt\u0101ja, un vec\u0101ku m\u0101j\u0101s.<\/li>\n<li>1919. gads: S\u0101k str\u0101d\u0101t Latvijas Republikas Izgl\u012bt\u012bbas ministrijas Skolu departament\u0101 par re\u0123istratori.<\/li>\n<li>1920.-1925. gads: Str\u0101d\u0101 par darbvedi Skolu departamenta vidusskolas noda\u013c\u0101.<\/li>\n<li>1925. gada 26. augusts: Krist\u012bne Apkalne tra\u0123iski iet boj\u0101 nelaimes gad\u012bjum\u0101 R\u012bg\u0101, Bru\u0146inieku iel\u0101 5.<\/li>\n<li>1925. gada 1. septembris: Apbed\u012bta C\u0113su Lejas kapos.<\/li>\n<li>1929. gada 12. maijs: C\u0113su Lejas kapos iesv\u0113t\u012bts biju\u0161o audz\u0113k\u0146u finans\u0113tais piemineklis Krist\u012bnei Apkalnei.<\/li>\n<\/ul>\n","protected":false},"featured_media":900,"template":"","meta":[],"product_brand":[],"product_cat":[134],"product_tag":[135,136,71,137],"class_list":{"0":"post-899","1":"product","2":"type-product","3":"status-publish","4":"has-post-thumbnail","6":"product_cat-cilveki","7":"product_tag-cilveki","8":"product_tag-izglitiba","9":"product_tag-skola","10":"product_tag-skolotaja","12":"first","13":"instock","14":"shipping-taxable","15":"product-type-simple"},"jetpack_sharing_enabled":true,"_links":{"self":[{"href":"https:\/\/cesustasti.lv\/en\/wp-json\/wp\/v2\/product\/899","targetHints":{"allow":["GET"]}}],"collection":[{"href":"https:\/\/cesustasti.lv\/en\/wp-json\/wp\/v2\/product"}],"about":[{"href":"https:\/\/cesustasti.lv\/en\/wp-json\/wp\/v2\/types\/product"}],"wp:featuredmedia":[{"embeddable":true,"href":"https:\/\/cesustasti.lv\/en\/wp-json\/wp\/v2\/media\/900"}],"wp:attachment":[{"href":"https:\/\/cesustasti.lv\/en\/wp-json\/wp\/v2\/media?parent=899"}],"wp:term":[{"taxonomy":"product_brand","embeddable":true,"href":"https:\/\/cesustasti.lv\/en\/wp-json\/wp\/v2\/product_brand?post=899"},{"taxonomy":"product_cat","embeddable":true,"href":"https:\/\/cesustasti.lv\/en\/wp-json\/wp\/v2\/product_cat?post=899"},{"taxonomy":"product_tag","embeddable":true,"href":"https:\/\/cesustasti.lv\/en\/wp-json\/wp\/v2\/product_tag?post=899"}],"curies":[{"name":"wp","href":"https:\/\/api.w.org\/{rel}","templated":true}]}}