{"id":871,"date":"2025-02-22T17:51:28","date_gmt":"2025-02-22T17:51:28","guid":{"rendered":"https:\/\/cesustasti.lv\/?post_type=product&#038;p=871"},"modified":"2025-04-17T08:59:39","modified_gmt":"2025-04-17T08:59:39","slug":"karlis-andersons","status":"publish","type":"product","link":"https:\/\/cesustasti.lv\/en\/visi-stasti\/karlis-andersons\/","title":{"rendered":"K\u0101rlis Andersons"},"content":{"rendered":"<div class=\"wpb-content-wrapper\"><p>[vc_row][vc_column]\t\t<div id=\"wd-6800c2bb9f819\" class=\"wd-text-block wd-wpb reset-last-child wd-rs-6800c2bb9f819 text-left \">\n\t\t\t<p>K\u0101rlis Andersons (1844-1912) ir viens no izcil\u0101kajiem Latvijas kult\u016bras v\u0113stur\u0113, jo vi\u0146\u0161 ir pirmais profesion\u0101lais latvie\u0161u fotogr\u0101fs, kura talants un darbs iev\u0113rojami ietekm\u0113ja latvie\u0161u fotogr\u0101fijas att\u012bst\u012bbu. Dzimis zemnieku \u0123imen\u0113 Dz\u0113rbenes-N\u0113\u0137ena mui\u017eas \u201cUrbi\u0146os\u201d, vi\u0146\u0161 jau no agras jaun\u012bbas izr\u0101d\u012bja iev\u0113rojamu talantu z\u012bm\u0113\u0161an\u0101, kas v\u0113l\u0101k noveda pie vi\u0146a izv\u0113les sekot m\u0101kslas ce\u013cam.<\/p>\n<p>Izgl\u012bt\u012bbu Andersons ieguva presti\u017eaj\u0101 J\u0101\u0146a Cimzes Vidzemes skolot\u0101ju semin\u0101r\u0101 Valk\u0101, kuru vi\u0146\u0161 absolv\u0113ja 1868. gad\u0101. Semin\u0101r\u0101 apg\u016bt\u0101 muzik\u0101l\u0101 izgl\u012bt\u012bba vi\u0146u v\u0113l\u0101k virz\u012bja uz kora diri\u0123enta karjeru, vadot Valmieras dzied\u0101\u0161anas biedr\u012bbas \u201cDziesmu rota\u201d kori un piedaloties Pirmajos Visp\u0101r\u0113jos latvie\u0161u dziesmu sv\u0113tkos k\u0101 pirmais tenors. V\u0113l\u0101k vi\u0146\u0161 k\u013cuva ar\u012b par C\u0113su Labdar\u012bbas biedr\u012bbas kora diri\u0123entu.<\/p>\n<p>P\u0113c desmit gadiem, pavad\u012btiem skolot\u0101ja amat\u0101 Koc\u0113nu pagastskol\u0101, Andersons pie\u0146\u0113ma iz\u0161\u0137iro\u0161u l\u0113mumu, kas main\u012bja vi\u0146a dz\u012bvi un Latvijas fotogr\u0101fijas v\u0113sturi. 1879. gad\u0101 vi\u0146\u0161 atv\u0113ra pirmo fotosalonu, bet dr\u012bz dev\u0101s uz V\u0101ciju, lai apg\u016btu jaun\u0101k\u0101s fotogr\u0101fijas tehnolo\u0123ijas. Atgriezies, vi\u0146\u0161 1880. gad\u0101 atv\u0113ra fotosalonu C\u0113s\u012bs, Va\u013c\u0146u iel\u0101, kas strauji ieguva popularit\u0101ti. Gadu v\u0113l\u0101k vi\u0146\u0161 ieg\u0101d\u0101j\u0101s Lielaj\u0101 Kal\u0113ju iel\u0101 5 eso\u0161u \u012bpa\u0161umu un izveidoja modernu fotosalonu ar augstv\u0113rt\u012bgu tehnisko apr\u012bkojumu.<\/p>\n<p>Vi\u0146a darbi izpeln\u012bj\u0101s pla\u0161u atzin\u012bbu un tika apbalvoti gan Latvij\u0101, gan \u0101rvalst\u012bs, tostarp 1896. gad\u0101 Maskav\u0101 un 1901. gad\u0101 R\u012bg\u0101. Vi\u0146\u0161 ne tikai fotograf\u0113ja portretus salon\u0101, bet ar\u012b dev\u0101s izbraukumos, dokument\u0113jot viet\u0113jo lauku dz\u012bvi un mui\u017eas \u0113kas, \u012bpa\u0161i Raiskuma apk\u0101rtn\u0113.<\/p>\n<p>P\u0113d\u0113jos dz\u012bves gados Andersons iz\u012br\u0113ja savu darbn\u012bcu citiem fotogr\u0101fiem, saglab\u0101jot z\u012bmolu \u201cK. Andersona fotogr\u0101fija C\u0113s\u012bs\u201d, kas turpin\u0101ja past\u0101v\u0113t v\u0113l gandr\u012bz 25 gadus p\u0113c vi\u0146a n\u0101ves.<\/p>\n<p><em>Avots: <a href=\"https:\/\/www.historia.lv\/raksts\/pumpurins-talis-vigo-karlis-andersons-no-skolotaja-un-kordirigenta-lidz-pirmajam-diplometajam\">https:\/\/www.historia.lv &#8220;Pumpuri\u0146\u0161, T\u0101lis Vigo. K\u0101rlis Andersons: no skolot\u0101ja un kordiri\u0123enta l\u012bdz pirmajam diplom\u0113tajam latvie\u0161u fotogr\u0101fam. Liesma, Valmierietis (25.05.2022, 29.06.2022)&#8221;<\/a><\/em><\/p>\n\t\t<\/div>\n\t\t[\/vc_column][\/vc_row]<\/p>\n<\/div>","protected":false},"excerpt":{"rendered":"<p>K\u0101rlis Andersons bija ne tikai izcils fotogr\u0101fs, bet ar\u012b pirm\u0101s latvie\u0161u valod\u0101 izdot\u0101s fotogr\u0101fijas rokasgr\u0101matas autors. Vi\u0146a \u201cRetu\u0161a fotogr\u0101fij\u0101\u201d (1910) sniedza padomus un tehniku, kas pal\u012bdz\u0113ja citiem fotogr\u0101fiem uzlabot savas prasmes un darba kvalit\u0101ti, t\u0101d\u0113j\u0101di ietekm\u0113jot Latvijas fotogr\u0101fijas att\u012bst\u012bbu.<\/p>\n<p>Andersona fotograf\u0113\u0161anas studija turpin\u0101ja darboties ar\u012b p\u0113c vi\u0146a n\u0101ves. Vi\u0146a sieva Nat\u0101lija Andersone, uz\u0146\u0113m\u012bgi vadot darbn\u012bcu, saglab\u0101ja un att\u012bst\u012bja z\u012bmolu \u201cK. Andersona fotogr\u0101fija C\u0113s\u012bs\u201d v\u0113l gandr\u012bz 25 gadus p\u0113c vi\u0146a n\u0101ves.<\/p>\n<h3><strong>Fakti<\/strong><\/h3>\n<ul>\n<li>1844.gads: Dzimis 3. decembr\u012b Dz\u0113rbenes-N\u0113\u0137ena mui\u017eas &#8220;Urbi\u0146os&#8221;.<\/li>\n<li>1868.gads: Beidz Cimzes semin\u0101ru Valk\u0101.<\/li>\n<li>1970.gads: S\u0101k darbu par skolot\u0101ju Koc\u0113nu pagastskol\u0101.<\/li>\n<li>1873.gads: Piedal\u0101s Pirmajos Visp\u0101r\u012bgos latvie\u0161u dziesmu sv\u0113tkos.<\/li>\n<li>1879.gads: Atver pirmo fotosalonu Koc\u0113nu pagastskol\u0101.<\/li>\n<li>1880.gads: Atver fotosalonu C\u0113s\u012bs, Va\u013c\u0146u iel\u0101.<\/li>\n<li>1887.gads: Ieg\u0101d\u0101jas \u012bpa\u0161umu Lielaj\u0101 Kal\u0113ju iel\u0101 5 un ier\u012bko tur jaunu fotosalonu.<\/li>\n<li>1906.gads: Apprecas ar Nat\u0101liju Gr\u016bbi.<\/li>\n<li>1910.gads: Izdod rokasgr\u0101matu &#8220;Retu\u0161a fotogr\u0101fij\u0101&#8221;.<\/li>\n<\/ul>\n<ul>\n<li>1912.gads: Mirst 11. febru\u0101r\u012b C\u0113s\u012bs, apglab\u0101ts C\u0113su v\u0101cu kapos.<\/li>\n<\/ul>\n","protected":false},"featured_media":873,"template":"","meta":[],"product_brand":[],"product_cat":[134],"product_tag":[135,85],"class_list":{"0":"post-871","1":"product","2":"type-product","3":"status-publish","4":"has-post-thumbnail","6":"product_cat-cilveki","7":"product_tag-cilveki","8":"product_tag-foto","10":"first","11":"instock","12":"shipping-taxable","13":"product-type-simple"},"jetpack_sharing_enabled":true,"_links":{"self":[{"href":"https:\/\/cesustasti.lv\/en\/wp-json\/wp\/v2\/product\/871","targetHints":{"allow":["GET"]}}],"collection":[{"href":"https:\/\/cesustasti.lv\/en\/wp-json\/wp\/v2\/product"}],"about":[{"href":"https:\/\/cesustasti.lv\/en\/wp-json\/wp\/v2\/types\/product"}],"wp:featuredmedia":[{"embeddable":true,"href":"https:\/\/cesustasti.lv\/en\/wp-json\/wp\/v2\/media\/873"}],"wp:attachment":[{"href":"https:\/\/cesustasti.lv\/en\/wp-json\/wp\/v2\/media?parent=871"}],"wp:term":[{"taxonomy":"product_brand","embeddable":true,"href":"https:\/\/cesustasti.lv\/en\/wp-json\/wp\/v2\/product_brand?post=871"},{"taxonomy":"product_cat","embeddable":true,"href":"https:\/\/cesustasti.lv\/en\/wp-json\/wp\/v2\/product_cat?post=871"},{"taxonomy":"product_tag","embeddable":true,"href":"https:\/\/cesustasti.lv\/en\/wp-json\/wp\/v2\/product_tag?post=871"}],"curies":[{"name":"wp","href":"https:\/\/api.w.org\/{rel}","templated":true}]}}