{"id":870,"date":"2025-02-19T21:58:52","date_gmt":"2025-02-19T21:58:52","guid":{"rendered":"https:\/\/cesustasti.lv\/?post_type=product&#038;p=870"},"modified":"2025-08-10T17:33:30","modified_gmt":"2025-08-10T17:33:30","slug":"bidenrota-nams","status":"publish","type":"product","link":"https:\/\/cesustasti.lv\/en\/visi-stasti\/bidenrota-nams\/","title":{"rendered":"B\u012bdenrota nams"},"content":{"rendered":"<div class=\"wpb-content-wrapper\"><p>[vc_row][vc_column width=&#8221;7\/12&#8243;]\t\t<div id=\"wd-6800c24100100\" class=\"wd-text-block wd-wpb reset-last-child wd-rs-6800c24100100 text-left \">\n\t\t\t<p>\u0160is v\u0113sturiskais nams, kas atrodas Lielaj\u0101 Katr\u012bnas iel\u0101 19, glab\u0101 sev\u012b bag\u0101t\u012bgu st\u0101stu par C\u0113su amatnieku dz\u012bvi un pils\u0113tas att\u012bst\u012bbu. Celts 19. gadsimta s\u0101kum\u0101, tas s\u0101kotn\u0113ji bijis vienk\u0101r\u0161a, neliela vienst\u0101va m\u0101ji\u0146a, bet laika gait\u0101 izaudzis par iev\u0113rojamu \u0113ku. Nama pamatiem izmantoti dolom\u012bta akme\u0146i no pils\u0113tas m\u016bra, kas atradies tepat net\u0101lu pie Katr\u012bnas v\u0101rtiem \u2013 t\u0101 ir k\u0101 simboliska saikne ar pils\u0113tas v\u0113sturisko aizsardz\u012bbas sist\u0113mu.<\/p>\n<p>Nams ieguvis savu nosaukumu no bazn\u012bcas galdnieka Vilhelma Ferdinanda B\u012bdenrota, kur\u0161 to ieg\u0101d\u0101j\u0101s 1845. gad\u0101. Meistara B\u012bdenrota slaven\u0101kais veikums ir iespaid\u012bgais C\u0113su Sv. J\u0101\u0146a bazn\u012bcas alt\u0101ris, kas tapis 1858. gad\u0101 un par kuru vi\u0146\u0161 sa\u0146\u0113mis iev\u0113rojamu atl\u012bdz\u012bbu \u2013 2400 sudraba rub\u013cus. Augot meistara roc\u012bbai un \u0123imenei k\u013c\u016bstot kupl\u0101kai, 1867. gad\u0101 vi\u0146\u0161 pieb\u016bv\u0113ja v\u0113l vienu \u0113kas da\u013cu, izveidojot neparast\u0101s formas namu, kur iek\u0161\u0113j\u0101s sienas veidotas no divu atsevi\u0161\u0137u m\u0101ju \u0101rsien\u0101m.<\/p>\n<p>Interesanti, ka pirms nama uzcel\u0161anas \u0161aj\u0101 viet\u0101 bijis aug\u013cu d\u0101rzs, kas pieder\u0113jis cepurniekam Johanam \u0100damam Drallam. \u0160is fakts atg\u0101dina, ka Liel\u0101 Katr\u012bnas iela, kas k\u0101dreiz bijusi viena no galvenaj\u0101m C\u0113su pils\u0113ti\u0146as iel\u0101m, ir piedz\u012bvojusi da\u017e\u0101dus att\u012bst\u012bbas posmus \u2013 no aug\u013cu d\u0101rziem l\u012bdz amatnieku m\u0101j\u0101m.<\/p>\n<p><em>Avots:<\/em><br \/>\n<em>Krist\u012bne Timermane-Mal\u0113ja, <a href=\"https:\/\/cesumajustasti.blogspot.com\/\">Projekts \u201cVecpils\u0113tas m\u0101ju st\u0101sti\u201d<\/a><\/em><\/p>\n\t\t<\/div>\n\t\t[\/vc_column][vc_column width=&#8221;5\/12&#8243;]\t\t<div class=\"wd-osm-map-container wd-map-container wd-rs-67b6597a52db6 \">\n\t\t\t<div id=\"wd-rs-67b6597a52db6\" class=\"wd-osm-map-wrapper wd-map-wrapper\" data-settings=\"{&quot;zoom&quot;:&quot;17&quot;,&quot;iconUrl&quot;:&quot;https:\\\/\\\/cesustasti.lv\\\/wp-content\\\/themes\\\/woodmart\\\/images\\\/icons\\\/marker-icon.png&quot;,&quot;scrollWheelZoom&quot;:&quot;yes&quot;,&quot;zoomControl&quot;:&quot;yes&quot;,&quot;dragging&quot;:&quot;yes&quot;,&quot;geoapify_tile&quot;:&quot;osm-carto&quot;,&quot;markers&quot;:[{&quot;marker&quot;:{&quot;marker_title&quot;:&quot;B\\u012bdenrota nams&quot;,&quot;marker_coords&quot;:&quot;57.312047, 25.268244&quot;,&quot;marker_behavior&quot;:&quot;popup&quot;,&quot;show_button&quot;:&quot;no&quot;,&quot;button_url_target&quot;:&quot;_blank&quot;,&quot;image_size&quot;:[],&quot;image&quot;:&quot;&quot;},&quot;lat&quot;:&quot;57.312047&quot;,&quot;lng&quot;:&quot; 25.268244&quot;}],&quot;center&quot;:&quot;57.312047,25.268244&quot;,&quot;init_type&quot;:&quot;page_load&quot;,&quot;init_offset&quot;:&quot;100&quot;}\"><\/div>\n\n\t\t\t\n\t\t\t\n\t\t\t\t\t<\/div>\n\t\t[\/vc_column][\/vc_row]<\/p>\n<\/div>","protected":false},"excerpt":{"rendered":"<p>Nama iek\u0161ien\u0113 viena siena ir uzb\u016bv\u0113ta sl\u012bpi, jo t\u0101 atrodas uz \u0101deres \u2013 seno laiku b\u016bvmeistari r\u016bp\u012bgi izp\u0113t\u012bja \u0101deres un m\u0101jas c\u0113la t\u0101, lai t\u0101s ne\u0161\u0137\u0113rsotu istabas. \u0160\u012b prakse atspogu\u013co to laiku cilv\u0113ku dzi\u013co saikni ar dabu un vi\u0146u sp\u0113ju izmantot t\u0101s sp\u0113kus, lai nodro\u0161in\u0101tu m\u0101jok\u013ca ilgm\u016b\u017e\u012bbu un harmoniju.<\/p>\n<p>2001. gad\u0101, veicot nama atjauno\u0161anas darbus, t\u0101 jaun\u0101 \u012bpa\u0161niece, arhitekte Sarm\u012bte Bumbiere, atrada neparastus priek\u0161metus \u2013 pusi no pistoles un cara laika v\u0113stuli krievu valod\u0101, kas liecina par nama nosl\u0113pumaino v\u0113sturi.<\/p>\n<h3><strong>Fakti<\/strong><\/h3>\n<ul>\n<li>1781.-1790.gads: Pirms \u0113kas \u0161aj\u0101 viet\u0101 bijis aug\u013cu d\u0101rzs, kas pieder\u0113jis cepurniekam Johanam \u0100damam Drallam<\/li>\n<li>19.gs. s\u0101kums: Uzcelta vienst\u0101va dz\u012bvojam\u0101 m\u0101ja, pamatos izmantojot dolom\u012bta akme\u0146us no pils\u0113tas m\u016bra<\/li>\n<li>1845.gads: \u012apa\u0161umu ieg\u0101d\u0101jas bazn\u012bcas galdnieks Vilhelms Ferdinands B\u012bdenrots<\/li>\n<li>1858.gads: Vilhelms Ferdinands B\u012bdenrots pabeidz darbu pie C\u0113su Sv. J\u0101\u0146a bazn\u012bcas alt\u0101ra, par ko sa\u0146em 2400 sudraba rub\u013cus<\/li>\n<li>1867.gada 27.j\u016bnijs: C\u0113su pils\u0113tas ma\u0123istr\u0101ts dod at\u013cauju Vilhelmam Ferdinandam B\u012bdenrotam izb\u016bv\u0113t blakus m\u0101ju jeb pieb\u016bvi<\/li>\n<li>2001.gads: Nams non\u0101k arhitektes Sarm\u012btes Bumbieres \u012bpa\u0161um\u0101<\/li>\n<\/ul>\n","protected":false},"featured_media":2107,"template":"","meta":[],"product_brand":[],"product_cat":[26,103],"product_tag":[104],"class_list":{"0":"post-870","1":"product","2":"type-product","3":"status-publish","4":"has-post-thumbnail","6":"product_cat-nami","7":"product_cat-dzivojamas-ekas","8":"product_tag-dzivojama-eka","10":"first","11":"instock","12":"shipping-taxable","13":"product-type-simple"},"jetpack_sharing_enabled":true,"_links":{"self":[{"href":"https:\/\/cesustasti.lv\/en\/wp-json\/wp\/v2\/product\/870","targetHints":{"allow":["GET"]}}],"collection":[{"href":"https:\/\/cesustasti.lv\/en\/wp-json\/wp\/v2\/product"}],"about":[{"href":"https:\/\/cesustasti.lv\/en\/wp-json\/wp\/v2\/types\/product"}],"wp:featuredmedia":[{"embeddable":true,"href":"https:\/\/cesustasti.lv\/en\/wp-json\/wp\/v2\/media\/2107"}],"wp:attachment":[{"href":"https:\/\/cesustasti.lv\/en\/wp-json\/wp\/v2\/media?parent=870"}],"wp:term":[{"taxonomy":"product_brand","embeddable":true,"href":"https:\/\/cesustasti.lv\/en\/wp-json\/wp\/v2\/product_brand?post=870"},{"taxonomy":"product_cat","embeddable":true,"href":"https:\/\/cesustasti.lv\/en\/wp-json\/wp\/v2\/product_cat?post=870"},{"taxonomy":"product_tag","embeddable":true,"href":"https:\/\/cesustasti.lv\/en\/wp-json\/wp\/v2\/product_tag?post=870"}],"curies":[{"name":"wp","href":"https:\/\/api.w.org\/{rel}","templated":true}]}}