{"id":868,"date":"2025-02-19T21:46:47","date_gmt":"2025-02-19T21:46:47","guid":{"rendered":"https:\/\/cesustasti.lv\/?post_type=product&#038;p=868"},"modified":"2025-04-17T08:56:18","modified_gmt":"2025-04-17T08:56:18","slug":"dzeltenais-nams","status":"publish","type":"product","link":"https:\/\/cesustasti.lv\/en\/visi-stasti\/dzeltenais-nams\/","title":{"rendered":"Dzeltenais nams"},"content":{"rendered":"<div class=\"wpb-content-wrapper\"><p>[vc_row][vc_column width=&#8221;7\/12&#8243;]\t\t<div id=\"wd-6800c1fc2531e\" class=\"wd-text-block wd-wpb reset-last-child wd-rs-6800c1fc2531e text-left \">\n\t\t\t<p>\u0160\u012b iespaid\u012bg\u0101 divst\u0101vu savrupm\u0101ja ar vair\u0101k\u0101m sl\u0113gt\u0101m un va\u013c\u0113j\u0101m verand\u0101m, k\u0101 ar\u012b grezniem koka rot\u0101jumiem, glab\u0101 sev\u012b kr\u0101sainu un bag\u0101t\u012bgu v\u0113sturi. 1904. gad\u0101 to uzc\u0113la uz\u0146\u0113m\u012bgais C\u0113su b\u016bvuz\u0146\u0113m\u0113js Joahims Muus, kur\u0161 \u012bpa\u0161umu ieg\u0101d\u0101j\u0101s par 950 rub\u013ciem. Interesanti, ka \u0161\u012b vieta jau izsenis bija zin\u0101ma k\u0101 d\u0101rza teritorija aiz pils\u0113tas Katr\u012bnas v\u0101rtiem, pied\u0101v\u0101jot \u0113kai savdab\u012bgu v\u0113sturisku kontekstu pils\u0113tas att\u012bst\u012bb\u0101.<\/p>\n<p>Cauri gadiem \u0113ka piedz\u012bvojusi vair\u0101kas p\u0101rv\u0113rt\u012bbas un \u012bpa\u0161nieku mai\u0146as. No 1916. l\u012bdz 1940. gadam \u0161eit dz\u012bvoja un str\u0101d\u0101ja zob\u0101rsts Izraels Fri\u0161s ar \u0123imeni, iek\u0101rtojot sav\u0101 m\u0101j\u0101 ar\u012b modernu zob\u0101rstniec\u012bbas praksi. P\u0113c Otr\u0101 pasaules kara, 1945. gad\u0101, nacionaliz\u0113taj\u0101 \u0113k\u0101 tika izveidota C\u0113su medic\u012bnas m\u0101su skola, kas k\u013cuva par noz\u012bm\u012bgu iest\u0101di Vidzemes re\u0123ion\u0101 vesel\u012bbas apr\u016bpes speci\u0101listu sagatavo\u0161an\u0101. Vair\u0101k nek\u0101 pusgadsimtu \u0161aj\u0101s telp\u0101s tika apm\u0101c\u012btas medic\u012bnas m\u0101sas, un skola bija vien\u012bg\u0101 t\u0101da profila m\u0101c\u012bbu iest\u0101de Vidzem\u0113 \u0101rpus R\u012bgas.<\/p>\n<p>Savulaik \u0113ka izc\u0113l\u0101s ar spilgti dzelteno kr\u0101sojumu, kas tai deva viet\u0113jo iedz\u012bvot\u0101ju iesauku \u201cdzeltenais nams\u201d. \u0160\u012b kr\u0101sa padar\u012bja \u0113ku par paman\u0101mu orientieri B\u0113rzaines ielas ainav\u0101. Pateicoties savai bag\u0101t\u012bgajai v\u0113sturei, arhitektoniskajiem elementiem un sabiedriskajai noz\u012bmei, \u0161\u012b celtne joproj\u0101m ir noz\u012bm\u012bgs C\u0113su kult\u016brv\u0113sturisk\u0101 mantojuma elements, kas atspogu\u013co pils\u0113tas att\u012bst\u012bbas da\u017e\u0101dos posmus un soci\u0101l\u0101s p\u0101rmai\u0146as.<\/p>\n<p>Avots:<br \/>\n<em>Dace Cepur\u012bte, Mg. hist., <a href=\"https:\/\/www.cesis.lv\/lv\/novads\/cesu-novads\/cesnieks-un-vina-nams\/\">P\u0113t\u012bjums \u201cC\u0113snieks un vi\u0146a nams\u201d<\/a><br \/>\nL\u012bga Lansberga, <a href=\"https:\/\/manasvietas.blogspot.com\/\">Projekts \u201cLatvijas mui\u017eas un pilis un citas interesantas vietas\u201d<\/a><\/em><\/p>\n\t\t<\/div>\n\t\t[\/vc_column][vc_column width=&#8221;5\/12&#8243;]\t\t<div class=\"wd-osm-map-container wd-map-container wd-rs-67b652e754c1d \">\n\t\t\t<div id=\"wd-rs-67b652e754c1d\" class=\"wd-osm-map-wrapper wd-map-wrapper\" data-settings=\"{&quot;zoom&quot;:&quot;17&quot;,&quot;iconUrl&quot;:&quot;https:\\\/\\\/cesustasti.lv\\\/wp-content\\\/themes\\\/woodmart\\\/images\\\/icons\\\/marker-icon.png&quot;,&quot;scrollWheelZoom&quot;:&quot;yes&quot;,&quot;zoomControl&quot;:&quot;yes&quot;,&quot;dragging&quot;:&quot;yes&quot;,&quot;geoapify_tile&quot;:&quot;osm-carto&quot;,&quot;markers&quot;:[{&quot;marker&quot;:{&quot;marker_title&quot;:&quot;Dzeltenais nams&quot;,&quot;marker_coords&quot;:&quot;57.312201, 25.262423&quot;,&quot;marker_behavior&quot;:&quot;popup&quot;,&quot;show_button&quot;:&quot;no&quot;,&quot;button_url_target&quot;:&quot;_blank&quot;,&quot;image_size&quot;:[],&quot;image&quot;:&quot;&quot;},&quot;lat&quot;:&quot;57.312201&quot;,&quot;lng&quot;:&quot; 25.262423&quot;}],&quot;center&quot;:&quot;57.312201,25.262423&quot;,&quot;init_type&quot;:&quot;page_load&quot;,&quot;init_offset&quot;:&quot;100&quot;}\"><\/div>\n\n\t\t\t\n\t\t\t\n\t\t\t\t\t<\/div>\n\t\t[\/vc_column][\/vc_row]<\/p>\n<\/div>","protected":false},"excerpt":{"rendered":"<p>Lai gan \u0161odien \u0161o \u0113ku vairs nesauc par \u201cdzelteno namu\u201d, k\u0101dreiz t\u0101 tie\u0161\u0101m bijusi uzkr\u012bto\u0161i dzelten\u0101 kr\u0101s\u0101, izce\u013coties C\u0113su panor\u0101m\u0101. Savulaik taj\u0101 praktiz\u0113jis zob\u0101rsts Izraels Fri\u0161s, kur\u0161 ne tikai dz\u012bvoja \u0161aj\u0101 nam\u0101 ar \u0123imeni, bet ar\u012b iek\u0101rtoja taj\u0101 savu zob\u0101rstniec\u012bbas praksi. Turkl\u0101t vi\u0146am darb\u0101 pal\u012bdz\u0113ja ar\u012b sieva Amalija. Interesanti, ka Fri\u0161a d\u0113li, pabeidzot C\u0113su valsts \u0123imn\u0101ziju, sekoja t\u0113va p\u0113d\u0101s un dev\u0101s stud\u0113t medic\u012bnu.<\/p>\n<h3><strong>Fakti<\/strong><\/h3>\n<ul>\n<li>1788.gads: C\u0113su pils\u0113tas vec\u0101kais Kristians Heiers izsol\u0113 nop\u0113rk seno d\u0101rza vietu aiz pils\u0113tas Katr\u012bnas v\u0101rtiem<\/li>\n<li>1795.gads: Da\u013cu d\u0101rza nop\u0113rk podnieku meistars Johans Simons Barofskis, p\u0101r\u0113jo &#8211; skurste\u0146u skauc\u012bt\u0101ju meistars Johans Heinrihs Grims<\/li>\n<li>1878.gads: \u012apa\u0161umties\u012bbas uz apvienoto d\u0101rzu nostiprina podnieku meistara Nikolausa Evalda Pl\u0101ta mantiniekiem<\/li>\n<li>1899.gads: Mantinieki d\u0101rzu p\u0101rdod Karlam fon Petersenam par 800 rub\u013ciem<\/li>\n<li>1900.gads: Karls fon Petersens \u012bpa\u0161umu p\u0101rdod b\u016bvuz\u0146\u0113m\u0113jam Joahimam Muusam par 950 rub\u013ciem<\/li>\n<li>1904.gads: Joahims Muus uzce\u013c divst\u0101vu m\u016bra dz\u012bvojamo m\u0101ju un vienst\u0101va m\u016bra saimniec\u012bbas \u0113ku<\/li>\n<li>1916.gads: Joahims Muus p\u0101rdod namu zob\u0101rstam Izraelam Fri\u0161am par 19000 rub\u013ciem<\/li>\n<li>1923.gads: Izraels Fri\u0161s iek\u0101rto zob\u0101rstniec\u012bbas kabinetu<\/li>\n<li>1933.gads: Izraels Fri\u0161s neaiz\u0146emt\u0101s telpas iz\u012br\u0113 priv\u0101tadvok\u0101tam J. Puha\u013cskim<\/li>\n<li>1940.gads: Padomju okup\u0101cijas vara nacionaliz\u0113 \u012bpa\u0161umu<\/li>\n<li>1945.gads: \u0112k\u0101 tiek nodibin\u0101ta C\u0113su apri\u0146\u0137a slimn\u012bcas medic\u012bnas m\u0101su skola<\/li>\n<li>1952.gads: \u0112k\u0101 darbojas C\u0113su medic\u012bnas m\u0101su skola k\u0101 vien\u012bg\u0101 t\u0101da profila skola Vidzem\u0113<\/li>\n<li>1997.gads: C\u0113su medic\u012bnas m\u0101su skola tiek sl\u0113gta<\/li>\n<\/ul>\n","protected":false},"featured_media":869,"template":"","meta":[],"product_brand":[],"product_cat":[97,26,24],"product_tag":[104,71,132],"class_list":{"0":"post-868","1":"product","2":"type-product","3":"status-publish","4":"has-post-thumbnail","6":"product_cat-arstniecibas-iestade","7":"product_cat-nami","8":"product_cat-skolas","9":"product_tag-dzivojama-eka","10":"product_tag-skola","11":"product_tag-zobarstnieciba","13":"first","14":"instock","15":"shipping-taxable","16":"product-type-simple"},"jetpack_sharing_enabled":true,"_links":{"self":[{"href":"https:\/\/cesustasti.lv\/en\/wp-json\/wp\/v2\/product\/868","targetHints":{"allow":["GET"]}}],"collection":[{"href":"https:\/\/cesustasti.lv\/en\/wp-json\/wp\/v2\/product"}],"about":[{"href":"https:\/\/cesustasti.lv\/en\/wp-json\/wp\/v2\/types\/product"}],"wp:featuredmedia":[{"embeddable":true,"href":"https:\/\/cesustasti.lv\/en\/wp-json\/wp\/v2\/media\/869"}],"wp:attachment":[{"href":"https:\/\/cesustasti.lv\/en\/wp-json\/wp\/v2\/media?parent=868"}],"wp:term":[{"taxonomy":"product_brand","embeddable":true,"href":"https:\/\/cesustasti.lv\/en\/wp-json\/wp\/v2\/product_brand?post=868"},{"taxonomy":"product_cat","embeddable":true,"href":"https:\/\/cesustasti.lv\/en\/wp-json\/wp\/v2\/product_cat?post=868"},{"taxonomy":"product_tag","embeddable":true,"href":"https:\/\/cesustasti.lv\/en\/wp-json\/wp\/v2\/product_tag?post=868"}],"curies":[{"name":"wp","href":"https:\/\/api.w.org\/{rel}","templated":true}]}}