{"id":842,"date":"2025-02-16T20:39:24","date_gmt":"2025-02-16T20:39:24","guid":{"rendered":"https:\/\/cesustasti.lv\/?post_type=product&#038;p=842"},"modified":"2025-04-19T18:49:50","modified_gmt":"2025-04-19T18:49:50","slug":"cesu-stastu-takas","status":"publish","type":"product","link":"https:\/\/cesustasti.lv\/en\/visi-stasti\/cesu-stastu-takas\/","title":{"rendered":"C\u0113su st\u0101stu takas"},"content":{"rendered":"<div class=\"wpb-content-wrapper\"><p>[vc_row][vc_column][vc_column_text css=&#8221;&#8221; woodmart_inline=&#8221;no&#8221; text_larger=&#8221;no&#8221;]<\/p>\n<h2 style=\"text-align: center;\"><strong>C\u0113su st\u0101stu takas<\/strong><\/h2>\n<div dir=\"auto\" style=\"text-align: center;\">Br\u012bvdienas ar st\u0101stu \u2013 C\u0113su st\u0101stu tak\u0101s!<\/div>\n<div dir=\"auto\" style=\"text-align: center;\">Dodoties p\u0101rg\u0101jien\u0101 ar m\u016bsu digit\u0101lajiem mar\u0161rutiem sav\u0101 telefon\u0101, iepaz\u012bsi pils\u0113tas st\u0101stus, kurus cit\u0101di nepaman\u012btu.<\/div>\n<p style=\"text-align: center;\">Ieg\u0101d\u0101jies visus \u010detrus mar\u0161rutus uzreiz!<\/p>\n<p>[\/vc_column_text][vc_btn title=&#8221;Pirkt: 30,- \u20ac&#8221; style=&#8221;flat&#8221; shape=&#8221;square&#8221; color=&#8221;black&#8221; align=&#8221;center&#8221; css=&#8221;&#8221; link=&#8221;url:https%3A%2F%2Fmap.latvianroutes.com%2Fadd_to_cart%3Fitem_id%3D35%26type%3Dset%26signature%3Dcaf784187bf8e233b61345db55bea6fcdd31a5324549c1d21bc3d3771cfa0be0|title:Pirkt%20C%C4%93su%20st%C4%81stu%20mar%C5%A1rutus&#8221;][vc_column_text css=&#8221;&#8221; woodmart_inline=&#8221;no&#8221; text_larger=&#8221;no&#8221;]<\/p>\n<p style=\"text-align: center;\">Vai katru mar\u0161rutu atsevi\u0161\u0137i!<\/p>\n<p>[\/vc_column_text][\/vc_column][\/vc_row][vc_row][vc_column width=&#8221;1\/2&#8243;][vc_column_text css=&#8221;&#8221; woodmart_inline=&#8221;no&#8221; text_larger=&#8221;no&#8221;]<\/p>\n<h3 style=\"text-align: center;\"><b>Interesantie nami<\/b><\/h3>\n<p style=\"text-align: center;\">No sen\u0101s Zirgu pasta stacijas l\u012bdz unik\u0101lajiem Turku kapiem, no iespaid\u012bg\u0101s Akmens ligzdas l\u012bdz \u0161\u0137\u012bbajam Turku be\u0137erejas namam \u2013 \u0161is ce\u013cojums ved cauri gadsimtiem, atkl\u0101jot st\u0101stus par pils\u0113tu, kas \u012bsu br\u012bdi bijusi pat Latvijas galvaspils\u0113ta. Uzziniet, k\u0101 C\u0113sis veidojusies un main\u012bjusies cauri laikiem, ieraugot t\u0101s kr\u0101\u0161\u0146o arhitekt\u016bru un nosl\u0113pumainos st\u016br\u012b\u0161us.<\/p>\n<p>[\/vc_column_text][vc_btn title=&#8221;Uzzin\u0101t vair\u0101k&#8221; style=&#8221;outline&#8221; shape=&#8221;square&#8221; color=&#8221;black&#8221; size=&#8221;xs&#8221; align=&#8221;center&#8221; css=&#8221;&#8221; link=&#8221;url:https%3A%2F%2Fcesustasti.lv%2Fvisi-stasti%2Finteresantie-nami%2F|title:Interesantie%20nami&#8221;][vc_btn title=&#8221;Pirkt: 10,- \u20ac&#8221; style=&#8221;flat&#8221; shape=&#8221;square&#8221; color=&#8221;black&#8221; align=&#8221;center&#8221; css=&#8221;&#8221; link=&#8221;url:https%3A%2F%2Fmap.latvianroutes.com%2Fadd_to_cart%3Fitem_id%3D486%26type%3Dhiking_route%26signature%3Df2dc34af270f2e95b4f38d45e763a1bec631d61d1f402f6a9c7728e6dd915c65|title:Re%C4%A3istr%C4%93ties%20mar%C5%A1rutam%20%22Interesanti%20nami%22|target:_blank&#8221;][vc_zigzag][\/vc_column][vc_column width=&#8221;1\/2&#8243;][vc_column_text css=&#8221;&#8221; woodmart_inline=&#8221;no&#8221; text_larger=&#8221;no&#8221;]<\/p>\n<h3 style=\"text-align: center;\"><strong>Vesel\u012bbas taka<\/strong><\/h3>\n<p style=\"text-align: center;\">Atkl\u0101j pils\u0113tas sen\u0101s un m\u016bsdienu \u0101rstniec\u012bbas vietas \u2013 no pirm\u0101s aukst\u0101 \u016bdens dziedniec\u012bbas iest\u0101des l\u012bdz modernai slimn\u012bcai. Izstaig\u0101 v\u0113sturisk\u0101s \u0113kas, kur \u0101rst\u0113ju\u0161ies slaveni latvie\u0161i, un uzzini st\u0101stus par C\u0113su medi\u0137iem un vi\u0146u \u0101rst\u0113\u0161anas metod\u0113m. Pastaigas laik\u0101 redz\u0113si gan grezn\u0101s koka villas, gan iespaid\u012bgas m\u016bra celtnes, kuras glab\u0101 nosl\u0113pumus par vesel\u012bbas apr\u016bpes att\u012bst\u012bbu cauri gadsimtiem.<\/p>\n<p>[\/vc_column_text][vc_btn title=&#8221;Uzzin\u0101t vair\u0101k&#8221; style=&#8221;outline&#8221; shape=&#8221;square&#8221; color=&#8221;black&#8221; size=&#8221;xs&#8221; align=&#8221;center&#8221; css=&#8221;&#8221; link=&#8221;url:https%3A%2F%2Fcesustasti.lv%2Fvisi-stasti%2Fveselibas-taka%2F|title:Vesel%C4%ABbas%20taka&#8221;][vc_btn title=&#8221;Pirkt: 10,- \u20ac&#8221; style=&#8221;flat&#8221; shape=&#8221;square&#8221; color=&#8221;black&#8221; align=&#8221;center&#8221; css=&#8221;&#8221; link=&#8221;url:https%3A%2F%2Fmap.latvianroutes.com%2Fadd_to_cart%3Fitem_id%3D487%26type%3Dhiking_route%26signature%3D3a875c2c07d95118447e95e1f4a7d95c4b9a32b26f35470c20793a73a9726df2|title:Re%C4%A3istr%C4%93t%20dal%C4%ABbu%20Vesel%C4%ABbas%20takai&#8221;][vc_zigzag][\/vc_column][\/vc_row][vc_row][vc_column width=&#8221;1\/2&#8243;][vc_column_text css=&#8221;&#8221; woodmart_inline=&#8221;no&#8221; text_larger=&#8221;no&#8221;]<\/p>\n<h3 style=\"text-align: center;\"><strong>Izgl\u012bt\u012bbas ce\u013c\u0161<\/strong><\/h3>\n<p style=\"text-align: center;\">Izgl\u012bt\u012bbas ce\u013c\u0161 C\u0113s\u012bs ir 7 km gar\u0161 pastaigu mar\u0161ruts, kas ved cauri gadsimtiem izgl\u012bt\u012bbas att\u012bst\u012bb\u0101 \u2013 no vec\u0101k\u0101s saglab\u0101ju\u0161\u0101s skolas \u0113kas ar skol\u0113nu grebumiem l\u012bdz presti\u017eajai B\u0113rzaines \u0123imn\u0101zijai. Mar\u0161ruts atkl\u0101j pils\u0113tas bag\u0101to izgl\u012bt\u012bbas mantojumu un st\u0101stus par izciliem cilv\u0113kiem, kas veidoju\u0161i Latvijas kult\u016bras un zin\u0101tnes dz\u012bvi.<\/p>\n<p>[\/vc_column_text][vc_btn title=&#8221;Uzzin\u0101t vair\u0101k&#8221; style=&#8221;outline&#8221; shape=&#8221;square&#8221; color=&#8221;black&#8221; size=&#8221;xs&#8221; align=&#8221;center&#8221; css=&#8221;&#8221; link=&#8221;url:https%3A%2F%2Fcesustasti.lv%2Fvisi-stasti%2Fcesu-izglitibas-cels%2F|title:C%C4%93su%20izgl%C4%ABt%C4%ABbas%20ce%C4%BC%C5%A1&#8243;][vc_btn title=&#8221;Pirkt: 10,- \u20ac&#8221; style=&#8221;flat&#8221; shape=&#8221;square&#8221; color=&#8221;black&#8221; align=&#8221;center&#8221; css=&#8221;&#8221; link=&#8221;url:https%3A%2F%2Fmap.latvianroutes.com%2Fadd_to_cart%3Fitem_id%3D488%26type%3Dhiking_route%26signature%3D092469de6fd310c2c7f09d9d6f3b17f9307fa502c350617fbe1b8a6bf1cd2f14|title:Re%C4%A3istr%C4%93ties%20mar%C5%A1rutam%20%22Izgl%C4%ABt%C4%ABbas%20ce%C4%BC%C5%A1%22&#8243;][vc_zigzag][\/vc_column][vc_column width=&#8221;1\/2&#8243;][vc_column_text css=&#8221;&#8221; woodmart_inline=&#8221;no&#8221; text_larger=&#8221;no&#8221;]<\/p>\n<h3 style=\"text-align: center;\"><strong>Mui\u017eu st\u0101sti<\/strong><\/h3>\n<p style=\"text-align: center;\">\u0160is apburo\u0161ais p\u0101rg\u0101jiens ved cauri 12 v\u0113sturisk\u0101m mui\u017e\u0101m, kur katrs pagrieziens atkl\u0101j aizraujo\u0161u st\u0101stu \u2013 no romantisk\u0101s &#8220;Floridas&#8221; mui\u017eas l\u012bdz vietai, kur k\u0101dreiz atrad\u0101s kar\u0101tavas. Uzzini, k\u0101 dz\u012bvoja mui\u017enieki, k\u0101 m\u0101c\u012bj\u0101s skol\u0113ni un k\u0101p\u0113c Gl\u016bdas baltais m\u0101ls joproj\u0101m ir nacion\u0101la bag\u0101t\u012bba.<\/p>\n<p>[\/vc_column_text][vc_btn title=&#8221;Uzzin\u0101t vair\u0101k&#8221; style=&#8221;outline&#8221; shape=&#8221;square&#8221; color=&#8221;black&#8221; size=&#8221;xs&#8221; align=&#8221;center&#8221; css=&#8221;&#8221; link=&#8221;url:https%3A%2F%2Fcesustasti.lv%2Fvisi-stasti%2Fmuizu-stasti%2F|title:Mui%C5%BEu%20st%C4%81sti&#8221;][vc_btn title=&#8221;Pirkt: 10,- \u20ac&#8221; style=&#8221;flat&#8221; shape=&#8221;square&#8221; color=&#8221;black&#8221; align=&#8221;center&#8221; css=&#8221;&#8221; link=&#8221;url:https%3A%2F%2Fmap.latvianroutes.com%2Fadd_to_cart%3Fitem_id%3D485%26type%3Dhiking_route%26signature%3D4d9e0982d4a1564fce9da475183e5d88c37adbe063f1d28aa72d9badd7ac2699|title:Re%C4%A3istr%C4%93ties%20mar%C5%A1rutam%20%22Mui%C5%BEas%20st%C4%81sti%22&#8243;][vc_zigzag][\/vc_column][\/vc_row][vc_row][vc_column][vc_column_text css=&#8221;&#8221; woodmart_inline=&#8221;no&#8221; text_larger=&#8221;no&#8221;]<\/p>\n<p style=\"text-align: center;\">Lai piedal\u012btos <strong><em>C\u0113su st\u0101stu takas <\/em><\/strong>mar\u0161rutu s\u0113rij\u0101, nepiecie\u0161ams re\u0123istr\u0113ties <em>LatvianRoutes<\/em> sist\u0113m\u0101 un apmaks\u0101t dal\u012bbas maksu.<\/p>\n<p>[\/vc_column_text][\/vc_column][\/vc_row][vc_row][vc_column][vc_empty_space woodmart_hide_large=&#8221;0&#8243; woodmart_hide_medium=&#8221;0&#8243; woodmart_hide_small=&#8221;0&#8243;][\/vc_column][\/vc_row][vc_row][vc_column][vc_single_image image=&#8221;946&#8243; img_size=&#8221;full size&#8221; css=&#8221;&#8221; parallax_scroll=&#8221;no&#8221; woodmart_inline=&#8221;no&#8221;][\/vc_column][\/vc_row][vc_row gap=&#8221;35&#8243; equal_height=&#8221;yes&#8221; content_placement=&#8221;top&#8221; css=&#8221;.vc_custom_1538568615552{margin-bottom: 4vh !important;}&#8221; woodmart_parallax=&#8221;0&#8243; woodmart_gradient_switch=&#8221;no&#8221; row_reverse_mobile=&#8221;0&#8243; row_reverse_tablet=&#8221;0&#8243; woodmart_disable_overflow=&#8221;0&#8243;][vc_column woodmart_parallax=&#8221;0&#8243; parallax_scroll=&#8221;no&#8221; woodmart_sticky_column=&#8221;false&#8221; css=&#8221;.vc_custom_1538568458450{margin-bottom: 4vh !important;padding-top: 0px !important;}&#8221; offset=&#8221;vc_col-lg-6 vc_col-md-6 vc_col-xs-12&#8243;][vc_single_image image=&#8221;949&#8243; img_size=&#8221;full&#8221; alignment=&#8221;center&#8221; css=&#8221;.vc_custom_1744962116599{margin-bottom: 0px !important;}&#8221; parallax_scroll=&#8221;no&#8221; woodmart_inline=&#8221;no&#8221;][\/vc_column][vc_column woodmart_color_scheme=&#8221;dark&#8221; woodmart_parallax=&#8221;0&#8243; parallax_scroll=&#8221;no&#8221; woodmart_sticky_column=&#8221;false&#8221; css=&#8221;.vc_custom_1538568468606{margin-bottom: 4vh !important;padding-top: 0px !important;}&#8221; offset=&#8221;vc_col-lg-6 vc_col-md-6 vc_col-xs-12&#8243;]\n\t\t<div id=\"wd-680118b8cb987\" class=\"title-wrapper wd-wpb wd-set-mb reset-last-child  wd-rs-680118b8cb987 wd-title-color-default wd-title-style-default text-left  wd-underline-colored\">\n\t\t\t\n\t\t\t<div class=\"liner-continer\">\n\t\t\t\t<h4 class=\"woodmart-title-container title  wd-font-weight- wd-fontsize-l\" >K\u0101 ieg\u0101d\u0101ties un lietot izv\u0113l\u0113to mar\u0161rutu?<\/h4>\n\t\t\t\t\t\t\t<\/div>\n\t\t\t\n\t\t\t\n\t\t\t\n\t\t<\/div>\n\t\t\n\t\t[vc_row_inner css=&#8221;.vc_custom_1744902893511{margin-top: -15px !important;}&#8221; woodmart_css_id=&#8221;68011ae7ec5f3&#8243; responsive_spacing=&#8221;eyJwYXJhbV90eXBlIjoid29vZG1hcnRfcmVzcG9uc2l2ZV9zcGFjaW5nIiwic2VsZWN0b3JfaWQiOiI2ODAxMWFlN2VjNWYzIiwic2hvcnRjb2RlIjoidmNfcm93X2lubmVyIiwiZGF0YSI6eyJ0YWJsZXQiOnt9LCJtb2JpbGUiOnt9fX0=&#8221; mobile_bg_img_hidden=&#8221;no&#8221; tablet_bg_img_hidden=&#8221;no&#8221; woodmart_parallax=&#8221;0&#8243; woodmart_gradient_switch=&#8221;no&#8221; woodmart_box_shadow=&#8221;no&#8221; wd_z_index=&#8221;no&#8221; woodmart_disable_overflow=&#8221;0&#8243; row_reverse_mobile=&#8221;0&#8243; row_reverse_tablet=&#8221;0&#8243;][vc_column_inner width=&#8221;1\/2&#8243; css=&#8221;.vc_custom_1538139599864{margin-bottom: 4vh !important;padding-top: 0px !important;}&#8221;]\t\t\t<div id=\"wd-6801155e045b0\" class=\"wd-text-block-wrapper wd-wpb wd-rs-6801155e045b0 color-scheme-dark text-left vc_custom_1744901480551\">\n\t\t\t\t<div class=\"woodmart-title-container woodmart-text-block reset-last-child font-primary wd-font-weight- \">\n\t\t\t\t\t<strong><span class=\"color-primary\">1.<\/span><\/strong> Ieg\u0101d\u0101jies izv\u0113l\u0113to mar\u0161rutu\t\t\t\t<\/div>\n\n\t\t\t\t\t\t\t<\/div>\n\t\t\t\t\t<div id=\"wd-6801f569cc1fa\" class=\"wd-text-block-wrapper wd-wpb wd-rs-6801f569cc1fa color-scheme- text-left vc_custom_1744958835978\">\n\t\t\t\t<div class=\"woodmart-title-container woodmart-text-block reset-last-child font-primary wd-font-weight- \">\n\t\t\t\t\tDodies uz <span style=\"color: #ff6600;\"><a style=\"color: #ff6600;\" href=\"https:\/\/map.latvianroutes.com\/\">map.latvianroutes.com\/map<\/a>,<\/span> ieg\u0101d\u0101jies izv\u0113l\u0113to mar\u0161rutu\t\t\t\t<\/div>\n\n\t\t\t\t\t\t\t<\/div>\n\t\t[\/vc_column_inner][vc_column_inner width=&#8221;1\/2&#8243; css=&#8221;.vc_custom_1538139911551{margin-bottom: 4vh !important;padding-top: 0px !important;}&#8221;]\t\t\t<div id=\"wd-680115b14f11f\" class=\"wd-text-block-wrapper wd-wpb wd-rs-680115b14f11f color-scheme-dark text-left vc_custom_1744901592872\">\n\t\t\t\t<div class=\"woodmart-title-container woodmart-text-block reset-last-child font-primary wd-font-weight- \">\n\t\t\t\t\t<strong><span class=\"color-primary\">2.<\/span><\/strong> Atver aplik\u0101ciju\t\t\t\t<\/div>\n\n\t\t\t\t\t\t\t<\/div>\n\t\t\t\t\t<div id=\"wd-680115abc2aa2\" class=\"wd-text-block-wrapper wd-wpb wd-rs-680115abc2aa2 color-scheme- text-left vc_custom_1744901611993\">\n\t\t\t\t<div class=\"woodmart-title-container woodmart-text-block reset-last-child font-primary wd-font-weight- \">\n\t\t\t\t\tAtver digit\u0101lo mar\u0161rutu aplik\u0101ciju LatvianRoutes sav\u0101 telefon\u0101\t\t\t\t<\/div>\n\n\t\t\t\t\t\t\t<\/div>\n\t\t[\/vc_column_inner][vc_column_inner width=&#8221;1\/2&#8243; css=&#8221;.vc_custom_1538139939673{margin-bottom: 4vh !important;}&#8221;]\t\t\t<div id=\"wd-680116c529fb4\" class=\"wd-text-block-wrapper wd-wpb wd-rs-680116c529fb4 color-scheme-dark text-left vc_custom_1744901833521\">\n\t\t\t\t<div class=\"woodmart-title-container woodmart-text-block reset-last-child font-primary wd-font-weight- \">\n\t\t\t\t\t<strong><span class=\"color-primary\">3.<\/span><\/strong> Atrodi ieg\u0101d\u0101to mar\u0161rutu\t\t\t\t<\/div>\n\n\t\t\t\t\t\t\t<\/div>\n\t\t\t\t\t<div id=\"wd-68011a8b1d201\" class=\"wd-text-block-wrapper wd-wpb wd-rs-68011a8b1d201 color-scheme- text-left vc_custom_1744902803240\">\n\t\t\t\t<div class=\"woodmart-title-container woodmart-text-block reset-last-child font-primary wd-font-weight- \">\n\t\t\t\t\tAtrodi ieg\u0101d\u0101to mar\u0161rutu sav\u0101 profil\u0101 mobilaj\u0101 aplik\u0101cij\u0101.\t\t\t\t<\/div>\n\n\t\t\t\t\t\t\t<\/div>\n\t\t[\/vc_column_inner][vc_column_inner width=&#8221;1\/2&#8243; css=&#8221;.vc_custom_1538139945223{margin-bottom: 4vh !important;}&#8221;]\t\t\t<div id=\"wd-680116f36c700\" class=\"wd-text-block-wrapper wd-wpb wd-rs-680116f36c700 color-scheme-dark text-left vc_custom_1744901885211\">\n\t\t\t\t<div class=\"woodmart-title-container woodmart-text-block reset-last-child font-primary wd-font-weight- \">\n\t\t\t\t\t<strong><span class=\"color-primary\">4.<\/span><\/strong> Atver mar\u0161ruta karti\t\t\t\t<\/div>\n\n\t\t\t\t\t\t\t<\/div>\n\t\t\t\t\t<div id=\"wd-6801170f25d69\" class=\"wd-text-block-wrapper wd-wpb wd-rs-6801170f25d69 color-scheme- text-left vc_custom_1744901926413\">\n\t\t\t\t<div class=\"woodmart-title-container woodmart-text-block reset-last-child font-primary wd-font-weight- \">\n\t\t\t\t\tAtver mar\u0161ruta karti, nospie\u017eot kartes ikonu pie mar\u0161ruta nosaukuma\t\t\t\t<\/div>\n\n\t\t\t\t\t\t\t<\/div>\n\t\t[\/vc_column_inner][\/vc_row_inner][vc_row_inner css=&#8221;.vc_custom_1744902362091{margin-top: -30px !important;}&#8221; woodmart_css_id=&#8221;680118d5aa3a7&#8243; responsive_spacing=&#8221;eyJwYXJhbV90eXBlIjoid29vZG1hcnRfcmVzcG9uc2l2ZV9zcGFjaW5nIiwic2VsZWN0b3JfaWQiOiI2ODAxMThkNWFhM2E3Iiwic2hvcnRjb2RlIjoidmNfcm93X2lubmVyIiwiZGF0YSI6eyJ0YWJsZXQiOnt9LCJtb2JpbGUiOnt9fX0=&#8221; mobile_bg_img_hidden=&#8221;no&#8221; tablet_bg_img_hidden=&#8221;no&#8221; woodmart_parallax=&#8221;0&#8243; woodmart_gradient_switch=&#8221;no&#8221; woodmart_box_shadow=&#8221;no&#8221; wd_z_index=&#8221;no&#8221; woodmart_disable_overflow=&#8221;0&#8243; row_reverse_mobile=&#8221;0&#8243; row_reverse_tablet=&#8221;0&#8243;][vc_column_inner width=&#8221;1\/2&#8243; css=&#8221;.vc_custom_1538139599864{margin-bottom: 4vh !important;padding-top: 0px !important;}&#8221;]\t\t\t<div id=\"wd-6801176329b2e\" class=\"wd-text-block-wrapper wd-wpb wd-rs-6801176329b2e color-scheme-dark text-left vc_custom_1744902004741\">\n\t\t\t\t<div class=\"woodmart-title-container woodmart-text-block reset-last-child font-primary wd-font-weight- \">\n\t\t\t\t\t<strong><span class=\"color-primary\">5.<\/span><\/strong> Re\u0123istr\u0113jies starta punkt\u0101\t\t\t\t<\/div>\n\n\t\t\t\t\t\t\t<\/div>\n\t\t\t\t\t<div id=\"wd-6801178b7d949\" class=\"wd-text-block-wrapper wd-wpb wd-rs-6801178b7d949 color-scheme- text-left vc_custom_1744902050521\">\n\t\t\t\t<div class=\"woodmart-title-container woodmart-text-block reset-last-child font-primary wd-font-weight- \">\n\t\t\t\t\tNospied zilo ce\u013caz\u012bm\u012btes ikonu, lai re\u0123istr\u0113tu mar\u0161ruta uzs\u0101k\u0161anu\t\t\t\t<\/div>\n\n\t\t\t\t\t\t\t<\/div>\n\t\t[\/vc_column_inner][vc_column_inner width=&#8221;1\/2&#8243; css=&#8221;.vc_custom_1538139911551{margin-bottom: 4vh !important;padding-top: 0px !important;}&#8221;]\t\t\t<div id=\"wd-680117ad1c4bd\" class=\"wd-text-block-wrapper wd-wpb wd-rs-680117ad1c4bd color-scheme-dark text-left vc_custom_1744902078216\">\n\t\t\t\t<div class=\"woodmart-title-container woodmart-text-block reset-last-child font-primary wd-font-weight- \">\n\t\t\t\t\t<strong><span class=\"color-primary\">6.<\/span><\/strong> Seko mar\u0161rutam\t\t\t\t<\/div>\n\n\t\t\t\t\t\t\t<\/div>\n\t\t\t\t\t<div id=\"wd-680117c2e0988\" class=\"wd-text-block-wrapper wd-wpb wd-rs-680117c2e0988 color-scheme- text-left vc_custom_1744902094888\">\n\t\t\t\t<div class=\"woodmart-title-container woodmart-text-block reset-last-child font-primary wd-font-weight- \">\n\t\t\t\t\tDodies ce\u013c\u0101, sekojot mar\u0161ruta nor\u0101d\u0113m sav\u0101 telefon\u0101\t\t\t\t<\/div>\n\n\t\t\t\t\t\t\t<\/div>\n\t\t[\/vc_column_inner][vc_column_inner width=&#8221;1\/2&#8243; css=&#8221;.vc_custom_1538139939673{margin-bottom: 4vh !important;}&#8221;]\t\t\t<div id=\"wd-680119047570c\" class=\"wd-text-block-wrapper wd-wpb wd-rs-680119047570c color-scheme-dark text-left vc_custom_1744902420219\">\n\t\t\t\t<div class=\"woodmart-title-container woodmart-text-block reset-last-child font-primary wd-font-weight- \">\n\t\t\t\t\t<strong><span class=\"color-primary\">7.<\/span><\/strong> Atbildi uz jaut\u0101jumiem\t\t\t\t<\/div>\n\n\t\t\t\t\t\t\t<\/div>\n\t\t\t\t\t<div id=\"wd-68011917daa01\" class=\"wd-text-block-wrapper wd-wpb wd-rs-68011917daa01 color-scheme- text-left vc_custom_1744902427551\">\n\t\t\t\t<div class=\"woodmart-title-container woodmart-text-block reset-last-child font-primary wd-font-weight- \">\n\t\t\t\t\tMar\u0161ruta punktos ar &#8220;?&#8221; atbildi uz viktor\u012bnas jaut\u0101jumiem.\t\t\t\t<\/div>\n\n\t\t\t\t\t\t\t<\/div>\n\t\t[\/vc_column_inner][vc_column_inner width=&#8221;1\/2&#8243; css=&#8221;.vc_custom_1538139945223{margin-bottom: 4vh !important;}&#8221;]\t\t\t<div id=\"wd-68011925a7f64\" class=\"wd-text-block-wrapper wd-wpb wd-rs-68011925a7f64 color-scheme-dark text-left vc_custom_1744902462664\">\n\t\t\t\t<div class=\"woodmart-title-container woodmart-text-block reset-last-child font-primary wd-font-weight- \">\n\t\t\t\t\t<strong><span class=\"color-primary\">!<\/span><\/strong> IEV\u0112RO\t\t\t\t<\/div>\n\n\t\t\t\t\t\t\t<\/div>\n\t\t\t\t\t<div id=\"wd-68011ab309f2b\" class=\"wd-text-block-wrapper wd-wpb wd-rs-68011ab309f2b color-scheme- text-left vc_custom_1744902848632\">\n\t\t\t\t<div class=\"woodmart-title-container woodmart-text-block reset-last-child font-primary wd-font-weight- \">\n\t\t\t\t\tRe\u0123istr\u0113ties Start\u0101 un atbild\u0113t uz viktor\u012bn\u0101m var, esot vismaz 50m att\u0101lum\u0101 no punkta.\t\t\t\t<\/div>\n\n\t\t\t\t\t\t\t<\/div>\n\t\t[\/vc_column_inner][\/vc_row_inner][\/vc_column][\/vc_row]<\/p>\n<\/div>","protected":false},"excerpt":{"rendered":"<h2>v\u0113stures piedz\u012bvojums \u010detros mar\u0161rutos<\/h2>\n<p>Atkl\u0101jiet v\u0113stures l\u012bklo\u010dus <strong>C\u0113su st\u0101stu tak\u0101s<\/strong> \u2013 \u010detros aizraujo\u0161os p\u0101rg\u0101jienu mar\u0161rutos, kas izved\u012bs j\u016bs cauri pils\u0113tas interesantajiem un nosl\u0113pumain\u0101kajiem nost\u016briem un \u013caus ieskat\u012bties C\u0113s\u012bm tik rakstur\u012bgaj\u0101 kult\u016bras moza\u012bk\u0101!<\/p>\n<p>Izstaig\u0101jiet <strong>C\u0113su izgl\u012bt\u012bbas ce\u013cu<\/strong> un uzziniet par slavenaj\u0101m C\u0113su skol\u0101m, kur m\u0101c\u012bju\u0161ies izcili latvie\u0161u kult\u016bras darbinieki!<br \/>\nDodieties <strong>Mui\u017eu st\u0101stos<\/strong> un iepaz\u012bstiet aristokr\u0101tu dz\u012bves aizkulises, no Zir\u0146u kalna mui\u017eas l\u012bdz pat Floridai un Luizi\u0101nai!<br \/>\nAtkl\u0101jiet <strong>Interesantos namus<\/strong> ar to \u0161\u0137\u012bbaj\u0101m fas\u0101d\u0113m un neparastajiem likte\u0146iem un apkastiet Latvijas vald\u012bbas pagaidu m\u012btni!<br \/>\nSekojiet <strong>Vesel\u012bbas takai<\/strong>, kur atkl\u0101siet, k\u0101 C\u0113su \u016bdens k\u0101dreiz dzied\u0113ja pat Krievijas imp\u0113rijas eliti, bet gaiss &#8211;\u00a0 Imantu Ziedoni un Oj\u0101ru V\u0101cieti.!<\/p>\n<p>Par visiem apskates objektiem J\u016bs gaida interesanti fakti un apraksti, kas \u013caus uzzin\u0101t st\u0101stus, kas iesp\u0113jams nav rakst\u012bti pat v\u0113stures gr\u0101mat\u0101s. Aizraut\u012bbu mar\u0161rutiem pie\u0161\u0137irs viktor\u012bnas ar \u0101\u0137\u012bgiem jaut\u0101jumiem, kur atbildes mekl\u0113jumi iesp\u0113jams b\u016bs vesels pas\u0101kums. Piem\u0113ram &#8211; vai J\u016bs zin\u0101t, kad tika izdots pirmais C\u0113su t\u016brisma ce\u013cvedis un kas to izdeva?<\/p>\n<p><strong>Lab\u0101kajiem viktor\u012bnu dal\u012bbniekiem sezonas nosl\u0113gum\u0101 gaid\u0101mas \u012bpa\u0161as balvas no m\u016bsu draugiem &#8211; kafejn\u012bcas <em>VoKur<\/em>, restor\u0101na <em>H.E.Vanadzi\u0146\u0161<\/em> un <em>C\u0113su TIC<\/em>!<\/strong><\/p>\n<hr \/>\n<p>Visi mar\u0161ruti \u0113rti pieejami mobilaj\u0101 aplik\u0101cij\u0101 <em>LatvianRoutes<\/em>!\u00a0 Bez lieto\u0161anas rei\u017eu vai laika ierobe\u017eojuma!<\/p>\n<p>Lai piedal\u012btos <strong><em>C\u0113su st\u0101stu takas <\/em><\/strong>mar\u0161rutu s\u0113rij\u0101, nepiecie\u0161ams re\u0123istr\u0113jies un apmaks\u0101t dal\u012bbas maksu <em>LatvianRoutes<\/em> platform\u0101.<\/p>\n<p>&nbsp;<\/p>\n","protected":false},"featured_media":911,"template":"","meta":[],"product_brand":[],"product_cat":[144,28],"product_tag":[124,122,123],"class_list":{"0":"post-842","1":"product","2":"type-product","3":"status-publish","4":"has-post-thumbnail","6":"product_cat-cesu-stastu-takas","7":"product_cat-marsruti","8":"product_tag-cesis","9":"product_tag-marsruts","10":"product_tag-nami","12":"first","13":"instock","14":"shipping-taxable","15":"product-type-simple"},"jetpack_sharing_enabled":true,"_links":{"self":[{"href":"https:\/\/cesustasti.lv\/en\/wp-json\/wp\/v2\/product\/842","targetHints":{"allow":["GET"]}}],"collection":[{"href":"https:\/\/cesustasti.lv\/en\/wp-json\/wp\/v2\/product"}],"about":[{"href":"https:\/\/cesustasti.lv\/en\/wp-json\/wp\/v2\/types\/product"}],"wp:featuredmedia":[{"embeddable":true,"href":"https:\/\/cesustasti.lv\/en\/wp-json\/wp\/v2\/media\/911"}],"wp:attachment":[{"href":"https:\/\/cesustasti.lv\/en\/wp-json\/wp\/v2\/media?parent=842"}],"wp:term":[{"taxonomy":"product_brand","embeddable":true,"href":"https:\/\/cesustasti.lv\/en\/wp-json\/wp\/v2\/product_brand?post=842"},{"taxonomy":"product_cat","embeddable":true,"href":"https:\/\/cesustasti.lv\/en\/wp-json\/wp\/v2\/product_cat?post=842"},{"taxonomy":"product_tag","embeddable":true,"href":"https:\/\/cesustasti.lv\/en\/wp-json\/wp\/v2\/product_tag?post=842"}],"curies":[{"name":"wp","href":"https:\/\/api.w.org\/{rel}","templated":true}]}}