{"id":679,"date":"2025-02-06T19:43:10","date_gmt":"2025-02-06T19:43:10","guid":{"rendered":"https:\/\/cesustasti.lv\/?post_type=product&#038;p=679"},"modified":"2025-05-04T19:07:46","modified_gmt":"2025-05-04T19:07:46","slug":"jepes-nams","status":"publish","type":"product","link":"https:\/\/cesustasti.lv\/en\/visi-stasti\/jepes-nams\/","title":{"rendered":"J\u0113pes nams"},"content":{"rendered":"<div class=\"wpb-content-wrapper\"><p>[vc_row][vc_column width=&#8221;7\/12&#8243;]\t\t<div id=\"wd-6817ba7b92c60\" class=\"wd-text-block wd-wpb reset-last-child wd-rs-6817ba7b92c60 text-left \">\n\t\t\t<p>Pastaig\u0101joties pa C\u0113su v\u0113sturisko centru, kvart\u0101l\u0101 starp Lielo Katr\u012bnas ielu, R\u012bgas ielu un Lielo L\u012bvu ielu, gr\u016bti iedom\u0101ties, ka \u0161eit reiz st\u0101v\u0113ja iev\u0113rojama m\u016bra \u0113ka ar bag\u0101tu un main\u012bgu v\u0113sturi, kas aizs\u0101k\u0101s jau Zviedrijas vald\u012b\u0161anas laik\u0101.<\/p>\n<p>Pirm\u0101s rakstisk\u0101s liec\u012bbas par \u0161o vietu atrodamas 1665. gada m\u0101ju specifik\u0101cij\u0101. Tolaik gruntsgabals ar numuru 122 pieder\u0113ja Joahimam Meskavam. Jau tad \u0113ka bija p\u0101rdz\u012bvojusi ugunsgr\u0113ku, ta\u010du t\u0101s m\u016bri palika stingri un tika atjaunoti.<br \/>\n18. gadsimt\u0101 \u0113ka piedz\u012bvoja interesantu pav\u0113rsienu &#8211; no priv\u0101t\u012bpa\u0161uma t\u0101 k\u013cuva par sabiedriski noz\u012bm\u012bgu celtni. Pils\u0113ta to ieg\u0101d\u0101j\u0101s un p\u0101rveidoja par \u201cinval\u012bdu kazarmu\u201d &#8211; patversmi kareivjiem-inval\u012bdiem. \u0160o funkciju \u0113ka pild\u012bja l\u012bdz 19. gadsimta 70. gadiem, kad to p\u0101rdeva publisk\u0101 izsol\u0113.<br \/>\n19. gad\u0101 \u012bpa\u0161umu par 2712 rub\u013ciem ieg\u0101d\u0101j\u0101s C\u0113su nodok\u013cu p\u0101rvaldes vec\u0101kais Gustavs Hermans. P\u0113c vi\u0146a n\u0101ves 1910. gad\u0101 \u012bpa\u0161ums non\u0101ca Veisma\u0146u mui\u017eas \u012bpa\u0161nieka Gotl\u012bba fon Blankenhagena rok\u0101s par 6500 rub\u013ciem &#8211; summu, kas liecina par \u0113kas iev\u0113rojamo v\u0113rt\u012bbu t\u0101 laika nekustamo \u012bpa\u0161umu tirg\u016b.<\/p>\n<p>\u012apa\u0161i interesants periods \u0113kas v\u0113stur\u0113 s\u0101k\u0101s 1924. gad\u0101, kad to par 8000 latiem ieg\u0101d\u0101j\u0101s Rudolfs J\u0113pe &#8211; iev\u0113rojam\u0101 gr\u0101matizdev\u0113ja Oskara J\u0113pes br\u0101lis. Rudolfs J\u0113pe \u0113k\u0101 veica noz\u012bm\u012bgus p\u0101rveidojumus, \u0146emot vair\u0101kus kred\u012btus \u201cnama p\u0101rb\u016bves un kapit\u0101lremonta veik\u0161anai\u201d. \u0112kas pirmaj\u0101 st\u0101v\u0101 tika ier\u012bkota moderna tipogr\u0101fija ar izk\u0101rtni \u201cR. J\u0113pes gr\u0101matu spiestuve\u201d. \u0160eit tapa ne tikai gr\u0101matas, bet ar\u012b kr\u0101sainas afi\u0161as, dziesmu lapi\u0146as un da\u017e\u0101das dokumentu veidlapas, kas kalpoja pils\u0113tas kult\u016bras un saimniecisk\u0101s dz\u012bves vajadz\u012bb\u0101m.<\/p>\n<p>Rudolfs J\u0113pe bija ne tikai uz\u0146\u0113m\u0113js, bet ar\u012b akt\u012bvs sabiedriskais darbinieks &#8211; 10 gadus vad\u012bja C\u0113su Amatnieku biedr\u012bbu un 15 gadus darboj\u0101s k\u0101 apdro\u0161in\u0101\u0161anas sabiedr\u012bbu a\u0123ents. 1936. gad\u0101 c\u0113snieki svin\u012bgi atz\u012bm\u0113ja vi\u0146a 35 gadu jubileju gr\u0101matu iespied\u0113ja amat\u0101.<\/p>\n<p>\u0112kas dramatiskais gals pien\u0101ca 1944. gada 14. septembr\u012b, kad Sarkan\u0101s Armijas uzlidojuma laik\u0101 t\u0101 tika sagrauta ar aviobumbu. \u0160is uzlidojums bija tra\u0123isks ne tikai \u0113kai &#8211; tas pras\u012bja ar\u012b cilv\u0113ku upurus un ievainoja daudzus pils\u0113tas iedz\u012bvot\u0101jus. L\u012bdz 1948. gadam drupas tika nov\u0101ktas, un teritorija p\u0101rveidota par Pionieru laukumu.<\/p>\n<p>\u0160\u012b \u0113ka ir spilgts piem\u0113rs tam, k\u0101 viens nams var atspogu\u013cot veselas pils\u0113tas v\u0113sturi &#8211; no zviedru laikiem l\u012bdz Otrajam pasaules karam, no priv\u0101tm\u0101jas l\u012bdz inval\u012bdu patversmei un modernai tipogr\u0101fijai. T\u0101s st\u0101sts aptver gan mui\u017enieku dzimtu likte\u0146us, gan pils\u0113tas kult\u016bras un saimniecisk\u0101s dz\u012bves att\u012bst\u012bbu, gan kara posto\u0161o ietekmi uz C\u0113su pils\u0113tvidi.<\/p>\n<p>Lai gan \u0161odien \u0161aj\u0101 viet\u0101 vairs nav redzamas \u0113kas p\u0113das, t\u0101s v\u0113sture pal\u012bdz mums lab\u0101k izprast C\u0113su pils\u0113tas dz\u012bves dinamisko raksturu un dramatisk\u0101s p\u0101rmai\u0146as, ko piedz\u012bvojusi pils\u0113ta 20. gadsimta vid\u016b.<\/p>\n<p><em>Apraksta izveid\u0113 izmantoti materi\u0101li no:<\/em><br \/>\n<em>Dace Cepur\u012bte, Mg. hist.,\u00a0<a href=\"https:\/\/www.cesis.lv\/lv\/novads\/cesu-novads\/cesnieks-un-vina-nams\/\">P\u0113t\u012bjums \u201cC\u0113snieks un vi\u0146a nams\u201d<\/a><br \/>\nC\u0113su pils muzeja kr\u0101jumiem<br \/>\n<\/em>Latvijas Universit\u0101tes Akad\u0113misk\u0101 bibliot\u0113kas un Rakstniec\u012bbas un m\u016bzikas muzeja kr\u0101jumiem<\/p>\n\t\t<\/div>\n\t\t[\/vc_column][vc_column width=&#8221;5\/12&#8243;]\t\t<div class=\"wd-osm-map-container wd-map-container wd-rs-67a51550ca207 \">\n\t\t\t<div id=\"wd-rs-67a51550ca207\" class=\"wd-osm-map-wrapper wd-map-wrapper\" data-settings=\"{&quot;zoom&quot;:&quot;17&quot;,&quot;iconUrl&quot;:&quot;https:\\\/\\\/cesustasti.lv\\\/wp-content\\\/themes\\\/woodmart\\\/images\\\/icons\\\/marker-icon.png&quot;,&quot;scrollWheelZoom&quot;:&quot;yes&quot;,&quot;zoomControl&quot;:&quot;yes&quot;,&quot;dragging&quot;:&quot;yes&quot;,&quot;geoapify_tile&quot;:&quot;osm-carto&quot;,&quot;markers&quot;:[{&quot;marker&quot;:{&quot;marker_title&quot;:&quot;J\\u0113pes nams&quot;,&quot;marker_coords&quot;:&quot;57.311791, 25.268779&quot;,&quot;marker_behavior&quot;:&quot;popup&quot;,&quot;show_button&quot;:&quot;no&quot;,&quot;button_url_target&quot;:&quot;_blank&quot;,&quot;image_size&quot;:[],&quot;image&quot;:&quot;&quot;},&quot;lat&quot;:&quot;57.311791&quot;,&quot;lng&quot;:&quot; 25.268779&quot;}],&quot;center&quot;:&quot;57.311791,25.268779&quot;,&quot;init_type&quot;:&quot;page_load&quot;,&quot;init_offset&quot;:&quot;100&quot;}\"><\/div>\n\n\t\t\t\n\t\t\t\n\t\t\t\t\t<\/div>\n\t\t[\/vc_column][\/vc_row]<\/p>\n<\/div>","protected":false},"excerpt":{"rendered":"<p>\u0112ka piedz\u012bvoja neparastu p\u0101rv\u0113rt\u012bbu \u2013 no 18. gadsimta kareivju-inval\u012bdu patversmes t\u0101 20. gadsimta s\u0101kum\u0101 k\u013cuva par modernu tipogr\u0101fiju, kur Rudolfs J\u0113pe iespieda ne tikai gr\u0101matas, bet ar\u012b kr\u0101sainas afi\u0161as un dziesmu lapi\u0146as. Nama liktenis tra\u0123iski nosl\u0113dz\u0101s 1944. gada 14. septembr\u012b, kad Sarkan\u0101s Armijas uzlidojuma laik\u0101 t\u0101 tika sagrauta ar aviobumbu, k\u013c\u016bstot par vienu no daudzaj\u0101m Otr\u0101 pasaules kara upur\u0113m C\u0113s\u012bs.<\/p>\n<h3><strong>Fakti<\/strong><\/h3>\n<ul>\n<li>1665.gads: Pirm\u0101 dokument\u0101l\u0101 piemin\u0113\u0161ana, \u012bpa\u0161nieks Joahims Meskavs. \u0112ka cietusi ugunsgr\u0113k\u0101, bet m\u016bri saglab\u0101ju\u0161ies stingri.<\/li>\n<li>1693.gads: \u0112ka atz\u012bm\u0113ta Zviedrijas karalisk\u0101 zemes m\u0113rnieka Johana Abrama Ulriha sast\u0101d\u012btaj\u0101 pl\u0101n\u0101.<\/li>\n<li>18. gs.: Pils\u0113ta ieg\u0101d\u0101jas \u0113ku un p\u0101rveido par kareivju-inval\u012bdu patversmi (&#8220;inval\u012bdu kazarmu&#8221;).<\/li>\n<li>1878.gads: \u0112ku publisk\u0101 izsol\u0113 par 2712 rub\u013ciem nop\u0113rk C\u0113su nodok\u013cu p\u0101rvaldes vec\u0101kais Gustavs Hermans.<\/li>\n<li>1910.gada 19. maijs: \u0112ku par 6500 rub\u013ciem nop\u0113rk Veisma\u0146u mui\u017eas \u012bpa\u0161nieks Gotl\u012bbs fon Blankenhagens.<\/li>\n<li>1924.gada 3. decembris: \u012apa\u0161umu par 8000 latiem ieg\u0101d\u0101jas Rudolfs J\u0113pe.<\/li>\n<li>1925.gads: Rudolfs J\u0113pe veic \u0113kas p\u0101rb\u016bvi un kapit\u0101lo remontu, ier\u012bko tipogr\u0101fiju.<\/li>\n<li>1936.gads 20. febru\u0101ris: C\u0113snieki atz\u012bm\u0113 Rudolfa J\u0113pes 35 gadu jubileju gr\u0101matu iespied\u0113ja amat\u0101.<\/li>\n<li>1940.gada 2. augusts: Padomju vara nacionaliz\u0113 R. J\u0113pes spiestuvi.<\/li>\n<li>1944.gada 14. septembris: Sarkan\u0101s Armijas uzlidojuma laik\u0101 \u0113ka tiek sagrauta ar aviobumbu.<\/li>\n<li>1948.gads: \u0112kas drupas tiek nov\u0101ktas, teritorija p\u0101rveidota par Pionieru laukumu.<\/li>\n<\/ul>\n","protected":false},"featured_media":793,"template":"","meta":[],"product_brand":[],"product_cat":[26,103],"product_tag":[104,118,117],"class_list":{"0":"post-679","1":"product","2":"type-product","3":"status-publish","4":"has-post-thumbnail","6":"product_cat-nami","7":"product_cat-dzivojamas-ekas","8":"product_tag-dzivojama-eka","9":"product_tag-nav-saglabajies","10":"product_tag-tipografija","12":"first","13":"instock","14":"shipping-taxable","15":"product-type-simple"},"jetpack_sharing_enabled":true,"_links":{"self":[{"href":"https:\/\/cesustasti.lv\/en\/wp-json\/wp\/v2\/product\/679","targetHints":{"allow":["GET"]}}],"collection":[{"href":"https:\/\/cesustasti.lv\/en\/wp-json\/wp\/v2\/product"}],"about":[{"href":"https:\/\/cesustasti.lv\/en\/wp-json\/wp\/v2\/types\/product"}],"wp:featuredmedia":[{"embeddable":true,"href":"https:\/\/cesustasti.lv\/en\/wp-json\/wp\/v2\/media\/793"}],"wp:attachment":[{"href":"https:\/\/cesustasti.lv\/en\/wp-json\/wp\/v2\/media?parent=679"}],"wp:term":[{"taxonomy":"product_brand","embeddable":true,"href":"https:\/\/cesustasti.lv\/en\/wp-json\/wp\/v2\/product_brand?post=679"},{"taxonomy":"product_cat","embeddable":true,"href":"https:\/\/cesustasti.lv\/en\/wp-json\/wp\/v2\/product_cat?post=679"},{"taxonomy":"product_tag","embeddable":true,"href":"https:\/\/cesustasti.lv\/en\/wp-json\/wp\/v2\/product_tag?post=679"}],"curies":[{"name":"wp","href":"https:\/\/api.w.org\/{rel}","templated":true}]}}