{"id":678,"date":"2025-02-06T19:43:10","date_gmt":"2025-02-06T19:43:10","guid":{"rendered":"https:\/\/cesustasti.lv\/?post_type=product&#038;p=678"},"modified":"2025-04-17T08:43:57","modified_gmt":"2025-04-17T08:43:57","slug":"cesu-viesnica-tervete","status":"publish","type":"product","link":"https:\/\/cesustasti.lv\/en\/visi-stasti\/cesu-viesnica-tervete\/","title":{"rendered":"C\u0113su viesn\u012bca &#8220;T\u0113rvete&#8221;"},"content":{"rendered":"<div class=\"wpb-content-wrapper\"><p>[vc_row][vc_column width=&#8221;7\/12&#8243;]\t\t<div id=\"wd-6800bee8e8ff9\" class=\"wd-text-block wd-wpb reset-last-child wd-rs-6800bee8e8ff9 text-left \">\n\t\t\t<p>C\u0113su viesn\u012bcas \u201cT\u0113rvete\u201d st\u0101sts aizs\u0101k\u0101s ar v\u0113rien\u012bgu ieceri \u2013 1939. gad\u0101 pl\u0101noto moteli Rietumeiropas autot\u016bristiem, kas b\u016btu uz\u0146\u0113mis 1940. gada Helsinku olimpisko sp\u0113\u013cu apmekl\u0113t\u0101jus. Arhitekta H. Vilma\u0146a projekt\u0113t\u0101 un M. Hartma\u0146a b\u016bvfirmas celt\u0101 \u0113ka tika iecer\u0113ta k\u0101 moderns viesm\u012bl\u012bbas komplekss, kura izb\u016bvei paredz\u0113ja 170 000 latu.<br \/>\n1939. gada febru\u0101r\u012b izv\u0113l\u0113taj\u0101 viet\u0101 Uzvaras bulv\u0101r\u012b jau septembr\u012b svin\u012bgi tika ielikts pamatakmens, un oktobra vid\u016b \u0113ka jau bija izaugusi l\u012bdz p\u0113d\u0113j\u0101 st\u0101va sien\u0101m. Impozant\u0101 celtne tika projekt\u0113ta ar skatu uz 15. maija parku, paredzot pla\u0161u terasi, kas diem\u017e\u0113l s\u0101kotn\u0113ji palika nerealiz\u0113ta satiksmes ce\u013ca d\u0113\u013c.<\/p>\n<p>Kaut ar\u012b kara apst\u0101k\u013ci izmain\u012bja s\u0101kotn\u0113jos pl\u0101nus, \u0113ka tika pabeigta, un 1941. gada 1. janv\u0101r\u012b viesn\u012bca \u201cT\u0113rvete\u201d v\u0113ra durvis apmekl\u0113t\u0101jiem. T\u0101 pied\u0101v\u0101ja ne tikai 15 viesu istabas otraj\u0101 st\u0101v\u0101, bet ar\u012b kafejn\u012bcu ar deju gr\u012bdu, pla\u0161u terasi, restor\u0101nu un konferen\u010du telpas pirmaj\u0101 st\u0101v\u0101. \u0112kas pagraba st\u0101v\u0101 tika ier\u012bkotas se\u0161as gar\u0101\u017eas, pretg\u0101zu patvertne un saimniec\u012bbas telpas.<\/p>\n<p>Viesn\u012bcas att\u012bst\u012bbas st\u0101sts turpin\u0101j\u0101s 1963. gad\u0101, kad tika izstr\u0101d\u0101ti pl\u0101ni jaunam, v\u0113rien\u012bgam papla\u0161in\u0101jumam. Arhitekta V. Laka vad\u012bb\u0101 tika projekt\u0113ta jauna, vair\u0101kst\u0101vu viesn\u012bcas \u0113ka, kas kop\u0101 ar eso\u0161o \u201cT\u0113rvetes\u201d \u0113ku veidotu vienotu ansambli Uzvaras laukum\u0101, kopum\u0101 nodro\u0161inot 200 vietas viesiem. Jaunaj\u0101 \u0113k\u0101 tika pl\u0101notas da\u017e\u0101da izm\u0113ra istabas, k\u0101 ar\u012b gr\u0101matu veikals pirmaj\u0101 st\u0101v\u0101.<\/p>\n<p>Avots:<br \/>\nL\u012bga Lansberga, Projekts \u201cLatvijas mui\u017eas un pilis un citas interesantas vietas\u201d<\/p>\n\t\t<\/div>\n\t\t[\/vc_column][vc_column width=&#8221;5\/12&#8243;]\t\t<div class=\"wd-osm-map-container wd-map-container wd-rs-67a5136a81249 \">\n\t\t\t<div id=\"wd-rs-67a5136a81249\" class=\"wd-osm-map-wrapper wd-map-wrapper\" data-settings=\"{&quot;zoom&quot;:&quot;17&quot;,&quot;iconUrl&quot;:&quot;https:\\\/\\\/cesustasti.lv\\\/wp-content\\\/themes\\\/woodmart\\\/images\\\/icons\\\/marker-icon.png&quot;,&quot;scrollWheelZoom&quot;:&quot;yes&quot;,&quot;zoomControl&quot;:&quot;yes&quot;,&quot;dragging&quot;:&quot;yes&quot;,&quot;geoapify_tile&quot;:&quot;osm-carto&quot;,&quot;markers&quot;:[{&quot;marker&quot;:{&quot;marker_title&quot;:&quot;C\\u0113su viesn\\u012bca&quot;,&quot;marker_coords&quot;:&quot;57.314111, 25.274661&quot;,&quot;marker_behavior&quot;:&quot;popup&quot;,&quot;show_button&quot;:&quot;no&quot;,&quot;button_url_target&quot;:&quot;_blank&quot;,&quot;image_size&quot;:[],&quot;image&quot;:&quot;&quot;},&quot;lat&quot;:&quot;57.314111&quot;,&quot;lng&quot;:&quot; 25.274661&quot;}],&quot;center&quot;:&quot;57.314111,25.274661&quot;,&quot;init_type&quot;:&quot;page_load&quot;,&quot;init_offset&quot;:&quot;100&quot;}\"><\/div>\n\n\t\t\t\n\t\t\t\n\t\t\t\t\t<\/div>\n\t\t[\/vc_column][\/vc_row]<\/p>\n<\/div>","protected":false},"excerpt":{"rendered":"<p>C\u0113su viesn\u012bca \u201cT\u0113rvete\u201d s\u0101kotn\u0113ji tika pl\u0101nota k\u0101 motelis 1940. gada Helsinku olimpisko sp\u0113\u013cu apmekl\u0113t\u0101jiem, ta\u010du kara apst\u0101k\u013cu d\u0113\u013c tika atv\u0113rta tikai 1941. gada 1. janv\u0101r\u012b. Modern\u0101 \u0113ka, kuras b\u016bvniec\u012bba izmaks\u0101ja 170 000 latu, tika apr\u012bkota ne tikai ar viesu istab\u0101m, bet ar\u012b ar se\u0161\u0101m gar\u0101\u017e\u0101m un pat pretg\u0101zu patvertni.<\/p>\n<h3><strong>Fakti<\/strong><\/h3>\n<ul>\n<li>1939.gada 12. febru\u0101ris: Izv\u0113l\u0113ta vieta viesn\u012bcas b\u016bvniec\u012bbai.<br \/>\n4. augusts: Iek\u0161lietu ministrijas B\u016bvniec\u012bbas departaments apstiprina viesn\u012bcas projektu.<br \/>\n25. septembris: Viesn\u012bcas pamatakmens lik\u0161anas svin\u012bbas<br \/>\n10. oktobris.: Pabeigta p\u0113d\u0113j\u0101 st\u0101va sienu m\u016br\u0113\u0161ana.<\/li>\n<li>1940. gada 22. apr\u012blis: Viesn\u012bcas jaunb\u016bves darbi pabeigti pusb\u016bv\u0113.<br \/>\n7. augusts: Latvijas Kred\u012btbankas vad\u012bba apseko jaunb\u016bvi. Pie\u0146emts l\u0113mums par b\u016bvniec\u012bbas pabeig\u0161anu steidzam\u012bbas k\u0101rt\u012bb\u0101<\/li>\n<li>1941. gada 1. janv\u0101ris: Viesn\u012bcas &#8220;T\u0113rvete&#8221; ofici\u0101l\u0101 atkl\u0101\u0161ana.<br \/>\nAtv\u0113rts I \u0161\u0137iras restor\u0101ns un kafejn\u012bca.<\/li>\n<li>1963.gads: Izstr\u0101d\u0101ti pl\u0101ni jaunas viesn\u012bcas b\u016bvniec\u012bbai ar 200 gultasviet\u0101m<\/li>\n<\/ul>\n","protected":false},"featured_media":799,"template":"","meta":[],"product_brand":[],"product_cat":[26,82],"product_tag":[83],"class_list":{"0":"post-678","1":"product","2":"type-product","3":"status-publish","4":"has-post-thumbnail","6":"product_cat-nami","7":"product_cat-viesnicas","8":"product_tag-viesnica","10":"first","11":"instock","12":"shipping-taxable","13":"product-type-simple"},"jetpack_sharing_enabled":true,"_links":{"self":[{"href":"https:\/\/cesustasti.lv\/en\/wp-json\/wp\/v2\/product\/678","targetHints":{"allow":["GET"]}}],"collection":[{"href":"https:\/\/cesustasti.lv\/en\/wp-json\/wp\/v2\/product"}],"about":[{"href":"https:\/\/cesustasti.lv\/en\/wp-json\/wp\/v2\/types\/product"}],"wp:featuredmedia":[{"embeddable":true,"href":"https:\/\/cesustasti.lv\/en\/wp-json\/wp\/v2\/media\/799"}],"wp:attachment":[{"href":"https:\/\/cesustasti.lv\/en\/wp-json\/wp\/v2\/media?parent=678"}],"wp:term":[{"taxonomy":"product_brand","embeddable":true,"href":"https:\/\/cesustasti.lv\/en\/wp-json\/wp\/v2\/product_brand?post=678"},{"taxonomy":"product_cat","embeddable":true,"href":"https:\/\/cesustasti.lv\/en\/wp-json\/wp\/v2\/product_cat?post=678"},{"taxonomy":"product_tag","embeddable":true,"href":"https:\/\/cesustasti.lv\/en\/wp-json\/wp\/v2\/product_tag?post=678"}],"curies":[{"name":"wp","href":"https:\/\/api.w.org\/{rel}","templated":true}]}}