{"id":675,"date":"2025-02-06T19:15:51","date_gmt":"2025-02-06T19:15:51","guid":{"rendered":"https:\/\/cesustasti.lv\/?post_type=product&#038;p=675"},"modified":"2025-04-17T08:40:16","modified_gmt":"2025-04-17T08:40:16","slug":"cesu-uzvaras-piemineklis","status":"publish","type":"product","link":"https:\/\/cesustasti.lv\/en\/visi-stasti\/cesu-uzvaras-piemineklis\/","title":{"rendered":"C\u0113su uzvaras piemineklis"},"content":{"rendered":"<div class=\"wpb-content-wrapper\"><p>[vc_row][vc_column width=&#8221;1\/2&#8243;]\t\t<div id=\"wd-6800bddecc50f\" class=\"wd-text-block wd-wpb reset-last-child wd-rs-6800bddecc50f text-left \">\n\t\t\t<p>C\u0113su centr\u0101, Vien\u012bbas laukum\u0101, slejas majest\u0101tisks 17 metrus augsts piemineklis \u2013 viens no pirmajiem Latvijas Br\u012bv\u012bbas c\u012b\u0146u piemi\u0146ai velt\u012btajiem monumentiem valst\u012b. T\u0101 pamatideja \u2013 \u201cc\u012b\u0146u liesm\u0101s aust br\u012bv\u012bbas saule\u201d \u2013 iemiesota elegant\u0101s \u0123eometrisk\u0101s form\u0101s.<\/p>\n<p>Pieminek\u013ca st\u0101sts ir tikpat dramatisks k\u0101 Latvijas v\u0113sture. S\u0101kotn\u0113ji, 1924. gad\u0101, to veidoja iev\u0113rojamais arhitekts P. Kundzi\u0146\u0161 no Alla\u017eu \u0161\u016bnakmens. Obeliska pamatu rot\u0101ja bronzas uzraksts \u201cNo zobena saule l\u0113ca\u201d un gadskait\u013ci \u201c1919\u20131920\u201d, bet virsotn\u0113 mirdz\u0113ja zelta lode \u2013 br\u012bv\u0101s Latvijas saules simbols. Svin\u012bgaj\u0101 atkl\u0101\u0161an\u0101 1924. gada 16. novembr\u012b piedal\u012bj\u0101s Valsts prezidents J\u0101nis \u010cakste.<\/p>\n<p>Padomju okup\u0101cijas vara 1951. gada 25. marta nakt\u012b pieminekli uzspridzin\u0101ja. Ta\u010du tautas atmi\u0146\u0101 tas turpin\u0101ja dz\u012bvot, un 1980. gadu beig\u0101s s\u0101k\u0101s centieni to atjaunot. 1998. gad\u0101, pateicoties Igaunijas vald\u012bbas atbalstam un S\u0101msalas dolom\u012bta izmanto\u0161anai, piemineklis tika atjaunots t\u0101 v\u0113sturiskaj\u0101 viet\u0101.<\/p>\n<p>Avots:<br \/>\nL\u012bga Lansberga, Projekts \u201cLatvijas mui\u017eas un pilis un citas interesantas vietas\u201d<\/p>\n\t\t<\/div>\n\t\t[\/vc_column][vc_column width=&#8221;1\/2&#8243;]\t\t<div class=\"wd-osm-map-container wd-map-container wd-rs-67a50bcab93fe \">\n\t\t\t<div id=\"wd-rs-67a50bcab93fe\" class=\"wd-osm-map-wrapper wd-map-wrapper\" data-settings=\"{&quot;zoom&quot;:&quot;17&quot;,&quot;iconUrl&quot;:&quot;https:\\\/\\\/cesustasti.lv\\\/wp-content\\\/themes\\\/woodmart\\\/images\\\/icons\\\/marker-icon.png&quot;,&quot;scrollWheelZoom&quot;:&quot;yes&quot;,&quot;zoomControl&quot;:&quot;yes&quot;,&quot;dragging&quot;:&quot;yes&quot;,&quot;geoapify_tile&quot;:&quot;osm-carto&quot;,&quot;markers&quot;:[{&quot;marker&quot;:{&quot;marker_title&quot;:&quot;Vien\\u012bbas laukums&quot;,&quot;marker_coords&quot;:&quot;57.313539, 25.274988&quot;,&quot;marker_behavior&quot;:&quot;popup&quot;,&quot;show_button&quot;:&quot;no&quot;,&quot;button_url_target&quot;:&quot;_blank&quot;,&quot;image_size&quot;:[],&quot;image&quot;:&quot;&quot;},&quot;lat&quot;:&quot;57.313539&quot;,&quot;lng&quot;:&quot; 25.274988&quot;}],&quot;center&quot;:&quot;57.313539,25.274988&quot;,&quot;init_type&quot;:&quot;page_load&quot;,&quot;init_offset&quot;:&quot;100&quot;}\"><\/div>\n\n\t\t\t\n\t\t\t\n\t\t\t\t\t<\/div>\n\t\t[\/vc_column][\/vc_row]<\/p>\n<\/div>","protected":false},"excerpt":{"rendered":"<p>Piemineklis ir viens no pirmajiem Br\u012bv\u012bbas c\u012b\u0146u pieminek\u013ciem Latvij\u0101. T\u0101 atjauno\u0161an\u0101 noz\u012bm\u012bgu atbalstu sniedza Igaunijas vald\u012bba, d\u0101vinot 200 000 Igaunijas kronu b\u016bvniec\u012bbas materi\u0101liem.<\/p>\n<h3><strong>Fakti<\/strong><\/h3>\n<ul>\n<li>1924.gada 22. j\u016bnijs: Svin\u012bga pieminek\u013ca pamatakmens ielik\u0161ana.<\/li>\n<li>1924.gada 16. novembris: Pieminek\u013ca atkl\u0101\u0161ana, piedaloties Valsts prezidentam J\u0101nim \u010cakstem.<\/li>\n<li>1951.gada 25. marts: Padomju okup\u0101cijas re\u017e\u012bms nakt\u012b uzspridzina un nojauc pieminekli.<\/li>\n<li>1980.gads: Latvijas Tautas fronte un Vides Aizsardz\u012bbas kluba C\u0113su noda\u013ca uzs\u0101k ziedojumu v\u0101k\u0161anu pieminek\u013ca atjauno\u0161anai.<\/li>\n<li>1997.gads: C\u0113su rajona padomes deput\u0101ti pie\u0146em l\u0113mumu par pieminek\u013ca atjauno\u0161anu un pie\u0161\u0137ir 20 000 latu b\u016bvdarbu uzs\u0101k\u0161anai.<br \/>\nIgaunijas Republikas vald\u012bba d\u0101vina 200 000 Igaunijas kronu pieminek\u013ca atjauno\u0161anai, par ko tiek ieg\u0101d\u0101ts S\u0101msalas dolom\u012bts.<\/li>\n<li>1998.gada 22. j\u016bnijs: C\u0113su kauju 79. gadadien\u0101 tiek ielikts atjaunojam\u0101 pieminek\u013ca pamatakmens.<\/li>\n<li>1998.gada 15. novembris: Atjaunot\u0101 pieminek\u013ca svin\u012bg\u0101 atkl\u0101\u0161ana, piedaloties Igaunijas Republikas parlamenta vad\u012bt\u0101jam un Latvijas Republikas prezidentam.<\/li>\n<\/ul>\n","protected":false},"featured_media":804,"template":"","meta":[],"product_brand":[],"product_cat":[109],"product_tag":[111,112,110],"class_list":{"0":"post-675","1":"product","2":"type-product","3":"status-publish","4":"has-post-thumbnail","6":"product_cat-pieminekli","7":"product_tag-brivibas-cinas","8":"product_tag-igaunija","9":"product_tag-piemineklis","11":"first","12":"instock","13":"shipping-taxable","14":"product-type-simple"},"jetpack_sharing_enabled":true,"_links":{"self":[{"href":"https:\/\/cesustasti.lv\/en\/wp-json\/wp\/v2\/product\/675","targetHints":{"allow":["GET"]}}],"collection":[{"href":"https:\/\/cesustasti.lv\/en\/wp-json\/wp\/v2\/product"}],"about":[{"href":"https:\/\/cesustasti.lv\/en\/wp-json\/wp\/v2\/types\/product"}],"wp:featuredmedia":[{"embeddable":true,"href":"https:\/\/cesustasti.lv\/en\/wp-json\/wp\/v2\/media\/804"}],"wp:attachment":[{"href":"https:\/\/cesustasti.lv\/en\/wp-json\/wp\/v2\/media?parent=675"}],"wp:term":[{"taxonomy":"product_brand","embeddable":true,"href":"https:\/\/cesustasti.lv\/en\/wp-json\/wp\/v2\/product_brand?post=675"},{"taxonomy":"product_cat","embeddable":true,"href":"https:\/\/cesustasti.lv\/en\/wp-json\/wp\/v2\/product_cat?post=675"},{"taxonomy":"product_tag","embeddable":true,"href":"https:\/\/cesustasti.lv\/en\/wp-json\/wp\/v2\/product_tag?post=675"}],"curies":[{"name":"wp","href":"https:\/\/api.w.org\/{rel}","templated":true}]}}