{"id":673,"date":"2025-02-06T18:52:26","date_gmt":"2025-02-06T18:52:26","guid":{"rendered":"https:\/\/cesustasti.lv\/?post_type=product&#038;p=673"},"modified":"2025-05-03T14:42:38","modified_gmt":"2025-05-03T14:42:38","slug":"ziversa-ires-nams","status":"publish","type":"product","link":"https:\/\/cesustasti.lv\/en\/visi-stasti\/ziversa-ires-nams\/","title":{"rendered":"Z\u012bversa \u012bres nams"},"content":{"rendered":"<div class=\"wpb-content-wrapper\"><p>[vc_row][vc_column width=&#8221;7\/12&#8243;]\t\t<div id=\"wd-6816296ad187c\" class=\"wd-text-block wd-wpb reset-last-child wd-rs-6816296ad187c text-left \">\n\t\t\t<p>\u0160aj\u0101 viet\u0101, kur l\u012bdz 1748.gada 3.augusta pils\u0113tas ugunsgr\u0113kam, atrad\u0101s pirmais zin\u0101mais 14.gs celtais C\u0113su pils\u0113tas r\u0101tsnams un pils\u0113tas arh\u012bvs, \u0161odien lepni slejas iespaid\u012bgais Z\u012bversa \u012bres nams.<\/p>\n<p>Kop\u0161 1870.gadiem \u0161is nekustamais \u012bpa\u0161ums non\u0101ca C\u0113su pilsmui\u017eas \u012bpa\u0161nieka gr\u0101fa Emanuela Z\u012bversa (1817-1909) rok\u0101s. Gr\u0101fs izr\u0101d\u012bj\u0101s veikls dar\u012bjumu cilv\u0113ks \u2013 vi\u0146\u0161 apvienoja divus atsevi\u0161\u0137us gruntsgabalus, izveidojot iespaid\u012bgu \u012bpa\u0161umu pa\u0161\u0101 pils\u0113tas centr\u0101 pie Tirgus laukuma. P\u0113c vi\u0146a pas\u016bt\u012bjuma, b\u016bvuz\u0146\u0113m\u0113ja J\u0101\u0146a Me\u0146\u0123e\u013ca vad\u012bb\u0101, tika uzcelts m\u016bsdien\u0101s redzamais tr\u012bsst\u0101vu sarkan\u0101 \u0137ie\u0123e\u013ca nams.<\/p>\n<p>1888.gada vasar\u0101 &#8220;Balss&#8221; av\u012bz\u0113 par\u0101d\u012bj\u0101s intri\u0123\u0113jo\u0161s sludin\u0101jums \u2013 gr\u0101fa &#8220;jaunuzb\u016bv\u0113taj\u0101 m\u0101j\u0101&#8221; tika iz\u012br\u0113tas telpas tirgotavai, krogam un da\u017e\u0101diem dz\u012bvok\u013ciem. Jau tolaik \u0113k\u0101 var\u0113ja just ekonomisko ros\u012bbu, kas rakstur\u012bga pils\u0113tas centram. \u0160aj\u0101 nam\u0101 telpas \u012br\u0113ja ar\u012b pasta kantoris, l\u012bdz 1906.gad\u0101 tas p\u0101rc\u0113l\u0101s uz speci\u0101li tam uzcelto \u0113ku Palasta iel\u0101.<\/p>\n<p>Gr\u0101fs Emanuels, sasniedzis cien\u012bjamo 85 gadu vecumu, 1902.gad\u0101 savu \u012bpa\u0161umu nov\u0113l\u0113ja mazd\u0113lam gr\u0101fam Aleksandram Z\u012bversam. Tie\u0161i \u0161aj\u0101 laik\u0101 \u0113k\u0101 s\u0101ka ien\u0101kt modernisma v\u0113smas \u2013 1913.gad\u0101 nam\u0101 iek\u0101rtoj\u0101s Jurjevas (Tartu) Bankas C\u0113su noda\u013ca, kas pat ier\u012bkoja met\u0101la seifus un piepras\u012bja elektr\u012bbas ievilk\u0161anu. 1917. gad\u0101 banka k\u013cuva par nama \u012bpa\u0161nieci.<\/p>\n<p>Liktenis tom\u0113r bija ne\u017e\u0113l\u012bgs \u2013 Pirmais pasaules kar\u0161, Krievijas imp\u0113rijas sabrukums un tam sekojo\u0161ie nemieri piln\u012bb\u0101 izjauca ierasto k\u0101rt\u012bbu. No 1918. \u2013 1919.gadam \u0113k\u0101 darboj\u0101s Latvie\u0161u str\u0113lnieku pulku apvienot\u0101s padomes izpildkomiteja jeb <em>Iskolastrels<\/em>.<\/p>\n<p>Jau p\u0113c Latvijas neatkar\u012bbas ieg\u016b\u0161anas, no 1921. l\u012bdz 1940.gadam Z\u012bversa \u012bres nams pieder\u0113ja Jetei Krenicai un vi\u0146as \u0123imenei.<\/p>\n<p>Kreniciem piedero\u0161aj\u0101 nam\u0101 telpas iznom\u0101ja da\u017e\u0101diem veikaliem, darbn\u012bc\u0101m un dz\u012bvok\u013ciem. \u0160eit savu prasmi demonstr\u0113ja gan dr\u0113bnieks M. Skundri\u0137is, gan kungu dr\u0113bju tirgot\u0101js Itcu P\u0113teris, gan fotogr\u0101fi Alberts Vizla un V. Skrasti\u0146\u0161. Pasaules ekonomisk\u0101 kr\u012bze 20.gadsimta 30.gados ne\u017e\u0113l\u012bgi sk\u0101ra ar\u012b C\u0113su veikalniekus \u2013 daudzi no tiem bankrot\u0113ja, atst\u0101jot tuk\u0161as telpas, kas dr\u012bz vien piepild\u012bj\u0101s ar jauniem uz\u0146\u0113m\u012bgiem tirgot\u0101jiem.<\/p>\n<p>P\u0113c okup\u0101cijas, 1940.\/41.gada mij\u0101, \u0113k\u0101 atrad\u0101s Latvijas komunistisk\u0101s (bo\u013c\u0161eviku) partijas (LK(b)P) C\u0113su apri\u0146\u0137a komiteja.V\u0113l\u0101 ar\u012b av\u012bzes &#8220;C\u0113su Stars&#8221; redakcija un pils\u0113tas pasta noda\u013ca<\/p>\n<p>Uzreiz p\u0113c Otr\u0101 pasaules kara \u0113k\u0101 iek\u0101rtoja Amatniec\u012bbas skolas Nr.4 kopm\u012btnes ar virtuvi un v\u0113l\u0101k ar\u012b bibliot\u0113ku un skolas muzeju. \u0112kas pagrabos ar skaistaj\u0101m velv\u0113m glab\u0101j\u0101s p\u0101rtikas kr\u0101jumi. Savuk\u0101r \u0113kas pagalm\u0101 eso\u0161o str\u016bklaku \u201cDelf\u012bns\u201d 1952.gad\u0101 demont\u0113ja, t\u0101s viet\u0101 uzce\u013cot malkas \u0161\u0137\u016b\u0146us un c\u016bku k\u016bti \u2013 \u201clai piln\u012bb\u0101 var\u0113tu izlietot \u0113dienu atlikumus\u201d . 60\u2019to gadu s\u0101kum\u0101 c\u016bku novietni p\u0101rb\u016bv\u0113ja par gar\u0101\u017eu skolas automa\u0161\u012bn\u0101m.<\/p>\n<p>M\u016bsdien\u0101s \u0161aj\u0101 v\u0113sturiskaj\u0101 \u0113k\u0101 darbojas Latvijas Universit\u0101tes C\u0113su fili\u0101le, kas kop\u0161 2017.gada turpina 1995.gad\u0101 R\u012bgas Pedago\u0123ijas augstskolas aizs\u0101kto augst\u0101k\u0101s izgl\u012bt\u012bbas trad\u012bciju C\u0113s\u012bs.<\/p>\n<p>T\u0101 no \u012bres nama ar s\u012bktirgot\u0101jiem \u0113ka ir p\u0101rtapusi par zin\u012bbas neso\u0161u centru, kuru l\u012bdz 2021.gadam bija absolv\u0113ju\u0161i jau gand\u012brs \u00a02600 studenti.<\/p>\n<p><em>Apraksta izveid\u0113 izmantoti materi\u0101li no:<\/em><br \/>\n<em>Dace Cepur\u012bte, Mg. hist., p\u0113t\u012bjums \u201cC\u0113snieks un vi\u0146a nams\u201d<\/em><br \/>\n<em>L\u012bga Lansberga, projekts \u201cLatvijas mui\u017eas un pilis un citas interesantas vietas\u201d<\/em><br \/>\n<em>Ilgas Grotes un Dainas Eizenbergas p\u0113t\u012bjuma &#8220;C\u0113su valsts Amatniec\u012bbas skolai 100&#8221;<br \/>\nC\u0113su pils muzeja un C\u0113su Centr\u0101l\u0101s bibliot\u0113kas kr\u0101jumiem<br \/>\n<\/em>Latvijas universit\u0101tes c\u0113su fili\u0101les <a href=\"https:\/\/www.cesis.lu.lv\/par-mums\/vesture\/\">interneta vietnes<\/a><\/p>\n\t\t<\/div>\n\t\t[\/vc_column][vc_column width=&#8221;5\/12&#8243;]\t\t<div class=\"wd-osm-map-container wd-map-container wd-rs-67a5086c3f4ef \">\n\t\t\t<div id=\"wd-rs-67a5086c3f4ef\" class=\"wd-osm-map-wrapper wd-map-wrapper\" data-settings=\"{&quot;zoom&quot;:&quot;17&quot;,&quot;iconUrl&quot;:&quot;https:\\\/\\\/cesustasti.lv\\\/wp-content\\\/themes\\\/woodmart\\\/images\\\/icons\\\/marker-icon.png&quot;,&quot;scrollWheelZoom&quot;:&quot;yes&quot;,&quot;zoomControl&quot;:&quot;yes&quot;,&quot;dragging&quot;:&quot;yes&quot;,&quot;geoapify_tile&quot;:&quot;osm-carto&quot;,&quot;markers&quot;:[{&quot;marker&quot;:{&quot;marker_title&quot;:&quot;Z\\u012bversa \\u012bres nams&quot;,&quot;marker_coords&quot;:&quot;57.311844, 25.270675&quot;,&quot;marker_behavior&quot;:&quot;popup&quot;,&quot;show_button&quot;:&quot;no&quot;,&quot;button_url_target&quot;:&quot;_blank&quot;,&quot;image_size&quot;:[],&quot;image&quot;:&quot;&quot;},&quot;lat&quot;:&quot;57.311844&quot;,&quot;lng&quot;:&quot; 25.270675&quot;}],&quot;center&quot;:&quot;57.311844,25.270675&quot;,&quot;init_type&quot;:&quot;page_load&quot;,&quot;init_offset&quot;:&quot;100&quot;}\"><\/div>\n\n\t\t\t\n\t\t\t\n\t\t\t\t\t<\/div>\n\t\t[\/vc_column][\/vc_row]<\/p>\n<\/div>","protected":false},"excerpt":{"rendered":"<p>\u0112ka b\u016bv\u0113ta uz C\u0113su pils\u0113tas vec\u0101 r\u0101tsnama pamatiem, kur\u0161 nodega 1748.gada ugunsgr\u0113k\u0101, l\u012bdzi pa\u0146emot ar\u012b pils\u0113tas arh\u012bvu un v\u0113sturisk\u0101s liec\u012bbas. Zem \u0113kas kreis\u0101 sp\u0101rna v\u0113l joproj\u0101m atrodas 14.gadsimt\u0101 celt\u0101 r\u0101tsnama pamati ar skaist\u0101m velv\u0113m, kas padomju laikos kalpoja gan k\u0101 p\u0101rtikas noliktava, gan k\u0101 vieta, kur liel\u0101s katl\u0101s sild\u012bja \u016bdeni mazg\u0101\u0161an\u0101s vajadz\u012bb\u0101m.<\/p>\n<p>1950-to gadu s\u0101kum\u0101 nama pagalm\u0101 darboj\u0101s str\u016bklaka &#8220;Delf\u012bns&#8221;, bet v\u0113l\u0101k t\u0101s viet\u0101 ier\u012bkoja c\u016bku novietni, lai &#8220;piln\u012bb\u0101 izmantotu \u0113dienu atlikumus&#8221; \u2013 1952.gad\u0101 tur mita pieci siv\u0113ni, kurus v\u0113l\u0101k, p\u0113c novietnes p\u0101rb\u016bves par gar\u0101\u017eu, nomain\u012bja skolas automa\u0161\u012bnas.<\/p>\n<h3><strong>Fakti<\/strong><\/h3>\n<ul>\n<li>14.gadsimts: Uzcelts C\u0113su pirmais zin\u0101mais pils\u0113tas r\u0101tsnams, uz kura pamatiem v\u0113l\u0101k uzb\u016bv\u0113ta tagad\u0113j\u0101 \u0113ka<\/li>\n<li>1748.gads: Liels ugunsgr\u0113ks nopost\u012bja pils\u0113tas r\u0101tsnamu un liel\u0101ko da\u013cu pils\u0113tas<\/li>\n<li>1870.gadi: Nekustamais \u012bpa\u0161ums non\u0101k gr\u0101fa Emanuela Z\u012bversa \u012bpa\u0161um\u0101<\/li>\n<li>1873.gads: Gr\u0101fs E. Z\u012bverss ieg\u016bst blakus eso\u0161o gruntsgabalu, izveidojot lielu \u012bpa\u0161umu pils\u0113tas centr\u0101<\/li>\n<li>1879.gads: Gr\u0101fs E. Z\u012bverss nomaks\u0101 pils\u0113tai nomas kapit\u0101lu un ieg\u016bst otro gruntsgabalu piln\u0101 \u012bpa\u0161um\u0101<\/li>\n<li>1888.gads: Av\u012bz\u0113 &#8220;Balss&#8221; public\u0113ts sludin\u0101jums par telpu iz\u012br\u0113\u0161anu gr\u0101fa Z\u012bversa jaunuzceltaj\u0101 m\u0101j\u0101<\/li>\n<li>1909.gads: P\u0113c gr\u0101fa E. Z\u012bversa n\u0101ves \u012bpa\u0161umu piln\u012bb\u0101 p\u0101r\u0146em vi\u0146a mazd\u0113ls Aleksandrs Z\u012bverss<\/li>\n<li>1913.gads: \u0112kas pirmaj\u0101 st\u0101v\u0101 iek\u0101rtojas Jurjevas (Tartu) Bankas C\u0113su noda\u013ca, ier\u012bkojot met\u0101la seifus<\/li>\n<li>1917.gads: Gr\u0101fs A. Z\u012bverss p\u0101rdod nekustamo \u012bpa\u0161umu Jurjevas (Tartu) bankai par 80 000 rub\u013cu<\/li>\n<li>1918.-1919.gads: \u0112k\u0101 darbojas Latvie\u0161u str\u0113lnieku pulku apvienot\u0101s padomes izpildkomiteja jeb Iskolastrels<\/li>\n<li>1921.gads: Zalmans Krenics k\u013c\u016bst par T\u0113rbatas bankas pilnvaroto attiec\u012bb\u0101 uz \u012bpa\u0161umu<\/li>\n<li>1923.gads: \u012apa\u0161umu ieg\u016bst Jete Krenica (1877-1935)<\/li>\n<li>1935.gads: Mirst Jete Krenica, \u012bpa\u0161umu manto vi\u0146as pieci b\u0113rni<\/li>\n<li>1940.-1941.gads: \u0112k\u0101 darbojas Latvijas Komunistisk\u0101s (bo\u013c\u0161eviku) partijas C\u0113su apri\u0146\u0137a komiteja un &#8220;C\u0113su Stars&#8221; redakcija<\/li>\n<li>1946.gads: \u0112ka ar tai piekr\u012bto\u0161o zemi tiek nodota Amatniec\u012bbas skolai Nr.4 kopm\u012bt\u0146u iek\u0101rto\u0161anai<\/li>\n<li>1995.gads: \u0112k\u0101 darbu s\u0101k R\u012bgas Pedago\u0123ijas augstskola<\/li>\n<li>2017.gads: Izgl\u012bt\u012bbas iest\u0101de k\u013c\u016bst par Latvijas Universit\u0101tes C\u0113su fili\u0101li<\/li>\n<\/ul>\n","protected":false},"featured_media":805,"template":"","meta":[],"product_brand":[],"product_cat":[26,103,24],"product_tag":[106,104,107,105],"class_list":{"0":"post-673","1":"product","2":"type-product","3":"status-publish","4":"has-post-thumbnail","6":"product_cat-nami","7":"product_cat-dzivojamas-ekas","8":"product_cat-skolas","9":"product_tag-banka","10":"product_tag-dzivojama-eka","11":"product_tag-tirgotava","12":"product_tag-ziverss","14":"first","15":"instock","16":"shipping-taxable","17":"product-type-simple"},"jetpack_sharing_enabled":true,"_links":{"self":[{"href":"https:\/\/cesustasti.lv\/en\/wp-json\/wp\/v2\/product\/673","targetHints":{"allow":["GET"]}}],"collection":[{"href":"https:\/\/cesustasti.lv\/en\/wp-json\/wp\/v2\/product"}],"about":[{"href":"https:\/\/cesustasti.lv\/en\/wp-json\/wp\/v2\/types\/product"}],"wp:featuredmedia":[{"embeddable":true,"href":"https:\/\/cesustasti.lv\/en\/wp-json\/wp\/v2\/media\/805"}],"wp:attachment":[{"href":"https:\/\/cesustasti.lv\/en\/wp-json\/wp\/v2\/media?parent=673"}],"wp:term":[{"taxonomy":"product_brand","embeddable":true,"href":"https:\/\/cesustasti.lv\/en\/wp-json\/wp\/v2\/product_brand?post=673"},{"taxonomy":"product_cat","embeddable":true,"href":"https:\/\/cesustasti.lv\/en\/wp-json\/wp\/v2\/product_cat?post=673"},{"taxonomy":"product_tag","embeddable":true,"href":"https:\/\/cesustasti.lv\/en\/wp-json\/wp\/v2\/product_tag?post=673"}],"curies":[{"name":"wp","href":"https:\/\/api.w.org\/{rel}","templated":true}]}}