{"id":672,"date":"2025-02-05T21:36:51","date_gmt":"2025-02-05T21:36:51","guid":{"rendered":"https:\/\/cesustasti.lv\/?post_type=product&#038;p=672"},"modified":"2025-06-25T16:41:40","modified_gmt":"2025-06-25T16:41:40","slug":"smilgas-sanatorija","status":"publish","type":"product","link":"https:\/\/cesustasti.lv\/en\/visi-stasti\/smilgas-sanatorija\/","title":{"rendered":"Smilgas sanatorija"},"content":{"rendered":"<div class=\"wpb-content-wrapper\"><p>[vc_row][vc_column width=&#8221;7\/12&#8243;]\t\t<div id=\"wd-6800bd1f9522e\" class=\"wd-text-block wd-wpb reset-last-child wd-rs-6800bd1f9522e text-left \">\n\t\t\t<p>Va\u013c\u0146u iel\u0101 21 atrodam\u0101 celtne ar sarkano \u0137ie\u0123e\u013cu fas\u0101di, baltaj\u0101m logu apmal\u0113m un torn\u012bti glab\u0101 unik\u0101lu st\u0101stu par vienu no pirmaj\u0101m priv\u0101taj\u0101m sanatorij\u0101m Vidzem\u0113. 1902. gad\u0101 celt\u0101 \u0113ka ir medic\u012bnas doktora Augusta Smilgas dz\u012bves darbs \u2013 moderna \u0101rstniec\u012bbas iest\u0101de, kas sav\u0101 laik\u0101 var\u0113ja lepoties ar progres\u012bv\u0101m \u0101rstniec\u012bbas metod\u0113m un apr\u012bkojumu.<\/p>\n<p>Dr. Smilga, kur\u0161 izgl\u012bt\u012bbu bija ieguvis T\u0113rbatas Universit\u0101t\u0113, 1902. gad\u0101 \u012bstenoja savu v\u012bziju par jauna tipa \u0101rstniec\u012bbas iest\u0101di, kas tika apr\u012bkota ar centr\u0101lapkuri un elektrisko apgaismojumu \u2013 tolaik \u012bpa\u0161i modernu apr\u012bkojumu. Sanatorij\u0101 tika pied\u0101v\u0101tas da\u017e\u0101das novatoriskas \u0101rstniec\u012bbas proced\u016bras \u2013 no elektriskaj\u0101m gaismas peld\u0113m l\u012bdz sausajai sviedr\u0113\u0161anai, no og\u013csk\u0101baj\u0101m vann\u0101m l\u012bdz saules un gaisa peld\u0113m. \u012apa\u0161i iek\u0101rtotaj\u0101 d\u0101rz\u0101 pacienti var\u0113ja nodarboties ar vingro\u0161anu un sau\u013co\u0161anos.<\/p>\n<p>P\u0113c Dr. Smilgas p\u0113k\u0161\u0146\u0101s aizie\u0161anas m\u016b\u017e\u012bb\u0101 1922. gad\u0101 \u0113ka piedz\u012bvoja noz\u012bm\u012bgas p\u0101rmai\u0146as. 1927. gad\u0101 vi\u0146a atraitne Alise Smilga iznom\u0101ja telpas C\u0113su piensaimnieku sabiedr\u012bbai, kas se\u0161us gadus v\u0113l\u0101k, 1933. gad\u0101, namu ieg\u0101d\u0101j\u0101s sav\u0101 \u012bpa\u0161um\u0101. Gandr\u012bz asto\u0146desmit gadus, l\u012bdz pat 2003. gadam, \u0113kas telp\u0101s darboj\u0101s pienotava, k\u013c\u016bstot par noz\u012bm\u012bgu C\u0113su piensaimniec\u012bbas centra da\u013cu. Vair\u0101kas c\u0113snieku paaudzes \u0161o namu pazina tie\u0161i k\u0101 pienotavu, un t\u0101 k\u013cuva par vienu no pils\u0113tas industri\u0101l\u0101 mantojuma simboliem.<br \/>\n2010. gad\u0101 \u0113ka v\u0113l saglab\u0101ja savu arhitektonisko un kult\u016brv\u0113sturisko v\u0113rt\u012bbu, un eksperti to rekomend\u0113ja iek\u013caut valsts aizsarg\u0101jamo pieminek\u013cu sarakst\u0101. \u0160is nams ir spilgta liec\u012bba gan par 20. gadsimta s\u0101kuma progres\u012bv\u0101s medic\u012bnas att\u012bst\u012bbu Latvijas mazpils\u0113t\u0101, gan par v\u0113l\u0101ko r\u016bpniec\u012bbas uzplaukumu. K\u0101 rakst\u012bja t\u0101 laika prese \u2013 \u201car \u0161o iest\u0101di Dr. A. Smilgas kungs uzst\u0101d\u012bjis C\u0113s\u012bs pieminekli, ar kuru ar\u012b liel\u0101kas pils\u0113tas var\u0113tu lepoties.\u201d<\/p>\n<p>Avots:<br \/>\nDace Cepur\u012bte, Mg. hist., p\u0113t\u012bjums \u201cC\u0113snieks un vi\u0146a nams\u201d<br \/>\nL\u012bga Lansberga, projekts \u201cLatvijas mui\u017eas un pilis un citas interesantas vietas\u201d<\/p>\n\t\t<\/div>\n\t\t[\/vc_column][vc_column width=&#8221;5\/12&#8243;]\t\t<div class=\"wd-osm-map-container wd-map-container wd-rs-67a3db833eadb \">\n\t\t\t<div id=\"wd-rs-67a3db833eadb\" class=\"wd-osm-map-wrapper wd-map-wrapper\" data-settings=\"{&quot;zoom&quot;:&quot;17&quot;,&quot;iconUrl&quot;:&quot;https:\\\/\\\/cesustasti.lv\\\/wp-content\\\/themes\\\/woodmart\\\/images\\\/icons\\\/marker-icon.png&quot;,&quot;scrollWheelZoom&quot;:&quot;yes&quot;,&quot;zoomControl&quot;:&quot;yes&quot;,&quot;dragging&quot;:&quot;yes&quot;,&quot;geoapify_tile&quot;:&quot;osm-carto&quot;,&quot;markers&quot;:[{&quot;marker&quot;:{&quot;marker_title&quot;:&quot;A.Smilgas sanatorija&quot;,&quot;marker_coords&quot;:&quot;57.310535, 25.271464&quot;,&quot;marker_behavior&quot;:&quot;popup&quot;,&quot;show_button&quot;:&quot;no&quot;,&quot;button_url_target&quot;:&quot;_blank&quot;,&quot;image_size&quot;:[],&quot;image&quot;:&quot;&quot;},&quot;lat&quot;:&quot;57.310535&quot;,&quot;lng&quot;:&quot; 25.271464&quot;}],&quot;center&quot;:&quot;57.310535,25.271464&quot;,&quot;init_type&quot;:&quot;page_load&quot;,&quot;init_offset&quot;:&quot;100&quot;}\"><\/div>\n\n\t\t\t\n\t\t\t\n\t\t\t\t\t<\/div>\n\t\t[\/vc_column][\/vc_row]<\/p>\n<\/div>","protected":false},"excerpt":{"rendered":"<p>Dr. Augusta Smilgas 1902. gad\u0101 celt\u0101 sanatorija bija viena no modern\u0101kaj\u0101m \u0101rstniec\u012bbas iest\u0101d\u0113m Vidzem\u0113, apr\u012bkota ar elektrisko apgaismojumu un centr\u0101lapkuri. \u0112ka, kas s\u0101kotn\u0113ji kalpoja k\u0101 moderna sanatorija ar peldbaseinu un \u0101rstnieciskaj\u0101m vann\u0101m, v\u0113l\u0101k 76 gadus darboj\u0101s k\u0101 pienotava. T\u0101s s\u0101kotn\u0113jais izskats ar sarkano \u0137ie\u0123e\u013cu fas\u0101di, baltaj\u0101m logu apmal\u0113m un torn\u012bti saglab\u0101jies l\u012bdz pat 21. gadsimta s\u0101kumam.<\/p>\n<h3><strong>Fakti<\/strong><\/h3>\n<ul>\n<li>1899. gads: Dr. med. Augusts Smilga ar \u0123imeni p\u0101rce\u013cas uz C\u0113s\u012bm un atver \u0101rsta praksi.<\/li>\n<li>1902. gads: A.Smilga sa\u0146em at\u013cauju no Iek\u0161lietu ministrijas medic\u012bnas departamenta priv\u0101tas \u0101rstniec\u012bbas iest\u0101des dibin\u0101\u0161anai un uzs\u0101k sanatorijas \u0113kas celtniec\u012bbu.<\/li>\n<li>1903. gada marts: Sanatorijas svin\u012bg\u0101 atkl\u0101\u0161ana.<\/li>\n<li>1919. gads: Sanatorijas \u0113k\u0101 darbojas Otr\u0101 Padomes slimn\u012bca lip\u012bgo slim\u012bbu \u0101rst\u0113\u0161anai.<\/li>\n<li>1927. gads: A.Smilgas atraitne Alise Smilga iznom\u0101 \u0113ku C\u0113su piensaimnieku sabiedr\u012bbas pienotavai.<\/li>\n<li>1933. gads: C\u0113su piensaimnieku sabiedr\u012bba nop\u0113rk \u0113ku.<\/li>\n<li>2003. gads: Beidz darboties pienotava.<\/li>\n<li>2010. gads: Eksperti iesaka pie\u0161\u0137irt viet\u0113j\u0101s noz\u012bmes kult\u016bras pieminek\u013ca statusu.<\/li>\n<li>2011. gads: \u0112k\u0101 izce\u013cas ugunsgr\u0113ks.<\/li>\n<li>2016. gads: \u0112ka k\u013c\u016bst par graustu.<\/li>\n<\/ul>\n","protected":false},"featured_media":806,"template":"","meta":[],"product_brand":[],"product_cat":[97,26],"product_tag":[100,99,101,98],"class_list":{"0":"post-672","1":"product","2":"type-product","3":"status-publish","4":"has-post-thumbnail","6":"product_cat-arstniecibas-iestade","7":"product_cat-nami","8":"product_tag-arsts","9":"product_tag-privatprakse","10":"product_tag-sanatorija","11":"product_tag-slimnica","13":"first","14":"instock","15":"shipping-taxable","16":"product-type-simple"},"jetpack_sharing_enabled":true,"_links":{"self":[{"href":"https:\/\/cesustasti.lv\/en\/wp-json\/wp\/v2\/product\/672","targetHints":{"allow":["GET"]}}],"collection":[{"href":"https:\/\/cesustasti.lv\/en\/wp-json\/wp\/v2\/product"}],"about":[{"href":"https:\/\/cesustasti.lv\/en\/wp-json\/wp\/v2\/types\/product"}],"wp:featuredmedia":[{"embeddable":true,"href":"https:\/\/cesustasti.lv\/en\/wp-json\/wp\/v2\/media\/806"}],"wp:attachment":[{"href":"https:\/\/cesustasti.lv\/en\/wp-json\/wp\/v2\/media?parent=672"}],"wp:term":[{"taxonomy":"product_brand","embeddable":true,"href":"https:\/\/cesustasti.lv\/en\/wp-json\/wp\/v2\/product_brand?post=672"},{"taxonomy":"product_cat","embeddable":true,"href":"https:\/\/cesustasti.lv\/en\/wp-json\/wp\/v2\/product_cat?post=672"},{"taxonomy":"product_tag","embeddable":true,"href":"https:\/\/cesustasti.lv\/en\/wp-json\/wp\/v2\/product_tag?post=672"}],"curies":[{"name":"wp","href":"https:\/\/api.w.org\/{rel}","templated":true}]}}