{"id":668,"date":"2025-02-05T20:57:29","date_gmt":"2025-02-05T20:57:29","guid":{"rendered":"https:\/\/cesustasti.lv\/?post_type=product&#038;p=668"},"modified":"2025-04-17T08:31:19","modified_gmt":"2025-04-17T08:31:19","slug":"harmonijas-nams","status":"publish","type":"product","link":"https:\/\/cesustasti.lv\/en\/visi-stasti\/harmonijas-nams\/","title":{"rendered":"Harmonijas nams"},"content":{"rendered":"<div class=\"wpb-content-wrapper\"><p>[vc_row][vc_column width=&#8221;7\/12&#8243;]\t\t<div id=\"wd-6800bb8ccd83a\" class=\"wd-text-block wd-wpb reset-last-child wd-rs-6800bb8ccd83a text-left \">\n\t\t\t<p class=\"p1\"><span class=\"s1\"><b>Harmonijas nams<\/b><\/span>, viena no vec\u0101kaj\u0101m m\u016bra \u0113k\u0101m C\u0113s\u012bs un valsts noz\u012bmes arhitekt\u016bras piemineklis, lepni slejas Ro\u017eu laukuma mal\u0101 l\u012bdz\u0101s Sv. J\u0101\u0146a bazn\u012bcai. Celt\u0101 18. gadsimta pirmaj\u0101 pus\u0113 k\u0101 dz\u012bvojam\u0101 m\u0101ja, \u0113ka ieguva \u012bpa\u0161u noz\u012bmi 1789. gad\u0101, kad to par 1800 Alberta d\u0101lderiem ieg\u0101d\u0101j\u0101s kult\u016bras biedr\u012bba \u201cHarmonija\u201d, k\u013c\u016bstot par C\u0113su kult\u016bras dz\u012bves sirdi gandr\u012bz pusotru gadsimtu.<\/p>\n<p class=\"p1\">Nama fas\u0101de, kas restaur\u0113ta 1987. gad\u0101, atkl\u0101j 18. un 19. gadsimta mijas kr\u0101\u0161\u0146o arhitekt\u016bras mantojumu \u2013 polihromo kr\u0101sojumu ar aklajiem logiem, baltiem rustiem un izsmalcin\u0101to starpdzegas joslu starp st\u0101viem. \u0160\u012b \u0113ka glab\u0101 neskait\u0101mus st\u0101stus par elegant\u0101m ball\u0113m un kult\u016bras noris\u0113m, kad te pulc\u0113j\u0101s viet\u0113jie v\u0101cu mui\u017enieki, \u0101rsti, advok\u0101ti un ier\u0113d\u0146i. Viesn\u012bcas <i>Baltischer Hof<\/i> augst\u0101kie viesi \u0161eit baud\u012bja greznus vakarus t\u0101 sauktaj\u0101 \u201cMusengesellschaft\u201d \u2013 augst\u0101k\u0101s v\u0101cu sabiedr\u012bbas saietu nam\u0101.<\/p>\n<p class=\"p1\">Harmonijas nama v\u0113sturisk\u0101 noz\u012bme turpin\u0101ja augt 20. gadsimta s\u0101kum\u0101, kad te tika izvietots viens no pirmajiem C\u0113su kinote\u0101triem un \u201cDzimtenes p\u0113t\u012bt\u0101ju biedr\u012bbas\u201d muzejs ar izciliem arheolo\u0123iskiem atradumiem no C\u0113su apk\u0101rtnes. \u012apa\u0161u vietu Latvijas kult\u016bras v\u0113stur\u0113 \u0161im namam pie\u0161\u0137ir fakts, ka 1879. gad\u0101 te dzimis izcilais latvie\u0161u operas pamatlic\u0113js, komponists un profesors Alfr\u0113ds Kalni\u0146\u0161, kura piemi\u0146u \u0161odien godina 1979. gad\u0101 uzst\u0101d\u012bt\u0101 M. Balti\u0146as un J. Martinsona darin\u0101t\u0101 piemi\u0146as pl\u0101ksne.<\/p>\n<p><em>Avots:<br \/>\nL\u012bga Lansberga, <a href=\"https:\/\/manasvietas.blogspot.com\/\">Projekts \u201cLatvijas mui\u017eas un pilis un citas interesantas vietas\u201d<\/a><\/em><br \/>\n<em>Agita Salmi\u0146a, <a href=\"https:\/\/cesumajustasti.blogspot.com\/\">Projekts \u201cVecpils\u0113tas m\u0101ju st\u0101sti\u201d<\/a><\/em><\/p>\n\t\t<\/div>\n\t\t[\/vc_column][vc_column width=&#8221;5\/12&#8243;]\t\t<div class=\"wd-osm-map-container wd-map-container wd-rs-67a3d23fe7308 \">\n\t\t\t<div id=\"wd-rs-67a3d23fe7308\" class=\"wd-osm-map-wrapper wd-map-wrapper\" data-settings=\"{&quot;zoom&quot;:&quot;17&quot;,&quot;iconUrl&quot;:&quot;https:\\\/\\\/cesustasti.lv\\\/wp-content\\\/themes\\\/woodmart\\\/images\\\/icons\\\/marker-icon.png&quot;,&quot;scrollWheelZoom&quot;:&quot;yes&quot;,&quot;zoomControl&quot;:&quot;yes&quot;,&quot;dragging&quot;:&quot;yes&quot;,&quot;geoapify_tile&quot;:&quot;osm-carto&quot;,&quot;markers&quot;:[{&quot;marker&quot;:{&quot;marker_title&quot;:&quot;Harmonijas nams&quot;,&quot;marker_coords&quot;:&quot;57.311595, 25.271415&quot;,&quot;marker_behavior&quot;:&quot;popup&quot;,&quot;show_button&quot;:&quot;no&quot;,&quot;button_url_target&quot;:&quot;_blank&quot;,&quot;image_size&quot;:[],&quot;image&quot;:&quot;&quot;},&quot;lat&quot;:&quot;57.311595&quot;,&quot;lng&quot;:&quot; 25.271415&quot;}],&quot;center&quot;:&quot;57.311595,25.271415&quot;,&quot;init_type&quot;:&quot;page_load&quot;,&quot;init_offset&quot;:&quot;100&quot;}\"><\/div>\n\n\t\t\t\n\t\t\t\n\t\t\t\t\t<\/div>\n\t\t[\/vc_column][\/vc_row]<\/p>\n<\/div>","protected":false},"excerpt":{"rendered":"<p>Harmonijas nams, kas ir viena no vec\u0101kaj\u0101m m\u016bra \u0113k\u0101m C\u0113s\u012bs, gandr\u012bz pusotru gadsimtu bija vien\u012bg\u0101 vieta pils\u0113t\u0101, kur notika koncerti, priek\u0161las\u012bjumi un grezn\u0101s balles, pulc\u0113jot viet\u0113jos v\u0101cu mui\u017eniekus, \u0101rstus un ier\u0113d\u0146us. \u0160aj\u0101 nam\u0101 1879. gad\u0101 piedzima latvie\u0161u operas pamatlic\u0113js Alfr\u0113ds Kalni\u0146\u0161, bet 20. gadsimta s\u0101kum\u0101 te darboj\u0101s viens no pirmajiem C\u0113su kinote\u0101triem.<\/p>\n<h3><strong>Fakti<\/strong><\/h3>\n<p>\u2022 18. gs. s\u0101kums \u2013 uzcelta dz\u012bvojam\u0101 \u0113ka.<br \/>\n\u2022 1789. gads \u2013 kult\u016bras biedr\u012bba \u201cHarmonija\u201d ieg\u0101d\u0101jas \u0113ku; s\u0101kas nama darb\u012bba k\u0101 kult\u016bras un sabiedrisk\u0101s dz\u012bves centrs.<br \/>\n\u2022 19. gs. \u2013 nam\u0101 piedzimst komponists Alfr\u0113ds Kalni\u0146\u0161, v\u0113l\u0101k paz\u012bstams k\u0101 latvie\u0161u operas pamatlic\u0113js.<br \/>\n\u2022 19. gs. beigas \u2013 20. gs. s\u0101kums \u2013 \u0113ka darbojas k\u0101 \u201cMusengesellschaft\u201d \u2013 augst\u0101k\u0101s v\u0101cu sabiedr\u012bbas saietu un balles nams.<br \/>\n\u2022 20. gs. s\u0101kums \u2013 \u0113k\u0101 s\u0101k darboties viens no pirmajiem C\u0113su kinote\u0101triem.<br \/>\n\u2022 Tiek izvietots \u201cDzimtenes p\u0113t\u012bt\u0101ju biedr\u012bbas\u201d muzejs ar arheolo\u0123iskiem atradumiem no C\u0113su apk\u0101rtnes.<br \/>\n\u2022 1979. gads \u2013 pie \u0113kas tiek uzst\u0101d\u012bta M. Balti\u0146as un J. Martinsona darin\u0101t\u0101 piemi\u0146as pl\u0101ksne Alfr\u0113dam Kalni\u0146am.<br \/>\n\u2022 1987. gads \u2013 veikta nama fas\u0101des restaur\u0101cija.<\/p>\n","protected":false},"featured_media":797,"template":"","meta":[],"product_brand":[],"product_cat":[26,88],"product_tag":[96,95,94],"class_list":{"0":"post-668","1":"product","2":"type-product","3":"status-publish","4":"has-post-thumbnail","6":"product_cat-nami","7":"product_cat-kulturas-iestades","8":"product_tag-biedriba","9":"product_tag-kultura","10":"product_tag-muzika","12":"first","13":"instock","14":"shipping-taxable","15":"product-type-simple"},"jetpack_sharing_enabled":true,"_links":{"self":[{"href":"https:\/\/cesustasti.lv\/en\/wp-json\/wp\/v2\/product\/668","targetHints":{"allow":["GET"]}}],"collection":[{"href":"https:\/\/cesustasti.lv\/en\/wp-json\/wp\/v2\/product"}],"about":[{"href":"https:\/\/cesustasti.lv\/en\/wp-json\/wp\/v2\/types\/product"}],"wp:featuredmedia":[{"embeddable":true,"href":"https:\/\/cesustasti.lv\/en\/wp-json\/wp\/v2\/media\/797"}],"wp:attachment":[{"href":"https:\/\/cesustasti.lv\/en\/wp-json\/wp\/v2\/media?parent=668"}],"wp:term":[{"taxonomy":"product_brand","embeddable":true,"href":"https:\/\/cesustasti.lv\/en\/wp-json\/wp\/v2\/product_brand?post=668"},{"taxonomy":"product_cat","embeddable":true,"href":"https:\/\/cesustasti.lv\/en\/wp-json\/wp\/v2\/product_cat?post=668"},{"taxonomy":"product_tag","embeddable":true,"href":"https:\/\/cesustasti.lv\/en\/wp-json\/wp\/v2\/product_tag?post=668"}],"curies":[{"name":"wp","href":"https:\/\/api.w.org\/{rel}","templated":true}]}}