{"id":666,"date":"2025-02-05T20:46:16","date_gmt":"2025-02-05T20:46:16","guid":{"rendered":"https:\/\/cesustasti.lv\/?post_type=product&#038;p=666"},"modified":"2025-04-17T08:29:27","modified_gmt":"2025-04-17T08:29:27","slug":"apkalnes-gimnazija","status":"publish","type":"product","link":"https:\/\/cesustasti.lv\/en\/visi-stasti\/apkalnes-gimnazija\/","title":{"rendered":"Apkalnes \u0123imn\u0101zija"},"content":{"rendered":"<div class=\"wpb-content-wrapper\"><p>[vc_row][vc_column width=&#8221;7\/12&#8243;]\t\t<div id=\"wd-6800bbda7fc8c\" class=\"wd-text-block wd-wpb reset-last-child wd-rs-6800bbda7fc8c text-left \">\n\t\t\t<p class=\"p1\">\u0112ka Raunas iel\u0101 7, kas v\u0113l\u0101k k\u013cuva par noz\u012bm\u012bgu izgl\u012bt\u012bbas centru, s\u0101kotn\u0113ji nemaz nebija paredz\u0113ta skol\u0113nu smiekliem un m\u0101c\u012bbu procesam. 19. gadsimta beig\u0101s t\u0101 tika uzb\u016bv\u0113ta k\u0101 kazarmas Krievijas armijas karav\u012briem \u2013 toreiz\u0113j\u0101 C\u0113su pils\u0113tas nomal\u0113. Tom\u0113r liktenis tai bija l\u0113mis pild\u012bt pavisam citu misiju. 1907. gad\u0101 \u0113ka non\u0101ca Krist\u012bnes Apkalnes p\u0101rzi\u0146\u0101, kura \u0161eit nodibin\u0101ja otro latvie\u0161u vad\u012bto vidusskolu C\u0113s\u012bs \u2013 priv\u0101to sievie\u0161u \u0123imn\u0101ziju.<\/p>\n<p class=\"p1\">Skolas izveide bija \u012bsts kopienas projekts \u2013 c\u0113snieki akt\u012bvi ziedoja l\u012bdzek\u013cus, lai ieg\u0101d\u0101tos invent\u0101ru un m\u0101c\u012bbu materi\u0101lus. Dr\u012bz vien skola ieguva pilnas sievie\u0161u \u0123imn\u0101zijas ties\u012bbas. \u0112kas popularit\u0101te auga tik strauji, ka jau p\u0113c \u010detriem gadiem, 1911. gad\u0101, tai pievienoja divst\u0101vu pieb\u016bvi, kuras fronton\u0101 lepni goz\u0113j\u0101s gadskaitlis \u201c1911\u201d, bet gala sien\u0101 \u2013 C\u0113su pils\u0113tas \u0123erbonis ar bru\u0146inieku.<\/p>\n<p class=\"p1\">Krist\u012bne Apkalne, kura bija izgl\u012btojusies Tailovas sievie\u0161u \u0123imn\u0101zij\u0101 R\u012bg\u0101 un jau kop\u0161 1900. gada vad\u012bjusi 2. \u0161\u0137iras meite\u0146u skolu Cesvain\u0113, ieguld\u012bja visu savu pieredzi un sirdi \u0161aj\u0101 izgl\u012bt\u012bbas iest\u0101d\u0113. Skola ar katru gadu att\u012bst\u012bj\u0101s \u2013 1911. gad\u0101 tika izveidota pedago\u0123isk\u0101 klase, kur \u0123imn\u0101ziju beigu\u0161\u0101s audz\u0113knes var\u0113ja apg\u016bt skolot\u0101jas amatu, t\u0101d\u0113j\u0101di sekm\u0113jot jaunu pedagogu sagatavo\u0161anu visam Vidzemes re\u0123ionam.<\/p>\n<p class=\"p1\">Skolas v\u0113sture nav bijusi bez p\u0101rmai\u0146\u0101m \u2013 1916. gad\u0101 Krist\u012bne Apkalne vesel\u012bbas probl\u0113mu d\u0113\u013c vad\u012bbu nodeva Margaritai Neijai, un skola tika p\u0101rd\u0113v\u0113ta par C\u0113su M. Neijas \u0123imn\u0101ziju. Margarita Neija bija beigusi P\u0113terburgas augst\u0101kos sievie\u0161u kursus un ieguvusi II pak\u0101pes diplomu matem\u0101tik\u0101, kas tolaik bija neparasts sasniegums sievietei. P\u0113c M. Neijas-Brantes p\u0101rcel\u0161an\u0101s uz R\u012bgu par direktoru k\u013cuva vi\u0146as t\u0113vs P\u0113teris Neijs.<\/p>\n<p class=\"p1\">Pirm\u0101 pasaules kara laik\u0101 skola pieredz\u0113ja da\u017e\u0101das varas mai\u0146as \u2013 gan v\u0101cu okup\u0101cijas re\u017e\u012bmu, kad tika ieviesta V\u0101cijas liceju programma, gan padomju varu, kuras laik\u0101 skol\u0113niem n\u0101c\u0101s vair\u0101k str\u0101d\u0101t d\u0101rzos un t\u012brumos nek\u0101 m\u0101c\u012bties klas\u0113s, un tic\u012bbas m\u0101c\u012bba tika aizliegta. Neskatoties uz \u0161\u012bm p\u0101rmai\u0146\u0101m, skol\u0113nu skaits turpin\u0101ja augt, sasniedzot pat 479 skolnieces 1919.\/1920. m\u0101c\u012bbu gad\u0101.<\/p>\n<p class=\"p3\">1922.gad\u0101 finansi\u0101lu apsv\u0113rumu d\u0113\u013c \u0123imn\u0101zija non\u0101ca pils\u0113tas p\u0101rzi\u0146\u0101 un tika p\u0101rd\u0113v\u0113ta par C\u0113su pils\u0113tas sievie\u0161u neo\u0123imn\u0101ziju ar A. Ciri direktora amat\u0101. Jaun\u0101s administr\u0101cijas vad\u012bb\u0101, ar skolnie\u010du pal\u012bdz\u012bbu, skolas pagalm\u0101 tika izveidotas pu\u0137u dobes un rota\u013cu laukums. 1924. gad\u0101 pils\u0113ta ie\u0137\u012bl\u0101ja \u0123imn\u0101zijas \u0113kas, lai ieg\u016btu l\u012bdzek\u013cus K\u0101r\u013cu mui\u017eas \u016bdensdzirnavu ieg\u0101dei, kas v\u0113l\u0101k k\u013cuva par Amatas sp\u0113kstaciju.<\/p>\n<p class=\"p1\">V\u0113l\u0101k, 1925. gad\u0101, saska\u0146\u0101 ar Izgl\u012bt\u012bbas ministrijas l\u0113mumu, skolu apvienoja ar C\u0113su B\u0113rzaines vidusskolu. \u0112kas st\u0101sti turpin\u0101s l\u012bdz m\u016bsdien\u0101m \u2013 kop\u0161 1997. gada \u0161eit darbojas Pastari\u0146a skola, turpinot \u0113kas izgl\u012bt\u012bbas trad\u012bcijas un v\u0113sturisko mantojumu C\u0113su pils\u0113t\u0101.<\/p>\n<p class=\"p1\">Avots:<\/p>\n<p class=\"p1\">Dace Cepur\u012bte, Mg. hist., P\u0113t\u012bjums \u201cC\u0113snieks un vi\u0146a nams\u201d<br \/>\nL\u012bga Lansberga, Projekts \u201cLatvijas mui\u017eas un pilis un citas interesantas vietas\u201d<\/p>\n\t\t<\/div>\n\t\t[\/vc_column][vc_column width=&#8221;5\/12&#8243;]\t\t<div class=\"wd-osm-map-container wd-map-container wd-rs-67a3cf670fce2 \">\n\t\t\t<div id=\"wd-rs-67a3cf670fce2\" class=\"wd-osm-map-wrapper wd-map-wrapper\" data-settings=\"{&quot;zoom&quot;:&quot;17&quot;,&quot;iconUrl&quot;:&quot;https:\\\/\\\/cesustasti.lv\\\/wp-content\\\/themes\\\/woodmart\\\/images\\\/icons\\\/marker-icon.png&quot;,&quot;scrollWheelZoom&quot;:&quot;yes&quot;,&quot;zoomControl&quot;:&quot;yes&quot;,&quot;dragging&quot;:&quot;yes&quot;,&quot;geoapify_tile&quot;:&quot;osm-carto&quot;,&quot;markers&quot;:[{&quot;marker&quot;:{&quot;marker_title&quot;:&quot;Apkalnes \\u0123imn\\u0101zija&quot;,&quot;marker_coords&quot;:&quot;57.313216, 25.278443&quot;,&quot;marker_behavior&quot;:&quot;popup&quot;,&quot;show_button&quot;:&quot;no&quot;,&quot;button_url_target&quot;:&quot;_blank&quot;,&quot;image_size&quot;:[],&quot;image&quot;:&quot;&quot;},&quot;lat&quot;:&quot;57.313216&quot;,&quot;lng&quot;:&quot; 25.278443&quot;}],&quot;center&quot;:&quot;57.313216,25.278443&quot;,&quot;init_type&quot;:&quot;page_load&quot;,&quot;init_offset&quot;:&quot;100&quot;}\"><\/div>\n\n\t\t\t\n\t\t\t\n\t\t\t\t\t<\/div>\n\t\t[\/vc_column][\/vc_row]<\/p>\n<\/div>","protected":false},"excerpt":{"rendered":"<p class=\"p1\">Skolas dibin\u0101\u0161anas laik\u0101 c\u0113snieki par\u0101d\u012bja nepieredz\u0113tu atsauc\u012bbu, ziedojot iev\u0113rojamas naudas summas \u0123imn\u0101zijas invent\u0101ra un m\u0101c\u012bbu l\u012bdzek\u013cu ieg\u0101dei. Pirm\u0101 pasaules kara laik\u0101, 1916. gada ruden\u012b, \u0123imn\u0101zij\u0101 m\u0101c\u012bj\u0101s rekordliels skolnie\u010du skaits \u2013 413, jo daudzi b\u0113g\u013ci no Kurzemes un R\u012bgas mekl\u0113ja patv\u0113rumu C\u0113s\u012bs, b\u0113got no v\u0101cu okup\u0101cijas.<\/p>\n<h3><strong>Fakti<\/strong><\/h3>\n<ul>\n<li class=\"\\&quot;whitespace-normal\">1890.gadi: \u0112ka uzcelta k\u0101 Krievijas armijas kazarmas.<\/li>\n<li class=\"\\&quot;whitespace-normal\">1897.gads: Zemesgr\u0101mat\u0101 re\u0123istr\u0113ta divst\u0101vu m\u016bra \u0113ka ar vienst\u0101va pieb\u016bvi.<\/li>\n<li class=\"\\&quot;whitespace-normal\">1907.gads: Krist\u012bne Apkalne \u0161eit atver priv\u0101to sievie\u0161u \u0123imn\u0101ziju.<\/li>\n<li class=\"\\&quot;whitespace-normal\">1910.\/1911.m.g.: \u0122imn\u0101zij\u0101 m\u0101c\u0101s 230 skolnieces.<\/li>\n<li class=\"\\&quot;whitespace-normal\">1911.gads: Skolai uzcelta divst\u0101vu pieb\u016bve, izveidota ar\u012b pedago\u0123isk\u0101 klase.<\/li>\n<li class=\"\\&quot;whitespace-normal\">1915.\/1916.m.g.: \u0122imn\u0101zij\u0101 m\u0101c\u0101s 298 skolnieces, str\u0101d\u0101 19 skolot\u0101ji.<\/li>\n<li class=\"\\&quot;whitespace-normal\">1916.gads: \u0122imn\u0101ziju p\u0101r\u0146em Margarita Neija, skolu p\u0101rd\u0113v\u0113 par M. Neijas \u0123imn\u0101ziju.<\/li>\n<li class=\"\\&quot;whitespace-normal\">1916.\/1917.m.g.: \u0122imn\u0101zij\u0101 m\u0101c\u0101s 413 skolnieces.<\/li>\n<li class=\"\\&quot;whitespace-normal\">1918.gads: V\u0101cu okup\u0101cijas laik\u0101 \u0123imn\u0101zij\u0101 ievie\u0161 V\u0101cijas liceju programmu.<\/li>\n<li class=\"\\&quot;whitespace-normal\">1919.gada apr\u012blis: Padomju varas laik\u0101 \u0123imn\u0101ziju p\u0101rveido par darba skolu.<\/li>\n<li class=\"\\&quot;whitespace-normal\">1919.\/1920.m.g.: Skol\u0101 m\u0101c\u0101s 479 skolnieces, str\u0101d\u0101 21 skolot\u0101js.<\/li>\n<li class=\"\\&quot;whitespace-normal\">1921.gads: M. Neija-Brante p\u0101rce\u013cas uz R\u012bgu, par direktoru k\u013c\u016bst vi\u0146as t\u0113vs P\u0113teris Neijs.<\/li>\n<li class=\"\\&quot;whitespace-normal\">1922.gads: \u0122imn\u0101ziju p\u0101r\u0146em C\u0113su pils\u0113ta, izveido pils\u0113tas sievie\u0161u neo\u0123imn\u0101ziju.<\/li>\n<li class=\"\\&quot;whitespace-normal\">1924.gads: Pils\u0113ta ie\u0137\u012bl\u0101 \u0123imn\u0101zijas \u0113kas, lai ieg\u016btu l\u012bdzek\u013cus K\u0101r\u013cu mui\u017eas \u016bdensdzirnavu ieg\u0101dei.<\/li>\n<li class=\"\\&quot;whitespace-normal\">1925.gads: \u0122imn\u0101ziju apvieno ar C\u0113su B\u0113rzaines vidusskolu.<\/li>\n<li class=\"\\&quot;whitespace-normal\">1997.gads: \u0112k\u0101 s\u0101k darboties Pastari\u0146a skola.<\/li>\n<\/ul>\n","protected":false},"featured_media":744,"template":"","meta":[],"product_brand":[],"product_cat":[26,24],"product_tag":[85],"class_list":{"0":"post-666","1":"product","2":"type-product","3":"status-publish","4":"has-post-thumbnail","6":"product_cat-nami","7":"product_cat-skolas","8":"product_tag-foto","10":"first","11":"instock","12":"shipping-taxable","13":"product-type-simple"},"jetpack_sharing_enabled":true,"_links":{"self":[{"href":"https:\/\/cesustasti.lv\/en\/wp-json\/wp\/v2\/product\/666","targetHints":{"allow":["GET"]}}],"collection":[{"href":"https:\/\/cesustasti.lv\/en\/wp-json\/wp\/v2\/product"}],"about":[{"href":"https:\/\/cesustasti.lv\/en\/wp-json\/wp\/v2\/types\/product"}],"wp:featuredmedia":[{"embeddable":true,"href":"https:\/\/cesustasti.lv\/en\/wp-json\/wp\/v2\/media\/744"}],"wp:attachment":[{"href":"https:\/\/cesustasti.lv\/en\/wp-json\/wp\/v2\/media?parent=666"}],"wp:term":[{"taxonomy":"product_brand","embeddable":true,"href":"https:\/\/cesustasti.lv\/en\/wp-json\/wp\/v2\/product_brand?post=666"},{"taxonomy":"product_cat","embeddable":true,"href":"https:\/\/cesustasti.lv\/en\/wp-json\/wp\/v2\/product_cat?post=666"},{"taxonomy":"product_tag","embeddable":true,"href":"https:\/\/cesustasti.lv\/en\/wp-json\/wp\/v2\/product_tag?post=666"}],"curies":[{"name":"wp","href":"https:\/\/api.w.org\/{rel}","templated":true}]}}