{"id":663,"date":"2025-02-05T19:58:38","date_gmt":"2025-02-05T19:58:38","guid":{"rendered":"https:\/\/cesustasti.lv\/?post_type=product&#038;p=663"},"modified":"2025-04-17T06:05:17","modified_gmt":"2025-04-17T06:05:17","slug":"andersona-foto-atelje","status":"publish","type":"product","link":"https:\/\/cesustasti.lv\/en\/visi-stasti\/andersona-foto-atelje\/","title":{"rendered":"Andersona foto atelj\u0113"},"content":{"rendered":"<div class=\"wpb-content-wrapper\"><p>[vc_row][vc_column width=&#8221;7\/12&#8243;]\t\t<div id=\"wd-6800997c32524\" class=\"wd-text-block wd-wpb reset-last-child wd-rs-6800997c32524 text-left \">\n\t\t\t<p class=\"p1\">\u0160is nams C\u0113su v\u0113sturiskaj\u0101 centr\u0101 ir \u012bpa\u0161a vieta, kas glab\u0101 st\u0101stu par vair\u0101k nek\u0101 divarpus gadsimtiem \u2013 par cilv\u0113ku likte\u0146iem, pils\u0113tas att\u012bst\u012bbu un m\u0101kslas izaugsmi.<\/p>\n<p class=\"p1\">\u012apa\u0161uma pirms\u0101kumi mekl\u0113jami 18. gadsimta p\u0113d\u0113j\u0101 ceturksn\u012b, laik\u0101, kad C\u0113sis v\u0113l bija neliela, bet ros\u012bga Vidzemes pils\u0113ta. 1776. gad\u0101 neapb\u016bv\u0113tais zemesgabals pieder\u0113ja m\u016brnieku zellim Kannaheram, kur\u0161 to p\u0101rdeva namniekam un podnieku meistaram Simonam Borovskim. Dr\u012bz vien, 1778. gad\u0101, \u0161eit tika uzcelta pirm\u0101 koka dz\u012bvojam\u0101 m\u0101ja, ko ieg\u0101d\u0101j\u0101s namnieks un skurste\u0146u t\u012br\u012bt\u0101ju meistars \u0100brams Prange.<\/p>\n<p class=\"p1\">\u0160ie gadi bija \u012bpa\u0161s laiks Latvijas v\u0113stur\u0113 \u2013 periods, kad pils\u0113t\u0101s strauji att\u012bst\u012bj\u0101s amatniec\u012bba un tirdzniec\u012bba. \u012apa\u0161uma \u012bpa\u0161nieki main\u012bj\u0101s k\u0101 kr\u0101sainas moza\u012bkas gabali\u0146i \u2013 1798. gad\u0101 to ieguva tirgot\u0101js Johans \u0112ders, apprecot Pranges atraitni Annu. 1832. gad\u0101 gruntsgabalu re\u0123istr\u0113ja namnieka un tirgot\u0101ja Georga Davida Pranges \u012bpa\u0161um\u0101, bet 1836. gad\u0101 tas non\u0101ca atraitnes Krist\u012bnes Pranges \u012bpa\u0161um\u0101. 1842. gad\u0101 \u012bpa\u0161ums tika p\u0101rdots skurste\u0146slauc\u012bt\u0101ju meistaram Francim Melleram par 900 rub\u013ciem \u2013 summu, kas tolaik bija iev\u0113rojama.<\/p>\n<p class=\"p1\">Iz\u0161\u0137iro\u0161ais pagrieziena punkts \u012bpa\u0161uma un C\u0113su fotogr\u0101fijas v\u0113stur\u0113 bija 1888. gads. Magnuss Hellers nesp\u0113ja nomaks\u0101t par\u0101dus, un C\u0113su dome izsludin\u0101ja nekustam\u0101 \u012bpa\u0161uma p\u0101rdo\u0161anu izsol\u0113. Taj\u0101 piedal\u012bj\u0101s viet\u0113jais fotogr\u0101fs K\u0101rlis Andersons \u2013 cilv\u0113ks, kur\u0161 b\u016btiski izmain\u012bja \u0161\u012b nama un pils\u0113tas kult\u016brvidi.<\/p>\n<p class=\"p1\">K\u0101r\u013ca Andersona dz\u012bvesst\u0101sts ir \u012bpa\u0161s. Vi\u0146\u0161 s\u0101ka k\u0101 draudzes skolas vad\u012bt\u0101js Valmieras Kokmui\u017e\u0101, bet, dzi\u013ci interes\u0113jies par tehnolo\u0123ij\u0101m un m\u0101kslu, nol\u0113ma apg\u016bt fotogr\u0101fijas m\u0101kslu. Veselu gadu vi\u0146\u0161 pavad\u012bja V\u0101cij\u0101, m\u0101c\u012bdamies pie izcil\u0101kajiem fotogr\u0101fiem. Minhen\u0113, Fridriha Millera fotogr\u0101fiskaj\u0101 iest\u0101d\u0113, vi\u0146\u0161 sa\u0146\u0113ma atest\u0101tu, kas apliecin\u0101ja vi\u0146a augsto profesionalit\u0101ti.<\/p>\n<p class=\"p3\">1889.gad\u0101 Andersons p\u0101rv\u0113rta \u012bpa\u0161umu par modernu fotodarbn\u012bcu, kas k\u013cuva par vienu no pirmaj\u0101m profesion\u0101laj\u0101m fotogr\u0101fijas viet\u0101m C\u0113s\u012bs. Vi\u0146\u0161 r\u016bp\u012bgi pl\u0101noja telpas \u2013 otro st\u0101vu ier\u012bkoja k\u0101 fotolaboratoriju ar \u012bpa\u0161u stiklotu verandu, kur var\u0113ja izmantot dab\u012bgo gaismu. Apak\u0161\u0113jais st\u0101vs tika iz\u012br\u0113ts diviem pla\u0161iem dz\u012bvok\u013ciem. Andersonam pieder\u0113ja piecas fotokameras un desmit da\u017e\u0101di fotoobjekt\u012bvi \u2013 tas bija iev\u0113rojams apr\u012bkojums 19. gadsimta beig\u0101s.<\/p>\n<p class=\"p3\">1890.gad\u0101 K\u0101r\u013ca person\u012bgaj\u0101 dz\u012bv\u0113 notika b\u016btiskas p\u0101rmai\u0146as \u2013 vi\u0146\u0161 apprec\u0113j\u0101s ar Nat\u0101liju Gr\u016bbi, kura bija krietni jaun\u0101ka par vi\u0146u un str\u0101d\u0101ja modes pre\u010du veikal\u0101. 1911. gad\u0101 piedzima vi\u0146u d\u0113ls K\u0101rlis Aleksandrs. Diem\u017e\u0113l 1912. gada apr\u012bl\u012b K\u0101rlis Andersons mira, atst\u0101jot sievu un mazgad\u012bgu d\u0113lu.<\/p>\n<p class=\"p1\">Nat\u0101lija Andersone pier\u0101d\u012bja sevi k\u0101 sp\u0113c\u012bga sieviete. Vi\u0146a ne tikai saglab\u0101ja \u0123imenes \u012bpa\u0161umu, bet ar\u012b turpin\u0101ja fotogr\u0101fijas trad\u012bcijas. Vi\u0146as vad\u012bb\u0101 fotodarbn\u012bca k\u013cuva par noz\u012bm\u012bgu vietu viet\u0113j\u0101 kult\u016bras dz\u012bv\u0113. \u012apa\u0161i iev\u0113rojams bija fotogr\u0101fs P\u0113teris Pauk\u0161\u0113ns, kur\u0161 \u0161eit str\u0101d\u0101ja no 1915. l\u012bdz 1933. gadam. Vi\u0146a darbi tika public\u0113ti popul\u0101ros preses izdevumos, k\u0101 \u201cNed\u0113\u013ca\u201d, \u201cAtp\u016bta\u201d un \u201cIlustr\u0113tais \u017durn\u0101ls\u201d.<\/p>\n<p class=\"p1\">M\u0101jas v\u0113sture cie\u0161i savij\u0101s ar Latvijas sare\u017e\u0123\u012bto 20. gadsimta v\u0113sturi. 1940. gad\u0101, padomju okup\u0101cijas laik\u0101, \u012bpa\u0161umu nacionaliz\u0113ja, 1943. gad\u0101 \u012bslaic\u012bgi atjaunoja \u012bpa\u0161uma ties\u012bbas, bet p\u0113c gada atkal nacionaliz\u0113ja. \u0160ie gadi bija pilni p\u0101rmai\u0146u un nenoteikt\u012bbas.<\/p>\n<p class=\"p1\">Andersonu d\u0113ls K\u0101rlis Aleksandrs k\u013cuva par arhitektu \u2013 1943. gad\u0101 vi\u0146\u0161 ieguva diplomu Latvijas Universit\u0101t\u0113. Otr\u0101 pasaules kara beig\u0101s vi\u0146\u0161 emigr\u0113ja, atrodot jaunu m\u0101ju Sp\u0101nij\u0101, kur miris 1991. gad\u0101.<\/p>\n<p class=\"p3\">1954.gada vasar\u0101 koka namu Lielaj\u0101 Kal\u0113ju iel\u0101 5 nojauca, bet \u0137ie\u0123e\u013cu \u0113ka 5a saglab\u0101j\u0101s k\u0101 140 gadus vecs v\u0113sturisk\u0101 centra liecinieks. \u0160odien t\u0101 ir dz\u012bva v\u0113stures liec\u012bba \u2013 st\u0101sts par \u0123imeni, kuras dz\u012bve cie\u0161i savij\u0101s ar C\u0113su pils\u0113tas att\u012bst\u012bbu, fotogr\u0101fijas m\u0101kslu un Latvijas likteni.<\/p>\n<p>\u00a0<\/p>\n\t\t<\/div>\n\t\t[\/vc_column][vc_column width=&#8221;5\/12&#8243;]\t\t<div class=\"wd-osm-map-container wd-map-container wd-rs-67a3c7d0a8afb \">\n\t\t\t<div id=\"wd-rs-67a3c7d0a8afb\" class=\"wd-osm-map-wrapper wd-map-wrapper\" data-settings=\"{&quot;zoom&quot;:&quot;17&quot;,&quot;iconUrl&quot;:&quot;https:\\\/\\\/cesustasti.lv\\\/wp-content\\\/themes\\\/woodmart\\\/images\\\/icons\\\/marker-icon.png&quot;,&quot;scrollWheelZoom&quot;:&quot;yes&quot;,&quot;zoomControl&quot;:&quot;yes&quot;,&quot;dragging&quot;:&quot;yes&quot;,&quot;geoapify_tile&quot;:&quot;osm-carto&quot;,&quot;markers&quot;:[{&quot;marker&quot;:{&quot;marker_title&quot;:&quot;Andersona foto atelj\\u0113&quot;,&quot;marker_coords&quot;:&quot;57.311252, 25.266634&quot;,&quot;marker_behavior&quot;:&quot;popup&quot;,&quot;show_button&quot;:&quot;no&quot;,&quot;button_url_target&quot;:&quot;_blank&quot;,&quot;image_size&quot;:[],&quot;image&quot;:&quot;&quot;},&quot;lat&quot;:&quot;57.311252&quot;,&quot;lng&quot;:&quot; 25.266634&quot;}],&quot;center&quot;:&quot;57.311252,25.266634&quot;,&quot;init_type&quot;:&quot;page_load&quot;,&quot;init_offset&quot;:&quot;100&quot;}\"><\/div>\n\n\t\t\t\n\t\t\t\n\t\t\t\t\t<\/div>\n\t\t[\/vc_column][\/vc_row]<\/p>\n<\/div>","protected":false},"excerpt":{"rendered":"<p class=\"p1\"><span class=\"s1\"><b>K\u0101r\u013ca Andersona fotogr\u0101fijas nams Lielaj\u0101 Kal\u0113ju iel\u0101 5a<\/b><\/span> bija ne tikai pirm\u0101 profesion\u0101l\u0101 fotodarbn\u012bca C\u0113s\u012bs, bet ar\u012b unik\u0101ls kult\u016brv\u0113sturisks objekts, kas no 1889. l\u012bdz 1937. gadam kalpoja par noz\u012bm\u012bgu vietu m\u0101kslas fotogr\u0101fijas att\u012bst\u012bbai Vidzem\u0113.<\/p>\n<p class=\"p1\">\u012apa\u0161um\u0101 l\u012bdz pat 1944. gadam darboj\u0101s izcili fotogr\u0101fi, piem\u0113ram, <span class=\"s1\"><b>P\u0113teris Pauk\u0161\u0113ns<\/b><\/span>, kura darbi tika public\u0113ti t\u0101dos popul\u0101ros preses izdevumos k\u0101 <i>\u201cNed\u0113\u013ca\u201d<\/i>, <i>\u201cAtp\u016bta\u201d<\/i> un <i>\u201cIlustr\u0113tais \u017durn\u0101ls\u201d<\/i>. L\u012bdz ar to \u0161is nams k\u013cuva par svar\u012bgu dokument\u0101lu liec\u012bbu Latvijas kult\u016bras un soci\u0101l\u0101s v\u0113stures atspogu\u013co\u0161an\u0101.<\/p>\n<h3><strong>Fakti<\/strong><\/h3>\n<ul>\n<li>1778. gads \u2013 Lielaj\u0101 Kal\u0113ju iel\u0101 5 uzcelta koka dz\u012bvojam\u0101 m\u0101ja.<\/li>\n<li>19. gadsimta s\u0101kums \u2013 Uzcelta m\u016bra \u0113ka Lielaj\u0101 Kal\u0113ju iel\u0101 5a.<\/li>\n<li>1888. gads \u2013 K\u0101rlis Andersons nosola \u012bpa\u0161umu par 3792 rub\u013ciem.<\/li>\n<li>1889. gads \u2013 Andersons p\u0101rvieto savu fotodarbn\u012bcu no Va\u013c\u0146u ielas uz Liel\u0101s Kal\u0113ju ielas 5a \u0113ku.<\/li>\n<li>1912. gads \u2013 \u012apa\u0161umu manto Andersona sieva Nat\u0101lija.<\/li>\n<li>1926. gads \u2013 Nam\u0101 ievilkta elektr\u012bba.<\/li>\n<li>1940.\u20131941. gads \u2013 \u012apa\u0161ums tiek nacionaliz\u0113ts padomju okup\u0101cijas laik\u0101.<\/li>\n<li>1943. gads \u2013 V\u0101cu okup\u0101cijas laik\u0101 \u012bpa\u0161uma ties\u012bbas da\u013c\u0113ji atjaunotas.<\/li>\n<li>1944. gads \u2013 Ruden\u012b priv\u0101t\u012bpa\u0161umi tiek p\u0101rveidoti par \u201cvisas tautas \u012bpa\u0161umu\u201d.<\/li>\n<li>1954. gads \u2013 Nojaukts koka nams Lielaj\u0101 Kal\u0113ju iel\u0101 5.<\/li>\n<\/ul>\n","protected":false},"featured_media":795,"template":"","meta":[],"product_brand":[],"product_cat":[26,29],"product_tag":[85],"class_list":{"0":"post-663","1":"product","2":"type-product","3":"status-publish","4":"has-post-thumbnail","6":"product_cat-nami","7":"product_cat-razotnes","8":"product_tag-foto","10":"first","11":"instock","12":"shipping-taxable","13":"product-type-simple"},"jetpack_sharing_enabled":true,"_links":{"self":[{"href":"https:\/\/cesustasti.lv\/en\/wp-json\/wp\/v2\/product\/663","targetHints":{"allow":["GET"]}}],"collection":[{"href":"https:\/\/cesustasti.lv\/en\/wp-json\/wp\/v2\/product"}],"about":[{"href":"https:\/\/cesustasti.lv\/en\/wp-json\/wp\/v2\/types\/product"}],"wp:featuredmedia":[{"embeddable":true,"href":"https:\/\/cesustasti.lv\/en\/wp-json\/wp\/v2\/media\/795"}],"wp:attachment":[{"href":"https:\/\/cesustasti.lv\/en\/wp-json\/wp\/v2\/media?parent=663"}],"wp:term":[{"taxonomy":"product_brand","embeddable":true,"href":"https:\/\/cesustasti.lv\/en\/wp-json\/wp\/v2\/product_brand?post=663"},{"taxonomy":"product_cat","embeddable":true,"href":"https:\/\/cesustasti.lv\/en\/wp-json\/wp\/v2\/product_cat?post=663"},{"taxonomy":"product_tag","embeddable":true,"href":"https:\/\/cesustasti.lv\/en\/wp-json\/wp\/v2\/product_tag?post=663"}],"curies":[{"name":"wp","href":"https:\/\/api.w.org\/{rel}","templated":true}]}}