{"id":661,"date":"2025-02-05T19:37:56","date_gmt":"2025-02-05T19:37:56","guid":{"rendered":"https:\/\/cesustasti.lv\/?post_type=product&#038;p=661"},"modified":"2025-04-17T05:36:49","modified_gmt":"2025-04-17T05:36:49","slug":"v-rumpisa-manufaktura","status":"publish","type":"product","link":"https:\/\/cesustasti.lv\/en\/visi-stasti\/v-rumpisa-manufaktura\/","title":{"rendered":"V.Rump\u012b\u0161a manufakt\u016bra"},"content":{"rendered":"<div class=\"wpb-content-wrapper\"><p>[vc_row][vc_column width=&#8221;7\/12&#8243;]\t\t<div id=\"wd-6800928d2a58a\" class=\"wd-text-block wd-wpb reset-last-child wd-rs-6800928d2a58a text-left \">\n\t\t\t<p class=\"p1\">C\u0113su nams, kas savulaik pieder\u0113ja da\u017e\u0101d\u0101m \u0123imen\u0113m un tirgot\u0101jiem, ir \u012bsta v\u0113stures lappuse, kas st\u0101sta par pils\u0113tas dz\u012bvi gandr\u012bz divarpus gadsimtu gait\u0101.<\/p>\n<p class=\"p1\">Viss s\u0101k\u0101s 1789. gad\u0101, kad bir\u0123ermeistars Johans Georgs H\u016bns uzc\u0113la \u0161o akmens namu \u2013 vienu no retajiem C\u0113s\u012bs. S\u0101kotn\u0113ji t\u0101 bija \u012bsti ros\u012bga vieta, kur pa pirmo st\u0101vu \u010dalas vien l\u012bda, bet sarun\u0101s vald\u012bja v\u0101cu valoda.<\/p>\n<p class=\"p1\">Ap 19. gadsimta vidu namu nopirka agronoms Reinholds Sigismunds P\u0113tersons par 5400 rub\u013ciem. Vi\u0146\u0161 bija \u012bsts uz\u0146\u0113m\u0113js \u2013 ne tikai izmantoja veikalu telpas, bet 1870. gad\u0101 pat ier\u012bkoja maizes veikalu, kur pa\u0161a sieva cepusi gard\u0101ko maizi.<\/p>\n<p class=\"p1\">\u012apa\u0161i noz\u012bm\u012bgs laiks bija, kad P\u0113tersona meita J\u016blija Plam\u0161e mantoja namu. Vi\u0146a nebaid\u012bj\u0101s no lieliem izaicin\u0101jumiem \u2013 pat aiz\u0146\u0113m\u0101s 15 000 rub\u013cu, lai veiktu piln\u012bgu p\u0101rb\u016bvi. Vec\u0101 koka bod\u012bte tika nojaukta, uzcelta jauna \u2013 \u0137ie\u0123e\u013cu, bet veikalu telpas iz\u012br\u0113tas da\u017e\u0101diem tirgot\u0101jiem. Vi\u0146a pat vecaj\u0101 zirgu stall\u012b ier\u012bkoja j\u0113l\u0101du \u017e\u0101v\u0113tavu.<\/p>\n<p class=\"p1\">Hugo Stirne, kur\u0161 namu nopirka 1910. gad\u0101, turpin\u0101ja nama ros\u012bgo dz\u012bvi. Vi\u0146a koloni\u0101lpre\u010du veikals pamaz\u0101m p\u0101rtapa par dzelzs un t\u0113rauda pre\u010du veikalu, saglab\u0101jot nama dinamisko garu.<\/p>\n<p class=\"p1\">\u012apa\u0161i ziedu laiki s\u0101k\u0101s, kad 1934. gad\u0101 namu ieg\u0101d\u0101j\u0101s tirgot\u0101js Voldem\u0101rs Rump\u012btis. Vi\u0146\u0161 ieviesa modern\u0101kos laika sasniegumus \u2013 \u016bdens klozetes, vannas, elektrisko apgaismojumu. Nama pirmais st\u0101vs k\u013cuva par \u012bstu \u201cd\u0101mu parad\u012bzi\u201d ar da\u017e\u0101d\u0101m bod\u012bt\u0113m un veikaliem.<\/p>\n<p class=\"p1\">1939. gad\u0101 \u012bpa\u0161nieks atkal main\u012bj\u0101s \u2013 nu jau par nama saimnieku k\u013cuva Jelgavas firma \u201cJ\u0101nis Bisenieks\u201d.<\/p>\n<p class=\"p1\">\u0160odien \u0161aj\u0101 nam\u0101 saimnieko C\u0113su B\u0113rnu un jaunie\u0161u centrs, bet visa iepriek\u0161\u0113jo gadsimtu pieredze joproj\u0101m dz\u012bvo \u0161aj\u0101s sien\u0101s. Tas ir dz\u012bvs liecinieks tam, k\u0101 main\u012bjusies pils\u0113tas dz\u012bve \u2013 no v\u0101cu tirgot\u0101ju bod\u012bt\u0113m l\u012bdz m\u016bsdienu jaunie\u0161u centram.<\/p>\n<p class=\"p1\">Katrs nama \u012bpa\u0161nieks ir atst\u0101jis savu z\u012bmogu \u2013 gan arhitekt\u016br\u0101, gan funkcionalit\u0101t\u0113. Un, ja \u0161\u012bs sienas var\u0113tu run\u0101t, t\u0101s st\u0101st\u012btu par neticami kr\u0101\u0161\u0146u un main\u012bgu v\u0113sturi, kas atspogu\u013co ne tikai viena nama, bet visas pils\u0113tas att\u012bst\u012bbas st\u0101stu.<\/p>\n<p>\u00a0<\/p>\n\t\t<\/div>\n\t\t[\/vc_column][vc_column width=&#8221;5\/12&#8243;]\t\t<div class=\"wd-osm-map-container wd-map-container wd-rs-67a3c0e7c9759 \">\n\t\t\t<div id=\"wd-rs-67a3c0e7c9759\" class=\"wd-osm-map-wrapper wd-map-wrapper\" data-settings=\"{&quot;zoom&quot;:&quot;17&quot;,&quot;iconUrl&quot;:&quot;https:\\\/\\\/cesustasti.lv\\\/wp-content\\\/themes\\\/woodmart\\\/images\\\/icons\\\/marker-icon.png&quot;,&quot;scrollWheelZoom&quot;:&quot;yes&quot;,&quot;zoomControl&quot;:&quot;yes&quot;,&quot;dragging&quot;:&quot;yes&quot;,&quot;geoapify_tile&quot;:&quot;osm-carto&quot;,&quot;markers&quot;:[{&quot;marker&quot;:{&quot;marker_title&quot;:&quot;V.Rump\\u012b\\u0161a manifakt\\u016bra&quot;,&quot;marker_coords&quot;:&quot;57.31138855897921, 25.27140301950488&quot;,&quot;marker_behavior&quot;:&quot;popup&quot;,&quot;show_button&quot;:&quot;no&quot;,&quot;button_url_target&quot;:&quot;_blank&quot;,&quot;image_size&quot;:[],&quot;image&quot;:&quot;&quot;},&quot;lat&quot;:&quot;57.31138855897921&quot;,&quot;lng&quot;:&quot; 25.27140301950488&quot;}],&quot;center&quot;:&quot;57.311388558979,25.271403019505&quot;,&quot;init_type&quot;:&quot;page_load&quot;,&quot;init_offset&quot;:&quot;100&quot;}\"><\/div>\n\n\t\t\t\n\t\t\t\n\t\t\t\t\t<\/div>\n\t\t[\/vc_column][\/vc_row]<\/p>\n<\/div>","protected":false},"excerpt":{"rendered":"<p>\u0160is C\u0113su nams ir \u012bpa\u0161s ar to, ka vien\u0101 laik\u0101 tas ir uz\u0146\u0113mis vair\u0101kus veikalus un pat traktieri &#8211; koloni\u0101lpre\u010du veikalu, saldumu tirdz\u012bbu, friz\u0113tavu, cepuru veikalu un traktieri. \u012apa\u0161i interesanti, ka 1930. gados nama \u012bpa\u0161nieks Voldem\u0101rs Rump\u012btis bija tik novatorisks, ka viet\u0113j\u0101 av\u012bz\u0113 ievietoja sava veikala fotogr\u0101fiju laik\u0101, kad fotogr\u0101fijas av\u012bz\u0113s v\u0113l nemaz netika druk\u0101tas.<\/p>\n<h3><strong>Fakti<\/strong><\/h3>\n<ul>\n<li>1789.gads: Bir\u0123ermeistars Johans Georgs H\u016bns uzce\u013c namu.<\/li>\n<li>Ap 19 gs. vidus: Namu nop\u0113rk agronoms Reinholds Sigismunds P\u0113tersons.<\/li>\n<li>1870.gads: Namam tiek uzb\u016bv\u0113ta koka pieb\u016bve maizes veikala atv\u0113r\u0161anai.<\/li>\n<li>1886.-1887.gads: J\u016blija Plam\u0161e namu piln\u012bb\u0101 p\u0101rb\u016bv\u0113.<\/li>\n<li>1910.gads: Hugo Stirne nop\u0113rk namu un ier\u012bko taj\u0101 koloni\u0101lpre\u010du veikalu.<\/li>\n<li>1934.gads: Namu sav\u0101 \u012bpa\u0161um\u0101 ieg\u016bst tirgot\u0101js Voldem\u0101rs Rump\u012btis.<\/li>\n<li>1939.gads: Par nama \u012bpa\u0161nieku k\u013c\u016bst Jelgavas firmas \u201cJ\u0101nis Bisenieks\u201d<\/li>\n<li>\u0160obr\u012bd nam\u0101 saimnieko C\u0113su B\u0113rnu un jaunie\u0161u centrs<\/li>\n<\/ul>\n","protected":false},"featured_media":829,"template":"","meta":[],"product_brand":[],"product_cat":[26,30],"product_tag":[74],"class_list":{"0":"post-661","1":"product","2":"type-product","3":"status-publish","4":"has-post-thumbnail","6":"product_cat-nami","7":"product_cat-veikali","8":"product_tag-veikals","10":"first","11":"instock","12":"shipping-taxable","13":"product-type-simple"},"jetpack_sharing_enabled":true,"_links":{"self":[{"href":"https:\/\/cesustasti.lv\/en\/wp-json\/wp\/v2\/product\/661","targetHints":{"allow":["GET"]}}],"collection":[{"href":"https:\/\/cesustasti.lv\/en\/wp-json\/wp\/v2\/product"}],"about":[{"href":"https:\/\/cesustasti.lv\/en\/wp-json\/wp\/v2\/types\/product"}],"wp:featuredmedia":[{"embeddable":true,"href":"https:\/\/cesustasti.lv\/en\/wp-json\/wp\/v2\/media\/829"}],"wp:attachment":[{"href":"https:\/\/cesustasti.lv\/en\/wp-json\/wp\/v2\/media?parent=661"}],"wp:term":[{"taxonomy":"product_brand","embeddable":true,"href":"https:\/\/cesustasti.lv\/en\/wp-json\/wp\/v2\/product_brand?post=661"},{"taxonomy":"product_cat","embeddable":true,"href":"https:\/\/cesustasti.lv\/en\/wp-json\/wp\/v2\/product_cat?post=661"},{"taxonomy":"product_tag","embeddable":true,"href":"https:\/\/cesustasti.lv\/en\/wp-json\/wp\/v2\/product_tag?post=661"}],"curies":[{"name":"wp","href":"https:\/\/api.w.org\/{rel}","templated":true}]}}