{"id":658,"date":"2025-02-05T18:49:21","date_gmt":"2025-02-05T18:49:21","guid":{"rendered":"https:\/\/cesustasti.lv\/?post_type=product&#038;p=658"},"modified":"2026-01-25T13:56:20","modified_gmt":"2026-01-25T13:56:20","slug":"baltischer-hof","status":"publish","type":"product","link":"https:\/\/cesustasti.lv\/en\/visi-stasti\/baltischer-hof\/","title":{"rendered":"Baltischer Hof"},"content":{"rendered":"<div class=\"wpb-content-wrapper\"><p>[vc_row][vc_column width=&#8221;7\/12&#8243;]\t\t<div id=\"wd-697620c04b4bf\" class=\"wd-text-block wd-wpb reset-last-child wd-rs-697620c04b4bf text-left \">\n\t\t\t<p>Baltijas viesn\u012bcas jeb Baltischer Hof v\u0113sture ir kr\u0101\u0161\u0146s st\u0101sts par C\u0113su pils\u0113tas sabiedrisko dz\u012bvi vair\u0101k nek\u0101 divu gadsimtus garum\u0101. Viss s\u0101k\u0101s 1726. gad\u0101, kad zeltkalis Johans Galanders nopirka m\u016bra dz\u012bvojamo m\u0101ju C\u0113s\u012bs. 1787. gada F. Reihela sast\u0101d\u012btaj\u0101 pils\u0113tas pl\u0101n\u0101 \u0161is gruntsgabals jau bija iez\u012bm\u0113ts ar numuru 30 un tolaik v\u0113l pieder\u0113ja Galanderam. \u012apa\u0161umu mantoja vi\u0146a d\u0113li \u2013 tirgot\u0101ji Johans Ludvigs un Peters Emanuels, kuri 1824. gad\u0101 to p\u0101rdeva tirgot\u0101jam Karlam Johanam Kreicmanim par 950 sudraba rub\u013ciem.<\/p>\n<p class=\"p3\">beidzot savu akt\u012bvo darb\u012bbu C\u0113su alusdar\u012btav\u0101, tas galvenais br\u016bveris Heinrihs Binders 1887.gad\u0101 publisk\u0101 izsol\u0113 par 14\u202f600 rub\u013ciem nopirka \u0113ku un tai piedero\u0161\u0101s pal\u012bgb\u016bves. Jau 1890. gad\u0101 vi\u0146\u0161 s\u0101ka reklam\u0113t \u201cBaltijas viesn\u012bcu\u201d k\u0101 \u013coti izdev\u012bgu vietu pils\u0113tas centr\u0101. Viesn\u012bc\u0101 bija liela kafejn\u012bca-restor\u0101ns, \u012bpa\u0161as istabas komp\u0101nij\u0101m, d\u0101rzs, veranda un biljards. Nak\u0161\u0146o\u0161ana maks\u0101ja, s\u0101kot no 60 kapeik\u0101m.<\/p>\n<p class=\"p1\">Tom\u0113r Binderam bija nopietnas finansi\u0101las probl\u0113mas \u2013 \u012bpa\u0161ums bija apgr\u016btin\u0101ts ar par\u0101diem vair\u0101k nek\u0101 17\u202f700 rub\u013cu apm\u0113r\u0101. 1903. gada 3. oktobr\u012b vi\u0146\u0161 to p\u0101rdeva Limba\u017eu s\u012bkpilsonim Augustam P\u0113tersonam par 26\u202f000 rub\u013ciem.<\/p>\n<p class=\"p1\">Augusta un vi\u0146a sievas Karl\u012bnes P\u0113tersonu periods k\u013cuva par viesn\u012bcas zelta laikmetu. \u201cBaltijas viesn\u012bcai\u201d bija izcila reput\u0101cija, kas sniedz\u0101s pat l\u012bdz Londonai. \u0122imenes \u0101rsts st\u0101st\u012bjis, ka Kuka ce\u013cojumu biroj\u0101 to ieteiku\u0161i k\u0101 lab\u0101ko viesn\u012bcu Livonij\u0101.<\/p>\n<p class=\"p1\">Karl\u012bne, kura bija m\u0101c\u012bjusies lab\u0101s skol\u0101s, viesn\u012bcas telp\u0101s atv\u0113ra kulin\u0101rijas skolu. Tur C\u0113su jaunavas apguva \u0113dienu gatavo\u0161anu, saimnieko\u0161anu un galda kl\u0101\u0161anu. Savuk\u0101rt Augusts bija paz\u012bstams ar savu izcilo v\u012bna pagrabu \u2013 vi\u0146\u0161 labpr\u0101t cien\u0101ja draugus ar da\u017e\u0101du \u0161\u0137ir\u0146u v\u012bniem. Te bie\u017ei viesoj\u0101s \u0101rsts Smilga un zv\u0113rin\u0101ts advok\u0101ts Voldem\u0101rs Teikmanis.<\/p>\n<p class=\"p3\">1919.gad\u0101 viesn\u012bca k\u013cuva par v\u0113sturisk\u0101s noz\u012bmes vietu \u2013 t\u0101s telp\u0101s norisin\u0101j\u0101s sarunas starp jaun\u0101s Latvijas armijas un landesv\u0113ra p\u0101rst\u0101vjiem Latvijas Neatkar\u012bbas kara laik\u0101.<\/p>\n<p class=\"p1\">P\u0113c Augusta n\u0101ves 1931. gad\u0101 saimnieko\u0161anu turpin\u0101ja Karl\u012bne. Jau 1924. gad\u0101 vi\u0146i bija veiku\u0161i kapit\u0101lremontu, un viesn\u012bc\u0101 bija 15 istabas \u2013 visliel\u0101kais skaits starp C\u0113su viesn\u012bc\u0101m. Viena istaba maks\u0101ja 2 latus, bet pansijas uztur\u0113\u0161an\u0101s \u2013 2,50 latus.<\/p>\n<p class=\"p1\">Nama pirmaj\u0101 st\u0101v\u0101 no 1929. l\u012bdz 1932. gadam darboj\u0101s da\u017e\u0101di veikali \u2013 cepuru un ap\u0123\u0113rbu veikals, pulkste\u0146u veikals. Tre\u0161aj\u0101 st\u0101v\u0101 atrad\u0101s \u0101rsta Voldem\u0101ra Baumgarta kabinets.<\/p>\n<p class=\"p3\">1940.gad\u0101 p\u0113c \u012bpa\u0161uma nacionaliz\u0101cijas \u0113k\u0101 ier\u012bkoja ve\u013cas darbn\u012bcu. V\u0101cu okup\u0101cijas laik\u0101, 1942. gad\u0101, viesn\u012bca \u012bslaic\u012bgi ats\u0101ka darb\u012bbu, ta\u010du p\u0113c Otr\u0101 pasaules kara t\u0101s viet\u0101 tika izveidota viesn\u012bcas \u201cT\u0113rvete\u201d fili\u0101le.<\/p>\n<p class=\"p1\">T\u0101 <i>Baltischer Hof<\/i>, s\u0101kot k\u0101 vienk\u0101r\u0161a dz\u012bvojam\u0101 m\u0101ja, k\u013cuva par noz\u012bm\u012bgu C\u0113su sabiedrisk\u0101s dz\u012bves centru \u2013 pieredzot gan cara laika kr\u0101\u0161\u0146umu, gan Latvijas neatkar\u012bbas c\u012b\u0146as, gan padomju laika p\u0101rmai\u0146as.<\/p>\n<p><em>Avots:<\/em><br \/>\n<em>Agita Sieti\u0146a, <a href=\"https:\/\/cesumajustasti.blogspot.com\/\">Projekts \u201cVecpils\u0113tas m\u0101ju st\u0101sti\u201d<\/a><\/em><br \/>\n<em>Dace Cepur\u012bte, Mg. hist., <a href=\"https:\/\/www.cesis.lv\/lv\/novads\/cesu-novads\/cesnieks-un-vina-nams\/\">P\u0113t\u012bjums \u201cC\u0113snieks un vi\u0146a nams\u201d<\/a><\/em><\/p>\n\t\t<\/div>\n\t\t[\/vc_column][vc_column width=&#8221;5\/12&#8243;]\t\t<div class=\"wd-osm-map-container wd-map-container wd-rs-67a3b486d6cee \">\n\t\t\t<div id=\"wd-rs-67a3b486d6cee\" class=\"wd-osm-map-wrapper wd-map-wrapper\" data-settings=\"{&quot;zoom&quot;:&quot;15&quot;,&quot;iconUrl&quot;:&quot;https:\\\/\\\/cesustasti.lv\\\/wp-content\\\/themes\\\/woodmart\\\/images\\\/icons\\\/marker-icon.png&quot;,&quot;scrollWheelZoom&quot;:&quot;no&quot;,&quot;zoomControl&quot;:&quot;yes&quot;,&quot;dragging&quot;:&quot;yes&quot;,&quot;geoapify_tile&quot;:&quot;osm-carto&quot;,&quot;markers&quot;:[{&quot;marker&quot;:{&quot;marker_title&quot;:&quot;Baltischer Hof &quot;,&quot;marker_coords&quot;:&quot;57.311440, 25.271764&quot;,&quot;marker_behavior&quot;:&quot;popup&quot;,&quot;show_button&quot;:&quot;no&quot;,&quot;button_url_target&quot;:&quot;_blank&quot;,&quot;image_size&quot;:[],&quot;image&quot;:&quot;&quot;},&quot;lat&quot;:&quot;57.311440&quot;,&quot;lng&quot;:&quot; 25.271764&quot;}],&quot;center&quot;:&quot;57.31144,25.271764&quot;,&quot;init_type&quot;:&quot;page_load&quot;,&quot;init_offset&quot;:&quot;100&quot;}\"><\/div>\n\n\t\t\t\n\t\t\t\n\t\t\t\t\t<\/div>\n\t\t[\/vc_column][\/vc_row]<\/p>\n<\/div>","protected":false},"excerpt":{"rendered":"<p>Baltischer Hof viesn\u012bca bija tik izslav\u0113ta, ka pat Londonas ce\u013cojumu birojs Kuks to rekomend\u0113ja k\u0101 lab\u0101ko viesn\u012bcu Livonij\u0101, turkl\u0101t tai bija 15 istabas &#8211; visliel\u0101kais numuru skaits starp vis\u0101m C\u0113su viesn\u012bc\u0101m. \u012apa\u0161i interesanti, ka \u0161aj\u0101s sien\u0101s 1919. gad\u0101 notika iz\u0161\u0137iro\u0161\u0101s sarunas Latvijas Neatkar\u012bbas kara laik\u0101 starp jaun\u0101s Latvijas armijas un landesv\u0113ra p\u0101rst\u0101vjiem.<\/p>\n<h3><strong>Fakti<\/strong><\/h3>\n<ul>\n<li>1726.gads: Zeltkalis Johans Galnanders nop\u0113rk m\u016bra dz\u012bvojamo m\u0101ju.<\/li>\n<li>1787.gads: Gruntsgabals iez\u012bm\u0113ts F. Reihela sast\u0101d\u012btaj\u0101 pils\u0113tas pl\u0101n\u0101.<\/li>\n<li>1824.gads: Galanderu br\u0101\u013ci p\u0101rdod \u012bpa\u0161umu tirgot\u0101jam Karlam Johanam Kreicmanim.<\/li>\n<li>1887.gads: \u0112ku un zemes gabalu nop\u0113rk Heinrihs Binders, biju\u0161ais C\u0113su alusdar\u012btavas galvenais br\u016bveris.<\/li>\n<li>1890.gads: H. Binders s\u0101k reklam\u0113t &#8220;Baltijas viesn\u012bcu&#8221;.<\/li>\n<li>1903.gads: Augusta P\u0113tersona \u0123imene ieg\u016bst \u012bpa\u0161umu.<\/li>\n<li>1919.gads: Viesn\u012bc\u0101 notiek p\u0101rrunas starp Latvijas armijas un landesv\u0113ra p\u0101rst\u0101vjiem.<\/li>\n<li>1924.gads: Augusts P\u0113tersons s\u0101k kapit\u0101lremontu viesn\u012bc\u0101.<\/li>\n<li>1931.gads: Augusts P\u0113tersons mirst, saimnieko\u0161anu turpina sieva Karl\u012bne.<\/li>\n<li>1934.gads: Atv\u0113rts uz\u0146\u0113m\u0113ja Ernesta Pulsta veikals.<\/li>\n<li>194.gads: \u012apa\u0161ums nacionaliz\u0113ts, ier\u012bkota ve\u013cas darbn\u012bca.<\/li>\n<li>1942.gads: V\u0101cu okup\u0101cijas laik\u0101 ats\u0101k darboties viesn\u012bca.<\/li>\n<li>P\u0113c 1945.gada: Otraj\u0101 st\u0101v\u0101 ier\u012bkota viesn\u012bcas &#8220;T\u0113rvete&#8221; fili\u0101le<\/li>\n<\/ul>\n<p>&nbsp;<\/p>\n","protected":false},"featured_media":770,"template":"","meta":[],"product_brand":[],"product_cat":[26,82],"product_tag":[84,72,74,83],"class_list":{"0":"post-658","1":"product","2":"type-product","3":"status-publish","4":"has-post-thumbnail","6":"product_cat-nami","7":"product_cat-viesnicas","8":"product_tag-livonija","9":"product_tag-pansija","10":"product_tag-veikals","11":"product_tag-viesnica","13":"first","14":"instock","15":"shipping-taxable","16":"product-type-simple"},"jetpack_sharing_enabled":true,"_links":{"self":[{"href":"https:\/\/cesustasti.lv\/en\/wp-json\/wp\/v2\/product\/658","targetHints":{"allow":["GET"]}}],"collection":[{"href":"https:\/\/cesustasti.lv\/en\/wp-json\/wp\/v2\/product"}],"about":[{"href":"https:\/\/cesustasti.lv\/en\/wp-json\/wp\/v2\/types\/product"}],"wp:featuredmedia":[{"embeddable":true,"href":"https:\/\/cesustasti.lv\/en\/wp-json\/wp\/v2\/media\/770"}],"wp:attachment":[{"href":"https:\/\/cesustasti.lv\/en\/wp-json\/wp\/v2\/media?parent=658"}],"wp:term":[{"taxonomy":"product_brand","embeddable":true,"href":"https:\/\/cesustasti.lv\/en\/wp-json\/wp\/v2\/product_brand?post=658"},{"taxonomy":"product_cat","embeddable":true,"href":"https:\/\/cesustasti.lv\/en\/wp-json\/wp\/v2\/product_cat?post=658"},{"taxonomy":"product_tag","embeddable":true,"href":"https:\/\/cesustasti.lv\/en\/wp-json\/wp\/v2\/product_tag?post=658"}],"curies":[{"name":"wp","href":"https:\/\/api.w.org\/{rel}","templated":true}]}}