{"id":652,"date":"2025-01-04T12:55:30","date_gmt":"2025-01-04T12:55:30","guid":{"rendered":"https:\/\/cesustasti.lv\/?post_type=product&#038;p=652"},"modified":"2025-04-16T11:12:21","modified_gmt":"2025-04-16T11:12:21","slug":"plamsa-maja-2","status":"publish","type":"product","link":"https:\/\/cesustasti.lv\/en\/visi-stasti\/plamsa-maja-2\/","title":{"rendered":"Pl\u0101m\u0161a m\u0101ja"},"content":{"rendered":"<div class=\"wpb-content-wrapper\"><p>[vc_row][vc_column width=&#8221;7\/12&#8243;]\t\t<div id=\"wd-67ff90551dba3\" class=\"wd-text-block wd-wpb reset-last-child wd-rs-67ff90551dba3 text-left \">\n\t\t\t<p>\u0112ka celta 18. gadsimta 70.\u201380. gados. T\u0101 ir valsts noz\u012bmes arhitekt\u016bras piemineklis, jo ir viena no nedaudzaj\u0101m l\u012bdz m\u016bsdien\u0101m saglab\u0101taj\u0101m 18. gadsimta m\u016bra dz\u012bvojamaj\u0101m \u0113k\u0101m Latvijas mazpils\u0113t\u0101s. \u0112ka p\u0101rst\u0101v baroka un klasicisma stilu mijas periodu un izce\u013cas ar bag\u0101t\u012bgu fas\u0101des dekoru. Interjer\u0101 saglab\u0101ju\u0161\u0101s tr\u012bs 19. gadsimta pirm\u0101s puses durvis.<\/p>\n<p>\u0160aj\u0101 apk\u0101rtn\u0113, net\u0101lu no pils\u0113tas biju\u0161ajiem R\u012bgas v\u0101rtiem, 18. gadsimt\u0101 atrad\u0101s C\u0113su pilso\u0146u d\u0101rzi. 18. gadsimta beig\u0101s \u0161o teritoriju s\u0101ka apb\u016bv\u0113t ar dz\u012bvojam\u0101m \u0113k\u0101m.<br \/>\n1841. gad\u0101 medic\u012bnas doktors Georgs Heinrihs Meijers \u0161eit ier\u012bkoja \u016bdensdziedin\u0101tavas iest\u0101di.<\/p>\n<p>Turpinoties Baltijas p\u0101rkrievo\u0161anai, kad v\u0101cu valodas lietojuma d\u0113\u013c tika sl\u0113gta B\u0113rzaines \u0123imn\u0101zija, Vecpiebalgas draudzes skolas augst\u0101ko kla\u0161u skolot\u0101js K\u0101rlis Millers 1892. gad\u0101 C\u0113s\u012bs atv\u0113ra priv\u0101tu se\u0161klas\u012bgu re\u0101lskolu z\u0113niem ar m\u0101c\u012bb\u0101m krievu valod\u0101. L\u012bdz ar skolot\u0101ju Milleru uz C\u0113s\u012bm p\u0101rc\u0113l\u0101s ar\u012b da\u013ca vi\u0146a Vecpiebalgas audz\u0113k\u0146u, k\u0101 ar\u012b da\u013ca sl\u0113gt\u0101s B\u0113rzaines \u0123imn\u0101zijas skol\u0113nu. Viens no tiem bija latvie\u0161u komponists Alfr\u0113ds Kalni\u0146\u0161, kur\u0161 m\u0101c\u012bbas uzs\u0101ka B\u0113rzaines \u0123imn\u0101zij\u0101 un turpin\u0101ja Millera re\u0101lskol\u0101.<\/p>\n<p>1898. gad\u0101 skola p\u0101rc\u0113l\u0101s uz Lielo L\u012bvu ielu 1 (t\u0101 d\u0113v\u0113to Millera namu).<\/p>\n\t\t<\/div>\n\t\t[\/vc_column][vc_column width=&#8221;5\/12&#8243;]\t\t<div class=\"wd-osm-map-container wd-map-container wd-rs-67792fe8b232d \">\n\t\t\t<div id=\"wd-rs-67792fe8b232d\" class=\"wd-osm-map-wrapper wd-map-wrapper\" data-settings=\"{&quot;zoom&quot;:&quot;17&quot;,&quot;iconUrl&quot;:&quot;https:\\\/\\\/cesustasti.lv\\\/wp-content\\\/themes\\\/woodmart\\\/images\\\/icons\\\/marker-icon.png&quot;,&quot;scrollWheelZoom&quot;:&quot;yes&quot;,&quot;zoomControl&quot;:&quot;yes&quot;,&quot;dragging&quot;:&quot;yes&quot;,&quot;geoapify_tile&quot;:&quot;osm-carto&quot;,&quot;markers&quot;:[{&quot;marker&quot;:{&quot;marker_title&quot;:&quot;Pl\\u0101m\\u0161a m\\u0101ja&quot;,&quot;marker_coords&quot;:&quot;57.310376, 25.266369&quot;,&quot;marker_behavior&quot;:&quot;popup&quot;,&quot;show_button&quot;:&quot;no&quot;,&quot;button_url_target&quot;:&quot;_blank&quot;,&quot;image_size&quot;:[],&quot;image&quot;:&quot;&quot;},&quot;lat&quot;:&quot;57.310376&quot;,&quot;lng&quot;:&quot; 25.266369&quot;}],&quot;center&quot;:&quot;57.310376,25.266369&quot;,&quot;init_type&quot;:&quot;page_load&quot;,&quot;init_offset&quot;:&quot;100&quot;}\"><\/div>\n\n\t\t\t\n\t\t\t\n\t\t\t\t\t<\/div>\n\t\t[\/vc_column][\/vc_row]<\/p>\n<\/div>","protected":false},"excerpt":{"rendered":"<p>\u0160aj\u0101 nam\u0101 p\u0113c B\u0113rzaines \u0123imn\u0101zijas sl\u0113g\u0161anas turpin\u0101ja m\u0101c\u012bbas latvie\u0161u komponists Alfr\u0113ds Kalni\u0146\u0161.<\/p>\n<h3><strong>Fakti<\/strong><\/h3>\n<ul>\n<li>18.gs 70.-80. gados: Uzcelta Pl\u0101m\u0161a m\u0101ja.<\/li>\n<li>1841. gads: <span class=\"\\&quot;txt1\\&quot;\"><span lang=\"\\&quot;EN-US\\&quot;\">Georgs Heinrihs Meijers ier\u012bko \u016bdens<\/span><\/span><span lang=\"\\&quot;EN-US\\&quot;\">\u00a0<\/span><span class=\"\\&quot;txt1\\&quot;\"><span lang=\"\\&quot;EN-US\\&quot;\">dziedin\u0101tavu.<\/span><\/span><\/li>\n<li>1892.-1894. gads: Darbojas K. Millera re\u0101lskola<\/li>\n<li>1898.gads: K.Millera re\u0101lskola p\u0101rce\u013cas uz Lielo L\u012bvu ielu 1 (Millera namu)<\/li>\n<\/ul>\n","protected":false},"featured_media":800,"template":"","meta":[],"product_brand":[],"product_cat":[97,26,24],"product_tag":[70,79,71],"class_list":{"0":"post-652","1":"product","2":"type-product","3":"status-publish","4":"has-post-thumbnail","6":"product_cat-arstniecibas-iestade","7":"product_cat-nami","8":"product_cat-skolas","9":"product_tag-medicina","10":"product_tag-plamsa-maja","11":"product_tag-skola","13":"first","14":"instock","15":"shipping-taxable","16":"product-type-simple"},"jetpack_sharing_enabled":true,"_links":{"self":[{"href":"https:\/\/cesustasti.lv\/en\/wp-json\/wp\/v2\/product\/652","targetHints":{"allow":["GET"]}}],"collection":[{"href":"https:\/\/cesustasti.lv\/en\/wp-json\/wp\/v2\/product"}],"about":[{"href":"https:\/\/cesustasti.lv\/en\/wp-json\/wp\/v2\/types\/product"}],"wp:featuredmedia":[{"embeddable":true,"href":"https:\/\/cesustasti.lv\/en\/wp-json\/wp\/v2\/media\/800"}],"wp:attachment":[{"href":"https:\/\/cesustasti.lv\/en\/wp-json\/wp\/v2\/media?parent=652"}],"wp:term":[{"taxonomy":"product_brand","embeddable":true,"href":"https:\/\/cesustasti.lv\/en\/wp-json\/wp\/v2\/product_brand?post=652"},{"taxonomy":"product_cat","embeddable":true,"href":"https:\/\/cesustasti.lv\/en\/wp-json\/wp\/v2\/product_cat?post=652"},{"taxonomy":"product_tag","embeddable":true,"href":"https:\/\/cesustasti.lv\/en\/wp-json\/wp\/v2\/product_tag?post=652"}],"curies":[{"name":"wp","href":"https:\/\/api.w.org\/{rel}","templated":true}]}}