{"id":330,"date":"2023-06-07T13:19:43","date_gmt":"2023-06-07T13:19:43","guid":{"rendered":"https:\/\/dummy.xtemos.com\/woodmart2\/furniture2\/?post_type=product&#038;p=330"},"modified":"2025-04-16T10:26:43","modified_gmt":"2025-04-16T10:26:43","slug":"millera-skolas-nams","status":"publish","type":"product","link":"https:\/\/cesustasti.lv\/en\/visi-stasti\/millera-skolas-nams\/","title":{"rendered":"Millera skolas nams"},"content":{"rendered":"<div class=\"wpb-content-wrapper\"><p>[vc_row][vc_column width=&#8221;7\/12&#8243;]\t\t<div id=\"wd-67ff84b36d31b\" class=\"wd-text-block wd-wpb reset-last-child wd-rs-67ff84b36d31b text-left \">\n\t\t\t<p>\u0112ka ir vienst\u0101va taisnst\u016bra nams ar dubultmansarda jumtu un ir viens no C\u0113su vecpils\u0113tas arhitektoniski interesant\u0101kajiem namiem.<br \/>\nNo 1847. l\u012bdz 1874. gadam m\u0101j\u0101 dz\u012bvoja pirmais past\u0101v\u012bgais C\u0113su pils\u0113tas \u0101rsts Aleksis \u0100dolfi. Vi\u0146\u0161 atzin\u012bbu guva ne tikai k\u0101 \u0101rsts, bet ar\u012b k\u0101 viens no paz\u012bstam\u0101kajiem baltv\u0101cu dzejniekiem. V\u0113l m\u016bsdien\u0101s popul\u0101r\u0101s fr\u0101zes \u201eC\u0113sis \u2013 P\u0113rle Vidzemes kron\u012b\u201d autors ir tie\u0161i A. \u0100dolfi. Par A. \u0100dolfi nopelniem C\u0113su Liel\u0101s \u0123ildes lab\u0101 1913. gad\u0101 pie m\u0101jas tika piestiprin\u0101ta piemi\u0146as pl\u0101ksne.<\/p>\n<p>No 1898. l\u012bdz 1912. gadam \u0161aj\u0101 \u0113k\u0101 darboj\u0101s paz\u012bstam\u0101 filologa K. Millera (Zari\u0146a K\u0101r\u013ca) dibin\u0101t\u0101 priv\u0101t\u0101 se\u0161klas\u012bg\u0101 re\u0101lskola, kur m\u0101c\u012bju\u0161ies ar\u012b Latvijas radiopionieris J. Linters, \u0137\u012bmijas zin\u0101t\u0146u doktors, profesors J. Au\u0161k\u0101ps, dzejnieks Apsesd\u0113ls, t\u0113lnieks un profesors K. Jansons. V\u0113l 20. gs. 20.\u201330. gados \u0161o \u0113ku sauca par Millera m\u0101ju.<\/p>\n<p>No 1930. l\u012bdz 1931. gadam Millera nam\u0101 savu praksi iek\u0101rtoja medic\u012bnas doktors, V\u012bnes Universit\u0101tes absolvents Viktors Goldbergs. Savuk\u0101rt no 1932. gada M. Lieti\u0146\u0161 izveidoja pansiju, kur pusdienas maks\u0101ja 70 sant\u012bmu.<\/p>\n<p>K\u0101du laiku nama 3. dz\u012bvokl\u012b tika ier\u012bkota foto palielin\u0101jumu darbn\u012bca, kas pieder\u0113ja J. Angeram.<\/p>\n<p>Avots:<br \/>\nAgita Sieti\u0146a, Projekts \u201cVecpils\u0113tas m\u0101ju st\u0101sti\u201d<br \/>\nDace Cepur\u012bte, Mg. hist., p\u0113t\u012bjums \u201cC\u0113snieks un vi\u0146a nams\u201d<\/p>\n\t\t<\/div>\n\t\t[\/vc_column][vc_column width=&#8221;5\/12&#8243;]\t\t<div class=\"wd-osm-map-container wd-map-container wd-rs-677920ed4ce56 \">\n\t\t\t<div id=\"wd-rs-677920ed4ce56\" class=\"wd-osm-map-wrapper wd-map-wrapper\" data-settings=\"{&quot;zoom&quot;:&quot;17&quot;,&quot;iconUrl&quot;:&quot;https:\\\/\\\/cesustasti.lv\\\/wp-content\\\/themes\\\/woodmart\\\/images\\\/icons\\\/marker-icon.png&quot;,&quot;scrollWheelZoom&quot;:&quot;yes&quot;,&quot;zoomControl&quot;:&quot;yes&quot;,&quot;dragging&quot;:&quot;yes&quot;,&quot;geoapify_tile&quot;:&quot;osm-carto&quot;,&quot;markers&quot;:[{&quot;marker&quot;:{&quot;marker_title&quot;:&quot;Millera nams&quot;,&quot;marker_coords&quot;:&quot;57.310615, 25.267660&quot;,&quot;marker_behavior&quot;:&quot;popup&quot;,&quot;show_button&quot;:&quot;no&quot;,&quot;button_url_target&quot;:&quot;_blank&quot;,&quot;image_size&quot;:[],&quot;image&quot;:&quot;&quot;},&quot;lat&quot;:&quot;57.310615&quot;,&quot;lng&quot;:&quot; 25.267660&quot;}],&quot;center&quot;:&quot;57.310615,25.26766&quot;,&quot;init_type&quot;:&quot;page_load&quot;,&quot;init_offset&quot;:&quot;100&quot;}\"><\/div>\n\n\t\t\t\n\t\t\t\n\t\t\t\t\t<\/div>\n\t\t[\/vc_column][\/vc_row]<\/p>\n<\/div>","protected":false},"excerpt":{"rendered":"<p><strong>Adrese<\/strong> \u2013 Liel\u0101 L\u012bvu iela 1, C\u0113sis<\/p>\n<p>C\u0113su pils\u0113tas \u0101rsts un dzejnieks Aleksandrs \u0100dolfi, kam \u0161is nams pieder\u0113ja 19. gs. vid\u016b, ir fr\u0101zes <strong>\u201cC\u0113sis \u2013 P\u0113rle Vidzemes kron\u012b\u201d<\/strong> autors.<\/p>\n<p>Prec\u012bzs \u0113kas cel\u0161anas gads nav zin\u0101ms, ta\u010du ir zin\u0101ms, ka savu nosaukumu c\u0113snieku vid\u016b \u0113ka ieguva, pateicoties re\u0101lskolai jeb Millera skolas namam, kas \u0161eit darboj\u0101s 19.\/20. gadsimtu mij\u0101.<\/p>\n<h3><strong>Fakti<\/strong><\/h3>\n<ul>\n<li>1847.-1874.gads: C\u0113su pils\u0113tas \u0101rsta un dzejnieka Aleksandra Adolfi \u012bpa\u0161ums.<\/li>\n<li>1898.-1912. gads: Nam\u0101 darboj\u0101s K.Millera (Zari\u0146u K\u0101r\u013ca) se\u0161klas\u012bg\u0101 re\u0101lskola.<\/li>\n<li>1913.gads: Pie m\u0101jas pistiprina A.Adolfi piemi\u0146as pl\u0101ksni par nopelniem C\u0113su Liel\u0101s \u0123ildes lab\u0101.<\/li>\n<li>1931.gads: \u0112k\u0101 atrad\u0101s medic\u012bnas doktora, V\u012bnes Universit\u0101tes absolventa Viktora Goldberga \u0101rsta prakse<\/li>\n<li>1932.gads: Tiek izveidota M.Lieti\u0146a pansija.<\/li>\n<\/ul>\n","protected":false},"featured_media":496,"template":"","meta":[],"product_brand":[],"product_cat":[26,24],"product_tag":[85,70,72,71],"class_list":{"0":"post-330","1":"product","2":"type-product","3":"status-publish","4":"has-post-thumbnail","6":"product_cat-nami","7":"product_cat-skolas","8":"product_tag-foto","9":"product_tag-medicina","10":"product_tag-pansija","11":"product_tag-skola","13":"first","14":"instock","15":"shipping-taxable","16":"product-type-simple"},"jetpack_sharing_enabled":true,"_links":{"self":[{"href":"https:\/\/cesustasti.lv\/en\/wp-json\/wp\/v2\/product\/330","targetHints":{"allow":["GET"]}}],"collection":[{"href":"https:\/\/cesustasti.lv\/en\/wp-json\/wp\/v2\/product"}],"about":[{"href":"https:\/\/cesustasti.lv\/en\/wp-json\/wp\/v2\/types\/product"}],"wp:featuredmedia":[{"embeddable":true,"href":"https:\/\/cesustasti.lv\/en\/wp-json\/wp\/v2\/media\/496"}],"wp:attachment":[{"href":"https:\/\/cesustasti.lv\/en\/wp-json\/wp\/v2\/media?parent=330"}],"wp:term":[{"taxonomy":"product_brand","embeddable":true,"href":"https:\/\/cesustasti.lv\/en\/wp-json\/wp\/v2\/product_brand?post=330"},{"taxonomy":"product_cat","embeddable":true,"href":"https:\/\/cesustasti.lv\/en\/wp-json\/wp\/v2\/product_cat?post=330"},{"taxonomy":"product_tag","embeddable":true,"href":"https:\/\/cesustasti.lv\/en\/wp-json\/wp\/v2\/product_tag?post=330"}],"curies":[{"name":"wp","href":"https:\/\/api.w.org\/{rel}","templated":true}]}}