{"id":2313,"date":"2025-04-21T07:35:02","date_gmt":"2025-04-21T07:35:02","guid":{"rendered":"https:\/\/cesustasti.lv\/visi-stasti\/pavils-gruzna\/"},"modified":"2026-03-07T19:53:40","modified_gmt":"2026-03-07T19:53:40","slug":"pavils-gruzna","status":"publish","type":"product","link":"https:\/\/cesustasti.lv\/en\/visi-stasti\/pavils-gruzna\/","title":{"rendered":"P\u0101vils Gruzna"},"content":{"rendered":"<div class=\"wpb-content-wrapper\"><p>[vc_row][vc_column][vc_btn title=&#8221;Listen to the story!&#8221; color=&#8221;orange&#8221; align=&#8221;left&#8221; i_icon_fontawesome=&#8221;fa fa-solid fa-headphones-simple&#8221; css=&#8221;&#8221; add_icon=&#8221;true&#8221; link=&#8221;url:https%3A%2F%2Fcesustasti.lv%2Fwp-content%2Fuploads%2F2025%2F05%2FPavels-Gruzna-audio.mp3|&#8221;][\/vc_column][\/vc_row][vc_row][vc_column]\t\t<div id=\"wd-681b27ba6b22f\" class=\"wd-text-block wd-wpb reset-last-child wd-rs-681b27ba6b22f text-left \">\n\t\t\t<p>At Rucka Manor near C\u0113sis, on 28 February 1878, a boy was born into a modest manor servant family \u2014 a boy destined to become one of the most versatile figures in Latvian culture: P\u0101vils Gruzna. His talent showed itself across countless creative fields, making him one of the most colourful personalities in Latvian cultural life of his time.   <\/p>\n<p>P\u0101vils&#8217;s parents, Juris and Made Gruzna, were simple but intellectually minded people. His father Juris, a servant-class man, worked at the time as a coachman for parish judge von Engelhardt at Rucka Manor, while his mother Made (born Miez\u012bte) was a servant at the same manor. Later, his father became a bell-ringer at C\u0113sis Orthodox Church, then learned the trade of a cloth dyer, and eventually became a farmer in Kalsnav\u0430 Parish. Growing up in modest circumstances, P\u0101vils was the eldest of 5 children \u2014 4 sons and 1 daughter.   <\/p>\n<p>His path in education took P\u0101vils Gruzna from his home region to Riga, where he studied at the Orthodox Ecclesiastical School and later at the Ecclesiastical Seminary. But the priesthood was no fit for this young rebel, and in his final year at the seminary he was expelled for &#8220;free thinking&#8221;. Interestingly, it was only during the years of Latvian independence that Gruzna briefly studied at the University of Latvia, before his work at the Bank of Latvia got in the way.  <\/p>\n<p>After his expulsion from the seminary in 1898, Gruzna found work at the Riga branch of the Russian State Bank, where he stayed until World War I. During the war he was evacuated with the bank&#8217;s staff to Tula in Russia, where he spent 5 years.   1920. In 1920, back in his homeland, he continued working at the Bank of Latvia until 1938, when he retired on a rather impressive monthly pension of 515 lats. <\/p>\n<p>Alongside this day job, Gruzna was drawn irresistibly to the world of art. His artistic life was as vivid as an autumn maple leaf. Blessed with an outstanding tenor voice, Gruzna formed a popular quartet around 1900 together with P\u0101vuls Jurj\u0101ns, Pauls Sakss, and J\u0101nis Kornets. At the same time he studied singing under P\u0101vuls Jurj\u0101ns, Pierre Lange, and Sander, and studied music theory and conducting under Nikolajs Alun\u0101ns.    <\/p>\n<p>From 1902 to 1912, Gruzna was involved in Riga&#8217;s theatre scene as an actor and singer. He first performed at the New Riga Latvian Theatre, where he sang the role of Gomez in Conradin Kreutzer&#8217;s opera &#8220;Das Nachtlager in Granada&#8221; at the theatre&#8217;s opening night. He later played the role of Siebel in Charles Gounod&#8217;s opera &#8220;Faust&#8221;, Fenton in Otto Nicolai&#8217;s &#8220;The Merry Wives of Windsor&#8221;, and Eisenstein in Johann Strauss&#8217;s &#8220;Die Fledermaus&#8221;. Gruzna also performed at the Auseklis and Apollo theatres. During the years of Latvian independence he briefly worked at Dailes Theatre, organised a choir, and conducted the &#8220;P\u0113rkons Choir&#8221;, founded by students of Riga Ecclesiastical Seminary. He also sang in the Reiter Choir, occasionally stepping in for Teodors Reiter himself as conductor.       <\/p>\n<p>Gruzna made his entrance into literary life in 1904 with his first art reviews and the novella &#8220;Migla&#8221;, published in &#8220;Dienas Lapa&#8221;. In the early stage of his writing he was connected with the decadent publication &#8220;Dzelme&#8221; and the impressionist movement. Those who knew him recall that Gruzna had a distinctive style \u2014 he wrote in short, punchy, very lively sentences, conjuring up whole pictures, feelings, and moods with just a handful of words. His language was sharp, biting, and so unlike anything ordinary that you could recognise it in every sentence.    <\/p>\n<p>P\u0101vils Gruzna&#8217;s literary legacy is impressive. He wrote more than 60 works \u2014 novels, short story collections, plays, and dramatisations. His creative range was wide \u2014 from realistic, at times even naturalistic portrayals of life to impressionistic visions, from strict documentary writing to fantasy and legend. His most significant works are the culturally and historically important novels &#8220;Bursaki&#8221; (1914, 1928, 1948) and &#8220;Jaun\u0101 str\u0101va&#8221; (1946), which offer a valuable glimpse into the eras the author lived through.   <\/p>\n<p>Many of Gruzna&#8217;s pieces remained scattered across various press publications \u2014 he published around 50 novellas and more than 100 feuilletons, as well as many reviews. His pen name Pe-Ge became widely known among readers. Gruzna wrote approximately 35 dramatic works, the most popular of which were: Ziedu grava, Kad j\u016bra kr\u0101c, Ugunskrusta z\u012bm\u0113, Uz Braz\u012bliju, Vecpui\u0161u nodoklis, P\u016bra l\u0101de, M\u0113mais zvans, and Lin\u010da tiesa. He also dramatised the Kaudz\u012bte brothers&#8217; M\u0113rnieku laiki and Augusts Deglavs&#8217;s novel R\u012bga.   <\/p>\n<p>For the Latvian National Opera, Gruzna translated 17 operas and operettas, mainly works by Slavic and Russian composers. After retiring in 1938, Gruzna had hoped to devote himself entirely to art, but World War II put paid to those plans. During the German occupation (1941\u20131944), Gruzna was back at a day job \u2014 working as a dramaturgy officer in the theatre section of the Latvian Municipal Arts Department.   <\/p>\n<p>As the war drew to a close, Gruzna joined the many Latvians who fled as refugees to Germany. In exile he did not give up, continuing his creative work \u2014 teaching literature at Latvian refugee gymnasiums and writing the novel Jaun\u0101 str\u0101va. His life ended on 12 December 1950 at an old people&#8217;s home in F\u00e5rhus, Germany.    <\/p>\n<p>In his personal life, Gruzna was married to actress and singer Nadja Mi\u0161ki, who worked at the New, Dailes, and Touring theatres. They had a daughter, \u0145ina Gruzna, who later became a singer at Riga Radio and Valmiera Theatre. After his first wife&#8217;s death in 1946, Gruzna married poet Marta Degaine (Brambergs) in 1947 at the Flensburg refugee camp.    <\/p>\n<h3><strong>Creative work (partial list)<\/strong><\/h3>\n<ul>\n<li>1900: Privately studied singing under P\u0101vils Jurj\u0101ns.<\/li>\n<li>1900: Formed a popular vocal quartet together with P\u0101vils Jurj\u0101ns, Pauls Sakss, and J\u0101nis Kornets.<\/li>\n<li>1901: Began writing, contributing reviews about Latvian everyday life to Russian newspapers.<\/li>\n<li>1904: Published his first art reviews and the novella &#8220;Migla&#8221;.<\/li>\n<li>1905: Published his first fiction story &#8220;Migla&#8221; in a supplement to the newspaper &#8220;Dienas Lapa&#8221;.<\/li>\n<li>1911: Dramatised the Kaudz\u012bte brothers&#8217; novel &#8220;M\u0113rnieku laiki&#8221;.<\/li>\n<li>1912: Published the short story collection &#8220;Milzenis&#8221;.<\/li>\n<li>1914: Published the first version of the novel &#8220;Bursaki&#8221; in the journal &#8220;Domas&#8221;.<\/li>\n<li>1920\u20131930: Sang in Teodors Reiter&#8217;s choir and occasionally stood in as conductor.<\/li>\n<li>1921: Published the short story collection &#8220;\u017dults&#8221;.<\/li>\n<li>1921: Published the play &#8220;Kad j\u016bra kr\u0101c\u2026&#8221;.<\/li>\n<li>1922: Published the play &#8220;Ziedu grava&#8221;.<\/li>\n<li>1922: Published the feuilleton collection &#8220;Qui pro quo&#8221;.<\/li>\n<li>1923: Published the play &#8220;Uz Braz\u012bliju&#8221;.<\/li>\n<li>1924: Published the short story collection &#8220;Sv\u0113tlaim\u012bgo sala&#8221;.<\/li>\n<li>1924: Published the plays &#8220;M\u0113mais zvans&#8221; and &#8220;Lin\u010da tiesa&#8221;.<\/li>\n<li>1926: Published the novel &#8220;P\u0113d\u0113jais latavis&#8221; in the journal &#8220;Domas&#8221;.<\/li>\n<li>1926: Dramatised Augusts Deglavs&#8217;s novel &#8220;R\u012bga&#8221;.<\/li>\n<li>1928: Published the second version of the novel &#8220;Bursaki&#8221;.<\/li>\n<li>1933\u20131934: Published the novel &#8220;Jaun\u0101s str\u0101v\u0101s&#8221; in the newspaper &#8220;Dienas Lapa&#8221;.<\/li>\n<li>1935: Published the play &#8220;Ugunskrusta z\u012bm\u0113&#8221;.<\/li>\n<li>1944: Published the play &#8220;P\u016bra l\u0101de&#8221;.<\/li>\n<li>1946: Published the short story collection &#8220;Dz\u012bves teiksmas&#8221;.<\/li>\n<li>1946: Published the novel &#8220;Jaun\u0101 str\u0101va&#8221;.<\/li>\n<li>1948: Published the third version of the novel &#8220;Bursaki&#8221;.<\/li>\n<li>1948: Published the feuilleton collection &#8220;Fe\u013cetoni&#8221;.<\/li>\n<li>1978: Gruzna&#8217;s unfinished novel &#8220;Mamona gaitnieki&#8221; was published in the USA, completed after the author&#8217;s death by O. Liepi\u0146\u0161.<\/li>\n<\/ul>\n<p>&nbsp;<\/p>\n<p><em>The materials used for the description are:<\/em><br \/>\n<em>websites <a href=\"https:\/\/www.literatura.lv\/\">literatura.lv<\/a><\/em><em> and <a href=\"https:\/\/www.acadlib.lu.lv\/\">LU akad\u0113misk\u0101s bibliot\u0113ka<\/a><\/em><br \/>\n<em>publication Trimdas rakstnieki, No. 1 (1947);<br \/>\nthe newspaper &#8220;Londonas av\u012bze&#8221;, No. 240 (19.12.1950);<br \/>\nthe publication &#8220;Ilustr\u0113tais \u017eurn\u0101ls&#8221;, No. 3 (01.03.1928);<br \/>\nthe newspaper &#8220;T\u0113vija&#8221;, No. 33 (09.02.1942).<\/em><\/p>\n\t\t<\/div>\n\t\t[\/vc_column][\/vc_row]<\/p>\n<\/div>","protected":false},"excerpt":{"rendered":"<p>P\u0101vils&#8217;s father Juris spent his whole life writing memoirs that his son had hoped to publish, but never got the chance to. These memoirs, written in remarkably vivid language, are currently held at the Riga Museum of Literature and Music. On the back of Gruzna&#8217;s portrait, painted by artist Dvielis, there was an inscription reading: &#8220;Died in Paris, 25 May 1950&#8221; \u2014 only the year of death turned out to be correct, not the place or the date.  <\/p>\n<p>For a time he was part of the &#8220;Dzelme group&#8221; together with Eduards C\u0101l\u012btis, K\u0101rlis Kr\u016bza, Zemgalie\u0161u Biruta, J\u0101nis Akuraters, J\u0101nis Jaunsudrabi\u0146\u0161, K\u0101rlis \u0160tr\u0101ls, Augusts Baltpurvi\u0146\u0161, K\u0101rlis J\u0101kobsons, and K\u0101rlis Skalbe, who often gathered at P. Gruzna&#8217;s apartment, where Akur\u0101ters&#8217; decadence manifesto &#8220;M\u016bsu m\u0101kslas mot\u012bvi&#8221; was also written.<\/p>\n<h3><strong>Facts<\/strong><\/h3>\n<ul>\n<li>1878: Born on 28 February in C\u0113sis, at Rucka Manor, into the family of a coachman with five children. <\/li>\n<li>1887: Began schooling at Veckalsnav\u0430 Parish School.<\/li>\n<li>1888: Continued studies at J\u0101\u0146ukalns Orthodox Parish School.<\/li>\n<li>1889: Enrolled at Riga Orthodox Ecclesiastical School.<\/li>\n<li>1893: Enrolled at Riga Orthodox Ecclesiastical Seminary.<\/li>\n<li>1898: Expelled from the final year of the seminary for free thinking.<\/li>\n<li>1898: Began working as a clerk at the Russian State Bank branch in Riga.<\/li>\n<li>1900: Privately studied singing under P\u0101vils Jurj\u0101ns.<\/li>\n<li>1900: Formed a popular vocal quartet together with P\u0101vils Jurj\u0101ns, Pauls Sakss, and J\u0101nis Kornets.<\/li>\n<li>1901: Began writing, contributing reviews about Latvian everyday life to Russian newspapers.<\/li>\n<li>1902\u20131904: Worked as an actor and singer at the New Riga Latvian Theatre.<\/li>\n<li>1904\u20131905: Worked as an actor at the Temperance Society &#8220;Auseklis&#8221; theatre.<\/li>\n<li>1905\u20131908: Worked as an actor at the &#8220;Apollo&#8221; theatre.<\/li>\n<li>1908\u20131911: Worked as an actor at the New Riga Theatre.<\/li>\n<li>1915\u20131920: During World War I, evacuated to Tula in Russia together with State Bank staff.<\/li>\n<li>1920: Returned to Latvia and began working at the Bank of Latvia as a clerk.<\/li>\n<li>1922: Joined the Latvian PEN Club as a member.<\/li>\n<li>1922\u20131939: Worked at the Latvian Arts Agency.<\/li>\n<li>1938: Retired from the Bank of Latvia with a monthly pension of 515 lats.<\/li>\n<li>1939: Worked as an auditor at the Latvian Chamber of Commerce and Industry.<\/li>\n<li>1940\u20131944: Worked as a dramaturgy officer at the Theatre Department of the Department of Culture and Public Affairs.<\/li>\n<li>1944: Emigrated to Germany, ending up at the M\u00fcrwik refugee camp in Flensburg.<\/li>\n<li>1944\u20131946: Worked as a literature teacher at Latvian refugee gymnasiums in Barby, Germany.<\/li>\n<li>1946: P\u0101vils&#8217;s first wife Nadja Gruzna died.<\/li>\n<li>1947: Married poet Marta Degaine (Brambergs) at the Flensburg refugee camp.<\/li>\n<li>1948\u20131949: Lived in L\u00fcbeck, Germany.<\/li>\n<li>1950: Died on 12 December at an old people&#8217;s home in F\u00e5rhus, Germany. <\/li>\n<\/ul>\n","protected":false},"featured_media":1572,"template":"","meta":[],"product_brand":[],"product_cat":[198],"product_tag":[407,201,408],"class_list":{"0":"post-2313","1":"product","2":"type-product","3":"status-publish","4":"has-post-thumbnail","6":"product_cat-people","7":"product_tag-actor","8":"product_tag-people","9":"product_tag-writer","11":"first","12":"instock","13":"shipping-taxable","14":"product-type-simple"},"jetpack_sharing_enabled":true,"_links":{"self":[{"href":"https:\/\/cesustasti.lv\/en\/wp-json\/wp\/v2\/product\/2313","targetHints":{"allow":["GET"]}}],"collection":[{"href":"https:\/\/cesustasti.lv\/en\/wp-json\/wp\/v2\/product"}],"about":[{"href":"https:\/\/cesustasti.lv\/en\/wp-json\/wp\/v2\/types\/product"}],"wp:featuredmedia":[{"embeddable":true,"href":"https:\/\/cesustasti.lv\/en\/wp-json\/wp\/v2\/media\/1572"}],"wp:attachment":[{"href":"https:\/\/cesustasti.lv\/en\/wp-json\/wp\/v2\/media?parent=2313"}],"wp:term":[{"taxonomy":"product_brand","embeddable":true,"href":"https:\/\/cesustasti.lv\/en\/wp-json\/wp\/v2\/product_brand?post=2313"},{"taxonomy":"product_cat","embeddable":true,"href":"https:\/\/cesustasti.lv\/en\/wp-json\/wp\/v2\/product_cat?post=2313"},{"taxonomy":"product_tag","embeddable":true,"href":"https:\/\/cesustasti.lv\/en\/wp-json\/wp\/v2\/product_tag?post=2313"}],"curies":[{"name":"wp","href":"https:\/\/api.w.org\/{rel}","templated":true}]}}