{"id":2312,"date":"2025-04-21T08:40:52","date_gmt":"2025-04-21T08:40:52","guid":{"rendered":"https:\/\/cesustasti.lv\/visi-stasti\/valentina-minor-estate-florida\/"},"modified":"2026-03-07T19:38:43","modified_gmt":"2026-03-07T19:38:43","slug":"valentina-minor-estate-florida","status":"publish","type":"product","link":"https:\/\/cesustasti.lv\/en\/visi-stasti\/valentina-minor-estate-florida\/","title":{"rendered":"Valent\u012bna Minor Estate (Florida)"},"content":{"rendered":"<div class=\"wpb-content-wrapper\"><p>[vc_row][vc_column][vc_btn title=&#8221;Listen to the story!&#8221; color=&#8221;orange&#8221; align=&#8221;left&#8221; i_icon_fontawesome=&#8221;fa fa-solid fa-headphones-simple&#8221; css=&#8221;&#8221; add_icon=&#8221;true&#8221; link=&#8221;url:https%3A%2F%2Fcesustasti.lv%2Fwp-content%2Fuploads%2F2025%2F05%2FValentina-muizina-Florida.mp3|&#8221;][\/vc_column][\/vc_row][vc_row][vc_column width=&#8221;7\/12&#8243;]\t\t<div id=\"wd-68177a70772fc\" class=\"wd-text-block wd-wpb reset-last-child wd-rs-68177a70772fc text-left \">\n\t\t\t<p class=\"p1\">On the outskirts of C\u0113sis, in the T\u0101lavas Street area, stands a historic building with two names \u2014 Valent\u012bna Minor Estate, or Florida. This place tells the story of a wealthy city patrician family whose history stretches back to the early 18th century. The patrician Valent\u012bns family first appears in C\u0113sis citizen registers in 1715, with weapons smith Kaspars Nikolajs Valent\u012bns \u2014 a man whose craft seems to have been just as sharp as his surname is romantic.    <\/p>\n<p class=\"p1\">The Valent\u012bns family story was far from smooth sailing \u2014 after Kaspars died in 1732, the family lost their ownership rights to the property. It was not until 1759, when others would have long given up, that his son \u2014 C\u0113sis Great Guild elder and merchant Kaspars Fr\u012bdrihs Valent\u012bns \u2014 recovered the minor estate using a restitution protocol. Clearly, his merchant&#8217;s shrewdness and persistence were just as impressive as his brood of 11 children from two marriages!    <\/p>\n<p class=\"p3\">In the mid-19th century the property passed into the hands of Johans Fr\u012bdrihs Fovelins, a councillor and surveyor, who bought it in 1847 for what was then a considerable sum of 800 roubles. Later, in 1858, the minor estate was purchased for 1,700 roubles by the notable pastor Dr. Pauls Em\u012bls \u0160acs \u2014 a figure whose contribution to Latvian education and culture was immense. As an active member of the Latvian Literary Society (also known as the Latvian Friends Society), he devoted himself to Latvian education and culture, publishing the first readers and song collections for Latvian children.    <\/p>\n<p class=\"p3\">Towards the end of the 19th century and into the early 20th, the minor estate acquired a new name \u2014 Florida. The steep slopes, hills, and natural meadows beyond Gl\u016bda Manor were so beautiful that locals and visitors alike were reminded of the American resort destination. And so C\u0113sis got its own Florida, which became a favourite spot for recreation and walking.   <\/p>\n<p class=\"p3\">In the 1930s the building went through both a high point and a tragedy.  1933. In 1933 it belonged to Dr. Elizabete Kr\u016bms and was one of the finest summer houses in C\u0113sis, featuring wall paintings by artist \u0160prenkss. Sadly, during Easter preparations in 1933, a devastating fire broke out, destroying both the beautiful summer house and the neighbouring home of carpenter Janit\u0113ns.  <\/p>\n<p class=\"p1\">During the Soviet years, Florida Minor Estate housed a children&#8217;s home, and was later converted into apartments. Interestingly, a city sobering-up station was set up in the adjacent building in 1986 \u2014 perhaps to help people clear their heads after getting a little carried away by the romantic charms of Florida&#8217;s beautiful surroundings.  <\/p>\n<p><em>The materials used for the description are:<\/em><br \/>\n<em>Ilma Z\u0101l\u012bte, Mg. hist., and the C\u0113sis Rotary Club project &#8220;A Walk Around the Manors of C\u0113sis&#8221;; <br \/>the collections of C\u0113sis Castle Museum and C\u0113sis Central Library.  <\/em><\/p>\n\t\t<\/div>\n\t\t[\/vc_column][vc_column width=&#8221;5\/12&#8243;]\t\t<div class=\"wd-osm-map-container wd-map-container wd-rs-68060ab9423cd \">\n\t\t\t<div id=\"wd-rs-68060ab9423cd\" class=\"wd-osm-map-wrapper wd-map-wrapper\" data-settings=\"{&quot;zoom&quot;:&quot;17&quot;,&quot;iconUrl&quot;:&quot;https:\\\/\\\/cesustasti.lv\\\/wp-content\\\/themes\\\/woodmart\\\/images\\\/icons\\\/marker-icon.png&quot;,&quot;scrollWheelZoom&quot;:&quot;yes&quot;,&quot;zoomControl&quot;:&quot;yes&quot;,&quot;dragging&quot;:&quot;yes&quot;,&quot;geoapify_tile&quot;:&quot;osm-carto&quot;,&quot;markers&quot;:[{&quot;marker&quot;:{&quot;marker_title&quot;:&quot;Valent\\u012bna mui\\u017e\\u012b\\u0146a&quot;,&quot;marker_coords&quot;:&quot;57.320982, 25.255251&quot;,&quot;marker_behavior&quot;:&quot;popup&quot;,&quot;show_button&quot;:&quot;no&quot;,&quot;button_url_target&quot;:&quot;_blank&quot;,&quot;image_size&quot;:[],&quot;image&quot;:&quot;&quot;},&quot;lat&quot;:&quot;57.320982&quot;,&quot;lng&quot;:&quot; 25.255251&quot;}],&quot;center&quot;:&quot;57.320982,25.255251&quot;,&quot;init_type&quot;:&quot;page_load&quot;,&quot;init_offset&quot;:&quot;100&quot;}\"><\/div>\n\n\t\t\t\n\t\t\t\n\t\t\t\t\t<\/div>\n\t\t[\/vc_column][\/vc_row]<\/p>\n<\/div>","protected":false},"excerpt":{"rendered":"<p>Pastor Pauls Em\u012bls \u0160acs, one of the minor estate&#8217;s owners, published the first Latvian children&#8217;s song collection, &#8220;Dziesmi\u0146as latvie\u0161u b\u0113rniem un jaunek\u013ciem&#8221;, which included songs with Christian themes as well as nature and seasonal motifs. He was married three times, and his death record states that he died at Florida Minor Estate near C\u0113sis. Even in his final moments, \u0160acs stayed true to his most beloved property!  <\/p>\n<h3><strong>Facts<\/strong><\/h3>\n<ul>\n<li class=\"whitespace-normal break-words\">1715: The Valent\u012bns family appears in C\u0113sis citizen registers.<\/li>\n<li class=\"whitespace-normal break-words\">1732: Weapons smith Kaspars Nikolajs Valent\u012bns dies.<\/li>\n<li class=\"whitespace-normal break-words\">1759: Kaspars Fr\u012bdrihs Valent\u012bns recovers the minor estate on the basis of a restitution protocol.<\/li>\n<li class=\"whitespace-normal break-words\">1838: The Valent\u012bns family properties in C\u0113sis are still mentioned in the court notices section of the newspaper &#8220;Rigasche Anzeigen&#8221;.<\/li>\n<li class=\"whitespace-normal break-words\">1847: Councillor and surveyor Johans Fr\u012bdrihs Fovelins buys the minor estate for 800 roubles.<\/li>\n<li class=\"whitespace-normal break-words\">1858: Pastor Dr. Pauls Em\u012bls \u0160acs purchases the minor estate for 1,700 roubles.<\/li>\n<li class=\"whitespace-normal break-words\">1862: Pauls Em\u012bls \u0160acs dies at Florida Minor Estate.<\/li>\n<li class=\"whitespace-normal break-words\">1866: Still shown on the C\u0113sis map as Valent\u012bna Minor Estate.<\/li>\n<li class=\"whitespace-normal break-words\">1871: An advertisement for the sale of Florida Minor Estate for 4,500 roubles is placed in the newspaper &#8220;Rigasche Zeitung&#8221;.<\/li>\n<li class=\"whitespace-normal break-words\">20th century. The area begins to be called Florida.<\/li>\n<li class=\"whitespace-normal break-words\">1929: Information about the sale of Ernsts Pu\u0137\u012btis&#8217;s property \u2014 the summer house &#8220;Valent\u012bna&#8221;, also known as &#8220;Florida&#8221; \u2014 is published in the &#8220;Vald\u012bbas V\u0113stnesis&#8221;.<\/li>\n<li class=\"whitespace-normal break-words\">1932: Extensive renovation work is carried out on the summer house.<\/li>\n<li class=\"whitespace-normal break-words\">1933: The owner is Dr. Elizabete Kr\u016bms; during Easter preparations the building is badly damaged in a fire.<\/li>\n<li class=\"whitespace-normal break-words\">1934: Restoration of the summer house begins.<\/li>\n<li class=\"whitespace-normal break-words\">Soviet period: Florida Minor Estate houses a children&#8217;s home, later converted into apartments.<\/li>\n<li class=\"whitespace-normal break-words\">1986: A city sobering-up station is set up in the adjacent building.<\/li>\n<li>Today: Valent\u012bna Minor Estate, or Florida, is a residential building.<\/li>\n<\/ul>\n","protected":false},"featured_media":986,"template":"","meta":[],"product_brand":[],"product_cat":[204,312],"product_tag":[243,351],"class_list":{"0":"post-2312","1":"product","2":"type-product","3":"status-publish","4":"has-post-thumbnail","6":"product_cat-cesis-house","7":"product_cat-manor","8":"product_tag-manor","9":"product_tag-residential-building","11":"first","12":"instock","13":"shipping-taxable","14":"product-type-simple"},"jetpack_sharing_enabled":true,"_links":{"self":[{"href":"https:\/\/cesustasti.lv\/en\/wp-json\/wp\/v2\/product\/2312","targetHints":{"allow":["GET"]}}],"collection":[{"href":"https:\/\/cesustasti.lv\/en\/wp-json\/wp\/v2\/product"}],"about":[{"href":"https:\/\/cesustasti.lv\/en\/wp-json\/wp\/v2\/types\/product"}],"wp:featuredmedia":[{"embeddable":true,"href":"https:\/\/cesustasti.lv\/en\/wp-json\/wp\/v2\/media\/986"}],"wp:attachment":[{"href":"https:\/\/cesustasti.lv\/en\/wp-json\/wp\/v2\/media?parent=2312"}],"wp:term":[{"taxonomy":"product_brand","embeddable":true,"href":"https:\/\/cesustasti.lv\/en\/wp-json\/wp\/v2\/product_brand?post=2312"},{"taxonomy":"product_cat","embeddable":true,"href":"https:\/\/cesustasti.lv\/en\/wp-json\/wp\/v2\/product_cat?post=2312"},{"taxonomy":"product_tag","embeddable":true,"href":"https:\/\/cesustasti.lv\/en\/wp-json\/wp\/v2\/product_tag?post=2312"}],"curies":[{"name":"wp","href":"https:\/\/api.w.org\/{rel}","templated":true}]}}