{"id":2308,"date":"2025-04-23T18:33:15","date_gmt":"2025-04-23T18:33:15","guid":{"rendered":"https:\/\/cesustasti.lv\/visi-stasti\/zirnu-hill-manor\/"},"modified":"2026-03-07T18:59:17","modified_gmt":"2026-03-07T18:59:17","slug":"zirnu-hill-manor","status":"publish","type":"product","link":"https:\/\/cesustasti.lv\/en\/visi-stasti\/zirnu-hill-manor\/","title":{"rendered":"Zir\u0146u Hill Manor"},"content":{"rendered":"<div class=\"wpb-content-wrapper\"><p>[vc_row][vc_column][vc_btn title=&#8221;Listen to the story!&#8221; color=&#8221;orange&#8221; align=&#8221;left&#8221; i_icon_fontawesome=&#8221;fa fa-solid fa-headphones-simple&#8221; css=&#8221;&#8221; add_icon=&#8221;true&#8221; link=&#8221;url:https%3A%2F%2Fcesustasti.lv%2Fwp-content%2Fuploads%2F2025%2F05%2FZirnu-kalna-muizina-audio.mp3|&#8221;][\/vc_column][\/vc_row][vc_row][vc_column width=&#8221;7\/12&#8243;]\t\t<div id=\"wd-68612d4edf764\" class=\"wd-text-block wd-wpb reset-last-child wd-rs-68612d4edf764 text-left \">\n\t\t\t<p>At 55 R\u012bgas Street, surrounded by a picturesque garden, stands an elegant wooden building \u2013 the former Zir\u0146u Hill Manor, or Villa Sirnenhof. Although the name includes the word \u201cmanor,\u201d this 18th-century structure is more accurately described as a summer house or villa. Its first owners were the famous von Campenhausen family, whose roots in Livonia stretch back several centuries.    <\/p>\n<p>Zir\u0146u Hill Manor gained particular recognition through its association with the prominent Russian Empire Minister of War, Field Marshal Prince Ernest Magnus August Barclay de Tolly (1798\u20131871). 19. He stayed here for a time in the early 19th century, and locals began calling the place \u201cBarclay de Tolly\u2019s summer house.\u201d It was in the C\u0113sis area that fate brought Barclay de Tolly together with Leocadie, the eldest daughter of Baron Johann Christoph von Campenhausen, whom he married in 1824.  <\/p>\n<p>Ernest Magnus August\u2019s father was the famous Russian Empire General Field Marshal Michael Andreas Barclay de Tolly (1761\u20131818), whose \u201cscorched earth\u201d tactics were decisive in the Patriotic War of 1812 against Napoleon. It seems the elder Barclay had also sought a suitable residence for his son \u2013 in 1817, he purchased Stalbe Manor near C\u0113sis, and it was in this vicinity that the young prince met his future wife.   <\/p>\n<p>1920. In the 1920 land survey documents, Zir\u0146u Hill Manor was already included as part of Dubinska Manor, occupying 1.97 p\u016brvietas. The property contained three buildings, an orchard, and a vegetable garden, and was bordered by Zir\u0146u, Dubinska, and R\u012bgas streets. <\/p>\n<p>Today, this historic wooden building is a private property that still preserves ancient stories of C\u0113sis&#8217; connection to European aristocratic families.<\/p>\n<p><em>The materials used for the description are:<\/em><br \/>\n<em>Ilma Z\u0101l\u012bte, Mg. hist. and the C\u0113sis Rotary Club project &#8220;A Tour of C\u0113sis Manors&#8221;<br \/>\nCollections of the C\u0113sis Castle Museum and the C\u0113sis Central Library.  <\/em><\/p>\n\t\t<\/div>\n\t\t[\/vc_column][vc_column width=&#8221;5\/12&#8243;]\t\t<div class=\"wd-osm-map-container wd-map-container wd-rs-680932a5c702f \">\n\t\t\t<div id=\"wd-rs-680932a5c702f\" class=\"wd-osm-map-wrapper wd-map-wrapper\" data-settings=\"{&quot;zoom&quot;:&quot;17&quot;,&quot;iconUrl&quot;:&quot;https:\\\/\\\/cesustasti.lv\\\/wp-content\\\/themes\\\/woodmart\\\/images\\\/icons\\\/marker-icon.png&quot;,&quot;scrollWheelZoom&quot;:&quot;yes&quot;,&quot;zoomControl&quot;:&quot;yes&quot;,&quot;dragging&quot;:&quot;yes&quot;,&quot;geoapify_tile&quot;:&quot;osm-carto&quot;,&quot;markers&quot;:[{&quot;marker&quot;:{&quot;marker_title&quot;:&quot;Zir\\u0146u kalna mui\\u017ei\\u0146a&quot;,&quot;marker_coords&quot;:&quot;57.308359, 25.267519&quot;,&quot;marker_behavior&quot;:&quot;popup&quot;,&quot;show_button&quot;:&quot;no&quot;,&quot;button_url_target&quot;:&quot;_blank&quot;,&quot;image_size&quot;:[],&quot;image&quot;:&quot;&quot;},&quot;lat&quot;:&quot;57.308359&quot;,&quot;lng&quot;:&quot; 25.267519&quot;}],&quot;center&quot;:&quot;57.308359,25.267519&quot;,&quot;init_type&quot;:&quot;page_load&quot;,&quot;init_offset&quot;:&quot;100&quot;}\"><\/div>\n\n\t\t\t\n\t\t\t\n\t\t\t\t\t<\/div>\n\t\t[\/vc_column][\/vc_row]<\/p>\n<\/div>","protected":false},"excerpt":{"rendered":"<p>Although the manor is known as &#8220;Barclay de Tolly&#8217;s summer house,&#8221; it was not the famous Field Marshal Michael Barclay de Tolly who stayed here, but his son, Ernest Magnus August.<\/p>\n<h3><strong>Facts<\/strong><\/h3>\n<ul>\n<li class=\"whitespace-normal break-words\">18th century: The von Campenhausens begin construction of the Zir\u0146u Hill Manor (Villa Sirnenhof).<\/li>\n<li class=\"whitespace-normal break-words\">Early 19th century: After his wedding, the Russian Minister of War, Field Marshal Prince Ernest Magnus August Barclay de Tolly, stayed at the villa. <\/li>\n<li class=\"whitespace-normal break-words\">1920: Land surveys record that Zir\u0146u Manor belongs to Dubinska Manor, covering 1.97 p\u016brvietas (approx. 0.7 hectares) and containing three buildings, an orchard, and a vegetable garden.<\/li>\n<li class=\"whitespace-normal break-words\">Today: Private residential building<\/li>\n<\/ul>\n","protected":false},"featured_media":1391,"template":"","meta":[],"product_brand":[],"product_cat":[204,312],"product_tag":[243],"class_list":{"0":"post-2308","1":"product","2":"type-product","3":"status-publish","4":"has-post-thumbnail","6":"product_cat-cesis-house","7":"product_cat-manor","8":"product_tag-manor","10":"first","11":"instock","12":"shipping-taxable","13":"product-type-simple"},"jetpack_sharing_enabled":true,"_links":{"self":[{"href":"https:\/\/cesustasti.lv\/en\/wp-json\/wp\/v2\/product\/2308","targetHints":{"allow":["GET"]}}],"collection":[{"href":"https:\/\/cesustasti.lv\/en\/wp-json\/wp\/v2\/product"}],"about":[{"href":"https:\/\/cesustasti.lv\/en\/wp-json\/wp\/v2\/types\/product"}],"wp:featuredmedia":[{"embeddable":true,"href":"https:\/\/cesustasti.lv\/en\/wp-json\/wp\/v2\/media\/1391"}],"wp:attachment":[{"href":"https:\/\/cesustasti.lv\/en\/wp-json\/wp\/v2\/media?parent=2308"}],"wp:term":[{"taxonomy":"product_brand","embeddable":true,"href":"https:\/\/cesustasti.lv\/en\/wp-json\/wp\/v2\/product_brand?post=2308"},{"taxonomy":"product_cat","embeddable":true,"href":"https:\/\/cesustasti.lv\/en\/wp-json\/wp\/v2\/product_cat?post=2308"},{"taxonomy":"product_tag","embeddable":true,"href":"https:\/\/cesustasti.lv\/en\/wp-json\/wp\/v2\/product_tag?post=2308"}],"curies":[{"name":"wp","href":"https:\/\/api.w.org\/{rel}","templated":true}]}}