{"id":2307,"date":"2025-04-23T19:38:04","date_gmt":"2025-04-23T19:38:04","guid":{"rendered":"https:\/\/cesustasti.lv\/visi-stasti\/jurgi-manor\/"},"modified":"2026-03-07T18:57:28","modified_gmt":"2026-03-07T18:57:28","slug":"jurgi-manor","status":"publish","type":"product","link":"https:\/\/cesustasti.lv\/en\/visi-stasti\/jurgi-manor\/","title":{"rendered":"Jur\u0123i Manor"},"content":{"rendered":"<div class=\"wpb-content-wrapper\"><p>[vc_row][vc_column][vc_btn title=&#8221;Listen to the story!&#8221; color=&#8221;orange&#8221; align=&#8221;left&#8221; i_icon_fontawesome=&#8221;fa fa-solid fa-headphones-simple&#8221; css=&#8221;&#8221; add_icon=&#8221;true&#8221; link=&#8221;url:https%3A%2F%2Fcesustasti.lv%2Fwp-content%2Fuploads%2F2025%2F05%2FJurgu-muiza-audio.mp3|&#8221;][\/vc_column][\/vc_row][vc_row][vc_column width=&#8221;7\/12&#8243;]\t\t<div id=\"wd-680fb6e562e42\" class=\"wd-text-block wd-wpb reset-last-child wd-rs-680fb6e562e42 text-left \">\n\t\t\t<p>On the western side of C\u0113sis, where the R\u012bga and K\u0101r\u013ci roads intersect (in the area of today&#8217;s L\u012bgatnes and Jur\u0123u streets), stood Jur\u0123i Manor\u2014a place with a diverse and significant role in the city&#8217;s life. Located about a kilometer from the C\u0113sis fortifications, it served as a strategic point along the busy Vidzeme highway, traveled daily by riders, carriages, and peasant carts. <\/p>\n<p>The manor&#8217;s history stretches far back to the times of the Livonian Order (1237\u20131562), when St. George&#8217;s (Jur\u0123is) Hospital is thought to have been located in this area. Here, sick and wounded knights of the castle, as well as local residents, were cared for. Over time, the hospital became a shelter\u2014the St. Anthony or Dionysius almshouse, providing refuge for the city&#8217;s infirm and homeless.   <\/p>\n<p>For almost its entire existence, Jur\u0123i Manor belonged to the city of C\u0113sis and fulfilled a special social mission\u2014ensuring the operation of the almshouse and the &#8220;folk&#8221; school. 1561. In [Year], King Sigismund II Augustus of Poland gifted this property to C\u0113sis, while on February 2, 1626, King Gustavus II Adolphus of Sweden renewed the ownership rights, mandating the manor be maintained for the city&#8217;s benefit. However, in the 17th century, following a complex legal battle with Pastor David Lothichius, the city lost the manor, unable to cover the legal costs of 3,543 thalers.    <\/p>\n<p>The lands of Jur\u0123i Manor, narrow as a &#8220;flask,&#8221; were part of the C\u0113sis patrimonial district. The narrowest end began behind the R\u012bga Gate, while the widest stretched between Ska\u013cupe and the lands of K\u0101r\u013ci Manor. Between 9 and 11 farms with colorful names operated here: D\u0101vji, Mui\u017enieki, Vaivodi, M\u0101lnieki, Pelles, K\u0101\u0137is, Krei\u013ci, Vai\u0161nieki, Joste, Me\u0161ingi, R\u012bze, T\u012brels, as well as the Ska\u013cupe tavern.  <\/p>\n<p>A particularly notable tenant of the manor was Jakob von Trompowsky\u2014a surgeon, C\u0113sis councilman, and later burgomaster, who leased the manor for 28 years (1773\u20131801). It was under his leadership that C\u0113sis regained its city privileges and experienced an economic boom. Thanks to his work for the city, Trompowsky was granted the use of both Jur\u0123i and Meijers manors, though he did not always follow the lease terms, managing the serfs as he saw fit.  <\/p>\n<p>A historical paradox\u2014in the place where people were once treated and cared for, the city gallows were later erected (in the 17th century). 1853. In [Year], the first buildings for sapper barracks were constructed on the manor&#8217;s land, which in the early 20th century became a prison, and later\u2014the C\u0113sis Correctional Facility for Juveniles. <\/p>\n<p>Today, at 10 L\u012bgatnes Street, the historical multilayeredness of the site remains\u2014from the ancient hospital and city school to the C\u0113sis patrimonial heritage and the prison building.<\/p>\n<p><em>The materials used for the description are:<\/em><br \/>\n<em>Ilma Z\u0101l\u012bte, MA Hist. and the C\u0113sis Rotary Club project &#8220;Tour of C\u0113sis Manors&#8221;<x id=\"gid_0\"><\/x>Collections of the C\u0113sis Castle Museum and C\u0113sis Central Library.  <\/em><\/p>\n\t\t<\/div>\n\t\t[\/vc_column][vc_column width=&#8221;5\/12&#8243;]\t\t<div class=\"wd-osm-map-container wd-map-container wd-rs-680945523d393 \">\n\t\t\t<div id=\"wd-rs-680945523d393\" class=\"wd-osm-map-wrapper wd-map-wrapper\" data-settings=\"{&quot;zoom&quot;:&quot;17&quot;,&quot;iconUrl&quot;:&quot;https:\\\/\\\/cesustasti.lv\\\/wp-content\\\/themes\\\/woodmart\\\/images\\\/icons\\\/marker-icon.png&quot;,&quot;scrollWheelZoom&quot;:&quot;yes&quot;,&quot;zoomControl&quot;:&quot;yes&quot;,&quot;dragging&quot;:&quot;yes&quot;,&quot;geoapify_tile&quot;:&quot;osm-carto&quot;,&quot;markers&quot;:[{&quot;marker&quot;:{&quot;marker_title&quot;:&quot;Jur\\u0123u mui\\u017ea&quot;,&quot;marker_coords&quot;:&quot;57.305421, 25.257354&quot;,&quot;marker_behavior&quot;:&quot;popup&quot;,&quot;show_button&quot;:&quot;no&quot;,&quot;button_url_target&quot;:&quot;_blank&quot;,&quot;image_size&quot;:[],&quot;image&quot;:&quot;&quot;},&quot;lat&quot;:&quot;57.305421&quot;,&quot;lng&quot;:&quot; 25.257354&quot;},{&quot;marker&quot;:{&quot;marker_title&quot;:&quot;Cietums&quot;,&quot;marker_coords&quot;:&quot;57.306719, 25.258609&quot;,&quot;marker_behavior&quot;:&quot;popup&quot;,&quot;show_button&quot;:&quot;no&quot;,&quot;button_url_target&quot;:&quot;_blank&quot;,&quot;image_size&quot;:[],&quot;image&quot;:&quot;&quot;},&quot;lat&quot;:&quot;57.306719&quot;,&quot;lng&quot;:&quot; 25.258609&quot;}],&quot;center&quot;:&quot;57.306070001562,25.257981488926&quot;,&quot;init_type&quot;:&quot;page_load&quot;,&quot;init_offset&quot;:&quot;100&quot;}\"><\/div>\n\n\t\t\t\n\t\t\t\n\t\t\t\t\t<\/div>\n\t\t[\/vc_column][\/vc_row]<\/p>\n<\/div>","protected":false},"excerpt":{"rendered":"<p>The manor&#8217;s name is believed to originate from a certain Jur\u0123is Briefmarschall, who lived here around 1600.<\/p>\n<p>In 1910 and 1911, the poet E. Treimanis-Zv\u0101rgulis spent six months in the prison established on the manor&#8217;s land; he later expressed his experiences here in the poetry collection &#8220;Prison Roses.&#8221; <\/p>\n<h3><strong>Facts<\/strong><\/h3>\n<ul>\n<li class=\"whitespace-normal break-words\">1432: First documentary evidence of St. George&#8217;s Chapel outside the walls of C\u0113sis town <\/li>\n<li class=\"whitespace-normal break-words\">November 28, 1561: King Sigismund II Augustus of Poland gifts the manor to the city of C\u0113sis as hospital property<\/li>\n<li class=\"whitespace-normal break-words\">1600: The manor comes into the possession of Jur\u0123is Briefmarschall<\/li>\n<li class=\"whitespace-normal break-words\">1626: King Gustavus II Adolphus of Sweden renews the city&#8217;s ownership rights to maintain an almshouse and establish a city school<\/li>\n<li class=\"whitespace-normal break-words\">1773\u20131801: The manor is leased by the Burgomaster of C\u0113sis, Jakob von Trompowsky<\/li>\n<li class=\"whitespace-normal break-words\">1793: Johann Christoph Brotze draws the Jur\u0123i Manor complex<\/li>\n<li class=\"whitespace-normal break-words\">1807\u20131814: The manor is leased by Councilman Ludwig Samuel von K\u00fcter<\/li>\n<li class=\"whitespace-normal break-words\">1853: The first buildings for sapper barracks are constructed on the manor&#8217;s land<\/li>\n<li>20th century. Early 20th century: The barracks are converted into a prison<\/li>\n<li class=\"whitespace-normal break-words\">1910\u20131911: Poet E. Treimanis-Zv\u0101rgulis is imprisoned<\/li>\n<li class=\"whitespace-normal break-words\">1920: During the agrarian reform, Jur\u0123i Manor ceases to exist as property of the city of C\u0113sis<\/li>\n<li class=\"whitespace-normal break-words\">1953: The first convicted youths are placed in the former prison building, and the institution gains the status of a juvenile reformatory<\/li>\n<\/ul>\n","protected":false},"featured_media":1011,"template":"","meta":[],"product_brand":[],"product_cat":[204,312],"product_tag":[402,243,401,313],"class_list":{"0":"post-2307","1":"product","2":"type-product","3":"status-publish","4":"has-post-thumbnail","6":"product_cat-cesis-house","7":"product_cat-manor","8":"product_tag-almshouse","9":"product_tag-manor","10":"product_tag-prison","11":"product_tag-school","13":"first","14":"instock","15":"shipping-taxable","16":"product-type-simple"},"jetpack_sharing_enabled":true,"_links":{"self":[{"href":"https:\/\/cesustasti.lv\/en\/wp-json\/wp\/v2\/product\/2307","targetHints":{"allow":["GET"]}}],"collection":[{"href":"https:\/\/cesustasti.lv\/en\/wp-json\/wp\/v2\/product"}],"about":[{"href":"https:\/\/cesustasti.lv\/en\/wp-json\/wp\/v2\/types\/product"}],"wp:featuredmedia":[{"embeddable":true,"href":"https:\/\/cesustasti.lv\/en\/wp-json\/wp\/v2\/media\/1011"}],"wp:attachment":[{"href":"https:\/\/cesustasti.lv\/en\/wp-json\/wp\/v2\/media?parent=2307"}],"wp:term":[{"taxonomy":"product_brand","embeddable":true,"href":"https:\/\/cesustasti.lv\/en\/wp-json\/wp\/v2\/product_brand?post=2307"},{"taxonomy":"product_cat","embeddable":true,"href":"https:\/\/cesustasti.lv\/en\/wp-json\/wp\/v2\/product_cat?post=2307"},{"taxonomy":"product_tag","embeddable":true,"href":"https:\/\/cesustasti.lv\/en\/wp-json\/wp\/v2\/product_tag?post=2307"}],"curies":[{"name":"wp","href":"https:\/\/api.w.org\/{rel}","templated":true}]}}