{"id":2301,"date":"2025-05-01T14:28:05","date_gmt":"2025-05-01T14:28:05","guid":{"rendered":"https:\/\/cesustasti.lv\/visi-stasti\/cesis-castle-manor\/"},"modified":"2026-03-07T18:46:13","modified_gmt":"2026-03-07T18:46:13","slug":"cesis-castle-manor","status":"publish","type":"product","link":"https:\/\/cesustasti.lv\/en\/visi-stasti\/cesis-castle-manor\/","title":{"rendered":"C\u0113sis Castle Manor"},"content":{"rendered":"<div class=\"wpb-content-wrapper\"><p>[vc_row][vc_column][vc_btn title=&#8221;Listen to the story!&#8221; color=&#8221;orange&#8221; align=&#8221;left&#8221; i_icon_fontawesome=&#8221;fa fa-solid fa-headphones-simple&#8221; css=&#8221;&#8221; add_icon=&#8221;true&#8221; link=&#8221;url:https%3A%2F%2Fcesustasti.lv%2Fwp-content%2Fuploads%2F2025%2F05%2FCesu-pilsmuiza-audio.mp3|&#8221;][\/vc_column][\/vc_row][vc_row][vc_column width=&#8221;7\/12&#8243;]\t\t<div id=\"wd-681507dc15498\" class=\"wd-text-block wd-wpb reset-last-child wd-rs-681507dc15498 text-left \">\n\t\t\t<p>C\u0113sis Castle Manor is one of the most romantic sites in C\u0113sis, where the silhouette of the historic New Castle gradually emerges from the ruins of the ancient Livonian Order castle. Although the history of C\u0113sis Castle, the estates owned by its masters, and the buildings of C\u0113sis Castle Manor form an inseparable whole, in the &#8220;C\u0113sis Stories&#8221; project, we consider the mid-17th century as the beginning of the Castle Manor, when C\u0113sis Castle began to function solely as a manor.  <\/p>\n<p>After Vidzeme came under Swedish rule in 1621, King Gustav II Adolf of Sweden granted C\u0113sis Castle and the town with all its appurtenances to the Swedish Chancellor, Count Axel Oxenstierna, in 1627. Initially, the Oxenstiernas took care of the castle&#8217;s maintenance\u2014in 1629, a significant amount of iron was purchased for the C\u0113sis fortifications, and in 1637, the stoves and windows were repaired.<x id=\"gid_0\"><\/x>In 1649, Axel&#8217;s son, Count Erik Oxenstierna, turned his attention to modernizing the manor&#8217;s economy, ordering the construction of the missing manor buildings in C\u0113sis at the lowest possible cost.       1653. In [Year], the regulations he issued provided for the establishment of a sheep farm in C\u0113sis with a flock of 100 head, importing sheep from Prussia. That same year, he commissioned the rampart master Sigvardo to create a plan of C\u0113sis Castle and the town, indicating further intentions for the castle&#8217;s use. However, these plans were not realized, and since the 1690s, C\u0113sis Castle has functioned solely as a manor.   <\/p>\n<p>After Vidzeme was annexed by Russia in 1721, C\u0113sis Castle Manor became a public or state-owned manor.  1724. In [Year], the manor&#8217;s manager Georg Christoph von Grabaus wrote to the governor that, despite efforts to repair the manor buildings, they were not yet fully in order due to a lack of timber and workers. The letter mentions that a cattle shed was built last autumn, but a new threshing barn and granary were still needed. At this time, the manor buildings were made of wood, while the castle was abandoned.<x id=\"gid_0\"><\/x>In 1730, Empress Anna Ioannovna of Russia presented C\u0113sis Castle and the manor to her favorite, the Duke of Courland and Semigallia, Ernst Johann von Biron. Since Biron owned other, more valuable properties and primarily resided in Courland or Russia, he likely did not manage the manor himself but leased it out.     1744. In [Year], Empress Elizabeth I confiscated the castle and manor from Biron and gifted them to the Russian Chancellor Alexey Bestuzhev-Ryumin as a hereditary property.<br \/>\nIn 1731, the Chancellor sold the castle and town to Johann Gottlieb I von Wolff, whose family was active and energetic. The von Wolffs sought to organize the lands and buildings around the castle, develop livestock farming, and built the C\u0113sis Castle Manor house, or New Castle, using the ancient outer bailey buildings and the walls of the Lademacher Tower.  <\/p>\n<p>However, the von Wolffs also acted cruelly\u2014they evicted 9 peasants from their homes to establish 2 new livestock manors, and the peasants&#8217; corv\u00e9e labor obligations increased rapidly. 1771. In [Year], the peasants of C\u0113sis Castle Manor complained to the Governor-General of Vidzeme, and in 1776, their complaint was also submitted to the Russian heir to the throne, Paul I, when he stopped in Stalbe to change horses. These complaints were ultimately rejected, and the author of the complaint, \u017dagaru Kri\u0161us, was severely punished.<x id=\"gid_0\"><\/x>In 1777, the von Wolffs sold the castle manor to Karl Eberhard von Sievers, beginning the von Sievers family&#8217;s 143-year reign over five generations.    1821. In [Year], the manor was inherited by Karl Gustav von Sievers, who around 1825 began creating the C\u0113sis Castle romantic landscape park, initially only for his family, but later opening it to the residents of C\u0113sis with special permits.<x id=\"gid_0\"><\/x>In the 1840s, a well-known hydropathic clinic was established in C\u0113sis.    1841. In [Year], Dr. Georg Heinrich Meyer, with the support of Count K.G. von Sievers, began treatments using the water found in C\u0113sis, with excellent results. 1843.-1845. In [Year], this healing water became known in St. Petersburg and Moscow, and many Russian nobles traveled to C\u0113sis for treatment. Meyer&#8217;s 1846 treatise on the hydropathic clinic became the first C\u0113sis tourist guide.  <\/p>\n<p>After the death of K.G. von Sievers, the castle manor was inherited by his son, Emanuel von Sievers the Elder. During his time, around 1854, a small observation tower was built on the R tower of the castle ruins, and by 1857, it was already being used by the &#8220;Livonia&#8221; corporation for its commercia.<x id=\"gid_0\"><\/x>In 1909, Emanuel von Sievers the Younger inherited C\u0113sis Castle Manor; he left for Russia in December 1915 and never returned to C\u0113sis. He died on December 7, 1919, in the city of Yessentuki, Russia.        <\/p>\n<p>After the 1920 agrarian reform, the New Castle was nationalized, and in 1922, the Count&#8217;s heirs sold the remaining real estate on the C\u0113sis Castle Manor territory for 45,000 gold lats.  <\/p>\n<p>Today, the C\u0113sis Castle Manor complex features the New Castle (now the C\u0113sis Castle Museum), one of the few 18th-century manor houses in Latvia built into a medieval castle fortification system. The castle complex also includes other historic buildings\u2014the stable-coach house (now the Exhibition Hall), the manor granary, the former brewery and tavern, as well as the romantic park with its pond and monuments.   <\/p>\n<p><em>The materials used for the description are:<\/em><br \/>\n<em>Ilma Z\u0101l\u012bte, MA in History and the C\u0113sis Rotary Club project &#8220;Tour of C\u0113sis Manors&#8221;<x id=\"gid_0\"><\/x>Collections of the C\u0113sis Castle Museum and C\u0113sis Central Library<x id=\"gid_1\"><\/x>Agris Dzenis, MA in History, study <g id=\"gid_2\">&#8220;History of C\u0113sis Castle&#8221;<\/g><br \/>\n<\/em><\/p>\n\t\t<\/div>\n\t\t[\/vc_column][vc_column width=&#8221;5\/12&#8243;]\t\t<div class=\"wd-osm-map-container wd-map-container wd-rs-681389bcdf62c \">\n\t\t\t<div id=\"wd-rs-681389bcdf62c\" class=\"wd-osm-map-wrapper wd-map-wrapper\" data-settings=\"{&quot;zoom&quot;:&quot;17&quot;,&quot;iconUrl&quot;:&quot;https:\\\/\\\/cesustasti.lv\\\/wp-content\\\/themes\\\/woodmart\\\/images\\\/icons\\\/marker-icon.png&quot;,&quot;scrollWheelZoom&quot;:&quot;yes&quot;,&quot;zoomControl&quot;:&quot;yes&quot;,&quot;dragging&quot;:&quot;yes&quot;,&quot;geoapify_tile&quot;:&quot;osm-carto&quot;,&quot;markers&quot;:[{&quot;marker&quot;:{&quot;marker_title&quot;:&quot;C\\u0113su pilsmui\\u017ea&quot;,&quot;marker_coords&quot;:&quot;57.313241, 25.271457&quot;,&quot;marker_behavior&quot;:&quot;popup&quot;,&quot;show_button&quot;:&quot;no&quot;,&quot;button_url_target&quot;:&quot;_blank&quot;,&quot;image_size&quot;:[],&quot;image&quot;:&quot;&quot;},&quot;lat&quot;:&quot;57.313241&quot;,&quot;lng&quot;:&quot; 25.271457&quot;}],&quot;center&quot;:&quot;57.313241,25.271457&quot;,&quot;init_type&quot;:&quot;page_load&quot;,&quot;init_offset&quot;:&quot;100&quot;}\"><\/div>\n\n\t\t\t\n\t\t\t\n\t\t\t\t\t<\/div>\n\t\t[\/vc_column][\/vc_row]<\/p>\n<\/div>","protected":false},"excerpt":{"rendered":"<p>The estates of C\u0113sis Castle Manor never formed a single contiguous territory but were scattered throughout the C\u0113sis area.<\/p>\n<p>Count Karl Gustav von Sievers established various rest areas, hills, and viewpoints in the romantic castle park, naming them after his family members\u2014Charlotte\u2019s Island, Alexander\u2019s Hill, Minadora\u2019s Hill, and Emanuel\u2019s Hill with a terrace.<br \/>\nIn the 1840s, the water from the hydropathic clinic established on the grounds of C\u0113sis Castle Manor was considered superior to the famous Gr\u00e4fenberg water in Bavaria. <\/p>\n<h3><strong>Facts<\/strong><\/h3>\n<ul>\n<li class=\"\\\" whitespace-normal=\"\">1627: King Gustav II Adolf of Sweden grants C\u0113sis Castle and the town to Count Axel Oxenstierna<\/li>\n<li class=\"\\\" whitespace-normal=\"\">1649: Count Erik Oxenstierna orders the construction of the missing manor buildings in C\u0113sis<\/li>\n<li class=\"\\\" whitespace-normal=\"\">1653: E. Oxenstierna&#8217;s regulations provide for the establishment of a sheep farm in C\u0113sis with a flock of 100 head <\/li>\n<li class=\"\\\" whitespace-normal=\"\">Late 17th century: C\u0113sis Castle functions solely as a manor <\/li>\n<li class=\"\\\" whitespace-normal=\"\">1721: After Vidzeme is annexed by Russia, C\u0113sis Castle Manor becomes a public or state-owned manor<\/li>\n<li class=\"\\\" whitespace-normal=\"\">1730: Empress Anna Ioannovna of Russia presents C\u0113sis Castle and the manor to Duke Ernst Johann von Biron<\/li>\n<li class=\"\\\" whitespace-normal=\"\">1744: The castle and manor are confiscated from Biron and gifted to Chancellor Alexey Bestuzhev-Ryumin<\/li>\n<li class=\"\\\" whitespace-normal=\"\">1755: Bestuzhev-Ryumin sells the castle and town to Johann Gottlieb I von Wolff<\/li>\n<li class=\"\\\" whitespace-normal=\"\">1777: Karl Eberhard von Sievers purchases the castle manor<\/li>\n<li class=\"\\\" whitespace-normal=\"\">1781: The stable-coach house is built (as indicated by the date on the weather vane)<\/li>\n<li class=\"\\\" whitespace-normal=\"\">1821: Karl Gustav von Sievers inherits the castle manor<\/li>\n<li class=\"\\\" whitespace-normal=\"\">1825: Work begins on the romantic park of C\u0113sis Castle<\/li>\n<li class=\"\\\" whitespace-normal=\"\">1832\u20131833: A park (now May Park) is established opposite the castle tavern<\/li>\n<li class=\"\\\" whitespace-normal=\"\">1841: With the Count&#8217;s support, Dr. G. Meyer opens a hydropathic clinic<\/li>\n<li class=\"\\\" whitespace-normal=\"\">1846: A treatise on the hydropathic clinic is published\u2014the first C\u0113sis tourist guide<\/li>\n<li class=\"\\\" whitespace-normal=\"\">1856: Count Emanuel von Sievers the Elder inherits the castle manor<\/li>\n<li class=\"\\\" whitespace-normal=\"\">1878: The brewery building is constructed<\/li>\n<li class=\"\\\" whitespace-normal=\"\">1909: Emanuel von Sievers the Younger inherits the castle manor<\/li>\n<li class=\"\\\" whitespace-normal=\"\">1914: The Riga Society of History and Antiquity Researchers completes the preservation of the R tower<\/li>\n<li class=\"\\\" whitespace-normal=\"\">1920: The castle is nationalized during the Latvian agrarian reform<\/li>\n<li class=\"\\\" whitespace-normal=\"\">1922: The Count&#8217;s heirs sell the manor properties<\/li>\n<li class=\"\\\" whitespace-normal=\"\">1935: The city board begins landscaping the park<\/li>\n<li>1949: The C\u0113sis Museum is established in the New Castle building<\/li>\n<\/ul>\n","protected":false},"featured_media":1029,"template":"","meta":[],"product_brand":[],"product_cat":[204,312],"product_tag":[243],"class_list":{"0":"post-2301","1":"product","2":"type-product","3":"status-publish","4":"has-post-thumbnail","6":"product_cat-cesis-house","7":"product_cat-manor","8":"product_tag-manor","10":"first","11":"instock","12":"shipping-taxable","13":"product-type-simple"},"jetpack_sharing_enabled":true,"_links":{"self":[{"href":"https:\/\/cesustasti.lv\/en\/wp-json\/wp\/v2\/product\/2301","targetHints":{"allow":["GET"]}}],"collection":[{"href":"https:\/\/cesustasti.lv\/en\/wp-json\/wp\/v2\/product"}],"about":[{"href":"https:\/\/cesustasti.lv\/en\/wp-json\/wp\/v2\/types\/product"}],"wp:featuredmedia":[{"embeddable":true,"href":"https:\/\/cesustasti.lv\/en\/wp-json\/wp\/v2\/media\/1029"}],"wp:attachment":[{"href":"https:\/\/cesustasti.lv\/en\/wp-json\/wp\/v2\/media?parent=2301"}],"wp:term":[{"taxonomy":"product_brand","embeddable":true,"href":"https:\/\/cesustasti.lv\/en\/wp-json\/wp\/v2\/product_brand?post=2301"},{"taxonomy":"product_cat","embeddable":true,"href":"https:\/\/cesustasti.lv\/en\/wp-json\/wp\/v2\/product_cat?post=2301"},{"taxonomy":"product_tag","embeddable":true,"href":"https:\/\/cesustasti.lv\/en\/wp-json\/wp\/v2\/product_tag?post=2301"}],"curies":[{"name":"wp","href":"https:\/\/api.w.org\/{rel}","templated":true}]}}