{"id":2296,"date":"2025-05-01T08:10:56","date_gmt":"2025-05-01T08:10:56","guid":{"rendered":"https:\/\/cesustasti.lv\/visi-stasti\/zekler-manor\/"},"modified":"2026-03-07T16:19:42","modified_gmt":"2026-03-07T16:19:42","slug":"zekler-manor","status":"publish","type":"product","link":"https:\/\/cesustasti.lv\/en\/visi-stasti\/zekler-manor\/","title":{"rendered":"Zekler Manor"},"content":{"rendered":"<div class=\"wpb-content-wrapper\"><p>[vc_row][vc_column][vc_btn title=&#8221;Listen to the story!&#8221; color=&#8221;orange&#8221; align=&#8221;left&#8221; i_icon_fontawesome=&#8221;fa fa-solid fa-headphones-simple&#8221; css=&#8221;&#8221; add_icon=&#8221;true&#8221; link=&#8221;url:https%3A%2F%2Fcesustasti.lv%2Fwp-content%2Fuploads%2F2025%2F05%2FZekleru-muiza-audio.mp3|&#8221;][\/vc_column][\/vc_row][vc_row][vc_column width=&#8221;7\/12&#8243;]\t\t<div id=\"wd-68177d2ce9576\" class=\"wd-text-block wd-wpb reset-last-child wd-rs-68177d2ce9576 text-left \">\n\t\t\t<p>Zekler Manor is one of C\u0113sis&#8217; historical sites with a rich and colorful past, its name remaining unchanged through the centuries. The manor&#8217;s story began in the 16th century when it acquired its name from the barber Zekler family. According to historical sources, the first mention of Zekler&#8217;s lands dates back to May 18, 1537, in a feudal register, when burgher Hans Strak sold a part of C\u0113sis city \u2013 the burgher&#8217;s gardens in front of St. Catherine&#8217;s Gate \u2013 to Sigismund Secklern, surgeon to the Livonian Order Master, for 20 marks.      <\/p>\n<p>It is important to note that at that time, barbers were not merely hairdressers \u2013 they also performed simple surgical operations. For example, in 1629, the Uxkull Manor payroll mentioned that the C\u0113sis barber was paid 66 state thalers and 60 \u00f6re as an annual salary for such duties \u2013 a significant sum in those days!  <\/p>\n<p>The manor&#8217;s significance grew in 1561 when Sigismund Seckler received four villages in \u0100rai\u0161i parish as a fief from Gothard Kettler, Master of the Livonian Order, for lending him money. His son, surgeon Heinrich Seckler, received confirmation from Stephen B\u00e1thory, King of Poland-Lithuania, in 1581, for his properties, including a family home in C\u0113sis and three plots of land with gardens near the city, which were already known as Zekler Manor at that time.<x id=\"gid_0\"><\/x>In the 17th century, Zekler Manor&#8217;s lands were marked on C\u0113sis maps behind the Riga Gate, halfway to Jur\u0123i Manor (now Gaujas Street 18, 20), as well as a plot of land in Lauci\u0146i (between the current J. Poruka, Prieku\u013cu, and Palmu streets). The property had several owners, but interestingly, the name &#8220;Zekler Manor&#8221; remained until the Agrarian Reform in 1920 \u2013 affirming its deep imprint on C\u0113sis&#8217; cultural history.<x id=\"gid_1\"><\/x>In the mid-18th century, Zekler Manor formed a joint property with Kalnamui\u017ea. It is believed that while Kalnamui\u017ea&#8217;s primary occupation and source of income was agriculture, Zekler Manor&#8217;s income came from land rental and lime extraction.       1782. In 1782, Zekler Manor, along with Kalnamui\u017ea, was sold for an impressive sum \u2013 20,000 Albertus thalers.<br \/>\nThroughout the 19th century, the manor changed owners multiple times through both sales and mortgages. A particularly rapid change of ownership occurred in the mid-19th century when the manor passed from hand to hand through several aristocratic families.  <\/p>\n<p>After 1900, when Theodor Voldemar Zielmann acquired the Zekler Manor lands in Lauci\u0146i, he built a residential house and farm buildings, settled in the manor with his family, and represented the manor&#8217;s police. Today, part of the historical territory of Zekler Manor is occupied by the C\u0113sis printing house, whose courtyard trees are witnesses to the former Zekler Manor park, while the buildings on Palejas Street were built on land belonging to this manor.  <\/p>\n<p><em>The materials used for the description are:<\/em><br \/>\n<em>Ilma Z\u0101l\u012bte, Mg. hist. and C\u0113sis Rotary Club project &#8220;Walk Around C\u0113sis Manors&#8221;<x id=\"gid_0\"><\/x>C\u0113sis Castle Museum and C\u0113sis Central Library collections<br \/>\n<\/em><\/p>\n\t\t<\/div>\n\t\t[\/vc_column][vc_column width=&#8221;5\/12&#8243;]\t\t<div class=\"wd-osm-map-container wd-map-container wd-rs-681390f83f702 \">\n\t\t\t<div id=\"wd-rs-681390f83f702\" class=\"wd-osm-map-wrapper wd-map-wrapper\" data-settings=\"{&quot;zoom&quot;:&quot;17&quot;,&quot;iconUrl&quot;:&quot;https:\\\/\\\/cesustasti.lv\\\/wp-content\\\/themes\\\/woodmart\\\/images\\\/icons\\\/marker-icon.png&quot;,&quot;scrollWheelZoom&quot;:&quot;yes&quot;,&quot;zoomControl&quot;:&quot;yes&quot;,&quot;dragging&quot;:&quot;yes&quot;,&quot;geoapify_tile&quot;:&quot;osm-carto&quot;,&quot;markers&quot;:[{&quot;marker&quot;:{&quot;marker_title&quot;:&quot;Zeklera mui\\u017ea&quot;,&quot;marker_coords&quot;:&quot;57.309402, 25.263784&quot;,&quot;marker_behavior&quot;:&quot;popup&quot;,&quot;show_button&quot;:&quot;no&quot;,&quot;button_url_target&quot;:&quot;_blank&quot;,&quot;image_size&quot;:[],&quot;image&quot;:&quot;&quot;},&quot;lat&quot;:&quot;57.309402&quot;,&quot;lng&quot;:&quot; 25.263784&quot;},{&quot;marker&quot;:{&quot;marker_title&quot;:&quot;Zeklera mui\\u017ea&quot;,&quot;marker_coords&quot;:&quot;57.309283, 25.263280&quot;,&quot;marker_behavior&quot;:&quot;popup&quot;,&quot;show_button&quot;:&quot;no&quot;,&quot;button_url_target&quot;:&quot;_blank&quot;,&quot;image_size&quot;:[],&quot;image&quot;:&quot;&quot;},&quot;lat&quot;:&quot;57.309283&quot;,&quot;lng&quot;:&quot; 25.263280&quot;},{&quot;marker&quot;:{&quot;marker_title&quot;:&quot;Zeklera mui\\u017ea&quot;,&quot;marker_coords&quot;:&quot;57.312977, 25.301168&quot;,&quot;marker_behavior&quot;:&quot;popup&quot;,&quot;show_button&quot;:&quot;no&quot;,&quot;button_url_target&quot;:&quot;_blank&quot;,&quot;image_size&quot;:[],&quot;image&quot;:&quot;&quot;},&quot;lat&quot;:&quot;57.312977&quot;,&quot;lng&quot;:&quot; 25.301168&quot;},{&quot;marker&quot;:{&quot;marker_title&quot;:&quot;Zeklera mui\\u017ea&quot;,&quot;marker_coords&quot;:&quot;57.306586, 25.262365&quot;,&quot;marker_behavior&quot;:&quot;popup&quot;,&quot;show_button&quot;:&quot;no&quot;,&quot;button_url_target&quot;:&quot;_blank&quot;,&quot;image_size&quot;:[],&quot;image&quot;:&quot;&quot;},&quot;lat&quot;:&quot;57.306586&quot;,&quot;lng&quot;:&quot; 25.262365&quot;}],&quot;center&quot;:&quot;57.309563076354,25.272648352049&quot;,&quot;init_type&quot;:&quot;page_load&quot;,&quot;init_offset&quot;:&quot;100&quot;}\"><\/div>\n\n\t\t\t\n\t\t\t\n\t\t\t\t\t<\/div>\n\t\t[\/vc_column][\/vc_row]<\/p>\n<\/div>","protected":false},"excerpt":{"rendered":"<p>Unlike other manors, Zekler Manor had no livestock sheds, as it was long combined with the small Kalnamui\u017ea farm, where all the farm buildings were located.<\/p>\n<p>A lime kiln with circular kilns operated on the manor&#8217;s territory in Lauci\u0146i, which was a significant source of income.<\/p>\n<p>At one time, supporters of revolutionary ideas, including the ardent revolutionary Ala Blanka and her associates, gathered in the manor building at Palejas Street 10 \u2014 possibly the only building remaining from the original manor complex.<\/p>\n<h3><strong>Facts<\/strong><\/h3>\n<ul>\n<li class=\"whitespace-normal break-words\">1537: First mention of Zekler&#8217;s lands, when burgher Hans Strak sold a garden in front of St. Catherine&#8217;s Gate to Sigismund Zekler, surgeon to the Livonian Order Master. <\/li>\n<li class=\"whitespace-normal break-words\">1561: Sigismund Zekler received 4 villages in \u0100rai\u0161i parish as a fief from Gothard Kettler, Master of the Livonian Order.<\/li>\n<li class=\"whitespace-normal break-words\">1581: Heinrich Zekler received confirmation from Stephen B\u00e1thory, King of Poland-Lithuania, for his properties.<\/li>\n<li class=\"whitespace-normal break-words\">1583: Heinrich Zekler became the mayor of C\u0113sis.<\/li>\n<li class=\"whitespace-normal break-words\">1640: The manor belonged to Wilhelm Schleyer, who became the mayor of C\u0113sis in 1654.<\/li>\n<li class=\"whitespace-normal break-words\">1782: Johann Wilhelm von Bornemann sold Zekler Manor and Kalnamui\u017ea to Sigismund Adolf von Wolff for 20,000 Albertus thalers.<\/li>\n<li class=\"whitespace-normal break-words\">1795: Katharina Christine von Wolff mortgaged both manors to merchant Anton Christian von H\u00fclsen for 28,000 silver rubles for 40 years.<\/li>\n<li class=\"whitespace-normal break-words\">1819: Hermann Friedrich H\u00fclsen acquired the manor for 12,500 rubles.<\/li>\n<li class=\"whitespace-normal break-words\">1837: Johann Josef Gotthard Otto von Rutenberg-Orgies acquired the manor.<\/li>\n<li class=\"whitespace-normal break-words\">1867: The manor came into the possession of Johann Theodor Apping for 30,550 rubles.<\/li>\n<li class=\"whitespace-normal break-words\">1902: Theodor Voldemar Zielmann bought the Zekler Manor lands in Lauci\u0146i and built a residential house and farm buildings.<\/li>\n<li class=\"whitespace-normal break-words\">1910: The house at Palejas Street 10, which stands to this day, was built.<\/li>\n<li class=\"whitespace-normal break-words\">1917: The ardent revolutionary Ala Blanka and her associates gathered in the house on Palejas Street.<\/li>\n<li class=\"whitespace-normal break-words\">1920: As a result of the agrarian reform, the manor ceased to exist.<\/li>\n<\/ul>\n","protected":false},"featured_media":449,"template":"","meta":[],"product_brand":[],"product_cat":[204,312],"product_tag":[243],"class_list":{"0":"post-2296","1":"product","2":"type-product","3":"status-publish","4":"has-post-thumbnail","6":"product_cat-cesis-house","7":"product_cat-manor","8":"product_tag-manor","10":"first","11":"instock","12":"shipping-taxable","13":"product-type-simple"},"jetpack_sharing_enabled":true,"_links":{"self":[{"href":"https:\/\/cesustasti.lv\/en\/wp-json\/wp\/v2\/product\/2296","targetHints":{"allow":["GET"]}}],"collection":[{"href":"https:\/\/cesustasti.lv\/en\/wp-json\/wp\/v2\/product"}],"about":[{"href":"https:\/\/cesustasti.lv\/en\/wp-json\/wp\/v2\/types\/product"}],"wp:featuredmedia":[{"embeddable":true,"href":"https:\/\/cesustasti.lv\/en\/wp-json\/wp\/v2\/media\/449"}],"wp:attachment":[{"href":"https:\/\/cesustasti.lv\/en\/wp-json\/wp\/v2\/media?parent=2296"}],"wp:term":[{"taxonomy":"product_brand","embeddable":true,"href":"https:\/\/cesustasti.lv\/en\/wp-json\/wp\/v2\/product_brand?post=2296"},{"taxonomy":"product_cat","embeddable":true,"href":"https:\/\/cesustasti.lv\/en\/wp-json\/wp\/v2\/product_cat?post=2296"},{"taxonomy":"product_tag","embeddable":true,"href":"https:\/\/cesustasti.lv\/en\/wp-json\/wp\/v2\/product_tag?post=2296"}],"curies":[{"name":"wp","href":"https:\/\/api.w.org\/{rel}","templated":true}]}}