{"id":2218,"date":"2025-09-07T15:57:12","date_gmt":"2025-09-07T15:57:12","guid":{"rendered":"https:\/\/cesustasti.lv\/?post_type=product&#038;p=2218"},"modified":"2026-03-07T17:04:04","modified_gmt":"2026-03-07T17:04:04","slug":"prayer-house-copy","status":"publish","type":"product","link":"https:\/\/cesustasti.lv\/en\/visi-stasti\/prayer-house-copy\/","title":{"rendered":"Pioneer Square"},"content":{"rendered":"<div class=\"wpb-content-wrapper\"><p>[vc_row][vc_column][\/vc_column][\/vc_row][vc_row][vc_column width=&#8221;7\/12&#8243;]\t\t<div id=\"wd-68bdac50ab776\" class=\"wd-text-block wd-wpb reset-last-child wd-rs-68bdac50ab776 text-left \">\n\t\t\t<p>The green square right in the heart of C\u0113sis old town is a space that shows the dramatic changes in the city&#8217;s face. Already in the 1963 map of C\u0113sis, the area between R\u012bgas and Liel\u0101 Katr\u012bna streets had dense city buildings, crossed by two streets &#8211; \u0160aur\u0101 Street, which connected Liel\u0101 Katr\u012bna Street with R\u012bgas Street, and Tirgus (or Maz\u0101 Katr\u012bna) Street, which led from Liel\u0101 L\u012bvu Street to Ro\u017eu Square. <\/p>\n<p>Among the well-known buildings in this square, we can mention publisher Oskars J\u0113pe&#8217;s printing house, located at the corner of Liel\u0101 Katr\u012bna and Liel\u0101 L\u012bvu streets. Next to the printing house was a building that once belonged to decorator and Johan K\u0113ler&#8217;s teacher K\u0101rlis F\u0101bers. Meanwhile, the only building that survived lonely until the 2020s was the guardhouse built by the Z\u012bvers family on the Ro\u017eu Square side, which stood out stylistically from the other buildings.  <\/p>\n<p>The area went through a dramatic transformation in September 1944, when a senseless Soviet army air raid completely destroyed the buildings in this location. In the post-war years, the rubble was leveled, covered with a layer of soil, and plantings were added &#8211; that&#8217;s how Pioneer Square was created, a new urban space with a completely different function. <\/p>\n<p>On November 6, 1950, a monument to Joseph Stalin was ceremoniously unveiled here, and the square became a new ideological landmark in the urban environment. The newspaper &#8220;C\u0113su Stars&#8221; reported that on the day of the monument&#8217;s unveiling, &#8220;columns of working people move through the streets of C\u0113sis to the monument&#8217;s unveiling site,&#8221; and after the official speeches, &#8220;columns of the city&#8217;s working people and school youth march smartly past Stalin&#8217;s monument.&#8221; The monument&#8217;s author was sculptor Sergey Merkurov, who created many of the Lenin and Stalin monuments installed across the Soviet Union (including the three largest Lenin statues &#8211; one in Yerevan and two in Moscow). The Stalin monument remained here until 1962, when, along with the condemnation of the Stalin cult in the Soviet Union, it was removed.   <\/p>\n<p>During the Soviet years, until the installation of the Lenin monument, the square served an important ideological function &#8211; annual workers&#8217; demonstrations and various propaganda events were held here. Next to the building at R\u012bgas Street 36, a Workers&#8217; Honor Plaque was installed during Soviet rule, of which only the wall has survived to the present day. Various plantings were created along Liel\u0101 Katr\u012bna Street.   <\/p>\n<p>Today, the square is going through a period of uncertainty &#8211; its development has been complicated for many years by property rights issues, as the entire square&#8217;s land is divided into more than ten properties. Over the years, various construction plans have appeared, such as building a residential house on the Liel\u0101 Katr\u012bna Street side or a Hesburger restaurant next to the building at R\u012bgas Street 36, but none of these ideas have been implemented.  <\/p>\n<p class=\"p1\"><em>The materials used for the description are:<\/em><br \/>\n<em>Collections of the Cesis History Museum and C\u0113sis Central Library<br \/>\nLatvian National Archive film materials<br \/><\/em><\/p>\n\t\t<\/div>\n\t\t[\/vc_column][vc_column width=&#8221;5\/12&#8243;]\t\t<div class=\"wd-osm-map-container wd-map-container wd-rs-68bdac28b000e \">\n\t\t\t<div id=\"wd-rs-68bdac28b000e\" class=\"wd-osm-map-wrapper wd-map-wrapper\" data-settings=\"{&quot;zoom&quot;:&quot;17&quot;,&quot;iconUrl&quot;:&quot;https:\\\/\\\/cesustasti.lv\\\/wp-content\\\/themes\\\/woodmart\\\/images\\\/icons\\\/marker-icon.png&quot;,&quot;scrollWheelZoom&quot;:&quot;yes&quot;,&quot;zoomControl&quot;:&quot;yes&quot;,&quot;dragging&quot;:&quot;yes&quot;,&quot;geoapify_tile&quot;:&quot;osm-carto&quot;,&quot;markers&quot;:[{&quot;marker&quot;:{&quot;marker_title&quot;:&quot;Pionieru laukums&quot;,&quot;marker_coords&quot;:&quot;57.311498, 25.269476&quot;,&quot;marker_behavior&quot;:&quot;popup&quot;,&quot;show_button&quot;:&quot;no&quot;,&quot;button_url_target&quot;:&quot;_blank&quot;,&quot;image_size&quot;:[],&quot;image&quot;:&quot;&quot;},&quot;lat&quot;:&quot;57.311498&quot;,&quot;lng&quot;:&quot; 25.269476&quot;}],&quot;center&quot;:&quot;57.311498,25.269476&quot;,&quot;init_type&quot;:&quot;page_load&quot;,&quot;init_offset&quot;:&quot;100&quot;}\"><\/div>\n\n\t\t\t\n\t\t\t\n\t\t\t\t\t<\/div>\n\t\t[\/vc_column][\/vc_row]<\/p>\n<\/div>","protected":false},"excerpt":{"rendered":"<p>City legend has it that the square&#8217;s stairs leading from R\u012bgas Street to the park are made from stones of the original C\u0113sis Victory Monument, which was blown up by the Soviet authorities.<\/p>\n<p>Meanwhile, a funny incident is associated with the Stalin monument that was once installed in the square &#8211; one night, some brave folks supposedly hung a basket of bread in the monument&#8217;s hand, humorously suggesting that the leader should go home.<\/p>\n<h3><strong>Facts<\/strong><\/h3>\n<ul>\n<li>1693: Buildings in this area are documented in the C\u0113sis city map.<\/li>\n<li>1944: In September, a Soviet army air raid completely destroyed the buildings in this location.<\/li>\n<li>1948: Agitation for the first Soviet elections takes place in the square.<\/li>\n<li>November 6, 1950: Sculptor S. Merkurov&#8217;s Stalin monument is ceremoniously unveiled.<\/li>\n<li>1953: People gather at the monument to say goodbye to Stalin after his death.<\/li>\n<li>1962: The Stalin monument is dismantled.<\/li>\n<li>Present day: The square is a green zone and a place for dog walking.<\/li>\n<\/ul>\n<p>&nbsp;<\/p>\n","protected":false},"featured_media":2220,"template":"","meta":[],"product_brand":[],"product_cat":[204,196],"product_tag":[382,383,208],"class_list":{"0":"post-2218","1":"product","2":"type-product","3":"status-publish","4":"has-post-thumbnail","6":"product_cat-cesis-house","7":"product_cat-uncategorized","8":"product_tag-monument","9":"product_tag-square","10":"product_tag-us","12":"first","13":"instock","14":"shipping-taxable","15":"product-type-simple"},"jetpack_sharing_enabled":true,"_links":{"self":[{"href":"https:\/\/cesustasti.lv\/en\/wp-json\/wp\/v2\/product\/2218","targetHints":{"allow":["GET"]}}],"collection":[{"href":"https:\/\/cesustasti.lv\/en\/wp-json\/wp\/v2\/product"}],"about":[{"href":"https:\/\/cesustasti.lv\/en\/wp-json\/wp\/v2\/types\/product"}],"wp:featuredmedia":[{"embeddable":true,"href":"https:\/\/cesustasti.lv\/en\/wp-json\/wp\/v2\/media\/2220"}],"wp:attachment":[{"href":"https:\/\/cesustasti.lv\/en\/wp-json\/wp\/v2\/media?parent=2218"}],"wp:term":[{"taxonomy":"product_brand","embeddable":true,"href":"https:\/\/cesustasti.lv\/en\/wp-json\/wp\/v2\/product_brand?post=2218"},{"taxonomy":"product_cat","embeddable":true,"href":"https:\/\/cesustasti.lv\/en\/wp-json\/wp\/v2\/product_cat?post=2218"},{"taxonomy":"product_tag","embeddable":true,"href":"https:\/\/cesustasti.lv\/en\/wp-json\/wp\/v2\/product_tag?post=2218"}],"curies":[{"name":"wp","href":"https:\/\/api.w.org\/{rel}","templated":true}]}}