{"id":2018,"date":"2025-04-11T22:03:55","date_gmt":"2025-04-11T22:03:55","guid":{"rendered":"https:\/\/cesustasti.lv\/visi-stasti\/cesis-first-hospital\/"},"modified":"2025-07-09T19:17:28","modified_gmt":"2025-07-09T19:17:28","slug":"cesis-first-hospital","status":"publish","type":"product","link":"https:\/\/cesustasti.lv\/en\/visi-stasti\/cesis-first-hospital\/","title":{"rendered":"Cesis first hospital"},"content":{"rendered":"<div class=\"wpb-content-wrapper\"><p>[vc_row][vc_column width=&#8221;7\/12&#8243;]\t\t<div id=\"wd-686ea59e9166c\" class=\"wd-text-block wd-wpb reset-last-child wd-rs-686ea59e9166c text-left \">\n\t\t\t<p class=\"whitespace-pre-wrap break-words\">The journey through C\u0113sis medical history begins at 27 L. Katr\u012bnas Street, where the town&#8217;s first known hospital once stood. This humble wooden building, consecrated on July 4, 1762, initially served as a simple medical aid station with one doctor and room for just ten patients. Its main purpose was to isolate residents affected by infectious diseases at a time when medical science was still developing.    <\/p>\n<p class=\"whitespace-pre-wrap break-words\">1847. 1847 brought a significant turning point, as two permanent doctors began working in the town, improving medical care access for C\u0113sis residents. Regarding the hospital, Dr. Adolfi reported to the medical board that the rooms were small, cold, and there were no office or operation rooms. The hospital apparently had only two instruments \u2013 a tube and &#8220;horns&#8221; (cupping glasses). Autopsies were performed outdoors in the open air.  <\/p>\n<p>The building served as a hospital until 1881, when a new hospital building was constructed at 16 B\u0113rzaines Street under the supervision of builder P\u0113teris P\u0113tersons.<\/p>\n<p class=\"whitespace-pre-wrap break-words\">Unfortunately, the old wooden building that had become the cradle of C\u0113sis medicine met a tragic fate, burning down in 1983. However, the historical significance of the site wasn&#8217;t forgotten, and in 2004, a new building was constructed in its place, becoming a religious meeting hall. Beneath this area lies another historical secret \u2013 the town&#8217;s medieval wall remains, which still lie underground, silently preserving ancient evidence of C\u0113sis&#8217; past.    <\/p>\n<p class=\"whitespace-pre-wrap break-words\">The hospital operated in this building until 1881, when the medical facility was relocated to the newly built building at 16\/18 B\u0113rzaines Street, marking a new phase in the development of healthcare in C\u0113sis. <\/p>\n\t\t<\/div>\n\t\t[\/vc_column][vc_column width=&#8221;5\/12&#8243;]\t\t<div class=\"wd-osm-map-container wd-map-container wd-rs-67b6597a52db6 \">\n\t\t\t<div id=\"wd-rs-67b6597a52db6\" class=\"wd-osm-map-wrapper wd-map-wrapper\" data-settings=\"{&quot;zoom&quot;:&quot;17&quot;,&quot;iconUrl&quot;:&quot;https:\\\/\\\/cesustasti.lv\\\/wp-content\\\/themes\\\/woodmart\\\/images\\\/icons\\\/marker-icon.png&quot;,&quot;scrollWheelZoom&quot;:&quot;yes&quot;,&quot;zoomControl&quot;:&quot;yes&quot;,&quot;dragging&quot;:&quot;yes&quot;,&quot;geoapify_tile&quot;:&quot;osm-carto&quot;,&quot;markers&quot;:[{&quot;marker&quot;:{&quot;marker_title&quot;:&quot;B\\u012bdenrota nams&quot;,&quot;marker_coords&quot;:&quot;57.312047, 25.268244&quot;,&quot;marker_behavior&quot;:&quot;popup&quot;,&quot;show_button&quot;:&quot;no&quot;,&quot;button_url_target&quot;:&quot;_blank&quot;,&quot;image_size&quot;:[],&quot;image&quot;:&quot;&quot;},&quot;lat&quot;:&quot;57.312047&quot;,&quot;lng&quot;:&quot; 25.268244&quot;}],&quot;center&quot;:&quot;57.312047,25.268244&quot;,&quot;init_type&quot;:&quot;page_load&quot;,&quot;init_offset&quot;:&quot;100&quot;}\"><\/div>\n\n\t\t\t\n\t\t\t\n\t\t\t\t\t<\/div>\n\t\t[\/vc_column][\/vc_row]<\/p>\n<\/div>","protected":false},"excerpt":{"rendered":"<p>The first C\u0113sis town doctor Alexis Adolfi (1815-1874) wasn&#8217;t just a skilled physician, but also one of the most notable Baltic German poets, thus healing both bodies and souls. The doctor, who worked in the town for 27 years until the end of his life, lived at what is now 1 L. L\u012bvu Street, which allows us today to imagine how he rushed from home to the hospital to help patients. <\/p>\n<p>Autopsies were performed in the hospital courtyard under the open sky.<\/p>\n<h3><strong>Facts<\/strong><\/h3>\n<ul>\n<li class=\"\\\" whitespace-normal=\"\">1762: The first wooden hospital building at 27 L. Katr\u012bnas Street was consecrated, initially functioning as a medical aid station and isolation ward during infectious disease outbreaks.<\/li>\n<li class=\"\\\" whitespace-normal=\"\">1847: Two permanent doctors began working in C\u0113sis; Alexis Adolfi started work as the town doctor.<\/li>\n<li class=\"\\\" whitespace-normal=\"\">1874: The first C\u0113sis town doctor Alexis Adolfi died, having worked in this position for 27 years.<\/li>\n<li class=\"\\\" whitespace-normal=\"\">1881: The hospital was moved to a newly built building at 16\/18 B\u0113rzaines Street.<\/li>\n<li class=\"\\\" whitespace-normal=\"\">1983: The old wooden building at 27 L. Katr\u012bnas Street burned down.<\/li>\n<li class=\"\\\" whitespace-normal=\"\">2004: The site was reconstructed as a public building \u2013 a religious meeting hall.<\/li>\n<\/ul>\n","protected":false},"featured_media":2015,"template":"","meta":[],"product_brand":[],"product_cat":[204,205],"product_tag":[361,308,199],"class_list":{"0":"post-2018","1":"product","2":"type-product","3":"status-publish","4":"has-post-thumbnail","6":"product_cat-cesis-house","7":"product_cat-treatment-facility","8":"product_tag-adolfi-en","9":"product_tag-health","10":"product_tag-hospital","12":"first","13":"instock","14":"shipping-taxable","15":"product-type-simple"},"jetpack_sharing_enabled":true,"_links":{"self":[{"href":"https:\/\/cesustasti.lv\/en\/wp-json\/wp\/v2\/product\/2018","targetHints":{"allow":["GET"]}}],"collection":[{"href":"https:\/\/cesustasti.lv\/en\/wp-json\/wp\/v2\/product"}],"about":[{"href":"https:\/\/cesustasti.lv\/en\/wp-json\/wp\/v2\/types\/product"}],"wp:featuredmedia":[{"embeddable":true,"href":"https:\/\/cesustasti.lv\/en\/wp-json\/wp\/v2\/media\/2015"}],"wp:attachment":[{"href":"https:\/\/cesustasti.lv\/en\/wp-json\/wp\/v2\/media?parent=2018"}],"wp:term":[{"taxonomy":"product_brand","embeddable":true,"href":"https:\/\/cesustasti.lv\/en\/wp-json\/wp\/v2\/product_brand?post=2018"},{"taxonomy":"product_cat","embeddable":true,"href":"https:\/\/cesustasti.lv\/en\/wp-json\/wp\/v2\/product_cat?post=2018"},{"taxonomy":"product_tag","embeddable":true,"href":"https:\/\/cesustasti.lv\/en\/wp-json\/wp\/v2\/product_tag?post=2018"}],"curies":[{"name":"wp","href":"https:\/\/api.w.org\/{rel}","templated":true}]}}