{"id":1995,"date":"2025-05-04T16:03:20","date_gmt":"2025-05-04T16:03:20","guid":{"rendered":"https:\/\/cesustasti.lv\/visi-stasti\/cesis-building-materials-plant\/"},"modified":"2025-07-07T19:58:03","modified_gmt":"2025-07-07T19:58:03","slug":"cesis-building-materials-plant","status":"publish","type":"product","link":"https:\/\/cesustasti.lv\/en\/visi-stasti\/cesis-building-materials-plant\/","title":{"rendered":"Cesis Building Materials Plant"},"content":{"rendered":"<div class=\"wpb-content-wrapper\"><p>[vc_row][vc_column][vc_btn title=&#8221;Listen to the story!&#8221; color=&#8221;orange&#8221; align=&#8221;left&#8221; i_icon_fontawesome=&#8221;fa fa-solid fa-headphones-simple&#8221; css=&#8221;&#8221; add_icon=&#8221;true&#8221; link=&#8221;url:https%3A%2F%2Fcesustasti.lv%2Fwp-content%2Fuploads%2F2025%2F05%2FMurlejas-audio.mp3|&#8221;][\/vc_column][\/vc_row][vc_row][vc_column width=&#8221;7\/12&#8243;]\t\t<div id=\"wd-6819ae17b9990\" class=\"wd-text-block wd-wpb reset-last-child wd-rs-6819ae17b9990 text-left \">\n\t\t\t<p>The history of the C\u0113sis M\u016brlejas brickworks dates back to at least the second half of the 19th century. As early as 1884, the list of industrial enterprises in the Vidzeme province mentioned the brick kiln in C\u0113sis of K\u0101rlis, the son of Andris, Ansilnieks (probably Aizsilnieks). It is interesting that the origin of the name \u201cMurlejas\u201d indicates the historical connection of the place with bricklaying, as Heinrihs Enzeli\u0146\u0161 mentions in his materials that \u201calready in 1750 the burgomaster Hans owned the villages of C\u012brulis and Murlejas\u201d.<br \/>\nIn March 1930, the newspaper \u201cC\u0113su V\u0113stis\u201d reported that the brickworks of Anton Stirns with Murlejas houses on Gaujmala in \u016btrup\u0117 had been sold. The new owner was Alida, daughter of Martins, Ulpe (born Jankovics, after her first husband Laur), who bought the property for 17 602 lats. Unfortunately, in 1933 Ulpe was already registered as insolvent with the Cesis City Council.        <\/p>\n<p>The real breakthrough in the development of the M\u016brlejas brickworks came in 1937.  21. In January, the state-owned joint-stock company \u0136ie\u0123e\u013cnieks was founded to produce bricks and drain pipes. 1938. On 28 April 2008, the \u201cM\u016brlejas \u0136ie\u0123e\u013cn\u012bca\u201d was officially renamed \u201cC\u0113su \u0137ie\u0123e\u013cn\u012bca\u201d. The revival of this factory took place very quickly: as the C\u0113su V\u0113stis wrote on 6 May 1938, the state-owned joint-stock company \u0136ie\u0123e\u013cnieks acquired ownership of the M\u016brlejas brickworks, which contained \u201chigh-quality, rich clay reserves\u201d. This clay could be used not only to make bricks and drainage pipes, but also for building clinkers, roof tiles, sewage pipes and floor tiles.     <\/p>\n<p>The company seriously modernised the factory, installing new electric machines, building a new kiln and constructing drying sheds. As many as 40 prisoners from C\u0113sis Prison were involved in the work, excavating the kiln and preparing the clay. The new 52-metre-long chimney, built by contractor M. Kalni\u0146\u0161, was particularly impressive.  <\/p>\n<p>Innovation has been a major focus. 1938. In August 2007, the C\u0113sis M\u016brlejas plant began producing \u201cbeech bricks\u201d with seven air ducts. They made walls a third thinner, were half as light and cost more than 30% less than conventional bricks. <\/p>\n<p>In the same year, the C\u0113sis M\u016brlejas factory supplied bricks to the Pulvertornis in Riga, a neo-eclectic building. 1939. In July 2010, \u201cC\u0113sis V\u0113stis\u201d reported that the joint stock company \u201c\u0136ie\u0123e\u013cnieks\u201d had purchased a powerful rubber-tired tractor for transporting bricks from C\u0113sis to Riga for the needs of the War Museum.<\/p>\n<p>Throughout history, the plant has undergone various changes. 1940. In September 2009, the Soviet authorities nationalised all brick factories in Latvia, and the Cesis brick factory was incorporated into the Brick Industry Trust. During the German occupation, the factory continued to operate, and on 30 April 1944, the Cesis Brick Factory in M\u016brleiai was among 79 companies awarded for their diligent work.   <\/p>\n<p>After the Second World War, the C\u0113sis Brickworks on Cep\u013ca Street near the Gauja River was reopened in the first half of 1945. On 14 July, the newspaper &#8220;C\u0113su Stars&#8221; reported: &#8220;C\u0113sis bricks have always been considered the best in our republic. Raw material such as C\u0113sis clay is rarely to be found anywhere else.   <\/p>\n<p>The C\u0113sis brickworks became particularly famous for its production of special bricks for the restoration of the Moscow Kremlin tower and wall, which began in 1948. 183 000 \u201cbricks of the highest quality\u201d were sent to Moscow. In the same year, the Cesis Building Materials Plant (CBR) was founded on the basis of the brickworks, lime kilns and dolomite quarries of Cesis and the surrounding area.<br \/>\nOn 1 February 1968, the Cesis Building Materials Plant (CBR) with the Cesis brickworks, the Cesis (Laucini) limeworks and the T\u016bja workshop was transferred to the Lode Drainage Pipeworks (LDCR). The clay reserves in the M\u016brlejas deposit began to run out and 1970 was probably the last year of operation of the C\u0113sis brickworks under the LDCR.       <\/p>\n<p>Today, the chimney, the workshop building and the ruins of the semicircular Hoffmann kiln are testimony to the once-famous brick factory. The site is now privately owned. Interestingly, a brick found here, in a structure unrelated to the kiln, bears an inscription from before it was fired: \u201c\u041f\u0440\u0438\u0432\u0435\u0442 \u0438\u0437 \u0426\u0435\u0441\u0438\u0441\u0430\u201d (Greetings from Cesis).  <\/p>\n<p class=\"whitespace-pre-wrap break-words\"><span style=\"color: #1b1919; font-size: 24px;\">Known buildings using bricks from the Cesis brickworks<\/span><\/p>\n<ul>\n<li>Riga Powder Tower (Military Museum) &#8211; 1938-1939<\/li>\n<li>Moscow Kremlin &#8211; 1948-1949<\/li>\n<li>Building in Cesis, Valmieras Street 17 &#8211; 1950<\/li>\n<li>Building in Cesis, 15 Valmieras Street &#8211; 1951<\/li>\n<li>St. Peter&#8217;s Church in Riga (for restoration) &#8211; 1956-1957<\/li>\n<li>Cesis Castle Ruins &#8211; 1956-1957<\/li>\n<li>Building in Liepa, former Dukuli half-manor &#8211; 1960<\/li>\n<li>Apartment house in Sigulda, at the intersection of \u0160veices and Lakst\u012bgalas streets &#8211; 1960<\/li>\n<li>Farm building in Cesis opposite the current \u201cGlobus\u201d &#8211; 1961<\/li>\n<li>Plavinas HPP &#8211; around 1961<\/li>\n<li>Salaspils nuclear reactor &#8211; around 1961<\/li>\n<li>Valmiera glass fibre factory &#8211; around 1961<\/li>\n<li>DCR bullets &#8211; circa 1961<\/li>\n<li>The former pig barn of the collective farm named after Eduards Veidenbaums in Liepa \u201cUpma\u013ci\u201d &#8211; 1962<\/li>\n<li>Railway workers&#8217; house near Cesis market &#8211; 1963<\/li>\n<li>Building in Limba\u017ei, 8 C\u0113su Street &#8211; 1963<\/li>\n<li>Building in Cesis, 41 R\u012bgas Street (for bricking up a window) &#8211; 1964<\/li>\n<li>1st workshop of the Lode factory &#8211; 1964 <\/li>\n<li>Building in Cesis, 19a Piebalgas Street &#8211; circa 1968<\/li>\n<\/ul>\n<p class=\"p1\"><em>The materials used for the description are:<br \/>\n<\/em><em>Aivars Vilnis, research paper \u201cHistorical Building Ceramics of Latvia\u201d<br \/>\nLatvian National Digital Library Letonica project<a href=\"https:\/\/zudusilatvija.lv\/\">\u201cLatvia Lost\u201d<\/a>.<br \/>\n<\/em><\/p>\n\t\t<\/div>\n\t\t[\/vc_column][vc_column width=&#8221;5\/12&#8243;]\t\t<div class=\"wd-osm-map-container wd-map-container wd-rs-6817938bf2fca \">\n\t\t\t<div id=\"wd-rs-6817938bf2fca\" class=\"wd-osm-map-wrapper wd-map-wrapper\" data-settings=\"{&quot;zoom&quot;:&quot;17&quot;,&quot;iconUrl&quot;:&quot;https:\\\/\\\/cesustasti.lv\\\/wp-content\\\/themes\\\/woodmart\\\/images\\\/icons\\\/marker-icon.png&quot;,&quot;scrollWheelZoom&quot;:&quot;yes&quot;,&quot;zoomControl&quot;:&quot;yes&quot;,&quot;dragging&quot;:&quot;yes&quot;,&quot;geoapify_tile&quot;:&quot;osm-carto&quot;,&quot;markers&quot;:[{&quot;marker&quot;:{&quot;marker_title&quot;:&quot;C\\u0113su b\\u016bvmateri\\u0101lu r\\u016bpn\\u012bca&quot;,&quot;marker_coords&quot;:&quot;57.308240, 25.225433&quot;,&quot;marker_behavior&quot;:&quot;popup&quot;,&quot;show_button&quot;:&quot;no&quot;,&quot;button_url_target&quot;:&quot;_blank&quot;,&quot;image_size&quot;:[],&quot;image&quot;:&quot;&quot;},&quot;lat&quot;:&quot;57.308240&quot;,&quot;lng&quot;:&quot; 25.225433&quot;}],&quot;center&quot;:&quot;57.30824,25.225433&quot;,&quot;init_type&quot;:&quot;page_load&quot;,&quot;init_offset&quot;:&quot;100&quot;}\"><\/div>\n\n\t\t\t\n\t\t\t\n\t\t\t\t\t<\/div>\n\t\t[\/vc_column][\/vc_row]<\/p>\n<\/div>","protected":false},"excerpt":{"rendered":"<p>Bricks from the C\u0113sis M\u016brlejas factory were used in the construction of the Riga War Museum (Pulvertornis), which confirms their high quality and national recognition.<\/p>\n<p>The zenith of the fame of C\u0113sis bricks was in 1948, when 183 000 \u201cbricks of the highest quality\u201d were sent to the Kremlin in Moscow for restoration, even winning the recognition that \u201cC\u0113sis bricks are the best bricks in the Soviet Union\u201d.<\/p>\n<p>In 1957 the Latvian emigrant newspaper \u201cLatvija\u201d in the Federal Republic of Germany wrote that C\u0113sis bricks were also used for the restoration of historical sites such as the Riga Peter&#8217;s Church and the C\u0113sis Castle ruins.<\/p>\n<h3><strong>Facts<\/strong><\/h3>\n<ul>\n<li>1884: The brick kiln of K\u0101rlis Andris (Andris&#8217;s son) Ansilnieks in Cesis is mentioned in the list of industrial enterprises of the Vidzeme Governorate.  <\/li>\n<li>1930: Anton Stirns&#8217; brickyard with M\u016brlejas houses in Gaujmala is sold in \u016atrupe. It was bought for LVL 17602 by Alida M\u0101rti\u0146a m. Alilida M\u0101rti\u0146\u0161, Alilida Ulpe.  <\/li>\n<li>1933: A. Ulpe, the owner of the M\u016brleju kiln, is registered as insolvent with the Cesis City Council.<\/li>\n<li>1937: On 21 January, the state-owned company \u201c\u0136ie\u0123e\u013cnieks\u201d is founded for the production of bricks and drain pipes.  <\/li>\n<li>1938: on 28 April, the \u201cM\u016brlejas brickworks\u201d is officially renamed the \u201cC\u0113sis brickworks\u201d.<\/li>\n<li>1938: modern, electricity-powered machines are installed in the Cesis brickyard, a new kiln and drying sheds are built.<\/li>\n<li>1938: the C\u0113sis M\u016brlejas factory begins to produce \u201cbeech bricks\u201d with seven air ducts.<\/li>\n<li>1938: bricks for the Powder Tower in Riga are produced in C\u0113sis M\u016brlej.<\/li>\n<li>1940: on 19 September the Soviet authorities nationalise all brick factories in Latvia, the Cesis brick factory is incorporated into the Brick Industry Trust.<\/li>\n<li>1945: the Cesis Brick Factory on Cep\u013ca Street near the Gauja River reopens in the first half of the year.<\/li>\n<li>1948: The Cesis Building Materials Plant in Gaujmala starts producing special bricks for the restoration of the Moscow Kremlin Tower and Wall.<\/li>\n<li>1948: The Cesis Building Materials Factory (CBR) is founded on the basis of the brickworks, lime kilns and dolomite quarries of Cesis and its immediate surroundings.<\/li>\n<li>1956: the newspaper \u201cC\u0113su Stars\u201d says that the C\u0113sis Building Materials Plant is one of the best of its kind in the republic.<\/li>\n<li>1958: CBR starts year-round production, until then brick production was only seasonal.<\/li>\n<li>1961: bricks produced at the C\u0113sis Building Materials Plant are sent to P\u013cavi\u0146as HPP, Salaspils Nuclear Reactor, Valmiera Glass Fibre Plant, and also to Lode DCR for construction.<\/li>\n<li>1968: on 1 February, the Cesis Building Materials Plant (CBR) with the Cesis brickworks, the Cesis (Laucini) limeworks and the T\u016bjas workshop is transferred to the LDCR.<\/li>\n<li>1970: could be the last year of operation of the former C\u0113sis brickworks, which was part of the LDCR, as the M\u016brlejas deposit ran out of clay.<\/li>\n<\/ul>\n","protected":false},"featured_media":1650,"template":"","meta":[],"product_brand":[],"product_cat":[204,244],"product_tag":[322,323,321],"class_list":{"0":"post-1995","1":"product","2":"type-product","3":"status-publish","4":"has-post-thumbnail","6":"product_cat-cesis-house","7":"product_cat-productions","8":"product_tag-baking","9":"product_tag-bricks","10":"product_tag-production-site","12":"first","13":"instock","14":"shipping-taxable","15":"product-type-simple"},"jetpack_sharing_enabled":true,"_links":{"self":[{"href":"https:\/\/cesustasti.lv\/en\/wp-json\/wp\/v2\/product\/1995","targetHints":{"allow":["GET"]}}],"collection":[{"href":"https:\/\/cesustasti.lv\/en\/wp-json\/wp\/v2\/product"}],"about":[{"href":"https:\/\/cesustasti.lv\/en\/wp-json\/wp\/v2\/types\/product"}],"wp:featuredmedia":[{"embeddable":true,"href":"https:\/\/cesustasti.lv\/en\/wp-json\/wp\/v2\/media\/1650"}],"wp:attachment":[{"href":"https:\/\/cesustasti.lv\/en\/wp-json\/wp\/v2\/media?parent=1995"}],"wp:term":[{"taxonomy":"product_brand","embeddable":true,"href":"https:\/\/cesustasti.lv\/en\/wp-json\/wp\/v2\/product_brand?post=1995"},{"taxonomy":"product_cat","embeddable":true,"href":"https:\/\/cesustasti.lv\/en\/wp-json\/wp\/v2\/product_cat?post=1995"},{"taxonomy":"product_tag","embeddable":true,"href":"https:\/\/cesustasti.lv\/en\/wp-json\/wp\/v2\/product_tag?post=1995"}],"curies":[{"name":"wp","href":"https:\/\/api.w.org\/{rel}","templated":true}]}}