{"id":1994,"date":"2025-05-04T18:31:31","date_gmt":"2025-05-04T18:31:31","guid":{"rendered":"https:\/\/cesustasti.lv\/visi-stasti\/hoppes-skyscraper\/"},"modified":"2025-07-07T19:56:43","modified_gmt":"2025-07-07T19:56:43","slug":"hoppes-skyscraper","status":"publish","type":"product","link":"https:\/\/cesustasti.lv\/en\/visi-stasti\/hoppes-skyscraper\/","title":{"rendered":"Hoppes skyscraper"},"content":{"rendered":"<div class=\"wpb-content-wrapper\"><p>[vc_row][vc_column][vc_btn title=&#8221;Listen to the story!&#8221; color=&#8221;orange&#8221; align=&#8221;left&#8221; i_icon_fontawesome=&#8221;fa fa-solid fa-headphones-simple&#8221; css=&#8221;&#8221; add_icon=&#8221;true&#8221; link=&#8221;url:https%3A%2F%2Fcesustasti.lv%2Fwp-content%2Fuploads%2F2025%2F05%2FHoppes-debesskrapis.mp3|&#8221;][\/vc_column][\/vc_row][vc_row][vc_column width=&#8221;7\/12&#8243;]\t\t<div id=\"wd-6819f90f26ad9\" class=\"wd-text-block wd-wpb reset-last-child wd-rs-6819f90f26ad9 text-left \">\n\t\t\t<p>The story of this building dates back to the second half of the 18th century, when Johann Adam Dralle, a carpenter and master hatter, bought a plot of land in 1775 and built a wooden dwelling house there. In the following years, the property changed hands several times: first it was bought by the master cabinetmaker Wilhelm Zimmerdahl, then by the master butcher Johann Zacharias Junker, and later by the baker Karl Gottfried Zacharias Junker and his wife Gottlieb Louise Junker.   <\/p>\n<p>The property went through various vicissitudes &#8211; it came into the hands of the miller Hristof Zilbert, Count Emanuel Sievers and the widow of the tinsmith, Julia Vogel. 1898. In 1899, by merging two plots of land, they were purchased from Count Sievers by the small townsman of Cesis, Ivan Hoppe, who built this majestic three-storey building the very next year &#8211; 1899. C\u0113sis residents nicknamed it the \u201cHoppe skyscraper\u201d &#8211; one of the tallest buildings in the city at the time.  <\/p>\n<p>Although the construction of the house cost a considerable amount of money, only 11 years later Hoppe was forced to sell the property to the C\u0113sis Mutual Credit Society because of debts. Ironically, he did not receive a single penny for his house, as all 40 000 roubles were used to cover his debts. <\/p>\n<p>The third floor of the building has always been particularly important in the cultural history of Cesis. 1901. In 1908, the photographer Ludvig Borewitz (1875-1913) set up his photographic studio here, with an entrance from Bazn\u012bcas Street, and worked there until 1908. The glass-walled photographic salon was located in the L. Skolas Street. In his advertisements, Borevics gave a romantic address &#8211; \u201cLudw. Borewitz at St. John&#8217;s Church\u201d, accompanied by an elegant French sign &#8211; vis-\u00e0-vis (opposite) the church.   <\/p>\n<p>After Borevics moved to his own house at 36 R\u012bgas iela, the photographer Gotl\u012bbs Mat\u012bss (1878-1944), who had previously worked for three years in the studio of the photographer K. Andersons (5a L. Kal\u0113ja iela), started working in the studio in 1912. Mat\u012bss was a creative advertiser, inviting people to decorate their homes not with \u201cinsignificant market pictures\u201d but with \u201cprecious mementos\u201d &#8211; family photographs. During the Great Depression, Mat\u012bss adapted to the circumstances by reducing the prices of photographs for schoolchildren and soldiers by 10%, as well as offering more cheaper photo enlargements.<br \/>\nIn the early 1930s, the C\u0113sis Mutual Credit Society was facing insolvency, and in 1935 the house was taken over by the JSC \u201cLatvijas Kred\u012btbanka\u201d, which in 1938 sold it to married couple P\u0113teris and Elza Bergis for 55 000 lats. P\u0113teris Bergs opened a large shop in his house, offering colonial items, crockery, photography, bicycles and sporting goods to the people of C\u0113sis.       <\/p>\n<p>Unfortunately, the occupation of Latvia in 1940 brought tragic changes &#8211; the Berg family property was nationalised, and they were arrested and deported on 14 June 1941. P\u0113teris Bergs died in prison on 21 July 1941, and Elza &#8211; in 1947 in exile in Krasnoyarsk region.       <\/p>\n<p>A tragic fate also befell the photographer Gotl\u012bbs Mat\u012bss, who was in the glass salon of his photographic studio on 14 September 1944 when debris from an aerial bomb dropped by a Soviet aircraft broke through the roof of the church and, presumably, shattered the glass wall of the studio, severely injuring the photographer. Mat\u012bss died the same day in a hospital in C\u0113sis.   <\/p>\n<p>During the Soviet era, the ground floor of the building was occupied for a long time by the Utilities Trust, and later by the Women&#8217;s and Men&#8217;s Hairdressing Salon of the Household Services Combine. The premises were preserved from the late 1920s, when hairdresser Eduards Zvirbulis, who had also learned his skills in Germany, worked here.  <\/p>\n<p>Today, the iron pillars that were once used to stand on and clean the large glass windows of the photo salon can still be seen embedded in the wall of the building. These details are silent witnesses to history and, for those who know how to observe, narrators of the daily life of the photographic masters who once worked here. <\/p>\n<p class=\"p1\"><em>The materials used for the description are:<br \/>\n<\/em><em>Dace Cepur\u012bte, Mg. hist., <a href=\"https:\/\/www.cesis.lv\/lv\/novads\/cesu-novads\/cesnieks-un-vina-nams\/\">Research \u201cC\u0113snieks un jeho nams<\/a>\u201d<br \/>\nCollections of C\u0113sis Castle Museum<br \/>\nLatvian National Digital Library Letonica project<a href=\"https:\/\/zudusilatvija.lv\/\">\u201cZudus\u012b Latvija<\/a>\u201d.<br \/>\n<\/em><\/p>\n\t\t<\/div>\n\t\t[\/vc_column][vc_column width=&#8221;5\/12&#8243;]\t\t<div class=\"wd-osm-map-container wd-map-container wd-rs-6817b6ea64b5d \">\n\t\t\t<div id=\"wd-rs-6817b6ea64b5d\" class=\"wd-osm-map-wrapper wd-map-wrapper\" data-settings=\"{&quot;zoom&quot;:&quot;17&quot;,&quot;iconUrl&quot;:&quot;https:\\\/\\\/cesustasti.lv\\\/wp-content\\\/themes\\\/woodmart\\\/images\\\/icons\\\/marker-icon.png&quot;,&quot;scrollWheelZoom&quot;:&quot;yes&quot;,&quot;zoomControl&quot;:&quot;yes&quot;,&quot;dragging&quot;:&quot;yes&quot;,&quot;geoapify_tile&quot;:&quot;osm-carto&quot;,&quot;markers&quot;:[{&quot;marker&quot;:{&quot;marker_title&quot;:&quot;Hopes debesskr\\u0101pis&quot;,&quot;marker_coords&quot;:&quot;57.311897, 25.272205&quot;,&quot;marker_behavior&quot;:&quot;popup&quot;,&quot;show_button&quot;:&quot;no&quot;,&quot;button_url_target&quot;:&quot;_blank&quot;,&quot;image_size&quot;:[],&quot;image&quot;:&quot;&quot;},&quot;lat&quot;:&quot;57.311897&quot;,&quot;lng&quot;:&quot; 25.272205&quot;}],&quot;center&quot;:&quot;57.311897,25.272205&quot;,&quot;init_type&quot;:&quot;page_load&quot;,&quot;init_offset&quot;:&quot;100&quot;}\"><\/div>\n\n\t\t\t\n\t\t\t\n\t\t\t\t\t<\/div>\n\t\t[\/vc_column][\/vc_row]<\/p>\n<\/div>","protected":false},"excerpt":{"rendered":"<p>The photographer Gottlieb Matisse, who worked in the house, was a creative advertiser and in 1913 promised the people of Cesis that the best way to decorate their rooms was not with &#8220;insignificant market pictures&#8221; but with photographs of their relatives, which were &#8220;the dearest memento of parents and parents&#8217; parents&#8221;. His photo salon was a real technological marvel with glass walls, but unfortunately it was cold in winter, which, as Matiss&#8217;s son Vilums wrote, &#8220;is very off-putting to the public&#8221;. <\/p>\n<p>In 1934, hairdresser Eduards Zvirbulis, whose hairdressing salon was located on the ground floor of the building, introduced a sensational novelty &#8211; eyelash extensions, a revolutionary beauty service that delighted fashion followers.<\/p>\n<h3><strong>Facts<\/strong><\/h3>\n<ul>\n<li class=\"\" whitespace-normal=\"\">1775: Johann Adam Dral buys a plot of land and builds a wooden dwelling house.<\/li>\n<li class=\"\" whitespace-normal=\"\">1810: The property is purchased by Vilhelms Cimmerdahl, a master cabinetmaker.<\/li>\n<li class=\"\" whitespace-normal=\"\">1821: The property is bought by master butcher Johann Zacharias Juncker.<\/li>\n<li class=\"\" whitespace-normal=\"\">1850: Karl Gottfried Zacharias Juncker, a baker, acquires half of the property.<\/li>\n<li class=\"\" whitespace-normal=\"\">1861: Mrs. Gottlieb Louise Junker, a baker, acquires a share in the property.<\/li>\n<li class=\"\" whitespace-normal=\"\">1872: The miller Christoph Zilbert acquires the property.<\/li>\n<li class=\"\" whitespace-normal=\"\">1889: Count Emanuel Sievers acquires a share in the property.<\/li>\n<li class=\"\" whitespace-normal=\"\">1891: Count E. Sievers also buys the neighbouring property<\/li>\n<li class=\"\" whitespace-normal=\"\">1898: The two estates are merged and Count E. Sievers sells them to Ivan Hoppe, a petty citizen of Cesis.<\/li>\n<li class=\"\" whitespace-normal=\"\">1899: Ivan Hoppe builds a three-storey building called the Hopes skyscraper.<\/li>\n<li class=\"\" whitespace-normal=\"\">1901: Ludwig Borewitz sets up a glass-walled photographic studio on the third floor and works there until 1908.<\/li>\n<li class=\"\" whitespace-normal=\"\">1910: Hoppe sells the house to the C\u0113sis Mutual Credit Society because of debts.<\/li>\n<li class=\"\" whitespace-normal=\"\">1912: photographer Gottlieb Mathijs starts working in the house.<\/li>\n<li class=\"\" whitespace-normal=\"\">1927 Eduards Zvirbulis opens a hairdressing salon on the ground floor.<\/li>\n<li class=\"\" whitespace-normal=\"\">1935: The house is taken over by the JSC \u201cLatvijas Kred\u012btbanka\u201d.<\/li>\n<li class=\"\" whitespace-normal=\"\">1938: The house is bought by the couple P\u0113teris and Elza Bergi, who open a shop selling colonial goods, crockery, photographs, bicycles and sporting goods on the ground floor.<\/li>\n<li class=\"\" whitespace-normal=\"\">1940: after the occupation of Latvia, Berg&#8217;s shop and property are nationalised.<\/li>\n<li class=\"\" whitespace-normal=\"\">1941: P\u0113teris and Elza Bergs are arrested and deported; P\u0113teris Bergs dies in prison on 21 July of the same year.<\/li>\n<li class=\"\" whitespace-normal=\"\">1943: The property rights of the absentee Bergs are restored during the German occupation.<\/li>\n<li class=\"\" whitespace-normal=\"\">1944: on 14 September, photographer Gotl\u012bbs Mat\u012bss is wounded by air bomb debris and dies the same day in a hospital in C\u0113sis.<\/li>\n<li class=\"\" whitespace-normal=\"\">1945-1990: During the Soviet period, a hairdresser&#8217;s shop was located on the ground floor.<\/li>\n<\/ul>\n","protected":false},"featured_media":1653,"template":"","meta":[],"product_brand":[],"product_cat":[204,206,221],"product_tag":[319,330,317],"class_list":{"0":"post-1994","1":"product","2":"type-product","3":"status-publish","4":"has-post-thumbnail","6":"product_cat-cesis-house","7":"product_cat-residential-buildings","8":"product_cat-shops","9":"product_tag-hairdresser","10":"product_tag-photo","11":"product_tag-shop","13":"first","14":"instock","15":"shipping-taxable","16":"product-type-simple"},"jetpack_sharing_enabled":true,"_links":{"self":[{"href":"https:\/\/cesustasti.lv\/en\/wp-json\/wp\/v2\/product\/1994","targetHints":{"allow":["GET"]}}],"collection":[{"href":"https:\/\/cesustasti.lv\/en\/wp-json\/wp\/v2\/product"}],"about":[{"href":"https:\/\/cesustasti.lv\/en\/wp-json\/wp\/v2\/types\/product"}],"wp:featuredmedia":[{"embeddable":true,"href":"https:\/\/cesustasti.lv\/en\/wp-json\/wp\/v2\/media\/1653"}],"wp:attachment":[{"href":"https:\/\/cesustasti.lv\/en\/wp-json\/wp\/v2\/media?parent=1994"}],"wp:term":[{"taxonomy":"product_brand","embeddable":true,"href":"https:\/\/cesustasti.lv\/en\/wp-json\/wp\/v2\/product_brand?post=1994"},{"taxonomy":"product_cat","embeddable":true,"href":"https:\/\/cesustasti.lv\/en\/wp-json\/wp\/v2\/product_cat?post=1994"},{"taxonomy":"product_tag","embeddable":true,"href":"https:\/\/cesustasti.lv\/en\/wp-json\/wp\/v2\/product_tag?post=1994"}],"curies":[{"name":"wp","href":"https:\/\/api.w.org\/{rel}","templated":true}]}}