{"id":1992,"date":"2025-05-04T16:24:14","date_gmt":"2025-05-04T16:24:14","guid":{"rendered":"https:\/\/cesustasti.lv\/visi-stasti\/cesis-berzaine-kiln\/"},"modified":"2025-07-06T08:39:49","modified_gmt":"2025-07-06T08:39:49","slug":"cesis-berzaine-kiln","status":"publish","type":"product","link":"https:\/\/cesustasti.lv\/en\/visi-stasti\/cesis-berzaine-kiln\/","title":{"rendered":"C\u0113sis B\u0113rzaine kiln"},"content":{"rendered":"<div class=\"wpb-content-wrapper\"><p>[vc_row][vc_column][vc_btn title=&#8221;Listen to the story!&#8221; color=&#8221;orange&#8221; align=&#8221;left&#8221; i_icon_fontawesome=&#8221;fa fa-solid fa-headphones-simple&#8221; css=&#8221;&#8221; add_icon=&#8221;true&#8221; link=&#8221;url:https%3A%2F%2Fcesustasti.lv%2Fwp-content%2Fuploads%2F2025%2F05%2FCesu-Berzaines-ceplis-audio.mp3|&#8221;][\/vc_column][\/vc_row][vc_row][vc_column width=&#8221;7\/12&#8243;]\t\t<div id=\"wd-6819d7c14a1a9\" class=\"wd-text-block wd-wpb reset-last-child wd-rs-6819d7c14a1a9 text-left \">\n\t\t\t<p>An important brick factory once operated in C\u0113sis B\u0113rzaine, founded in 1907 by the enterprising Janis, son of Peter, Egl\u012btis (1874-1922), who probably became the founder of the clay industry and trade in the C\u0113sis area. The company, which later became known as \u201cPaula Egl\u012btis Brick Industry\u201d, became one of the most important building materials production facilities in the whole territory of Latvia and the only technically modernised brick factory in the Cesis region.  <\/p>\n<p>Although the 1936 edition of Illustrated Techniques states that the company was founded in 1907, its activities were interrupted during the First World War. However, as early as 1915 it is recorded that the kiln was active, as evidenced by a picture taken by a photographer at the headquarters of the Russian XII Army, showing both the kiln itself and the owners&#8217; house, Birztalas. This photo was taken at the time when the 12th Army was taking positions to defend Riga and Daugavpils during the German Courland Offensive in August 1915, and the army headquarters was located in the former Birzaine Gymnasium building near C\u0113sis.       <\/p>\n<p>After the death of the founder J\u0101nis Egl\u012btis in 1922, his son Pauls Egl\u012btis (1907-1944) took over the management of the company, who not only continued his father&#8217;s work, but also became the owner of the Lejassili mill in Len\u010di parish and a trustee of the C\u0113sis Crafts Society in Len\u010di parish. In the 1930s, the company flourished and was considerably expanded and modernised, producing not only bricks but also drainage pipes.  <\/p>\n<p>The Eglitis family business has been widely recognised for the quality of its products. 1935. In the year 2005, the Latvian Farmer&#8217;s Calendar mentions that Pauls Egl\u012btis is one of the manufacturers who produce clay pipes for the Ministry of Agriculture. In 1936, bricks produced by Pauls Egl\u012btis were used in the restoration of St Peter&#8217;s Church in Riga and the renovation of the Riga Stock Exchange Committee Commercial School (today&#8217;s Academy of Arts), which testifies to the high quality and national importance of the company&#8217;s products.  <\/p>\n<p>The newspaper C\u0113su V\u0113stis in 1938 reports that prisoners from C\u0113sis Prison also worked in the kiln. In addition, along with the development of production, the factory grounds were also landscaped &#8211; a beautiful flower garden was created, tended by Paula Eglitis&#8217; spouse, as well as a large fish pond, where the waters of the Gluda River were collected by means of a specially built dam and sluice. It was a successful example of combining industry with aesthetics.   <\/p>\n<p>During the Second World War, the fate of the brick kiln changed with the political changes. 1941. After nationalisation by the Soviets in 1929 and later during the German occupation, the company was incorporated into various administrative bodies, losing its independence. The Brick Industry Trust was incorporated into the Department of Industry of the Latvian self-government, but in 1942 the brickworks came under direct German administration. During the war, on 29 June 1941, the St Peter&#8217;s Church in Riga, which had been restored with bricks from the Egl\u012btis kiln, was burnt down during a German attack.     <\/p>\n<p>After the Second World War, the B\u0113rzaine brickworks was not reopened. Today, nothing of the once bustling enterprise remains &#8211; in 2017, the ravine where the kiln was located no longer showed any evidence of its existence. However, the legacy of the Eglitis family lives on in many historic buildings, while the industrial family itself is buried in the nearby Berzaine Cemetery.   <\/p>\n<h2>Known buildings using bricks from the Cesis brickworks<\/h2>\n<ul>\n<li>St. Peter&#8217;s Church in Riga (for restoration) &#8211; 1936<\/li>\n<li>Art Academy of Latvia building (for restoration) &#8211; 1936<\/li>\n<\/ul>\n<p>&nbsp;<\/p>\n<p class=\"p1\"><em>The materials used for the description are:<br \/>\n<\/em><em>Aivars Vilnis, research \u201cHistorical Building Ceramics of Latvia\u201d<br \/>\nLatvian National Digital Library Letonica project<a href=\"https:\/\/zudusilatvija.lv\/\">\u201cLatvia Lost\u201d<\/a>.<br \/>\n<\/em><\/p>\n\t\t<\/div>\n\t\t[\/vc_column][vc_column width=&#8221;5\/12&#8243;]\t\t<div class=\"wd-osm-map-container wd-map-container wd-rs-6817993fe4edd \">\n\t\t\t<div id=\"wd-rs-6817993fe4edd\" class=\"wd-osm-map-wrapper wd-map-wrapper\" data-settings=\"{&quot;zoom&quot;:&quot;17&quot;,&quot;iconUrl&quot;:&quot;https:\\\/\\\/cesustasti.lv\\\/wp-content\\\/themes\\\/woodmart\\\/images\\\/icons\\\/marker-icon.png&quot;,&quot;scrollWheelZoom&quot;:&quot;yes&quot;,&quot;zoomControl&quot;:&quot;yes&quot;,&quot;dragging&quot;:&quot;yes&quot;,&quot;geoapify_tile&quot;:&quot;osm-carto&quot;,&quot;markers&quot;:[{&quot;marker&quot;:{&quot;marker_title&quot;:&quot;C\\u0113su B\\u0113rzaines ceplis&quot;,&quot;marker_coords&quot;:&quot;57.312412, 25.252255&quot;,&quot;marker_behavior&quot;:&quot;popup&quot;,&quot;show_button&quot;:&quot;no&quot;,&quot;button_url_target&quot;:&quot;_blank&quot;,&quot;image_size&quot;:[],&quot;image&quot;:&quot;&quot;},&quot;lat&quot;:&quot;57.312412&quot;,&quot;lng&quot;:&quot; 25.252255&quot;}],&quot;center&quot;:&quot;57.312412,25.252255&quot;,&quot;init_type&quot;:&quot;page_load&quot;,&quot;init_offset&quot;:&quot;100&quot;}\"><\/div>\n\n\t\t\t\n\t\t\t\n\t\t\t\t\t<\/div>\n\t\t[\/vc_column][\/vc_row]<\/p>\n<\/div>","protected":false},"excerpt":{"rendered":"<p>The Paula Eglitis Brick and Drain Pipe Kiln employed prisoners from Cesis Prison.<\/p>\n<p>The quality of the baking clay was such that samples were even sent to Poland and Sweden, where they were recognised as suitable for the production of high-quality clinker plates &#8211; a product that was not yet produced in Latvia until 1936 and was imported from abroad.<\/p>\n<p>Bricks produced by the Pauls Eglitis Drain Pipe and Brick Factory were used for the restoration of Riga Peter&#8217;s Church and the Riga Stock Exchange Committee Commercial School (now the Art Academy) in 1936.<\/p>\n<h3><strong>Facts<\/strong><\/h3>\n<ul>\n<li>1907 J\u0101nis Egl\u012btis establishes the brick industry in C\u0113sis B\u0113rzaine<\/li>\n<li>1922: J\u0101nis Egl\u012btis, founder of the company, dies, his son Pauls takes over the management<\/li>\n<li>1935: Pauls Egl\u012btis is listed among the manufacturers of clay pipes commissioned by the Ministry of Agriculture<\/li>\n<li>1936: bricks for the restoration of Riga Peter&#8217;s Church and the Riga Stock Exchange Committee Commercial School are supplied by Pauls Eglitis Brick Industry<\/li>\n<li>1938: the kiln is considerably enlarged and modernised<\/li>\n<li>1941: after nationalisation by the Soviet authorities and German occupation, the kiln became \u201cspoils of war\u201d and was incorporated into the Industrial Department of the Latvian self-government<\/li>\n<li>1942: the brickyards are taken over by the \u201cZiegelindustrie in Generalbezirk Letland\u201d under direct German administration<\/li>\n<li>1944: Pauls Egl\u012btis dies<\/li>\n<li>1945: after the Second World War the brick kiln in B\u0113rzaine is not reopened<\/li>\n<\/ul>\n","protected":false},"featured_media":1642,"template":"","meta":[],"product_brand":[],"product_cat":[204,244],"product_tag":[322,324,323,321],"class_list":{"0":"post-1992","1":"product","2":"type-product","3":"status-publish","4":"has-post-thumbnail","6":"product_cat-cesis-house","7":"product_cat-productions","8":"product_tag-baking","9":"product_tag-berzaine-en","10":"product_tag-bricks","11":"product_tag-production-site","13":"first","14":"instock","15":"shipping-taxable","16":"product-type-simple"},"jetpack_sharing_enabled":true,"_links":{"self":[{"href":"https:\/\/cesustasti.lv\/en\/wp-json\/wp\/v2\/product\/1992","targetHints":{"allow":["GET"]}}],"collection":[{"href":"https:\/\/cesustasti.lv\/en\/wp-json\/wp\/v2\/product"}],"about":[{"href":"https:\/\/cesustasti.lv\/en\/wp-json\/wp\/v2\/types\/product"}],"wp:featuredmedia":[{"embeddable":true,"href":"https:\/\/cesustasti.lv\/en\/wp-json\/wp\/v2\/media\/1642"}],"wp:attachment":[{"href":"https:\/\/cesustasti.lv\/en\/wp-json\/wp\/v2\/media?parent=1992"}],"wp:term":[{"taxonomy":"product_brand","embeddable":true,"href":"https:\/\/cesustasti.lv\/en\/wp-json\/wp\/v2\/product_brand?post=1992"},{"taxonomy":"product_cat","embeddable":true,"href":"https:\/\/cesustasti.lv\/en\/wp-json\/wp\/v2\/product_cat?post=1992"},{"taxonomy":"product_tag","embeddable":true,"href":"https:\/\/cesustasti.lv\/en\/wp-json\/wp\/v2\/product_tag?post=1992"}],"curies":[{"name":"wp","href":"https:\/\/api.w.org\/{rel}","templated":true}]}}