{"id":1989,"date":"2025-04-21T18:35:27","date_gmt":"2025-04-21T18:35:27","guid":{"rendered":"https:\/\/cesustasti.lv\/visi-stasti\/vinterkalns-manor\/"},"modified":"2025-07-06T08:03:00","modified_gmt":"2025-07-06T08:03:00","slug":"vinterkalns-manor","status":"publish","type":"product","link":"https:\/\/cesustasti.lv\/en\/visi-stasti\/vinterkalns-manor\/","title":{"rendered":"Vinterkalns Manor"},"content":{"rendered":"<div class=\"wpb-content-wrapper\"><p>[vc_row][vc_column][vc_btn title=&#8221;Listen to the story!&#8221; color=&#8221;orange&#8221; align=&#8221;left&#8221; i_icon_fontawesome=&#8221;fa fa-solid fa-headphones-simple&#8221; css=&#8221;&#8221; add_icon=&#8221;true&#8221; link=&#8221;url:https%3A%2F%2Fcesustasti.lv%2Fwp-content%2Fuploads%2F2025%2F05%2FVINTERKALNA-MUIZINA.mp3|&#8221;][\/vc_column][\/vc_row][vc_row][vc_column width=&#8221;7\/12&#8243;]\t\t<div id=\"wd-6807cba4908a0\" class=\"wd-text-block wd-wpb reset-last-child wd-rs-6807cba4908a0 text-left \">\n\t\t\t<p>C\u0113sis, where Zieme\u013cu Street now stretches, was once home to Vinterkalns or Vinters Manor, an ancient estate with a colourful history. Since the middle of the 18th century, the manor belonged to the patrimonial district of C\u0113sis, the Rucka Manor, in whose vastness this property was like a smaller but significant jewel.  <\/p>\n<p>The name of the manor is most probably related to the Winters family, which occupied a prominent place in the history of Cesis. They were not just citizens, but town administrators and men of influence.  1651. In 1714, Johann Friedrich Winters served as a town councillor, and later, until his death in 1727, as the burgomaster of Cesis.   1730. In 1860 Bernhard Winters took over the baton and became the Town Lord of Cesis. Whether these gentlemen were actually relatives or simply members of an ancient family, historical sources are silent. <\/p>\n<p>According to historical documents, on 2 April 1768 the manor became the property of Major Martin Reinhold von Palmstrouch after a treaty with Karl Benjamin von Hinkeldey. The manor&#8217;s territory was considerable &#8211; it owned 11.5 barrels of land on the Gauja Road alone. Interestingly, in 1771 Winterm\u00fc\u017eina was already rented out to one Peter Vogt, which testifies to the active circulation of property at that time.<br \/>\nIn the late 19th and early 20th centuries the manor territory was truly impressive &#8211; it covered the land between today&#8217;s Upe\u0146u, Ave\u0146u, Zeme\u0146u and P\u0113teris streets, with another branch between C\u012brul\u012b\u0161u, P\u0113teris and Avotu streets. The central part of the manor was located at the beginning of today&#8217;s Zieme\u013cu Street, where the old walls of the outbuildings still stand as witnesses of history.       <\/p>\n<p>After the Agrarian Reform of 1920, the manor land was subdivided into smaller plots, and a road was extended through the main building area to form the present-day Zieme\u013cu Street. Today, the main manor house has become private property, but its historical significance lives on in the toponymy of the district &#8211; both Vinteral and Vintergrav derive their names from the manor house.  <\/p>\n<p>The materials used for the description are from:<br \/>\nIlma Z\u0101l\u012bte, Mg. hist., and the C\u0113sis Rotary Club&#8217;s project \u201cAround C\u0113sis Manor\u201d,<br \/>\nC\u0113sis Castle Museum and C\u0113sis Central Library collections.<\/p>\n\t\t<\/div>\n\t\t[\/vc_column][vc_column width=&#8221;5\/12&#8243;]\t\t<div class=\"wd-osm-map-container wd-map-container wd-rs-68069323c4e42 \">\n\t\t\t<div id=\"wd-rs-68069323c4e42\" class=\"wd-osm-map-wrapper wd-map-wrapper\" data-settings=\"{&quot;zoom&quot;:&quot;17&quot;,&quot;iconUrl&quot;:&quot;https:\\\/\\\/cesustasti.lv\\\/wp-content\\\/themes\\\/woodmart\\\/images\\\/icons\\\/marker-icon.png&quot;,&quot;scrollWheelZoom&quot;:&quot;yes&quot;,&quot;zoomControl&quot;:&quot;yes&quot;,&quot;dragging&quot;:&quot;yes&quot;,&quot;geoapify_tile&quot;:&quot;osm-carto&quot;,&quot;markers&quot;:[{&quot;marker&quot;:{&quot;marker_title&quot;:&quot;Vinterkalna mui\\u017e\\u012b\\u0146a&quot;,&quot;marker_coords&quot;:&quot;57.308069, 25.254747&quot;,&quot;marker_behavior&quot;:&quot;popup&quot;,&quot;show_button&quot;:&quot;no&quot;,&quot;button_url_target&quot;:&quot;_blank&quot;,&quot;image_size&quot;:[],&quot;image&quot;:&quot;&quot;},&quot;lat&quot;:&quot;57.308069&quot;,&quot;lng&quot;:&quot; 25.254747&quot;}],&quot;center&quot;:&quot;57.308069,25.254747&quot;,&quot;init_type&quot;:&quot;page_load&quot;,&quot;init_offset&quot;:&quot;100&quot;}\"><\/div>\n\n\t\t\t\n\t\t\t\n\t\t\t\t\t<\/div>\n\t\t[\/vc_column][\/vc_row]<\/p>\n<\/div>","protected":false},"excerpt":{"rendered":"<p>1913. On 10 March 2007 \u201cLatvie\u0161u Aviz\u0117s\u201d published the news that P\u0113teris Aide was allowed to establish a fruit water and lemonade production facility in Vinteri mazmu\u017ei near C\u0113sis &#8211; it was one of the first of its kind in the area. <\/p>\n<p>The most accurate information about the appearance and layout of the Winters manor is provided by the detailed land plan with buildings drawn up in 1901 by F. M\u00fcller, the land surveyor of the Vidzeme nobility. <\/p>\n<h3><strong>Facts<\/strong><\/h3>\n<ul>\n<li>1651: Georg Winter acts as burgomaster of Cesis.<\/li>\n<li>1714: Johann Friedrich Winter becomes a councillor of the town hall.<\/li>\n<li>1725: Johann Friedrich Winters serves as burgomaster of Cesis.<\/li>\n<li>1727: Johann Friedrich Winter dies.<\/li>\n<li>1730: Bernhard Winter becomes the town lord of Cesis.<\/li>\n<li>1768: On 2 April, Major Martin Reinhold von Palmstrauch acquires the Winters Manor by contract. <\/li>\n<li>1771: Vintermui\u017eina is rented to Peter Vogt.<\/li>\n<li>1901: F. M\u00fcller, the land surveyor of the Vidzeme nobility, draws up a detailed map of the lands of Vintermui\u017eina.<\/li>\n<li>1913: On March 10, the \u201cLatvian Newspapers\u201d published a news about the permission of P\u0113teris Aides to establish a fruit water and lemonade factory in Vinteri mazmu\u017ei\u0146a. <\/li>\n<li>1920: After the agrarian reform, the manor land is divided and North Street is created through the main buildings of the manor.<\/li>\n<li>Nowadays, the manor house is a residential building.<\/li>\n<\/ul>\n","protected":false},"featured_media":1588,"template":"","meta":[],"product_brand":[],"product_cat":[204,312],"product_tag":[243,313],"class_list":{"0":"post-1989","1":"product","2":"type-product","3":"status-publish","4":"has-post-thumbnail","6":"product_cat-cesis-house","7":"product_cat-manor","8":"product_tag-manor","9":"product_tag-school","11":"first","12":"instock","13":"shipping-taxable","14":"product-type-simple"},"jetpack_sharing_enabled":true,"_links":{"self":[{"href":"https:\/\/cesustasti.lv\/en\/wp-json\/wp\/v2\/product\/1989","targetHints":{"allow":["GET"]}}],"collection":[{"href":"https:\/\/cesustasti.lv\/en\/wp-json\/wp\/v2\/product"}],"about":[{"href":"https:\/\/cesustasti.lv\/en\/wp-json\/wp\/v2\/types\/product"}],"wp:featuredmedia":[{"embeddable":true,"href":"https:\/\/cesustasti.lv\/en\/wp-json\/wp\/v2\/media\/1588"}],"wp:attachment":[{"href":"https:\/\/cesustasti.lv\/en\/wp-json\/wp\/v2\/media?parent=1989"}],"wp:term":[{"taxonomy":"product_brand","embeddable":true,"href":"https:\/\/cesustasti.lv\/en\/wp-json\/wp\/v2\/product_brand?post=1989"},{"taxonomy":"product_cat","embeddable":true,"href":"https:\/\/cesustasti.lv\/en\/wp-json\/wp\/v2\/product_cat?post=1989"},{"taxonomy":"product_tag","embeddable":true,"href":"https:\/\/cesustasti.lv\/en\/wp-json\/wp\/v2\/product_tag?post=1989"}],"curies":[{"name":"wp","href":"https:\/\/api.w.org\/{rel}","templated":true}]}}