{"id":1969,"date":"2025-07-05T16:51:04","date_gmt":"2025-07-05T16:51:04","guid":{"rendered":"https:\/\/cesustasti.lv\/?post_type=product&#038;p=1969"},"modified":"2025-07-09T19:16:45","modified_gmt":"2025-07-09T19:16:45","slug":"house-of-the-vanadzinis-copy-copy-copy-copy-copy-3","status":"publish","type":"product","link":"https:\/\/cesustasti.lv\/en\/visi-stasti\/house-of-the-vanadzinis-copy-copy-copy-copy-copy-3\/","title":{"rendered":"one nine four one path"},"content":{"rendered":"<div class=\"wpb-content-wrapper\"><p>[vc_row][vc_column][\/vc_column][\/vc_row][vc_row][vc_column width=&#8221;7\/12&#8243;]\t\t<div id=\"wd-68695bea66871\" class=\"wd-text-block wd-wpb reset-last-child wd-rs-68695bea66871 text-left \">\n\t\t\t<p>Until 1941, C\u0113sis was home to a solid Jewish community made up of approximately 200 residents of the town and surrounding parishes. The first Jews started to live in C\u0113sis in 1868.gads, when they were given permission to build a permanent life in the Vidzeme province of the Russian Empire. Over the next decades, the town&#8217;s first Jewish community took shape, and, by the late 19th century, it was 368-strong. After the First World War, the number of Jews in C\u0113sis had fallen considerably, however, stabilised after the founding of an independent Latvia, and continued to grow gradually until 1941.        1935. In the 1935.gads national census, which was the final one before the occupation and Second World War, 145 residents of C\u0113sis identified themselves as Jewish, among them 71 males and 74 females. At the time, they formed a youthful, lively and hard-working community with 58 children and teenagers under the age of 18 and only six retirees. <\/p>\n<p>Most of the C\u0113sis Jews were merchants and artisans, and some worked in healthcare. Only a small number were property owners, and others lived in rental apartments in the town centre. At the time, one could not imagine getting by without good language skills. Although they spoke Yiddish at home, most had learned Latvian, over half spoke German and less than half knew Russian.<br \/>As the community was small, there was no Jewish school in C\u0113sis. The Jewish children attended local schools together with the Latvians. During Latvia&#8217;s first period of independence, branches of several local Jewish associations operated in C\u0113sis, strengthening the community&#8217;s knowledge of Jewish literature, culture and Zionism, as well as the sense of belonging to the community. The synagogue was the community&#8217;s spiritual and cultural centre and was the gathering point of the C\u0113sis Jewish parish since 1920.gads In a parish report from 1939.gads, the rabbi has noted that the parish counted 192 souls.          <\/p>\n<p class=\"whitespace-normal break-words\">1941. 1941.gads brought destruction to the C\u0113sis Jewish community. The first group of C\u0113sis Jews were forced to leave their homes during the Soviet occupation when, on 14 June 1941, they were falsely accused of treason and deported to Siberia along with other townsmen.    1941. In the middle of summer 1941 the Nazi occupying forces took over from the Soviets in Latvia.<br \/>The Holocaust began. In late June, several of the C\u0113sis Jewish families fled to the Soviet Union in hope of survival but most stayed at their homes. In early August, the Jews living in C\u0113sis and surroundings were arrested and, on 10 August, they were murdered in the forest beside lake Nieris and buried right there in a pit. Almost the entire C\u0113sis Jewish community perished in the Holocaust. The few that survived did not return to C\u0113sis. The names of the victims were never identified in Soviet years. As time went by and generations passed, the people of C\u0113sis gradually lost their memories of the Jewish community. With the creation of the Burning Conscience \u2013 an exhibition devoted to the legacy of occupying and authoritarian regimes \u2013 in C\u0113sis in 2018.gads, preserving the memory of the &#8220;forgotten&#8221; victims of totalitarianism \u2013 the Jews of C\u0113sis \u2013 regained significance.          <\/p>\n<p>&nbsp;<\/p>\n<p><em>Words by: Krista &amp; Reinis Dzudzilo, El\u012bna Kalni\u0146a<\/em><br \/>\n<em>Authors of urban artwork Krista &amp; Reinis Dzudzilo<\/em><\/p>\n<p class=\"p1\"><em>The materials used for the description are:<br \/>\n<\/em><em>1935. Data from the 1935.population census<br \/>\nDatabase of the Centre for Judical Studies at the University of Latvia \u201eJews in Latvia 1941-1945. Names and fates&#8221; <\/em><\/p>\n\t\t<\/div>\n\t\t[\/vc_column][vc_column width=&#8221;5\/12&#8243;]\t\t<div class=\"wd-osm-map-container wd-map-container wd-rs-68696e1ee29a3 \">\n\t\t\t<div id=\"wd-rs-68696e1ee29a3\" class=\"wd-osm-map-wrapper wd-map-wrapper\" data-settings=\"{&quot;zoom&quot;:&quot;17&quot;,&quot;iconUrl&quot;:&quot;https:\\\/\\\/cesustasti.lv\\\/wp-content\\\/themes\\\/woodmart\\\/images\\\/icons\\\/marker-icon.png&quot;,&quot;scrollWheelZoom&quot;:&quot;yes&quot;,&quot;zoomControl&quot;:&quot;yes&quot;,&quot;dragging&quot;:&quot;yes&quot;,&quot;geoapify_tile&quot;:&quot;osm-carto&quot;,&quot;markers&quot;:[{&quot;marker&quot;:{&quot;marker_title&quot;:&quot;L. Katr\\u012bnas iela 2&quot;,&quot;marker_coords&quot;:&quot;57.311865, 25.270558&quot;,&quot;marker_description&quot;:&quot;Hakelis Albers un vi\\u0146a sieva Matie Albera Zob\\u0101rsti Jakobs Neimarks un vi\\u0146a sieva Jeta Neimarks (dz. \\u0160ameskina) Vecmate Rahele Veinranka&quot;,&quot;marker_behavior&quot;:&quot;popup&quot;,&quot;show_button&quot;:&quot;no&quot;,&quot;button_url_target&quot;:&quot;_blank&quot;,&quot;image_size&quot;:[],&quot;image&quot;:&quot;&quot;},&quot;lat&quot;:&quot;57.311865&quot;,&quot;lng&quot;:&quot; 25.270558&quot;},{&quot;marker&quot;:{&quot;marker_title&quot;:&quot;L. Katr\\u012bnas iela 8\\\/10&quot;,&quot;marker_coords&quot;:&quot;57.311859, 25.269512&quot;,&quot;marker_description&quot;:&quot;M\\u0101jas \\u012bpa\\u0161niece Frume Volfovi\\u010da&quot;,&quot;marker_behavior&quot;:&quot;popup&quot;,&quot;show_button&quot;:&quot;no&quot;,&quot;button_url_target&quot;:&quot;_blank&quot;,&quot;image_size&quot;:[],&quot;image&quot;:&quot;&quot;},&quot;lat&quot;:&quot;57.311859&quot;,&quot;lng&quot;:&quot; 25.269512&quot;},{&quot;marker&quot;:{&quot;marker_title&quot;:&quot;L. Katr\\u012bnas iela 6&quot;,&quot;marker_coords&quot;:&quot;57.311865, 25.269877&quot;,&quot;marker_description&quot;:&quot;Apavu darbn\\u012bcas \\u012bpa\\u0161nieks, kurpnieks B\\u0113rs \\u0160pics, vi\\u0146a sieva Malke (dz. Lip\\u0161ica), d\\u0113li Judels un Perecs&quot;,&quot;marker_behavior&quot;:&quot;popup&quot;,&quot;show_button&quot;:&quot;no&quot;,&quot;button_url_target&quot;:&quot;_blank&quot;,&quot;image_size&quot;:[],&quot;image&quot;:&quot;&quot;},&quot;lat&quot;:&quot;57.311865&quot;,&quot;lng&quot;:&quot; 25.269877&quot;},{&quot;marker&quot;:{&quot;marker_title&quot;:&quot;L. Katr\\u012bnas iela 12&quot;,&quot;marker_coords&quot;:&quot;57.311885, 25.269217&quot;,&quot;marker_description&quot;:&quot;Sk\\u0101rdnieks Zamuels Levijs, vi\\u0146a sieva Hinda Levija (dz. Gorka), d\\u0113ls Makss, Zamuela m\\u0101te Frume, m\\u0101sa \\u0160eja, br\\u0101lis Izaks un vi\\u0146a sieva Gerta Levija (dz. Barna)&quot;,&quot;marker_behavior&quot;:&quot;popup&quot;,&quot;show_button&quot;:&quot;no&quot;,&quot;button_url_target&quot;:&quot;_blank&quot;,&quot;image_size&quot;:[],&quot;image&quot;:&quot;&quot;},&quot;lat&quot;:&quot;57.311885&quot;,&quot;lng&quot;:&quot; 25.269217&quot;},{&quot;marker&quot;:{&quot;marker_title&quot;:&quot;L. Katr\\u012bnas iela 16&quot;,&quot;marker_coords&quot;:&quot;57.312160, 25.268311&quot;,&quot;marker_description&quot;:&quot;Krasot\\u0101js Hlaume Feigels un vi\\u0146a m\\u0101te Riva Feigele Velas \\u0161uv\\u0113js Faone Kusmane un vi\\u0146as divi b\\u0113rni v\\u0101rdi nav zin\\u0101mi)&quot;,&quot;marker_behavior&quot;:&quot;popup&quot;,&quot;show_button&quot;:&quot;no&quot;,&quot;button_url_target&quot;:&quot;_blank&quot;,&quot;image_size&quot;:[],&quot;image&quot;:&quot;&quot;},&quot;lat&quot;:&quot;57.312160&quot;,&quot;lng&quot;:&quot; 25.268311&quot;},{&quot;marker&quot;:{&quot;marker_title&quot;:&quot;L.Katr\\u012bnas iela 19&quot;,&quot;marker_coords&quot;:&quot;57.312053, 25.268284&quot;,&quot;marker_description&quot;:&quot;Sk\\u0101rdnieks Arons Notkins, vi\\u0146a sieva Hesja\\\/Gesia Notkina (dz. U\\u013cmane), d\\u0113li Iiziks\\\/Itschoks un Motels&quot;,&quot;marker_behavior&quot;:&quot;popup&quot;,&quot;show_button&quot;:&quot;no&quot;,&quot;button_url_target&quot;:&quot;_blank&quot;,&quot;image_size&quot;:[],&quot;image&quot;:&quot;&quot;},&quot;lat&quot;:&quot;57.312053&quot;,&quot;lng&quot;:&quot; 25.268284&quot;},{&quot;marker&quot;:{&quot;marker_title&quot;:&quot;M. Katr\\u012bnas iela 8&quot;,&quot;marker_coords&quot;:&quot;57.311578, 25.268144&quot;,&quot;marker_description&quot;:&quot;Sk\\u0101rdnieku darbn\\u012bcas \\u012bpa\\u0161nieks Jankels \\u0160indelmans, vi\\u0146a sieva Berta \\u0160indelmane, meita Ro\\u017ee un d\\u0113ls \\u0160muels&quot;,&quot;marker_behavior&quot;:&quot;popup&quot;,&quot;show_button&quot;:&quot;no&quot;,&quot;button_url_target&quot;:&quot;_blank&quot;,&quot;image_size&quot;:[],&quot;image&quot;:&quot;&quot;},&quot;lat&quot;:&quot;57.311578&quot;,&quot;lng&quot;:&quot; 25.268144&quot;},{&quot;marker&quot;:{&quot;marker_title&quot;:&quot;L. L\\u012bvu iela 7&quot;,&quot;marker_coords&quot;:&quot;57.311476, 25.267946&quot;,&quot;marker_description&quot;:&quot;Tirgot\\u0101js D\\u0101vids \\u0160aik\\u0131nds, vi\\u0146a sieva S\\u0101ra \\u0160aik\\u0131nda (dz. Tankele), d\\u0113li Hir\\u0161s un Mo\\u0161e, meita Ida&quot;,&quot;marker_behavior&quot;:&quot;popup&quot;,&quot;show_button&quot;:&quot;no&quot;,&quot;button_url_target&quot;:&quot;_blank&quot;,&quot;image_size&quot;:[],&quot;image&quot;:&quot;&quot;},&quot;lat&quot;:&quot;57.311476&quot;,&quot;lng&quot;:&quot; 25.267946&quot;},{&quot;marker&quot;:{&quot;marker_title&quot;:&quot;L.L\\u012bvu iela 5&quot;,&quot;marker_coords&quot;:&quot;57.311256, 25.268096&quot;,&quot;marker_description&quot;:&quot;M\\u0101jas \\u012bpa\\u0161niece Marija \\u0160neidermane (dz. Gr\\u012bnfelde) Imieks, gadjumu darbu str\\u0101dnieks Motels Bekels, vi\\u0146a sieva Rahele\\\/Raele Bekele (dz. Veinranka), meitas Helena, Dora, Sisilija un d\\u0113li Sa\\u0161a\\\/Saje Mozus, \\u0160aloms Leiba\\\/Leons&quot;,&quot;marker_behavior&quot;:&quot;popup&quot;,&quot;show_button&quot;:&quot;no&quot;,&quot;button_url_target&quot;:&quot;_blank&quot;,&quot;image_size&quot;:[],&quot;image&quot;:&quot;&quot;},&quot;lat&quot;:&quot;57.311256&quot;,&quot;lng&quot;:&quot; 25.268096&quot;},{&quot;marker&quot;:{&quot;marker_title&quot;:&quot;R\\u012bgas iela 24&quot;,&quot;marker_coords&quot;:&quot;57.311587, 25.271449&quot;,&quot;marker_description&quot;:&quot;Cepuru veikala \\u012bpa\\u0161nieks, tirgot\\u0101js Ehils Dons Kusmans, vi\\u0146a sieva p\\u0101rdlv\\u0113ja Ma\\u0161a Kusmane, meitas Ida, D\\u017eenija un Gita&quot;,&quot;marker_behavior&quot;:&quot;popup&quot;,&quot;show_button&quot;:&quot;no&quot;,&quot;button_url_target&quot;:&quot;_blank&quot;,&quot;image_size&quot;:[],&quot;image&quot;:&quot;&quot;},&quot;lat&quot;:&quot;57.311587&quot;,&quot;lng&quot;:&quot; 25.271449&quot;},{&quot;marker&quot;:{&quot;marker_title&quot;:&quot;R\\u012bgas iela 38&quot;,&quot;marker_coords&quot;:&quot;57.310914, 25.268793&quot;,&quot;marker_description&quot;:&quot;D\\u0101rze\\u0146u audz\\u0113t\\u0101js un p\\u0101rtikas pre\\u010du veikala \\u012bpa\\u0161nieks Mov\\u0161a\\\/Moisejs D\\u012bners, sieva Haja D\\u012bnere (dz. Gurevica), meitas Rebeka Lutere (dz. D\\u012bnere) un \\u0160eina, d\\u0113li Gilels un Abo&quot;,&quot;marker_behavior&quot;:&quot;popup&quot;,&quot;show_button&quot;:&quot;no&quot;,&quot;button_url_target&quot;:&quot;_blank&quot;,&quot;image_size&quot;:[],&quot;image&quot;:&quot;&quot;},&quot;lat&quot;:&quot;57.310914&quot;,&quot;lng&quot;:&quot; 25.268793&quot;},{&quot;marker&quot;:{&quot;marker_title&quot;:&quot;R\\u012bgas iela 42&quot;,&quot;marker_coords&quot;:&quot;57.309295, 25.267495&quot;,&quot;marker_description&quot;:&quot;Cepuru darbn\\u012bcas \\u012bpa\\u0161nieks, \\u0161uv\\u0113js He\\u012bmans Balkins, vi\\u0146a sieva Genreise Balkina, d\\u0113li Jankels\\\/Jakobs, Arons, Makss, Jozefs un meitas Jete, Dora un Hanke\\\/Anna&quot;,&quot;marker_behavior&quot;:&quot;popup&quot;,&quot;show_button&quot;:&quot;no&quot;,&quot;button_url_target&quot;:&quot;_blank&quot;,&quot;image_size&quot;:[],&quot;image&quot;:&quot;&quot;},&quot;lat&quot;:&quot;57.309295&quot;,&quot;lng&quot;:&quot; 25.267495&quot;},{&quot;marker&quot;:{&quot;marker_title&quot;:&quot;R\\u012bgas iela 46&quot;,&quot;marker_coords&quot;:&quot;57.308533, 25.266041&quot;,&quot;marker_description&quot;:&quot;Pulkste\\u0146meistars Mendels Kreicbergs, vi\\u0146a sieva Feiga Kreicberga (dz. Kagane), d\\u0113li Mihels, Asriels un meitas \\u0160aja, Musja&quot;,&quot;marker_behavior&quot;:&quot;popup&quot;,&quot;show_button&quot;:&quot;no&quot;,&quot;button_url_target&quot;:&quot;_blank&quot;,&quot;image_size&quot;:[],&quot;image&quot;:&quot;&quot;},&quot;lat&quot;:&quot;57.308533&quot;,&quot;lng&quot;:&quot; 25.266041&quot;},{&quot;marker&quot;:{&quot;marker_title&quot;:&quot;R\\u012bgas iela 49&quot;,&quot;marker_coords&quot;:&quot;57.310231, 25.267967&quot;,&quot;marker_description&quot;:&quot;Tirgot\\u0101js Stroels Struls, vi\\u0146a meitas Jevas un sk\\u0101rdnieka Abrama Kolodickij \\u0123imene ar meitu Zillu Gitu&quot;,&quot;marker_behavior&quot;:&quot;popup&quot;,&quot;show_button&quot;:&quot;no&quot;,&quot;button_url_target&quot;:&quot;_blank&quot;,&quot;image_size&quot;:[],&quot;image&quot;:&quot;&quot;},&quot;lat&quot;:&quot;57.310231&quot;,&quot;lng&quot;:&quot; 25.267967&quot;},{&quot;marker&quot;:{&quot;marker_title&quot;:&quot;R\\u012bgas iela 57&quot;,&quot;marker_coords&quot;:&quot;57.308145, 25.267114&quot;,&quot;marker_description&quot;:&quot;Tirgot\\u0101js Mozus \\u0160varcs, sieva Jeta\\\/Jen\\u012bka \\u0160varca, d\\u0113li Izroels, Jankels Hona, Filipa un meitas Gita, S\\u0101ra, Paul\\u012bna, Sa\\u0161a&quot;,&quot;marker_behavior&quot;:&quot;popup&quot;,&quot;show_button&quot;:&quot;no&quot;,&quot;button_url_target&quot;:&quot;_blank&quot;,&quot;image_size&quot;:[],&quot;image&quot;:&quot;&quot;},&quot;lat&quot;:&quot;57.308145&quot;,&quot;lng&quot;:&quot; 25.267114&quot;},{&quot;marker&quot;:{&quot;marker_title&quot;:&quot;Va\\u013c\\u0146u iela 35&quot;,&quot;marker_coords&quot;:&quot;57.310147, 25.269389&quot;,&quot;marker_description&quot;:&quot;Sk\\u0101rdnieks Eliass Kolodickis, sieva Estere Kolodicka, meitas Debora un \\u0160eina \\u0160oltera Motela\\\/Motes Berelsona str\\u0101tne Gitale Berelsone (dz. Stola), d\\u0113li D\\u0101vids, Haime\\\/Efraims un meita Minna&quot;,&quot;marker_behavior&quot;:&quot;popup&quot;,&quot;show_button&quot;:&quot;no&quot;,&quot;button_url_target&quot;:&quot;_blank&quot;,&quot;image_size&quot;:[],&quot;image&quot;:&quot;&quot;},&quot;lat&quot;:&quot;57.310147&quot;,&quot;lng&quot;:&quot; 25.269389&quot;},{&quot;marker&quot;:{&quot;marker_title&quot;:&quot;Va\\u013c\\u0146u iela 14&quot;,&quot;marker_coords&quot;:&quot;57.311224, 25.272425&quot;,&quot;marker_description&quot;:&quot;P\\u0101rdev\\u0113ja Marija\\\/Mirjama Tankele (dz. Segala), vi\\u0146as meitas Ella un Fanija\\\/Feiga, d\\u0113ls p\\u0101rdev\\u0113js Mozus Tankelis un vi\\u0146a sieva S\\u0101ra Tankele (dz. Rozenkevica),vi\\u0146u d\\u0113ls Itziks un meita \\u0160eina Eliass \\u0160evcs, vi\\u0146a sieva p\\u0101rdev\\u0113ja Hanna\\\/Anna Lena \\u0160evca (dz. Tankele), vi\\u0146u meitas Ida un Jud\\u012bte&quot;,&quot;marker_behavior&quot;:&quot;popup&quot;,&quot;show_button&quot;:&quot;no&quot;,&quot;button_url_target&quot;:&quot;_blank&quot;,&quot;image_size&quot;:[],&quot;image&quot;:&quot;&quot;},&quot;lat&quot;:&quot;57.311224&quot;,&quot;lng&quot;:&quot; 25.272425&quot;},{&quot;marker&quot;:{&quot;marker_title&quot;:&quot;Va\\u013c\\u0146u iela 7&quot;,&quot;marker_coords&quot;:&quot;57.311957, 25.274485&quot;,&quot;marker_description&quot;:&quot;M\\u0101jas \\u012bpa\\u0161nieks Jankels \\u0160muljans, vi\\u0146a d\\u0113ls Vilis \\u0160muljans M\\u0101jsaimnieca S\\u0101ra Zeligsone (dz. Glika) Str\\u0101dnieks Mov\\u0161a Bekels, vi\\u0146a t\\u0113vs Itziks Bekels, Mov\\u0161as sieva Belle Ginde Bekele un vi\\u0146u meita Sore Sk\\u0101rdnieks Mozus Helmans, vi\\u0146a sieva S\\u0101ra Helmane (dz. Kitaja), meita Ita un d\\u0113ls Meiers&quot;,&quot;marker_behavior&quot;:&quot;popup&quot;,&quot;show_button&quot;:&quot;no&quot;,&quot;button_url_target&quot;:&quot;_blank&quot;,&quot;image_size&quot;:[],&quot;image&quot;:&quot;&quot;},&quot;lat&quot;:&quot;57.311957&quot;,&quot;lng&quot;:&quot; 25.274485&quot;},{&quot;marker&quot;:{&quot;marker_title&quot;:&quot;Va\\u013c\\u0146u iela 2&quot;,&quot;marker_coords&quot;:&quot;57.312435, 25.274565&quot;,&quot;marker_description&quot;:&quot;Gatav\\u0101 ap\\u0123\\u0113rbu tirgot\\u0101js Josels Rak\\u0161teins un vi\\u0146a sieva Heina Rak\\u0161teina&quot;,&quot;marker_behavior&quot;:&quot;popup&quot;,&quot;show_button&quot;:&quot;no&quot;,&quot;button_url_target&quot;:&quot;_blank&quot;,&quot;image_size&quot;:[],&quot;image&quot;:&quot;&quot;},&quot;lat&quot;:&quot;57.312435&quot;,&quot;lng&quot;:&quot; 25.274565&quot;},{&quot;marker&quot;:{&quot;marker_title&quot;:&quot;Gaujas iela 13&quot;,&quot;marker_coords&quot;:&quot;57.309080, 25.263896&quot;,&quot;marker_description&quot;:&quot;Tirgot\\u0101js Izraels Cervonogurs, vi\\u0146a sieva Haja Cervonogura (dz. Bloka), meitas S\\u0101ra Hena, Vi\\u010dna, Heina un Ida Lea Flatova (dz. Cervonogura) un vi\\u0146as v\\u012brs C\\u0113zars\\\/Pauls Flatovs&quot;,&quot;marker_behavior&quot;:&quot;popup&quot;,&quot;show_button&quot;:&quot;no&quot;,&quot;button_url_target&quot;:&quot;_blank&quot;,&quot;image_size&quot;:[],&quot;image&quot;:&quot;&quot;},&quot;lat&quot;:&quot;57.309080&quot;,&quot;lng&quot;:&quot; 25.263896&quot;},{&quot;marker&quot;:{&quot;marker_title&quot;:&quot;Gaujas iela 32&quot;,&quot;marker_coords&quot;:&quot;57.309054, 25.259915&quot;,&quot;marker_description&quot;:&quot;Tirgot\\u0101js Mozus Rozentals Tirgot\\u0101js atraitnis Stols\\\/Sruls\\\/Israels Klopmans, vi\\u0146a meitas Rozalija un S\\u0101ra Minna Izaks Milmanis, vi\\u0146a sieva Lina Milmane (dz. \\u0160varca), meitas Paul\\u012bna un Male, d\\u0113li \\u0160leims un Joentils&quot;,&quot;marker_behavior&quot;:&quot;popup&quot;,&quot;show_button&quot;:&quot;no&quot;,&quot;button_url_target&quot;:&quot;_blank&quot;,&quot;image_size&quot;:[],&quot;image&quot;:&quot;&quot;},&quot;lat&quot;:&quot;57.309054&quot;,&quot;lng&quot;:&quot; 25.259915&quot;},{&quot;marker&quot;:{&quot;marker_title&quot;:&quot;Za\\u0137u iela 1 &quot;,&quot;marker_coords&quot;:&quot;57.308988, 25.258129&quot;,&quot;marker_description&quot;:&quot;M\\u0101jas \\u012bpa\\u0161niece Haja Presa, vi\\u0146as m\\u0101sa Dora Presa Imieks Lacars Abramsons, vi\\u0146a sieva Base Abramsone, d\\u0113li Sore un Izaks&quot;,&quot;marker_behavior&quot;:&quot;popup&quot;,&quot;show_button&quot;:&quot;no&quot;,&quot;button_url_target&quot;:&quot;_blank&quot;,&quot;image_size&quot;:[],&quot;image&quot;:&quot;&quot;},&quot;lat&quot;:&quot;57.308988&quot;,&quot;lng&quot;:&quot; 25.258129&quot;},{&quot;marker&quot;:{&quot;marker_title&quot;:&quot;Za\\u0137u iela 4 &quot;,&quot;marker_coords&quot;:&quot;57.308901, 25.258038&quot;,&quot;marker_description&quot;:&quot;Faive Press, vi\\u0146a sieva Betija\\\/Berta Presa (dz. Kropmane), vi\\u0146u d\\u0113ls Jo\\u0161a&quot;,&quot;marker_behavior&quot;:&quot;popup&quot;,&quot;show_button&quot;:&quot;no&quot;,&quot;button_url_target&quot;:&quot;_blank&quot;,&quot;image_size&quot;:[],&quot;image&quot;:&quot;&quot;},&quot;lat&quot;:&quot;57.308901&quot;,&quot;lng&quot;:&quot; 25.258038&quot;},{&quot;marker&quot;:{&quot;marker_title&quot;:&quot;Za\\u0137u iela 10 &quot;,&quot;marker_coords&quot;:&quot;57.309529, 25.256681&quot;,&quot;marker_description&quot;:&quot;M\\u0101jas \\u012bpa\\u0161nieks Mendels Hir\\u0161baums&quot;,&quot;marker_behavior&quot;:&quot;popup&quot;,&quot;show_button&quot;:&quot;no&quot;,&quot;button_url_target&quot;:&quot;_blank&quot;,&quot;image_size&quot;:[],&quot;image&quot;:&quot;&quot;},&quot;lat&quot;:&quot;57.309529&quot;,&quot;lng&quot;:&quot; 25.256681&quot;}],&quot;center&quot;:&quot;57.310667463405,25.267346835482&quot;,&quot;init_type&quot;:&quot;page_load&quot;,&quot;init_offset&quot;:&quot;100&quot;}\"><\/div>\n\n\t\t\t\n\t\t\t\n\t\t\t\t\t<\/div>\n\t\t[\/vc_column][\/vc_row]<\/p>\n<\/div>","protected":false},"excerpt":{"rendered":"<p class=\"whitespace-normal\">In August 1941, the Jews of C\u0113sis were forced to abandon their homes and flee. Many were killed in forest near C\u0113sis but the few that remained never returned to their lives in C\u0113sis. The names of the dead and memories of them were erased.  <\/p>\n<p class=\"whitespace-normal\">The goal of this urban artwork is to restore their presence in history and today&#8217;s reality in C\u0113sis by giving space for memories of them to return to their homes. The path they trod are the same ones residents and visitors of C\u0113sis walk along today. <\/p>\n<p class=\"whitespace-normal\">one nine four one path consists of 72 concrete sculptures placed throughout the streets of C\u0113sis, on which the killed Jews once lived. The prototype of each sculpture is a pair of shoes donated by someone living in C\u0113sis today. Each donation is an act of solidarity.  <\/p>\n<p class=\"whitespace-normal\">Not only do the shoes represent absence since they are empty, but also invite thinking about presence as we remove our shoes when we come home. The shoes emerging from the pavement become almost familiar-like, poetic stone sculptures or miniature monuments. <\/p>\n<h3><strong>Facts<\/strong><\/h3>\n<ul>\n<li class=\"whitespace-normal break-words\">1868: The first Jewish people started living in C\u0113sis and the surrounding area<\/li>\n<li class=\"whitespace-normal break-words\">Late 1800s: The Jewish community in C\u0113sis had grown to 368 people <\/li>\n<li class=\"whitespace-normal break-words\">1920: The C\u0113sis synagogue opened on Va\u013c\u0146u Street 35 and began operating<\/li>\n<li class=\"whitespace-normal break-words\">1935: When the national census was taken, 145 residents of C\u0113sis identified themselves as Jewish<\/li>\n<li class=\"whitespace-normal break-words\">1939: According to the rabbi&#8217;s report, there were 192 people in the C\u0113sis Jewish congregation<\/li>\n<li class=\"whitespace-normal break-words\">June 14, 1941: The Soviet occupation authorities deported the first Jewish people from C\u0113sis to Siberia<\/li>\n<li class=\"whitespace-normal break-words\">Night of August 10, 1941: The Nazi occupation forces murdered the Jewish people of C\u0113sis in the forest near Ninier Lake<\/li>\n<\/ul>\n","protected":false},"featured_media":1971,"template":"","meta":[],"product_brand":[],"product_cat":[204,198],"product_tag":[300,302,303,301],"class_list":{"0":"post-1969","1":"product","2":"type-product","3":"status-publish","4":"has-post-thumbnail","6":"product_cat-cesis-house","7":"product_cat-people","8":"product_tag-1941-en","9":"product_tag-deportation","10":"product_tag-holocaust","11":"product_tag-jews","13":"first","14":"instock","15":"shipping-taxable","16":"product-type-simple"},"jetpack_sharing_enabled":true,"_links":{"self":[{"href":"https:\/\/cesustasti.lv\/en\/wp-json\/wp\/v2\/product\/1969","targetHints":{"allow":["GET"]}}],"collection":[{"href":"https:\/\/cesustasti.lv\/en\/wp-json\/wp\/v2\/product"}],"about":[{"href":"https:\/\/cesustasti.lv\/en\/wp-json\/wp\/v2\/types\/product"}],"wp:featuredmedia":[{"embeddable":true,"href":"https:\/\/cesustasti.lv\/en\/wp-json\/wp\/v2\/media\/1971"}],"wp:attachment":[{"href":"https:\/\/cesustasti.lv\/en\/wp-json\/wp\/v2\/media?parent=1969"}],"wp:term":[{"taxonomy":"product_brand","embeddable":true,"href":"https:\/\/cesustasti.lv\/en\/wp-json\/wp\/v2\/product_brand?post=1969"},{"taxonomy":"product_cat","embeddable":true,"href":"https:\/\/cesustasti.lv\/en\/wp-json\/wp\/v2\/product_cat?post=1969"},{"taxonomy":"product_tag","embeddable":true,"href":"https:\/\/cesustasti.lv\/en\/wp-json\/wp\/v2\/product_tag?post=1969"}],"curies":[{"name":"wp","href":"https:\/\/api.w.org\/{rel}","templated":true}]}}