{"id":1798,"date":"2025-06-04T18:02:34","date_gmt":"2025-06-04T18:02:34","guid":{"rendered":"https:\/\/cesustasti.lv\/?post_type=product&#038;p=1798"},"modified":"2026-03-07T16:16:54","modified_gmt":"2026-03-07T16:16:54","slug":"house-of-the-vanadzinis-copy","status":"publish","type":"product","link":"https:\/\/cesustasti.lv\/en\/visi-stasti\/house-of-the-vanadzinis-copy\/","title":{"rendered":"Prayer House"},"content":{"rendered":"<div class=\"wpb-content-wrapper\"><p>[vc_row][vc_column][\/vc_column][\/vc_row][vc_row][vc_column width=&#8221;7\/12&#8243;]\t\t<div id=\"wd-684881baa9f29\" class=\"wd-text-block wd-wpb reset-last-child wd-rs-684881baa9f29 text-left \">\n\t\t\t<p>The small and cozy C\u0113sis Anna Church or Prayer House hides centuries-old history that began even before the actual building was constructed. Where this architectural element of C\u0113sis old town stands today, an empty lot stretched out in the 17th century.   1693. The 1693 city house lot registry mentions that there was a garden plot here, which the council had given to their servant, but later it belonged to someone named Visman. At the end of the 18th century, the first building appeared in this spot \u2013 in 1786, tenant and master carpenter Martin Friedrich B\u00e4rer bought a wooden residential house from inspector Johann Ulrich Lange. After B\u00e4rer&#8217;s death, the property was inherited by his foster daughter Maria Dorothea St\u00e5lberg, who married tenant and master mason Johann Daniel Noll. Since the wooden house was already in bad condition, a new brick building with a facade parallel to Liel\u0101 Kal\u0113ju Street was built in its place. Interestingly, in 1815 the property was auctioned off, and the city of C\u0113sis bought it for 537 rubles, initially planning to use it for a girls&#8217; school.     <\/p>\n<p>The building&#8217;s function changed in 1876, when construction of a new school building was started under pastor Johann von Holst&#8217;s leadership, most likely built by P\u0113teris P\u0113tersons. However, in 1877, when the pastors changed, the new clergyman Gothard Firhufe set up a German congregation prayer house or &#8220;Bethaus&#8221; in the building instead of the planned Latvian children&#8217;s school. This began the building&#8217;s religious function, which continues to this day.    <\/p>\n<p>At the end of the 19th century, when Russification policies were implemented in the Russian Empire, Anna&#8217;s school, which partially used this building&#8217;s premises, was forced to stop operating in 1897. The Prayer House became an important German congregation center, where not only church services took place, but also pastors&#8217; meetings, funeral ceremonies and other religious events. Initially it was mainly used by Baltic Germans, but in the 1930s, as the number of Baltic Germans decreased, the building was increasingly used by C\u0113sis city&#8217;s Latvian congregation.     <\/p>\n<p>1939. In 1939, after the Baltic Germans emigrated, the C\u0113sis German congregation was liquidated, and the Latvian congregation took over full use of the Prayer House. 1942. In 1942, significant renovation and repair work took place \u2013 an altar room was added to the building, ceiling vaults were created, which sculptor R\u016bdolfs \u0100bolti\u0146\u0161 decorated with stylized oak leaves and acorn ornaments. Two altar windows were made in mosaic by the Fromhold firm in Riga according to designs by C\u0113sis resident, architect K\u0101rlis Dzirka\u013cs. The renovated space could hold about 200 people.  <\/p>\n<p>Today the building belongs to the Latvian Evangelical Lutheran Church, and since 2021 it has been rented by the association &#8220;Anna&#8217;s Embassy,&#8221; whose goal is building management, renovation and organizing cultural events in this historic house. Like most old buildings, this one also faces various challenges \u2013 mainly damage caused by rot and woodworms, as well as roof problems. However, thanks to enthusiasts and local community support, the building is gradually being restored so it can serve as a cultural and arts space where theater performances and concerts take place, while preserving its historical heritage \u2013 including the organ and altar.   <\/p>\n<p class=\"p1\"><em>The materials used for the description are:<br \/>\n<\/em><em>Dace Cepur\u012bte, Mg. hist., <a href=\"https:\/\/www.cesis.lv\/lv\/novads\/cesu-novads\/cesnieks-un-vina-nams\/\">Research \u201cC\u0113snieks un jego nams<\/a>\u201d<br \/>\nCollections of the Cesis Castle Museum and the Central Library<br \/>\n<\/em><\/p>\n\t\t<\/div>\n\t\t[\/vc_column][vc_column width=&#8221;5\/12&#8243;]\t\t<div class=\"wd-osm-map-container wd-map-container wd-rs-684176d6ea455 \">\n\t\t\t<div id=\"wd-rs-684176d6ea455\" class=\"wd-osm-map-wrapper wd-map-wrapper\" data-settings=\"{&quot;zoom&quot;:&quot;17&quot;,&quot;iconUrl&quot;:&quot;https:\\\/\\\/cesustasti.lv\\\/wp-content\\\/themes\\\/woodmart\\\/images\\\/icons\\\/marker-icon.png&quot;,&quot;scrollWheelZoom&quot;:&quot;yes&quot;,&quot;zoomControl&quot;:&quot;yes&quot;,&quot;dragging&quot;:&quot;yes&quot;,&quot;geoapify_tile&quot;:&quot;osm-carto&quot;,&quot;markers&quot;:[{&quot;marker&quot;:{&quot;marker_title&quot;:&quot;L\\u016bg\\u0161anas nams&quot;,&quot;marker_coords&quot;:&quot;57.311259, 25.267236&quot;,&quot;marker_behavior&quot;:&quot;popup&quot;,&quot;show_button&quot;:&quot;no&quot;,&quot;button_url_target&quot;:&quot;_blank&quot;,&quot;image_size&quot;:[],&quot;image&quot;:&quot;&quot;},&quot;lat&quot;:&quot;57.311259&quot;,&quot;lng&quot;:&quot; 25.267236&quot;}],&quot;center&quot;:&quot;57.311259,25.267236&quot;,&quot;init_type&quot;:&quot;page_load&quot;,&quot;init_offset&quot;:&quot;100&quot;}\"><\/div>\n\n\t\t\t\n\t\t\t\n\t\t\t\t\t<\/div>\n\t\t[\/vc_column][\/vc_row]<\/p>\n<\/div>","protected":false},"excerpt":{"rendered":"<p>Originally, they planned to put a Latvian children&#8217;s school in the Prayer House, but pastor Gothard Firhufe&#8217;s decision changed the building&#8217;s fate, turning it into a German congregation&#8217;s church.<\/p>\n<p>In 1902-1903, when C\u0113sis St. John&#8217;s Church was too damp and cold, church services were temporarily moved to this Prayer House. <\/p>\n<p>Before World War II, even international peace activists performed here, for example, Jules Jezequel from France.<\/p>\n<h3><strong>Facts<\/strong><\/h3>\n<ul>\n<li class=\"whitespace-normal break-words\">1665: A garden plot was located on the land, which the city council had given to one of their servants.<\/li>\n<li class=\"whitespace-normal break-words\">1693: The garden plot belongs to someone named Visman.<\/li>\n<li class=\"whitespace-normal break-words\">1786: Tenant and master carpenter Martin Friedrich B\u00e4rer buys a wooden residential house.<\/li>\n<li class=\"whitespace-normal break-words\">1815: The city of C\u0113sis purchases the property at auction for 537 rubles with the goal of creating a girls&#8217; school.<\/li>\n<li class=\"whitespace-normal break-words\">1821: The property is registered in the land registry as C\u0113sis city property for the girls&#8217; school.<\/li>\n<li class=\"whitespace-normal break-words\">1876: Under pastor Johann von Holst&#8217;s leadership, construction begins on a new school building, built by P\u0113teris P\u0113tersons.<\/li>\n<li class=\"whitespace-normal break-words\">1877: New pastor Gothard Firhufe sets up a German congregation prayer house or &#8220;Bethaus&#8221; instead of the Latvian children&#8217;s school.<\/li>\n<li class=\"whitespace-normal break-words\">1879: An expanded pastors&#8217; conference takes place in the Prayer House with 20 participants.<\/li>\n<li class=\"whitespace-normal break-words\">1889: C\u0113sis city council transfers the property to the C\u0113sis St. John&#8217;s Evangelical Lutheran city congregation. <\/li>\n<li class=\"whitespace-normal break-words\">1897: Anna&#8217;s school, which partially used the building&#8217;s premises, ends its operations.<\/li>\n<li class=\"whitespace-normal break-words\">1902-1903: The Prayer House is used for church services due to dampness and cold in St. John&#8217;s Church. <\/li>\n<li class=\"whitespace-normal break-words\">1936: World Peace Promotion Association general secretary Jules Jezequel performs at the Prayer House.<\/li>\n<li class=\"whitespace-normal break-words\">1939: The C\u0113sis German congregation is liquidated after the Baltic Germans&#8217; emigration, and the Latvian congregation takes over full use of the Prayer House.<\/li>\n<li class=\"whitespace-normal break-words\">1942: Building renovation and repairs take place under architect Alfred Birkhahn&#8217;s direction \u2013 an altar room is added, ceiling vaults with decorative elements are created.<\/li>\n<li class=\"whitespace-normal break-words\">December 13, 1942: Consecration of the renovated Prayer House, with Archbishop Teodors Gr\u012bnbergs participating.<\/li>\n<li>1972: The C\u0113sis Baptist congregation also begins using the Prayer House.<\/li>\n<li class=\"whitespace-normal break-words\">2021: A rental agreement is signed with the Latvian Evangelical Lutheran Church, and the association &#8220;Anna&#8217;s Embassy&#8221; is created for building management and renovation for organizing cultural events.<\/li>\n<\/ul>\n","protected":false},"featured_media":1800,"template":"","meta":[],"product_brand":[],"product_cat":[204,327,326],"product_tag":[328,329,313,208],"class_list":{"0":"post-1798","1":"product","2":"type-product","3":"status-publish","4":"has-post-thumbnail","6":"product_cat-cesis-house","7":"product_cat-churches","8":"product_cat-schools","9":"product_tag-church","10":"product_tag-congregation","11":"product_tag-school","12":"product_tag-us","14":"first","15":"instock","16":"shipping-taxable","17":"product-type-simple"},"jetpack_sharing_enabled":true,"_links":{"self":[{"href":"https:\/\/cesustasti.lv\/en\/wp-json\/wp\/v2\/product\/1798","targetHints":{"allow":["GET"]}}],"collection":[{"href":"https:\/\/cesustasti.lv\/en\/wp-json\/wp\/v2\/product"}],"about":[{"href":"https:\/\/cesustasti.lv\/en\/wp-json\/wp\/v2\/types\/product"}],"wp:featuredmedia":[{"embeddable":true,"href":"https:\/\/cesustasti.lv\/en\/wp-json\/wp\/v2\/media\/1800"}],"wp:attachment":[{"href":"https:\/\/cesustasti.lv\/en\/wp-json\/wp\/v2\/media?parent=1798"}],"wp:term":[{"taxonomy":"product_brand","embeddable":true,"href":"https:\/\/cesustasti.lv\/en\/wp-json\/wp\/v2\/product_brand?post=1798"},{"taxonomy":"product_cat","embeddable":true,"href":"https:\/\/cesustasti.lv\/en\/wp-json\/wp\/v2\/product_cat?post=1798"},{"taxonomy":"product_tag","embeddable":true,"href":"https:\/\/cesustasti.lv\/en\/wp-json\/wp\/v2\/product_tag?post=1798"}],"curies":[{"name":"wp","href":"https:\/\/api.w.org\/{rel}","templated":true}]}}