{"id":1722,"date":"2025-05-19T20:26:53","date_gmt":"2025-05-19T20:26:53","guid":{"rendered":"https:\/\/cesustasti.lv\/visi-stasti\/house-of-the-vanadzinis\/"},"modified":"2025-05-30T15:06:22","modified_gmt":"2025-05-30T15:06:22","slug":"house-of-the-vanadzinis","status":"publish","type":"product","link":"https:\/\/cesustasti.lv\/en\/visi-stasti\/house-of-the-vanadzinis\/","title":{"rendered":"House of the Vanadzinis"},"content":{"rendered":"<div class=\"wpb-content-wrapper\"><p>[vc_row][vc_column][vc_btn title=&#8221;Listen to the story!&#8221; color=&#8221;orange&#8221; align=&#8221;left&#8221; i_icon_fontawesome=&#8221;fa fa-solid fa-headphones-simple&#8221; css=&#8221;&#8221; add_icon=&#8221;true&#8221; link=&#8221;url:https%3A%2F%2Fcesustasti.lv%2Fwp-content%2Fuploads%2F2025%2F05%2FVanadzina-nams.mp3|&#8221;][\/vc_column][\/vc_row][vc_row][vc_column width=&#8221;7\/12&#8243;]\t\t<div id=\"wd-6834678015876\" class=\"wd-text-block wd-wpb reset-last-child wd-rs-6834678015876 text-left \">\n\t\t\t<p>If buildings could tell their own stories, the Vanadzi\u0146a House at 15 C\u0113sis R\u012bgas iela would certainly be one of the greatest storytellers, with more than three hundred years of history.<br \/>\nThis place has always been special &#8211; from an undeveloped plot of land with well-preserved walls of an old building to a magnificent structure that has become one of C\u0113sis&#8217; architectural gems.<br \/>\nIn 1693 this plot of land belonged to Klaus Paulson, who mortgaged it to Major Lode. However, the real history of the building dates back to 1788, when the property was purchased by the Town Lord of Cesis, Johann Gottlieb Fritsch. Mr Fritsch was an ambitious thinker &#8211; in 1798 he decided to build a new house, probably demolishing the previous building. This construction process is even evidenced by a dispute recorded in the minutes of the town hall court between the master carpenter Johann Schmidt and the works manager Johann Michelson over an unpaid sum of 50 dalers &#8211; it seems that disputes over construction are as old as construction itself!      <\/p>\n<p>After Fritz&#8217;s death in 1822, the estate was inherited by his widow Margaretha Elisabeth, who sold it to Dr Georg von Meijer for 2000 silver roubles. Meijer was a remarkable personality &#8211; he founded a cold-water healing institution on the grounds of the Cesis Castle and lived an impressively long life of 90 years and 5 months, a truly rare achievement in the 19th century. Does this testify to the effectiveness of his own healing methods? Perhaps!     <\/p>\n<p>From 1880 the estate was taken over by Heinrich Meijer &#8211; Georg&#8217;s son, an educated man who held various positions in Cesis and the district. The house he owned was one of the few in C\u0113sis without debts &#8211; a careful landlord who even specified in his will that the funeral should be held \u201cwithout any fuss or pomp\u201d.<br \/>\nIn 1923, the house became the property of the doctor K\u0101rlis Vanadzi\u0146\u0161 &#8211; to whom the historical name is also due. He bought the property from the pastor Ernest Martins Brucers, who inherited it from his brother K\u0101rlis. The purchase was concluded for 250 000 Latvian roubles or 5 000 lats &#8211; a considerable sum in the economic conditions of the time. Vanadzi\u0146\u0161 was not only a doctor, but also the mayor of Cesis from 1922 to 1933 and a holder of the Order of the Three Stars.        <\/p>\n<p>In order to carry out the necessary renovations, Vanadzi\u0146\u0161 borrowed 4000 lats from the Latvian Mortgage Bank for 12 years, mortgaging his property. Interestingly, he was able to repay the loan in full by February 1930. In this house he set up his private practice, as well as the X-ray and physiotherapy offices of the town of Cesis. A few years later, he borrowed another LVL 10 000 from Eduard Karl Harald Schubert, probably to make further improvements to the building.    <\/p>\n<p>The building went through various twists and turns in its history &#8211; it was nationalised in 1940, but ownership was restored in May 1943. At the end of World War II, K\u0101rlis Vanadzi\u0146\u0161 emigrated to Sweden, but for a long time the people of C\u0113sis still called the building &#8220;Vanadzi\u0146\u0161&#8217; House&#8221;. After the war, it housed the C\u0113sis Health Department.    <\/p>\n<p>After Latvia regained its independence, the building changed hands several times and was not properly managed as a result of unsuccessful privatisation. Unfortunately, the building had to be demolished, leaving only a half-collapsed foundation and, as a symbol of its former glory, a set of steps leading down to Riga Street. <\/p>\n<p>But the story does not end with sadness &#8211; in 2016, three entrepreneurs decided to renovate the building into a restaurant and hotel. But that&#8217;s another story &#8211; the story of the rebirth of Vanadzinis House.  <\/p>\n<p class=\"p1\"><em>The materials used for the description are:<br \/>\n<\/em><em>Dace Cepur\u012bte, Mg. hist., <a href=\"https:\/\/www.cesis.lv\/lv\/novads\/cesu-novads\/cesnieks-un-vina-nams\/\">Research \u201cC\u0113snieks un jego nams<\/a>\u201d<br \/>\nCollections of the Cesis Castle Museum and the Central Library<br \/>\n<\/em><\/p>\n\t\t<\/div>\n\t\t[\/vc_column][vc_column width=&#8221;5\/12&#8243;]\t\t<div class=\"wd-osm-map-container wd-map-container wd-rs-6817b6ea64b5d \">\n\t\t\t<div id=\"wd-rs-6817b6ea64b5d\" class=\"wd-osm-map-wrapper wd-map-wrapper\" data-settings=\"{&quot;zoom&quot;:&quot;17&quot;,&quot;iconUrl&quot;:&quot;https:\\\/\\\/cesustasti.lv\\\/wp-content\\\/themes\\\/woodmart\\\/images\\\/icons\\\/marker-icon.png&quot;,&quot;scrollWheelZoom&quot;:&quot;yes&quot;,&quot;zoomControl&quot;:&quot;yes&quot;,&quot;dragging&quot;:&quot;yes&quot;,&quot;geoapify_tile&quot;:&quot;osm-carto&quot;,&quot;markers&quot;:[{&quot;marker&quot;:{&quot;marker_title&quot;:&quot;Hopes debesskr\\u0101pis&quot;,&quot;marker_coords&quot;:&quot;57.311897, 25.272205&quot;,&quot;marker_behavior&quot;:&quot;popup&quot;,&quot;show_button&quot;:&quot;no&quot;,&quot;button_url_target&quot;:&quot;_blank&quot;,&quot;image_size&quot;:[],&quot;image&quot;:&quot;&quot;},&quot;lat&quot;:&quot;57.311897&quot;,&quot;lng&quot;:&quot; 25.272205&quot;}],&quot;center&quot;:&quot;57.311897,25.272205&quot;,&quot;init_type&quot;:&quot;page_load&quot;,&quot;init_offset&quot;:&quot;100&quot;}\"><\/div>\n\n\t\t\t\n\t\t\t\n\t\t\t\t\t<\/div>\n\t\t[\/vc_column][\/vc_row]<\/p>\n<\/div>","protected":false},"excerpt":{"rendered":"<p>The facade of the house was once decorated with a row of Ionic pilasters, while the window surrounds were adorned with pilasters with canellations, making it a monument of 18th-century wooden architecture.<\/p>\n<p>In his will, Dr Georg von Meier, who lived in the house, stipulated that his funeral should be held \u201cwithout any fuss or pomp, in the morning from my house, in a plain black coffin and not earlier than 7 days after my death\u201d.<\/p>\n<p>The only encumbrance on the property for a long time was a constant payment to the Lutheran town pastor &#8211; 2 roubles and 87 kopecks.<\/p>\n<h3><strong>Facts<\/strong><\/h3>\n<ul>\n<li class=\"whitespace-normal break-words\">1693: The land is owned by Klaus Paulson, who mortgages it to Major Lode.<\/li>\n<li class=\"whitespace-normal break-words\">1788: The wooden dwelling house is legally assigned to the lord of Cesis, Johann Gottlieb Fri\u010ds.<\/li>\n<li class=\"whitespace-normal break-words\">1798: J.G. Fritsch decides to build a new building, most likely demolishing the previous one.<\/li>\n<li class=\"whitespace-normal break-words\">1822: After J.G. 1818.<\/li>\n<li class=\"whitespace-normal break-words\">1824: The house is sold to Dr Georg von Meijer for 2000 silver roubles.<\/li>\n<li class=\"whitespace-normal break-words\">1841: Dr. Meijer establishes a cold water institution in the territory of the Cesis manor.<\/li>\n<li class=\"whitespace-normal break-words\">1877: Dr. G. von Meier dies after 90 years and 5 months of life.<\/li>\n<li class=\"whitespace-normal break-words\">1880: Heinrich Georg Meijer, son of Heinrich Georg Meijer, takes over the ownership.<\/li>\n<li class=\"whitespace-normal break-words\">1919: Heinrich von Meyer dies.<\/li>\n<li class=\"whitespace-normal break-words\">1923: The property is bought by doctor K\u0101rlis Vanadzi\u0146\u0161 for 250 000 Latvian roubles or 5000 lats.<\/li>\n<li class=\"whitespace-normal break-words\">1922-1933: K. Vanadzi\u0146\u0161 acts as the head of the town of Cesis.<\/li>\n<li class=\"whitespace-normal break-words\">1930: K. Vanadzi\u0146\u0161 pays off the Latvian Mortgage Bank&#8217;s loan of 4000 lats in full.<\/li>\n<li class=\"whitespace-normal break-words\">1940: nationalisation of the house.<\/li>\n<li class=\"whitespace-normal break-words\">1943: Restoration of property rights.<\/li>\n<li class=\"whitespace-normal break-words\">1945: K. Vanadzi\u0146\u0161 emigrates to Sweden.<\/li>\n<li class=\"whitespace-normal break-words\">1945-1990: The building houses the Cesis Health Protection Department.<\/li>\n<li class=\"whitespace-normal break-words\">1990-2015: the building is not properly managed as ownership changes and is eventually demolished.<\/li>\n<li class=\"whitespace-normal break-words\">2016: restoration of the building to its historic appearance begins.<\/li>\n<li class=\"whitespace-normal break-words\">Modern day: the house has a restaurant and a hotel.<\/li>\n<\/ul>\n","protected":false},"featured_media":1680,"template":"","meta":[],"product_brand":[],"product_cat":[204,206,205],"product_tag":[207,208],"class_list":{"0":"post-1722","1":"product","2":"type-product","3":"status-publish","4":"has-post-thumbnail","6":"product_cat-cesis-house","7":"product_cat-residential-buildings","8":"product_cat-treatment-facility","9":"product_tag-medicine","10":"product_tag-us","12":"first","13":"instock","14":"shipping-taxable","15":"product-type-simple"},"jetpack_sharing_enabled":true,"_links":{"self":[{"href":"https:\/\/cesustasti.lv\/en\/wp-json\/wp\/v2\/product\/1722","targetHints":{"allow":["GET"]}}],"collection":[{"href":"https:\/\/cesustasti.lv\/en\/wp-json\/wp\/v2\/product"}],"about":[{"href":"https:\/\/cesustasti.lv\/en\/wp-json\/wp\/v2\/types\/product"}],"wp:featuredmedia":[{"embeddable":true,"href":"https:\/\/cesustasti.lv\/en\/wp-json\/wp\/v2\/media\/1680"}],"wp:attachment":[{"href":"https:\/\/cesustasti.lv\/en\/wp-json\/wp\/v2\/media?parent=1722"}],"wp:term":[{"taxonomy":"product_brand","embeddable":true,"href":"https:\/\/cesustasti.lv\/en\/wp-json\/wp\/v2\/product_brand?post=1722"},{"taxonomy":"product_cat","embeddable":true,"href":"https:\/\/cesustasti.lv\/en\/wp-json\/wp\/v2\/product_cat?post=1722"},{"taxonomy":"product_tag","embeddable":true,"href":"https:\/\/cesustasti.lv\/en\/wp-json\/wp\/v2\/product_tag?post=1722"}],"curies":[{"name":"wp","href":"https:\/\/api.w.org\/{rel}","templated":true}]}}