{"id":1003,"date":"2025-04-26T09:34:11","date_gmt":"2025-04-26T09:34:11","guid":{"rendered":"https:\/\/cesustasti.lv\/?post_type=product&#038;p=1003"},"modified":"2025-06-22T07:56:57","modified_gmt":"2025-06-22T07:56:57","slug":"cesu-labdaribas-biedribas-nams","status":"publish","type":"product","link":"https:\/\/cesustasti.lv\/visi-stasti\/cesu-labdaribas-biedribas-nams\/","title":{"rendered":"C\u0113su Labdar\u012bbas biedr\u012bbas nams"},"content":{"rendered":"<div class=\"wpb-content-wrapper\"><p>[vc_row][vc_column][vc_btn title=&#8221;Klaus\u012bties st\u0101stu!&#8221; color=&#8221;orange&#8221; align=&#8221;left&#8221; i_icon_fontawesome=&#8221;fa fa-solid fa-headphones-simple&#8221; css=&#8221;&#8221; add_icon=&#8221;true&#8221; link=&#8221;url:https%3A%2F%2Fcesustasti.lv%2Fwp-content%2Fuploads%2F2025%2F05%2FCesu-Labdaribas-biedribas-nams-audio.mp3&#8243;][\/vc_column][\/vc_row][vc_row][vc_column width=&#8221;7\/12&#8243;]\t\t<div id=\"wd-6819fa6439611\" class=\"wd-text-block wd-wpb reset-last-child wd-rs-6819fa6439611 text-left \">\n\t\t\t<p>Majest\u0101tiskais divst\u0101vu \u0137ie\u0123e\u013cu nams ar pagraba st\u0101vu Piebalgas iel\u0101 3 ir liecinieks C\u0113su pils\u0113tas att\u012bst\u012bbai jau vair\u0101k nek\u0101 135 gadu garum\u0101, p\u0101rtopot no kult\u016bras epicentra par zin\u0101\u0161anu kaltuvi. \u0160\u012b \u0113ka \u2013 pirmais Labdar\u012bbas biedr\u012bbas nams Vidzem\u0113 \u2013 glab\u0101 gan prieka, gan p\u0101rmai\u0146u st\u0101stus.<\/p>\n<p>Kad 1875. gad\u0101 C\u0113s\u012bs tika nodibin\u0101ta Labdar\u012bbas biedr\u012bba, pils\u0113ta tai pie\u0161\u0137\u012bra zemes gabalu toreiz\u0113j\u0101 Jaunaj\u0101 iel\u0101 3. P\u0113c arhitekta M. Kampes projekta un b\u016bvuz\u0146\u0113m\u0113ja J\u0101\u0146a Men\u0123e\u013ca vad\u012bb\u0101 uzcelt\u0101 \u0113ka k\u013cuva par daudzfunkcion\u0101lu centru \u2013 taj\u0101 bija ier\u012bkota skatuve te\u0101tra izr\u0101d\u0113m, otraj\u0101 st\u0101v\u0101 tika atv\u0113rta meite\u0146u skola, bet pagraba telp\u0101s \u2013 t\u0101 saukt\u0101 \u201cbumbotava\u201d jeb \u0137eg\u013cu sp\u0113le biedru un viesu izklaidei. Tolaik c\u0113snieki, iesp\u0113jams, ne reizi vien piedz\u012bvoju\u0161i jautras un ska\u013cas sacens\u012bbas 19. gadsimta \u201cbouling\u0101\u201d!<\/p>\n<p>Nama atkl\u0101\u0161ana 1885. gada 27. oktobr\u012b k\u013cuva par iev\u0113rojamu notikumu pils\u0113tas dz\u012bv\u0113, bet v\u0113l grandioz\u0101kas bija iesv\u0113t\u012b\u0161anas svin\u012bbas 1886. gad\u0101, kad Labdar\u012bbas biedr\u012bbas te\u0101tris pirmoreiz Latvijas teritorij\u0101 uzveda Mihaila G\u013cinkas operu \u201cDz\u012bv\u012bba par caru\u201d (Ivans Susa\u0146ins). \u0160is notikums iez\u012bm\u0113ja pirmo m\u0113\u0123in\u0101jumu iedibin\u0101t operas trad\u012bciju \u0101rpus R\u012bgas.<br \/>\n1889. gad\u0101 Labdar\u012bbas biedr\u012bba r\u012bkoja pirmos C\u0113su novada dziesmu sv\u0113tkus, kuros piedal\u012bj\u0101s 12 kori ar vair\u0101k nek\u0101 300 dzied\u0101t\u0101jiem. Tautast\u0113rpos un ozolu vainagiem rot\u0101ti dzied\u0101t\u0101ji dev\u0101s sv\u0113tku g\u0101jien\u0101 uz Labdar\u012bbas biedr\u012bbas d\u0101rzu, kur \u012bpa\u0161i \u0161im notikumam celtaj\u0101 \u0113k\u0101 notika koncerts, kam sekoja te\u0101tra izr\u0101des. \u0160ie sv\u0113tki lika pamatus C\u0113su novada bag\u0101tajai koru dzied\u0101\u0161anas trad\u012bcijai.<\/p>\n<p>Tom\u0113r ne viss rit\u0113ja gludi \u2013 biedr\u012bbas vad\u012bbai tr\u016bka finan\u0161u prasmes, un jau 1891. gad\u0101 nams par par\u0101diem p\u0101rg\u0101ja J\u0101\u0146a Men\u0123e\u013ca \u012bpa\u0161um\u0101. Gadu v\u0113l\u0101k izput\u0113ja ar\u012b pati Labdar\u012bbas biedr\u012bba.<br \/>\n1922. gad\u0101 \u0113k\u0101 iev\u0101c\u0101s 8. Daugavpils k\u0101jnieku pulks, ier\u012bkojot iero\u010du darbn\u012bcas, lo\u017emet\u0113ju instruktoru rotu, muzikantu komandu, sardzi un aresta telpas. 1925. gad\u0101 pulks p\u0101rc\u0113l\u0101s uz Valmieras ielas kazarm\u0101m, un \u0113k\u0101 tika atv\u0113rts armijas ekonomiskais veikals. 1941. gad\u0101 nam\u0101 iek\u0101rtoj\u0101s v\u0101cu karasp\u0113ka noda\u013ca, bet p\u0113c Otr\u0101 pasaules kara, 1947. gad\u0101, \u0113ku p\u0101r\u0146\u0113ma C\u0113su Amatniec\u012bbas skola Nr. 4.<\/p>\n<p>Neskatoties uz kara post\u012bjumiem un p\u0113ckara materi\u0101lu tr\u016bkumu, l\u012bdz 1950. gadam skolas audz\u0113k\u0146i un person\u0101ls veica \u0113kas kapit\u0101lo remontu. Tika iek\u0101rtotas virpot\u0101ju, atsl\u0113dznieku un galdnieku darbn\u012bcas, bet ar \u201cbr\u0101l\u012bgo republiku\u201d pal\u012bdz\u012bbu tika pieg\u0101d\u0101tas jaunas iek\u0101rtas un darbagaldi.<br \/>\n1950. gadu beig\u0101s skola var\u0113ja lepoties ar iev\u0113rojamiem sasniegumiem \u2013 t\u0101s audz\u0113k\u0146i izgatavoja pirmo robotu Latvij\u0101 \u201cAlfa BS\u201d, kas tika izst\u0101d\u012bts Tautas saimniec\u012bbas sasniegumu izst\u0101d\u0113 Maskav\u0101.<\/p>\n<p>Padomju laikos \u0113ka tika b\u016btiski labiek\u0101rtota: 1959. gad\u0101 pabeidza centr\u0101l\u0101s ventil\u0101cijas un silto du\u0161u izb\u016bvi, izveidoja ventil\u0101cijas sist\u0113mu koksnes atlieku novad\u012b\u0161anai uz kurtuvi, pie skolas iek\u0101rtoja aug\u013cu d\u0101rzu ar 15 aug\u013cu kokiem un da\u017e\u0101diem ogul\u0101jiem, bet pie ieejas lepni st\u0101v\u0113ja divas amatnieku statujas. Diem\u017e\u0113l aug\u013cu d\u0101rzs un statujas nav saglab\u0101ju\u0161\u0101s l\u012bdz m\u016bsdien\u0101m.<br \/>\n1985. gad\u0101 skolas audz\u0113k\u0146i izgatavoja Dainu skapja kopiju, kas v\u0113l \u0161odien apskat\u0101ma Kri\u0161j\u0101\u0146a Barona muzej\u0101 R\u012bg\u0101.<\/p>\n<p>L\u012bdz 2015. gadam \u0113k\u0101 darboj\u0101s C\u0113su Profesion\u0101l\u0101 vidusskola. V\u0113l\u0101k to p\u0101r\u0146\u0113ma R\u012bgas Tehnisk\u0101 universit\u0101te un C\u0113su Jaun\u0101 skola \u2013 vec\u0101ku dibin\u0101ta m\u0101c\u012bbu iest\u0101de ar individu\u0101lu pieeju un vair\u0101k nek\u0101 desmit gadu pieredzi. \u0160odien \u0161\u012b skola turpina nama izgl\u012btojo\u0161o misiju, radot vidi, kur b\u0113rni harmoniski att\u012bst\u0101s, apg\u016bst sadarb\u012bbu, atbild\u012bbu un neatkar\u012bbu.<\/p>\n<p>T\u0101 nams, kas reiz bija dom\u0101ts kult\u016bras veicin\u0101\u0161anai un labdar\u012bbai, p\u0113c daudziem v\u0113stures l\u012bklo\u010diem ir atgriezies pie savas s\u0101kotn\u0113j\u0101s s\u016bt\u012bbas \u2013 izgl\u012btot un audzin\u0101t jauno paaudzi.<\/p>\n<p><em>Apraksta izveid\u0113 izmantoti materi\u0101li no:<\/em><br \/>\n<em>Ilgas Grotes un Dainas Eizenbergas p\u0113t\u012bjuma &#8220;C\u0113su valsts Amatniec\u012bbas skolai 100&#8221;;<\/em><br \/>\n<em>J\u0101\u0146a Dzedo\u0146a p\u0113t\u012bjuma &#8220;\u0112kas Piebalgas iel\u0101 3, C\u0113s\u012bs st\u0101sts&#8221;;<\/em><br \/>\n<em>C\u0113su pils muzeja un C\u0113su Centr\u0101l\u0101s bibliot\u0113kas kr\u0101jumiem.<\/em><\/p>\n\t\t<\/div>\n\t\t[\/vc_column][vc_column width=&#8221;5\/12&#8243;]\t\t<div class=\"wd-osm-map-container wd-map-container wd-rs-680ca95532d35 \">\n\t\t\t<div id=\"wd-rs-680ca95532d35\" class=\"wd-osm-map-wrapper wd-map-wrapper\" data-settings=\"{&quot;zoom&quot;:&quot;17&quot;,&quot;iconUrl&quot;:&quot;https:\\\/\\\/cesustasti.lv\\\/wp-content\\\/themes\\\/woodmart\\\/images\\\/icons\\\/marker-icon.png&quot;,&quot;scrollWheelZoom&quot;:&quot;yes&quot;,&quot;zoomControl&quot;:&quot;yes&quot;,&quot;dragging&quot;:&quot;yes&quot;,&quot;geoapify_tile&quot;:&quot;osm-carto&quot;,&quot;markers&quot;:[{&quot;marker&quot;:{&quot;marker_title&quot;:&quot;C\\u0113su Labdar\\u012bbas biedr\\u012bbas nams&quot;,&quot;marker_coords&quot;:&quot;57.310946, 25.274740&quot;,&quot;marker_behavior&quot;:&quot;popup&quot;,&quot;show_button&quot;:&quot;no&quot;,&quot;button_url_target&quot;:&quot;_blank&quot;,&quot;image_size&quot;:[],&quot;image&quot;:&quot;&quot;},&quot;lat&quot;:&quot;57.310946&quot;,&quot;lng&quot;:&quot; 25.274740&quot;}],&quot;center&quot;:&quot;57.310946,25.27474&quot;,&quot;init_type&quot;:&quot;page_load&quot;,&quot;init_offset&quot;:&quot;100&quot;}\"><\/div>\n\n\t\t\t\n\t\t\t\n\t\t\t\t\t<\/div>\n\t\t[\/vc_column][\/vc_row]<\/p>\n<\/div>","protected":false},"excerpt":{"rendered":"<p>20. gadsimta 50-tajos gados C\u0113su 4.arodskolas audz\u0113k\u0146i \u0161aj\u0101 nam\u0101 izgatavoja pirmo robotu Latvij\u0101 ar nosaukumu &#8220;Alfa BS&#8221;, kas tika izst\u0101d\u012bts Tautas saimniec\u012bbas sasniegumu izst\u0101d\u0113 Maskav\u0101.<\/p>\n<p>Savuk\u0101rt 1985.gad\u0101 arodskol\u0101 tika izgatavota Dainu skapja kopija, ko v\u0113l \u0161odien var apskat\u012bt Kri\u0161j\u0101\u0146a Barona muzej\u0101 R\u012bg\u0101.<\/p>\n<h3><strong>Fakti<\/strong><\/h3>\n<ul>\n<li class=\"whitespace-normal break-words\">1875.gads: C\u0113s\u012bs nodibin\u0101s Labdar\u012bbas biedr\u012bba, kurai iedal\u012bja zemes gabalu Jaun\u0101 iel\u0101 3 (tagad\u0113j\u0101 Piebalgas iela 3)<\/li>\n<li class=\"whitespace-normal break-words\">1885.gads: 27. oktobr\u012b tiek atkl\u0101ts jaunuzceltais Labdar\u012bbas biedr\u012bbas nams<\/li>\n<li class=\"whitespace-normal break-words\">1886.gads: Notiek nama iesv\u0113t\u012b\u0161anas svin\u012bbas,<\/li>\n<li class=\"whitespace-normal break-words\">1886.gads: Biedr\u012bbas te\u0101tris pirmo reizi Latvij\u0101 uzved M. G\u013cinkas operu &#8220;Dz\u012bv\u012bba par caru&#8221; (Ivans Susa\u0146ins)<\/li>\n<li class=\"whitespace-normal break-words\">1889.gads: Biedr\u012bba r\u012bko pirmos C\u0113su novada dziesmu sv\u0113tkus, kuros piedal\u0101s 12 apkaimes kori ar 300 dzied\u0101t\u0101jiem<\/li>\n<li class=\"whitespace-normal break-words\">1891.gads: Nams par par\u0101diem p\u0101riet b\u016bvuz\u0146\u0113m\u0113ja J\u0101\u0146a Men\u0123e\u013ca \u012bpa\u0161um\u0101<\/li>\n<li class=\"whitespace-normal break-words\">1892.gads: Labdar\u012bbas biedr\u012bba beidz past\u0101v\u0113t<\/li>\n<li class=\"whitespace-normal break-words\">1922.gads: 8. maij\u0101 uz namu p\u0101rce\u013cas 8. Daugavpils k\u0101jnieku pulks<\/li>\n<li>1922.gads: \u0113k\u0101 izveido armijas ekonomisko veikalu<\/li>\n<li class=\"whitespace-normal break-words\">1941.gads: J\u016blij\u0101 \u0113k\u0101 tiek izvietota v\u0101cu karasp\u0113ka noda\u013ca<\/li>\n<li class=\"whitespace-normal break-words\">1947.gads: Septembra m\u0113nes\u012b \u0113ku nodod C\u0113su 4. arodskolai<\/li>\n<li class=\"whitespace-normal break-words\">1950.gads: Pabeigts \u0113kas kapit\u0101lais remonts, iek\u0101rtotas jaunas darbn\u012bcas<\/li>\n<li class=\"whitespace-normal break-words\">1950.-1959.gads: Pak\u0101peniski izb\u016bv\u0113tas un moderniz\u0113tas da\u017e\u0101das darbn\u012bcas &#8211; virpot\u0101ju, atsl\u0113dznieku, galdnieku u.c.<\/li>\n<li class=\"whitespace-normal break-words\">1950.gads: Izgatavots pirmais robots Latvij\u0101 &#8220;Alfa BS&#8221;<\/li>\n<li class=\"whitespace-normal break-words\">1985.gads: Arodskol\u0101 izgatavota Dainu skapja kopija<\/li>\n<li class=\"whitespace-normal break-words\">1993.-2008.gads: \u0112k\u0101 darbojas C\u0113su 4. arodvidusskola<\/li>\n<li class=\"whitespace-normal break-words\">2008.-2015.gads: \u0112k\u0101 darbojas C\u0113su Profesion\u0101l\u0101 vidusskola<\/li>\n<li class=\"whitespace-normal break-words\">2015.gads: Telpas s\u0101k izmantot R\u012bgas Tehnisk\u0101 universit\u0101te un C\u0113su Jaun\u0101 skola<\/li>\n<\/ul>\n","protected":false},"featured_media":1943,"template":"","meta":[],"product_brand":[],"product_cat":[26,88,24],"product_tag":[142],"class_list":{"0":"post-1003","1":"product","2":"type-product","3":"status-publish","4":"has-post-thumbnail","6":"product_cat-nami","7":"product_cat-kulturas-iestades","8":"product_cat-skolas","9":"product_tag-muiza","11":"first","12":"instock","13":"shipping-taxable","14":"product-type-simple"},"jetpack_sharing_enabled":true,"_links":{"self":[{"href":"https:\/\/cesustasti.lv\/en\/wp-json\/wp\/v2\/product\/1003","targetHints":{"allow":["GET"]}}],"collection":[{"href":"https:\/\/cesustasti.lv\/en\/wp-json\/wp\/v2\/product"}],"about":[{"href":"https:\/\/cesustasti.lv\/en\/wp-json\/wp\/v2\/types\/product"}],"wp:featuredmedia":[{"embeddable":true,"href":"https:\/\/cesustasti.lv\/en\/wp-json\/wp\/v2\/media\/1943"}],"wp:attachment":[{"href":"https:\/\/cesustasti.lv\/en\/wp-json\/wp\/v2\/media?parent=1003"}],"wp:term":[{"taxonomy":"product_brand","embeddable":true,"href":"https:\/\/cesustasti.lv\/en\/wp-json\/wp\/v2\/product_brand?post=1003"},{"taxonomy":"product_cat","embeddable":true,"href":"https:\/\/cesustasti.lv\/en\/wp-json\/wp\/v2\/product_cat?post=1003"},{"taxonomy":"product_tag","embeddable":true,"href":"https:\/\/cesustasti.lv\/en\/wp-json\/wp\/v2\/product_tag?post=1003"}],"curies":[{"name":"wp","href":"https:\/\/api.w.org\/{rel}","templated":true}]}}